{"id":37,"date":"2024-10-30T11:36:40","date_gmt":"2024-10-30T10:36:40","guid":{"rendered":"https:\/\/alliancefr.se\/lulea\/?page_id=37"},"modified":"2026-03-20T10:38:28","modified_gmt":"2026-03-20T09:38:28","slug":"arkiv","status":"publish","type":"page","link":"https:\/\/alliancefr.se\/lulea\/sv\/arkiv\/","title":{"rendered":"Arkiv"},"content":{"rendered":"\n<p><em>Aktiviteter som har genomf\u00f6rts i Alliance Fran\u00e7aise de Lule\u00e5 under 2024-2025 \u00e4r konst-, dans- och filmevent.<\/em><\/p>\n\n\n\n<div style=\"height:70px\" aria-hidden=\"true\" class=\"wp-block-spacer\"><\/div>\n\n\n\n<details class=\"wp-block-details is-layout-flow wp-block-details-is-layout-flow\"><summary><strong>Program h\u00f6sten 2025<\/strong><\/summary>\n<p><\/p>\n\n\n\n<p>23 november Bokklubb \u201dKoka bj\u00f6rn\u201d av Mikael Niemi (\u201dComment curie un ours\u201d), Lule\u00e5 (plats meddelas till deltagarna)<\/p>\n\n\n\n<p>23 oktober Varulvsspel \u2013 \u201dJeu du Loup garou\u201d, Lule\u00e5 (plats meddelas till deltagarna)<\/p>\n\n\n\n<p>4 oktober kl 10.00 Skogspromenad och BBQ, Lule\u00e5 (Herts\u00f6tr\u00e4sk)<\/p>\n\n\n\n<p>10 september Tarot-kv\u00e4ll, Lule\u00e5 (plats meddelas till deltagarna)<\/p>\n\n\n\n<p>6 september kl 10.00 Skogspromenad och BBQ, Lule\u00e5 (Herts\u00f6tr\u00e4sk)<\/p>\n\n\n\n<p>31 augusti kl 12.00 P\u00e9tanque (boules), Lule\u00e5 (Trolltj\u00e4rn)<\/p>\n\n\n\n<p>10 augusti kl 12.00 P\u00e9tanque (boules), Lule\u00e5 (Trolltj\u00e4rn)<\/p>\n<\/details>\n\n\n\n<div style=\"height:50px\" aria-hidden=\"true\" class=\"wp-block-spacer\"><\/div>\n\n\n\n<details class=\"wp-block-details is-layout-flow wp-block-details-is-layout-flow\"><summary><strong>Program v\u00e5ren 2025<\/strong><\/summary>\n<p><\/p>\n\n\n\n<p>17 juni kl 17.30-21.00 Pubkv\u00e4ll Bistron, Lule\u00e5 (Norra hamn)<\/p>\n\n\n\n<p>17 maj kl 13.00 Sagostund p\u00e5 Lule\u00e5 Stadsbibliotek<\/p>\n\n\n\n<p>20 maj kl 17.30-21.00 Pubkv\u00e4ll Bistron, Lule\u00e5 (Norra hamn)<\/p>\n\n\n\n<p>29 april kl 18.30 \u00c5rsm\u00f6te p\u00e5 Lule\u00e5 tekniska universitet, Pors\u00f6n, Hus A, A3001<\/p>\n\n\n\n<p>8 april kl 18.00-20.30 Spelkv\u00e4ll hos Anna (<a href=\"https:\/\/forms.gle\/F32Hq4ShmYRN82eu5\">anm\u00e4lan<\/a>)<\/p>\n\n\n\n<p><strong>Februari 2025<\/strong>: Fransk filmkv\u00e4ll:\u00a0<em>La fille de son p\u00e8re<\/em>\u00a0p\u00e5 Folkets Bio, tillsammans med Institut Francais.<\/p>\n<\/details>\n\n\n\n<p><\/p>\n\n\n\n<div style=\"height:50px\" aria-hidden=\"true\" class=\"wp-block-spacer\"><\/div>\n\n\n\n<details class=\"wp-block-details is-layout-flow wp-block-details-is-layout-flow\"><summary><strong>2024<\/strong><\/summary>\n<p><\/p>\n\n\n\n<p><strong>Februari 2025<\/strong>: Fransk filmkv\u00e4ll:&nbsp;<em>La fille de son p\u00e8re<\/em>&nbsp;p\u00e5 Folkets Bio, tillsammans med Institut Francais.<\/p>\n\n\n\n<p><strong>November 2024:<\/strong> Fransk pubkv\u00e4ll p\u00e5 Bistron i Norra hamn.<\/p>\n\n\n\n<p><strong>Oktober 2024<\/strong>: Dansworkshop p\u00e5 Dansmagasinet.<\/p>\n\n\n\n<p><strong>Augusti 2024<\/strong>: Medverkan i konstprojektet S\u00e9ptentrionales med konstworkshop p\u00e5 universitetet.<\/p>\n\n\n\n<p><strong>Maj 2024: <\/strong>Invigning av Alliance Fran\u00e7aise de Lule\u00e5 med mingel.<\/p>\n<\/details>\n\n\n\n<p><\/p>\n\n\n\n<p><\/p>\n\n\n\n<p><\/p>\n","protected":false},"excerpt":{"rendered":"<p>Aktiviteter som har genomf\u00f6rts i Alliance Fran\u00e7aise de Lule\u00e5 under 2024-2025 \u00e4r konst-, dans- och filmevent.<\/p>\n","protected":false},"author":1,"featured_media":0,"parent":0,"menu_order":0,"comment_status":"closed","ping_status":"closed","template":"","meta":{"om_disable_all_campaigns":false,"_monsterinsights_skip_tracking":false,"_monsterinsights_sitenote_active":false,"_monsterinsights_sitenote_note":"","_monsterinsights_sitenote_category":0,"_uf_show_specific_survey":0,"_uf_disable_surveys":false,"footnotes":""},"class_list":["post-37","page","type-page","status-publish","hentry"],"aioseo_notices":[],"rttpg_featured_image_url":null,"rttpg_author":{"display_name":"Super.admin","author_link":"https:\/\/alliancefr.se\/lulea\/author\/admin2174\/"},"rttpg_comment":0,"rttpg_category":" <a href=\"https:\/\/alliancefr.se\/lulea\/sv\/\" rel=\"tag\">Svenska<\/a>","rttpg_excerpt":"Aktiviteter som har genomf\u00f6rts i Alliance Fran\u00e7aise de Lule\u00e5 under 2024-2025 \u00e4r konst-, dans- och filmevent.","_links":{"self":[{"href":"https:\/\/alliancefr.se\/lulea\/wp-json\/wp\/v2\/pages\/37","targetHints":{"allow":["GET"]}}],"collection":[{"href":"https:\/\/alliancefr.se\/lulea\/wp-json\/wp\/v2\/pages"}],"about":[{"href":"https:\/\/alliancefr.se\/lulea\/wp-json\/wp\/v2\/types\/page"}],"author":[{"embeddable":true,"href":"https:\/\/alliancefr.se\/lulea\/wp-json\/wp\/v2\/users\/1"}],"replies":[{"embeddable":true,"href":"https:\/\/alliancefr.se\/lulea\/wp-json\/wp\/v2\/comments?post=37"}],"version-history":[{"count":3,"href":"https:\/\/alliancefr.se\/lulea\/wp-json\/wp\/v2\/pages\/37\/revisions"}],"predecessor-version":[{"id":221,"href":"https:\/\/alliancefr.se\/lulea\/wp-json\/wp\/v2\/pages\/37\/revisions\/221"}],"wp:attachment":[{"href":"https:\/\/alliancefr.se\/lulea\/wp-json\/wp\/v2\/media?parent=37"}],"curies":[{"name":"wp","href":"https:\/\/api.w.org\/{rel}","templated":true}]}}