{"id":35,"date":"2024-10-30T11:33:56","date_gmt":"2024-10-30T10:33:56","guid":{"rendered":"https:\/\/alliancefr.se\/lulea\/?page_id=35"},"modified":"2026-03-20T11:36:47","modified_gmt":"2026-03-20T10:36:47","slug":"hem","status":"publish","type":"page","link":"https:\/\/alliancefr.se\/lulea\/sv\/hem\/","title":{"rendered":"V\u00e4lkommen till Alliance Fran\u00e7aise de Lule\u00e5!"},"content":{"rendered":"\t\t<div data-elementor-type=\"wp-page\" data-elementor-id=\"35\" class=\"elementor elementor-35\">\n\t\t\t\t<div class=\"elementor-element elementor-element-8f5dbf8 e-flex e-con-boxed e-con e-parent\" data-id=\"8f5dbf8\" data-element_type=\"container\">\n\t\t\t\t\t<div class=\"e-con-inner\">\n\t\t\t\t<div class=\"elementor-element elementor-element-ef8de48 elementor-widget elementor-widget-text-editor\" data-id=\"ef8de48\" data-element_type=\"widget\" data-widget_type=\"text-editor.default\">\n\t\t\t\t<div class=\"elementor-widget-container\">\n\t\t\t\t\t\t\t\t\t<p class=\"p1\" style=\"color: #000000\">Vi \u00e4r en f\u00f6rening f\u00f6r alla som \u00e4r intresserade av det franska spr\u00e5ket och den franskspr\u00e5kiga kulturen. Genom spr\u00e5kcaf\u00e9er, f\u00f6rel\u00e4sningar, filmvisningar och kulturella evenemang skapar vi en m\u00f6tesplats f\u00f6r spr\u00e5k och kultur i Lule\u00e5.<\/p><p class=\"p1\" style=\"color: #000000\">Oavsett om du talar franska flytande eller bara \u00e4r nyfiken p\u00e5 spr\u00e5ket och kulturen, \u00e4r du varmt v\u00e4lkommen att delta i v\u00e5ra aktiviteter!<\/p><p class=\"p1\" style=\"color: #000000\">F\u00f6lj oss f\u00f6r att h\u00e5lla dig uppdaterad om v\u00e5ra evenemang.<\/p>\t\t\t\t\t\t\t\t<\/div>\n\t\t\t\t<\/div>\n\t\t\t\t\t<\/div>\n\t\t\t\t<\/div>\n\t\t\t\t<\/div>\n\t\t","protected":false},"excerpt":{"rendered":"<p>Vi \u00e4r en f\u00f6rening f\u00f6r alla som \u00e4r intresserade av det franska spr\u00e5ket och den franskspr\u00e5kiga kulturen. Genom spr\u00e5kcaf\u00e9er, f\u00f6rel\u00e4sningar, filmvisningar och kulturella evenemang skapar vi en m\u00f6tesplats f\u00f6r spr\u00e5k och kultur i Lule\u00e5. Oavsett om du talar franska flytande eller bara \u00e4r nyfiken p\u00e5 spr\u00e5ket och kulturen, \u00e4r du varmt v\u00e4lkommen att delta i v\u00e5ra aktiviteter! F\u00f6lj oss f\u00f6r att h\u00e5lla dig uppdaterad om v\u00e5ra evenemang.<\/p>\n","protected":false},"author":1,"featured_media":0,"parent":0,"menu_order":0,"comment_status":"closed","ping_status":"closed","template":"","meta":{"om_disable_all_campaigns":false,"_monsterinsights_skip_tracking":false,"_monsterinsights_sitenote_active":false,"_monsterinsights_sitenote_note":"","_monsterinsights_sitenote_category":0,"_uf_show_specific_survey":0,"_uf_disable_surveys":false,"footnotes":""},"class_list":["post-35","page","type-page","status-publish","hentry"],"aioseo_notices":[],"rttpg_featured_image_url":null,"rttpg_author":{"display_name":"Super.admin","author_link":"https:\/\/alliancefr.se\/lulea\/author\/admin2174\/"},"rttpg_comment":0,"rttpg_category":" <a href=\"https:\/\/alliancefr.se\/lulea\/sv\/\" rel=\"tag\">Svenska<\/a>","rttpg_excerpt":"Vi \u00e4r en f\u00f6rening f\u00f6r alla som \u00e4r intresserade av det franska spr\u00e5ket och den franskspr\u00e5kiga kulturen. Genom spr\u00e5kcaf\u00e9er, f\u00f6rel\u00e4sningar, filmvisningar och kulturella evenemang skapar vi en m\u00f6tesplats f\u00f6r spr\u00e5k och kultur i Lule\u00e5. Oavsett om du talar franska flytande eller bara \u00e4r nyfiken p\u00e5 spr\u00e5ket och kulturen, \u00e4r du varmt v\u00e4lkommen att delta i\u2026","_links":{"self":[{"href":"https:\/\/alliancefr.se\/lulea\/wp-json\/wp\/v2\/pages\/35","targetHints":{"allow":["GET"]}}],"collection":[{"href":"https:\/\/alliancefr.se\/lulea\/wp-json\/wp\/v2\/pages"}],"about":[{"href":"https:\/\/alliancefr.se\/lulea\/wp-json\/wp\/v2\/types\/page"}],"author":[{"embeddable":true,"href":"https:\/\/alliancefr.se\/lulea\/wp-json\/wp\/v2\/users\/1"}],"replies":[{"embeddable":true,"href":"https:\/\/alliancefr.se\/lulea\/wp-json\/wp\/v2\/comments?post=35"}],"version-history":[{"count":8,"href":"https:\/\/alliancefr.se\/lulea\/wp-json\/wp\/v2\/pages\/35\/revisions"}],"predecessor-version":[{"id":230,"href":"https:\/\/alliancefr.se\/lulea\/wp-json\/wp\/v2\/pages\/35\/revisions\/230"}],"wp:attachment":[{"href":"https:\/\/alliancefr.se\/lulea\/wp-json\/wp\/v2\/media?parent=35"}],"curies":[{"name":"wp","href":"https:\/\/api.w.org\/{rel}","templated":true}]}}