{"id":22,"date":"2024-10-30T11:14:31","date_gmt":"2024-10-30T10:14:31","guid":{"rendered":"https:\/\/alliancefr.se\/lulea\/?page_id=22"},"modified":"2026-02-24T13:47:23","modified_gmt":"2026-02-24T12:47:23","slug":"devenir-membre","status":"publish","type":"page","link":"https:\/\/alliancefr.se\/lulea\/devenir-membre\/","title":{"rendered":"Devenir membre"},"content":{"rendered":"\n<p>Vous souhaitez devenir membre de l&rsquo;Alliance Fran\u00e7aise de Lule\u00e5?<\/p>\n\n\n\n<p>Membre (individuel): 150 SEK<\/p>\n\n\n\n<p>Membre (famille): 250 SEK<\/p>\n\n\n\n<p>Swish: 123-194 43 62<\/p>\n\n\n\n<p>Bankgiro: 797-0288<\/p>\n\n\n\n<p>S.v.p. veuillez indiquer vos coordonn\u00e9es \u00e0 lulea@alliancefr.se <em>(nom(s), pr\u00e9nom(s), \u00e9mail et num\u00e9ro de portable)<\/em>.<\/p>\n\n\n\n<p><\/p>\n","protected":false},"excerpt":{"rendered":"<p>Vous souhaitez devenir membre de l&rsquo;Alliance Fran\u00e7aise de Lule\u00e5? Membre (individuel): 150 SEK Membre (famille): 250 SEK Swish: 123-194 43 62 Bankgiro: 797-0288 S.v.p. veuillez indiquer vos coordonn\u00e9es \u00e0 lulea@alliancefr.se (nom(s), pr\u00e9nom(s), \u00e9mail et num\u00e9ro de portable).<\/p>\n","protected":false},"author":1,"featured_media":0,"parent":0,"menu_order":0,"comment_status":"closed","ping_status":"closed","template":"","meta":{"om_disable_all_campaigns":false,"_monsterinsights_skip_tracking":false,"_monsterinsights_sitenote_active":false,"_monsterinsights_sitenote_note":"","_monsterinsights_sitenote_category":0,"_uf_show_specific_survey":0,"_uf_disable_surveys":false,"footnotes":""},"class_list":["post-22","page","type-page","status-publish","hentry"],"aioseo_notices":[],"rttpg_featured_image_url":null,"rttpg_author":{"display_name":"Super.admin","author_link":"https:\/\/alliancefr.se\/lulea\/author\/admin2174\/"},"rttpg_comment":0,"rttpg_category":" <a href=\"https:\/\/alliancefr.se\/lulea\/\" rel=\"tag\">Fran\u00e7ais<\/a>","rttpg_excerpt":"Vous souhaitez devenir membre de l&rsquo;Alliance Fran\u00e7aise de Lule\u00e5? Membre (individuel): 150 SEK Membre (famille): 250 SEK Swish: 123-194 43 62 Bankgiro: 797-0288 S.v.p. veuillez indiquer vos coordonn\u00e9es \u00e0 lulea@alliancefr.se (nom(s), pr\u00e9nom(s), \u00e9mail et num\u00e9ro de portable).","_links":{"self":[{"href":"https:\/\/alliancefr.se\/lulea\/wp-json\/wp\/v2\/pages\/22","targetHints":{"allow":["GET"]}}],"collection":[{"href":"https:\/\/alliancefr.se\/lulea\/wp-json\/wp\/v2\/pages"}],"about":[{"href":"https:\/\/alliancefr.se\/lulea\/wp-json\/wp\/v2\/types\/page"}],"author":[{"embeddable":true,"href":"https:\/\/alliancefr.se\/lulea\/wp-json\/wp\/v2\/users\/1"}],"replies":[{"embeddable":true,"href":"https:\/\/alliancefr.se\/lulea\/wp-json\/wp\/v2\/comments?post=22"}],"version-history":[{"count":3,"href":"https:\/\/alliancefr.se\/lulea\/wp-json\/wp\/v2\/pages\/22\/revisions"}],"predecessor-version":[{"id":108,"href":"https:\/\/alliancefr.se\/lulea\/wp-json\/wp\/v2\/pages\/22\/revisions\/108"}],"wp:attachment":[{"href":"https:\/\/alliancefr.se\/lulea\/wp-json\/wp\/v2\/media?parent=22"}],"curies":[{"name":"wp","href":"https:\/\/api.w.org\/{rel}","templated":true}]}}