{"id":20,"date":"2024-10-30T11:13:49","date_gmt":"2024-10-30T10:13:49","guid":{"rendered":"https:\/\/alliancefr.se\/lulea\/?page_id=20"},"modified":"2026-03-20T10:31:24","modified_gmt":"2026-03-20T09:31:24","slug":"archives","status":"publish","type":"page","link":"https:\/\/alliancefr.se\/lulea\/archives\/","title":{"rendered":"Archives"},"content":{"rendered":"\n<p>Voici un r\u00e9capitulatif des activit\u00e9s organis\u00e9es par l\u2019Alliance Fran\u00e7aise de Lule\u00e5 en 2024\u20132025. Merci \u00e0 tous les participants, et \u00e0 bient\u00f4t pour de nouveaux \u00e9v\u00e9nements culturels !<\/p>\n\n\n\n<div style=\"height:70px\" aria-hidden=\"true\" class=\"wp-block-spacer\"><\/div>\n\n\n\n<details class=\"wp-block-details is-layout-flow wp-block-details-is-layout-flow\"><summary><strong>Programme automne 2025<\/strong><\/summary>\n<p><\/p>\n\n\n\n<p>23 novembre &#8211; Club de lecture \u00ab\u00a0Comment cuire un ours\u00a0\u00bb de Mikael Niemi, Lule\u00e5 (place indiqu\u00e9e \u00e0 celles et ceux qui veulent participer)<\/p>\n\n\n\n<p>23 octobre 18h &#8211; Soir\u00e9e jeu &#8211; Loup Garou, Lule\u00e5 (place indiqu\u00e9e \u00e0 celles et ceux qui veulent participer)<\/p>\n\n\n\n<p>4 octobre 10h &#8211; Balade et barbecue, Lule\u00e5 (Herts\u00f6tr\u00e4sk)<\/p>\n\n\n\n<p>10 septembre &#8211; Soir\u00e9e jeu de Tarot, Lule\u00e5 (place indiqu\u00e9e \u00e0 celles et ceux qui veulent participer)<\/p>\n\n\n\n<p>6 septembre 10h &#8211; Balade et barbecue, Lule\u00e5 (Herts\u00f6tr\u00e4sk)<\/p>\n\n\n\n<p>31 ao\u00fbt 12h &#8211; P\u00e9tanque, Lule\u00e5 (Trolltj\u00e4rn)<\/p>\n\n\n\n<p>10 ao\u00fbt 12h &#8211; P\u00e9tanque, Lule\u00e5 (Trolltj\u00e4rn)<\/p>\n<\/details>\n\n\n\n<div style=\"height:50px\" aria-hidden=\"true\" class=\"wp-block-spacer\"><\/div>\n\n\n\n<details class=\"wp-block-details is-layout-flow wp-block-details-is-layout-flow\"><summary><strong>Programme printemps 2025<\/strong><\/summary>\n<p><\/p>\n\n\n\n<p>17 juin kl 17h30-21h00 Soir\u00e9e Pub, le Bistro, Lule\u00e5 (Norra hamn)<\/p>\n\n\n\n<p>20 mai 17h30-21h00 Soir\u00e9e Pub, le Bistro, Lule\u00e5 (Norra hamn)<\/p>\n\n\n\n<p>17 mai 13h00 Atelier lecture pour enfants (0-6 ans) \u00e0 la biblioth\u00e8que municipale, Lule\u00e5<\/p>\n\n\n\n<p>29 avril 18h30 Assembl\u00e9e Annuelle, B\u00e2timent A, salle A3001, Universit\u00e9 de technologie de Lule\u00e5<\/p>\n\n\n\n<p>8 avril 18h00-20h30 Soir\u00e9e jeux de soci\u00e9t\u00e9 chez Anna (<a title=\"\" href=\"https:\/\/forms.gle\/F32Hq4ShmYRN82eu5\">lien<\/a>)<\/p>\n\n\n\n<p><strong>F\u00e9vrier 2025<\/strong>: Soir\u00e9e cin\u00e9ma fran\u00e7ais :&nbsp;<em>La fille de son p\u00e8re<\/em>&nbsp;au Folkets Bio, en collaboration avec l\u2019Institut Fran\u00e7ais<\/p>\n<\/details>\n\n\n\n<div style=\"height:50px\" aria-hidden=\"true\" class=\"wp-block-spacer\"><\/div>\n\n\n\n<details class=\"wp-block-details is-layout-flow wp-block-details-is-layout-flow\"><summary><strong>2024<\/strong><\/summary>\n<p><strong>Novembre 2024<\/strong>: Soir\u00e9e pub fran\u00e7aise au Bistron \u00e0 Norra hamn<\/p>\n\n\n\n<p><strong>Octobre 2024<\/strong>: Atelier de danse au Dansmagasinet<\/p>\n\n\n\n<p><strong>Ao\u00fbt 2024<\/strong>: Participation au projet artistique&nbsp;<em>S\u00e9ptentrionales<\/em>&nbsp;avec un atelier d\u2019art \u00e0 l\u2019universit\u00e9<\/p>\n\n\n\n<p><strong>Mai 2024<\/strong>: Inauguration de l\u2019Alliance Fran\u00e7aise de Lule\u00e5 avec un cocktail de bienvenue<\/p>\n<\/details>\n\n\n\n<p><\/p>\n\n\n\n<p><\/p>\n","protected":false},"excerpt":{"rendered":"<p>Voici un r\u00e9capitulatif des activit\u00e9s organis\u00e9es par l\u2019Alliance Fran\u00e7aise de Lule\u00e5 en 2024\u20132025. Merci \u00e0 tous les participants, et \u00e0 bient\u00f4t pour de nouveaux \u00e9v\u00e9nements culturels !<\/p>\n","protected":false},"author":1,"featured_media":0,"parent":0,"menu_order":0,"comment_status":"closed","ping_status":"closed","template":"","meta":{"om_disable_all_campaigns":false,"_monsterinsights_skip_tracking":false,"_monsterinsights_sitenote_active":false,"_monsterinsights_sitenote_note":"","_monsterinsights_sitenote_category":0,"_uf_show_specific_survey":0,"_uf_disable_surveys":false,"footnotes":""},"class_list":["post-20","page","type-page","status-publish","hentry"],"aioseo_notices":[],"rttpg_featured_image_url":null,"rttpg_author":{"display_name":"Super.admin","author_link":"https:\/\/alliancefr.se\/lulea\/author\/admin2174\/"},"rttpg_comment":0,"rttpg_category":" <a href=\"https:\/\/alliancefr.se\/lulea\/\" rel=\"tag\">Fran\u00e7ais<\/a>","rttpg_excerpt":"Voici un r\u00e9capitulatif des activit\u00e9s organis\u00e9es par l\u2019Alliance Fran\u00e7aise de Lule\u00e5 en 2024\u20132025. Merci \u00e0 tous les participants, et \u00e0 bient\u00f4t pour de nouveaux \u00e9v\u00e9nements culturels !","_links":{"self":[{"href":"https:\/\/alliancefr.se\/lulea\/wp-json\/wp\/v2\/pages\/20","targetHints":{"allow":["GET"]}}],"collection":[{"href":"https:\/\/alliancefr.se\/lulea\/wp-json\/wp\/v2\/pages"}],"about":[{"href":"https:\/\/alliancefr.se\/lulea\/wp-json\/wp\/v2\/types\/page"}],"author":[{"embeddable":true,"href":"https:\/\/alliancefr.se\/lulea\/wp-json\/wp\/v2\/users\/1"}],"replies":[{"embeddable":true,"href":"https:\/\/alliancefr.se\/lulea\/wp-json\/wp\/v2\/comments?post=20"}],"version-history":[{"count":8,"href":"https:\/\/alliancefr.se\/lulea\/wp-json\/wp\/v2\/pages\/20\/revisions"}],"predecessor-version":[{"id":219,"href":"https:\/\/alliancefr.se\/lulea\/wp-json\/wp\/v2\/pages\/20\/revisions\/219"}],"wp:attachment":[{"href":"https:\/\/alliancefr.se\/lulea\/wp-json\/wp\/v2\/media?parent=20"}],"curies":[{"name":"wp","href":"https:\/\/api.w.org\/{rel}","templated":true}]}}