{"id":16,"date":"2024-10-30T11:15:32","date_gmt":"2024-10-30T10:15:32","guid":{"rendered":"https:\/\/alliancefr.se\/lulea\/?page_id=16"},"modified":"2025-03-23T19:55:20","modified_gmt":"2025-03-23T18:55:20","slug":"qui-sommes-nous","status":"publish","type":"page","link":"https:\/\/alliancefr.se\/lulea\/qui-sommes-nous\/","title":{"rendered":"Qui sommes-nous ?"},"content":{"rendered":"\n<p>L\u2019Alliance Fran\u00e7aise de Lule\u00e5 est une association \u00e0 but non lucratif dont l\u2019objectif est de promouvoir la langue fran\u00e7aise et la culture francophone \u00e0 Lule\u00e5 et en Norrbotten. Nous faisons partie du r\u00e9seau mondial des Alliances Fran\u00e7aises, fond\u00e9 \u00e0 Paris en 1883 et comptant aujourd\u2019hui plus de 800 associations dans le monde entier.<\/p>\n\n\n\n<p>\u00c0 Lule\u00e5, nous organisons des activit\u00e9s culturelles et linguistiques pour favoriser les \u00e9changes et la compr\u00e9hension entre francophones et su\u00e9dophones. Nous collaborons avec des partenaires locaux et internationaux afin de cr\u00e9er un espace de rencontre vivant et dynamique.<\/p>\n\n\n\n<p>Rejoignez-nous en tant que membre et participez \u00e0 nos \u00e9v\u00e9nements !<\/p>\n","protected":false},"excerpt":{"rendered":"<p>L\u2019Alliance Fran\u00e7aise de Lule\u00e5 est une association \u00e0 but non lucratif dont l\u2019objectif est de promouvoir la langue fran\u00e7aise et la culture francophone \u00e0 Lule\u00e5 et en Norrbotten. Nous faisons partie du r\u00e9seau mondial des Alliances Fran\u00e7aises, fond\u00e9 \u00e0 Paris en 1883 et comptant aujourd\u2019hui plus de 800 associations dans le monde entier. \u00c0 Lule\u00e5, nous organisons des activit\u00e9s culturelles et linguistiques pour favoriser les \u00e9changes et la compr\u00e9hension entre francophones et su\u00e9dophones. Nous collaborons avec des partenaires locaux et internationaux afin de cr\u00e9er un espace de rencontre vivant et dynamique. Rejoignez-nous en tant que membre et participez \u00e0 nos \u00e9v\u00e9nements !<\/p>\n","protected":false},"author":1,"featured_media":0,"parent":0,"menu_order":0,"comment_status":"closed","ping_status":"closed","template":"","meta":{"om_disable_all_campaigns":false,"_monsterinsights_skip_tracking":false,"_monsterinsights_sitenote_active":false,"_monsterinsights_sitenote_note":"","_monsterinsights_sitenote_category":0,"_uf_show_specific_survey":0,"_uf_disable_surveys":false,"footnotes":""},"class_list":["post-16","page","type-page","status-publish","hentry"],"aioseo_notices":[],"rttpg_featured_image_url":null,"rttpg_author":{"display_name":"Super.admin","author_link":"https:\/\/alliancefr.se\/lulea\/author\/admin2174\/"},"rttpg_comment":0,"rttpg_category":" <a href=\"https:\/\/alliancefr.se\/lulea\/\" rel=\"tag\">Fran\u00e7ais<\/a>","rttpg_excerpt":"L\u2019Alliance Fran\u00e7aise de Lule\u00e5 est une association \u00e0 but non lucratif dont l\u2019objectif est de promouvoir la langue fran\u00e7aise et la culture francophone \u00e0 Lule\u00e5 et en Norrbotten. Nous faisons partie du r\u00e9seau mondial des Alliances Fran\u00e7aises, fond\u00e9 \u00e0 Paris en 1883 et comptant aujourd\u2019hui plus de 800 associations dans le monde entier. \u00c0 Lule\u00e5,\u2026","_links":{"self":[{"href":"https:\/\/alliancefr.se\/lulea\/wp-json\/wp\/v2\/pages\/16","targetHints":{"allow":["GET"]}}],"collection":[{"href":"https:\/\/alliancefr.se\/lulea\/wp-json\/wp\/v2\/pages"}],"about":[{"href":"https:\/\/alliancefr.se\/lulea\/wp-json\/wp\/v2\/types\/page"}],"author":[{"embeddable":true,"href":"https:\/\/alliancefr.se\/lulea\/wp-json\/wp\/v2\/users\/1"}],"replies":[{"embeddable":true,"href":"https:\/\/alliancefr.se\/lulea\/wp-json\/wp\/v2\/comments?post=16"}],"version-history":[{"count":2,"href":"https:\/\/alliancefr.se\/lulea\/wp-json\/wp\/v2\/pages\/16\/revisions"}],"predecessor-version":[{"id":125,"href":"https:\/\/alliancefr.se\/lulea\/wp-json\/wp\/v2\/pages\/16\/revisions\/125"}],"wp:attachment":[{"href":"https:\/\/alliancefr.se\/lulea\/wp-json\/wp\/v2\/media?parent=16"}],"curies":[{"name":"wp","href":"https:\/\/api.w.org\/{rel}","templated":true}]}}