{"id":66,"date":"2023-11-06T19:31:12","date_gmt":"2023-11-06T18:31:12","guid":{"rendered":"https:\/\/alliancefr.se\/linkoping\/natverket\/"},"modified":"2023-12-21T16:20:46","modified_gmt":"2023-12-21T15:20:46","slug":"natverket","status":"publish","type":"page","link":"https:\/\/alliancefr.se\/linkoping\/sv\/natverket\/","title":{"rendered":"N\u00e4tverket"},"content":{"rendered":"\t\t<div data-elementor-type=\"wp-page\" data-elementor-id=\"66\" class=\"elementor elementor-66\">\n\t\t\t\t\t\t<section class=\"elementor-section elementor-top-section elementor-element elementor-element-af1d408 elementor-section-boxed elementor-section-height-default elementor-section-height-default\" data-id=\"af1d408\" data-element_type=\"section\">\n\t\t\t\t\t\t<div class=\"elementor-container elementor-column-gap-default\">\n\t\t\t\t\t<div class=\"elementor-column elementor-col-100 elementor-top-column elementor-element elementor-element-7c7351eb\" data-id=\"7c7351eb\" data-element_type=\"column\">\n\t\t\t<div class=\"elementor-widget-wrap elementor-element-populated\">\n\t\t\t\t\t\t<div class=\"elementor-element elementor-element-1d3d4d99 elementor-widget elementor-widget-text-editor\" data-id=\"1d3d4d99\" data-element_type=\"widget\" data-widget_type=\"text-editor.default\">\n\t\t\t\t<div class=\"elementor-widget-container\">\n\t\t\t\t\t\t\t\t\t<p><strong>Internationellt och nationellt n\u00e4tverk<\/strong><\/p><p>Alliance Fran\u00e7aise bildar ett internationellt n\u00e4tverk. Varje \u00e5r i januari \u00e4ger en stor samling rum i Paris. De svenska f\u00f6reningarna tr\u00e4ffas ocks\u00e5 en g\u00e5ng per \u00e5r f\u00f6r att h\u00e5lla \u00e5rsm\u00f6te, vart annat \u00e5r i Stockholm och vart annat \u00e5r hos n\u00e5gon av de andra allianserna i landet. De olika Allianserna anordnar f\u00f6rel\u00e4sningar och sammankomster som h\u00e5lls p\u00e5 franska och svenska. F\u00f6redragen kan handla om politik, historia, mat och dryck, censurens historia, ren\u00e4ssansens rebeller och mycket mer. Men har ocks\u00e5 inneh\u00e5llit konserter, filmvisningar.<\/p><p>De kan \u00e4ven inneh\u00e5lla vinprovning, ostkunskap och utflykter \u00e4r andra verksamheter, alltid med en fransk inriktning f\u00f6rst\u00e5s.\u00a0<\/p><p>N\u00e5gra g\u00e5nger har utst\u00e4llningar i L\u00e4nsmuseet eller Stadsbiblioteket ordnats.\u00a0<\/p><p><strong>Unikt f\u00f6r Sverige<\/strong><\/p><p>Till skillnad fr\u00e5n Alliance Fran\u00e7ais i andra l\u00e4nder, bedriver AF i Sverige ingen undervisning i franska spr\u00e5ket. M\u00f6jligheten att studera franska finns i det \u00f6vriga skolsystemet. Men organisationen har skolor i m\u00e5nga andra l\u00e4nder. Det hindrar inte att man som svensk kan resa till Paris och studera vid Alliance Fran\u00e7aise p\u00e5 Boulevard Raspail 101 eller p\u00e5 andra platser i Frankrike.<\/p><p>Alliance Fran\u00e7ais \u00e4r idag en modern organisation som lever med sin tid, i kontakt med Institut Fran\u00e7ais (Franska institutet) i Stockholm. Ett n\u00e4tverk finns mellan landets 14 Allianser som snart \u00e4r 17. Ett m\u00e5nadsm\u00f6te, R\u00e9union mensuel, h\u00e5lls mellan f\u00f6reningarna i Sverige, via l\u00e4nk.<\/p><p><a href=\"https:\/\/alliancefr.se\/sv\/alliances-francaises-suede\/\">Uppt\u00e4ck kartan \u00f6ver Alliance Fran\u00e7aise n\u00e4tverk i Sverige h\u00e4r<\/a><\/p><p><a href=\"https:\/\/alliancefr.se\/sv\/alliances-francaises-suede\/\"><br \/><img fetchpriority=\"high\" decoding=\"async\" src=\"http:\/\/alliancefr.se\/linkoping\/wp-content\/uploads\/sites\/14\/2023\/11\/AF_Classique_Suede-300x223.png\" alt=\"\" width=\"300\" height=\"223\" \/> <\/a><\/p>\t\t\t\t\t\t\t\t<\/div>\n\t\t\t\t<\/div>\n\t\t\t\t\t<\/div>\n\t\t<\/div>\n\t\t\t\t\t<\/div>\n\t\t<\/section>\n\t\t\t\t<\/div>\n\t\t","protected":false},"excerpt":{"rendered":"<p>Internationellt och nationellt n\u00e4tverk Alliance Fran\u00e7aise bildar ett internationellt n\u00e4tverk. Varje \u00e5r i januari \u00e4ger en stor samling rum i Paris. De svenska f\u00f6reningarna tr\u00e4ffas ocks\u00e5 en g\u00e5ng per \u00e5r f\u00f6r att h\u00e5lla \u00e5rsm\u00f6te, vart annat \u00e5r i Stockholm och vart annat \u00e5r hos n\u00e5gon av de andra allianserna i landet. De olika Allianserna anordnar f\u00f6rel\u00e4sningar och sammankomster som h\u00e5lls p\u00e5 franska och svenska. F\u00f6redragen kan handla om politik, historia, mat och dryck, censurens historia, ren\u00e4ssansens rebeller och mycket mer. Men har ocks\u00e5 inneh\u00e5llit konserter, filmvisningar. De kan \u00e4ven inneh\u00e5lla vinprovning, ostkunskap och utflykter \u00e4r andra verksamheter, alltid med en fransk inriktning f\u00f6rst\u00e5s.\u00a0 N\u00e5gra g\u00e5nger har utst\u00e4llningar i L\u00e4nsmuseet eller Stadsbiblioteket ordnats.\u00a0 Unikt f\u00f6r Sverige Till skillnad fr\u00e5n Alliance Fran\u00e7ais i andra l\u00e4nder, bedriver AF i Sverige ingen undervisning i franska spr\u00e5ket. M\u00f6jligheten att studera franska finns i det \u00f6vriga skolsystemet. Men organisationen har skolor i m\u00e5nga andra l\u00e4nder. Det hindrar inte att man som svensk kan resa till Paris och studera vid Alliance Fran\u00e7aise p\u00e5 Boulevard Raspail 101 eller p\u00e5 andra platser i Frankrike. Alliance Fran\u00e7ais \u00e4r idag en modern organisation som lever med sin tid, i kontakt med Institut Fran\u00e7ais (Franska institutet) i Stockholm. Ett n\u00e4tverk finns mellan landets 14 Allianser som snart \u00e4r 17. Ett m\u00e5nadsm\u00f6te, R\u00e9union mensuel, h\u00e5lls mellan f\u00f6reningarna i Sverige, via l\u00e4nk. Uppt\u00e4ck kartan \u00f6ver Alliance Fran\u00e7aise n\u00e4tverk i Sverige h\u00e4r<\/p>\n","protected":false},"author":1,"featured_media":0,"parent":0,"menu_order":0,"comment_status":"closed","ping_status":"closed","template":"","meta":{"om_disable_all_campaigns":false,"_monsterinsights_skip_tracking":false,"_monsterinsights_sitenote_active":false,"_monsterinsights_sitenote_note":"","_monsterinsights_sitenote_category":0,"_uf_show_specific_survey":0,"_uf_disable_surveys":false,"footnotes":""},"class_list":["post-66","page","type-page","status-publish","hentry"],"aioseo_notices":[],"rttpg_featured_image_url":null,"rttpg_author":{"display_name":"Super.admin","author_link":"https:\/\/alliancefr.se\/linkoping\/author\/admin2174\/"},"rttpg_comment":0,"rttpg_category":" <a href=\"https:\/\/alliancefr.se\/linkoping\/sv\/\" rel=\"tag\">Svenska<\/a>","rttpg_excerpt":"Internationellt och nationellt n\u00e4tverk Alliance Fran\u00e7aise bildar ett internationellt n\u00e4tverk. Varje \u00e5r i januari \u00e4ger en stor samling rum i Paris. De svenska f\u00f6reningarna tr\u00e4ffas ocks\u00e5 en g\u00e5ng per \u00e5r f\u00f6r att h\u00e5lla \u00e5rsm\u00f6te, vart annat \u00e5r i Stockholm och vart annat \u00e5r hos n\u00e5gon av de andra allianserna i landet. De olika Allianserna anordnar\u2026","_links":{"self":[{"href":"https:\/\/alliancefr.se\/linkoping\/wp-json\/wp\/v2\/pages\/66","targetHints":{"allow":["GET"]}}],"collection":[{"href":"https:\/\/alliancefr.se\/linkoping\/wp-json\/wp\/v2\/pages"}],"about":[{"href":"https:\/\/alliancefr.se\/linkoping\/wp-json\/wp\/v2\/types\/page"}],"author":[{"embeddable":true,"href":"https:\/\/alliancefr.se\/linkoping\/wp-json\/wp\/v2\/users\/1"}],"replies":[{"embeddable":true,"href":"https:\/\/alliancefr.se\/linkoping\/wp-json\/wp\/v2\/comments?post=66"}],"version-history":[{"count":6,"href":"https:\/\/alliancefr.se\/linkoping\/wp-json\/wp\/v2\/pages\/66\/revisions"}],"predecessor-version":[{"id":219,"href":"https:\/\/alliancefr.se\/linkoping\/wp-json\/wp\/v2\/pages\/66\/revisions\/219"}],"wp:attachment":[{"href":"https:\/\/alliancefr.se\/linkoping\/wp-json\/wp\/v2\/media?parent=66"}],"curies":[{"name":"wp","href":"https:\/\/api.w.org\/{rel}","templated":true}]}}