{"id":448,"date":"2023-12-21T19:53:42","date_gmt":"2023-12-21T18:53:42","guid":{"rendered":"https:\/\/alliancefr.se\/linkoping\/?page_id=448"},"modified":"2023-12-21T19:53:52","modified_gmt":"2023-12-21T18:53:52","slug":"programme-automne-2008","status":"publish","type":"page","link":"https:\/\/alliancefr.se\/linkoping\/programme-automne-2008\/","title":{"rendered":"Programme automne 2008"},"content":{"rendered":"\t\t<div data-elementor-type=\"wp-page\" data-elementor-id=\"448\" class=\"elementor elementor-448\">\n\t\t\t\t\t\t<section class=\"elementor-section elementor-top-section elementor-element elementor-element-66fde9d elementor-section-boxed elementor-section-height-default elementor-section-height-default\" data-id=\"66fde9d\" data-element_type=\"section\">\n\t\t\t\t\t\t<div class=\"elementor-container elementor-column-gap-default\">\n\t\t\t\t\t<div class=\"elementor-column elementor-col-100 elementor-top-column elementor-element elementor-element-58de0ba\" data-id=\"58de0ba\" data-element_type=\"column\">\n\t\t\t<div class=\"elementor-widget-wrap elementor-element-populated\">\n\t\t\t\t\t\t<div class=\"elementor-element elementor-element-b16bcbc elementor-widget elementor-widget-text-editor\" data-id=\"b16bcbc\" data-element_type=\"widget\" data-widget_type=\"text-editor.default\">\n\t\t\t\t<div class=\"elementor-widget-container\">\n\t\t\t\t\t\t\t\t\t<p>Chers membres, nous souhaitons vous retrouver nombreux lors de nos activit\u00e9s de l&rsquo;automne!<\/p><p>\u00a0<\/p><p><b>Le mercredi 1er octobre<\/b>\u00a0\u00e0 19h00 \u00e0 Folkuniversitetet, Kungsgatan 33, salle 205,\u00a0<b>Monsieur Yao Nofooji<\/b>, \u00e9conomiste du Togo qui habite Link\u00f6ping depuis dix ans, nous fera une conf\u00e9rence intitul\u00e9e\u00a0<b>\u00ab\u00a0Le Togo mon pays natal\u00a0\u00bb<\/b>.<\/p><p><i>Un verre amical sera servi apr\u00e8s la conf\u00e9rence (40 :-).<\/i><\/p><p>\u00a0<\/p><p><b>Le mercredi 22 octobre<\/b>\u00a0\u00e0 19h00 \u00e0 Folkuniversitetet, Kungsgatan 33, salle 205,\u00a0<b>Monsieur Mats Forsgren<\/b>, Professeur, directeur de d\u00e9partement D\u00e9p.de fran\u00e7ais, d&rsquo;italien et des langues classiques \u00e0 l&rsquo;Universit\u00e9 de Stockholm, fera une conf\u00e9rence intitul\u00e9e\u00a0<b>\u00ab\u00a0Deux pr\u00e9sidents fran\u00e7ais \u00e0 la lumi\u00e8re d&rsquo;un troisi\u00e8me: Sarkozy, Chirac. Mitterrand.\u00a0\u00bb<\/b><\/p><p><i>Un verre amical sera servi apr\u00e8s la conf\u00e9rence (40:-).<\/i><\/p><p>\u00a0<\/p><p><b>Le vendredi 21 novembre<\/b>\u00a0\u00e0 19h00 \u00e0 Folkuniversitetet Kungsgatan 33, salle 205.\u00a0<b>Monsieur Michel Barbier<\/b>, notre vieil ami de l&rsquo;Alliance fran\u00e7aise d&rsquo;Uppsala, parlera de\u00a0<b>\u00ab\u00a0Paris sera toujours Paris?\u00a0\u00bb<\/b><\/p><p><i>Apr\u00e8s la conf\u00e9rence notre ma\u00eetre de c\u00e9r\u00e9monie, Tage Nilsson, nous servira un petit souper (100 \ud83d\ude42 Inscription (bindande) au plus tard le 17 novembre \u00e0 Tage Nilsson t\u00e9l. 013 141669 ou \u00e0 Ulla Starkhammar t\u00e9l 013 60650.<\/i><\/p><p>\u00a0<\/p><p>Soyez les bienvenus!<\/p><p>\u00a0<\/p><p><i>Comme vous le savez d\u00e9j\u00e0, nous accordons chaque ann\u00e9e une bourse de 3000 :- \u00e0 un \u00e9tudiant. Nous avons toujours des postulants qualifi\u00e9s. Nous faisons appel \u00e0 votre g\u00e9n\u00e9rosit\u00e9. Notre num\u00e9ro de compte ch\u00e8que postal est 57 1045-4. Un grand merci \u00e0 tous ceux qui ont d\u00e9j\u00e0 contribu\u00e9 \u00e0 la bourse.<\/i><\/p><p>\u00a0<\/p>\t\t\t\t\t\t\t\t<\/div>\n\t\t\t\t<\/div>\n\t\t\t\t\t<\/div>\n\t\t<\/div>\n\t\t\t\t\t<\/div>\n\t\t<\/section>\n\t\t\t\t<\/div>\n\t\t","protected":false},"excerpt":{"rendered":"<p>Chers membres, nous souhaitons vous retrouver nombreux lors de nos activit\u00e9s de l&rsquo;automne! \u00a0 Le mercredi 1er octobre\u00a0\u00e0 19h00 \u00e0 Folkuniversitetet, Kungsgatan 33, salle 205,\u00a0Monsieur Yao Nofooji, \u00e9conomiste du Togo qui habite Link\u00f6ping depuis dix ans, nous fera une conf\u00e9rence intitul\u00e9e\u00a0\u00ab\u00a0Le Togo mon pays natal\u00a0\u00bb. Un verre amical sera servi apr\u00e8s la conf\u00e9rence (40 :-). \u00a0 Le mercredi 22 octobre\u00a0\u00e0 19h00 \u00e0 Folkuniversitetet, Kungsgatan 33, salle 205,\u00a0Monsieur Mats Forsgren, Professeur, directeur de d\u00e9partement D\u00e9p.de fran\u00e7ais, d&rsquo;italien et des langues classiques \u00e0 l&rsquo;Universit\u00e9 de Stockholm, fera une conf\u00e9rence intitul\u00e9e\u00a0\u00ab\u00a0Deux pr\u00e9sidents fran\u00e7ais \u00e0 la lumi\u00e8re d&rsquo;un troisi\u00e8me: Sarkozy, Chirac. Mitterrand.\u00a0\u00bb Un verre amical sera servi apr\u00e8s la conf\u00e9rence (40:-). \u00a0 Le vendredi 21 novembre\u00a0\u00e0 19h00 \u00e0 Folkuniversitetet Kungsgatan 33, salle 205.\u00a0Monsieur Michel Barbier, notre vieil ami de l&rsquo;Alliance fran\u00e7aise d&rsquo;Uppsala, parlera de\u00a0\u00ab\u00a0Paris sera toujours Paris?\u00a0\u00bb Apr\u00e8s la conf\u00e9rence notre ma\u00eetre de c\u00e9r\u00e9monie, Tage Nilsson, nous servira un petit souper (100 \ud83d\ude42 Inscription (bindande) au plus tard le 17 novembre \u00e0 Tage Nilsson t\u00e9l. 013 141669 ou \u00e0 Ulla Starkhammar t\u00e9l 013 60650. \u00a0 Soyez les bienvenus! \u00a0 Comme vous le savez d\u00e9j\u00e0, nous accordons chaque ann\u00e9e une bourse de 3000 :- \u00e0 un \u00e9tudiant. Nous avons toujours des postulants qualifi\u00e9s. Nous faisons appel \u00e0 votre g\u00e9n\u00e9rosit\u00e9. Notre num\u00e9ro de compte ch\u00e8que postal est 57 1045-4. Un grand merci \u00e0 tous ceux qui ont d\u00e9j\u00e0 contribu\u00e9 \u00e0 la bourse. \u00a0<\/p>\n","protected":false},"author":1,"featured_media":0,"parent":0,"menu_order":0,"comment_status":"closed","ping_status":"closed","template":"","meta":{"om_disable_all_campaigns":false,"_monsterinsights_skip_tracking":false,"_monsterinsights_sitenote_active":false,"_monsterinsights_sitenote_note":"","_monsterinsights_sitenote_category":0,"_uf_show_specific_survey":0,"_uf_disable_surveys":false,"footnotes":""},"class_list":["post-448","page","type-page","status-publish","hentry"],"aioseo_notices":[],"rttpg_featured_image_url":null,"rttpg_author":{"display_name":"Super.admin","author_link":"https:\/\/alliancefr.se\/linkoping\/author\/admin2174\/"},"rttpg_comment":0,"rttpg_category":" <a href=\"https:\/\/alliancefr.se\/linkoping\/\" rel=\"tag\">Fran\u00e7ais<\/a>","rttpg_excerpt":"Chers membres, nous souhaitons vous retrouver nombreux lors de nos activit\u00e9s de l&rsquo;automne! \u00a0 Le mercredi 1er octobre\u00a0\u00e0 19h00 \u00e0 Folkuniversitetet, Kungsgatan 33, salle 205,\u00a0Monsieur Yao Nofooji, \u00e9conomiste du Togo qui habite Link\u00f6ping depuis dix ans, nous fera une conf\u00e9rence intitul\u00e9e\u00a0\u00ab\u00a0Le Togo mon pays natal\u00a0\u00bb. Un verre amical sera servi apr\u00e8s la conf\u00e9rence (40 :-).\u2026","_links":{"self":[{"href":"https:\/\/alliancefr.se\/linkoping\/wp-json\/wp\/v2\/pages\/448","targetHints":{"allow":["GET"]}}],"collection":[{"href":"https:\/\/alliancefr.se\/linkoping\/wp-json\/wp\/v2\/pages"}],"about":[{"href":"https:\/\/alliancefr.se\/linkoping\/wp-json\/wp\/v2\/types\/page"}],"author":[{"embeddable":true,"href":"https:\/\/alliancefr.se\/linkoping\/wp-json\/wp\/v2\/users\/1"}],"replies":[{"embeddable":true,"href":"https:\/\/alliancefr.se\/linkoping\/wp-json\/wp\/v2\/comments?post=448"}],"version-history":[{"count":4,"href":"https:\/\/alliancefr.se\/linkoping\/wp-json\/wp\/v2\/pages\/448\/revisions"}],"predecessor-version":[{"id":452,"href":"https:\/\/alliancefr.se\/linkoping\/wp-json\/wp\/v2\/pages\/448\/revisions\/452"}],"wp:attachment":[{"href":"https:\/\/alliancefr.se\/linkoping\/wp-json\/wp\/v2\/media?parent=448"}],"curies":[{"name":"wp","href":"https:\/\/api.w.org\/{rel}","templated":true}]}}