{"id":443,"date":"2023-12-21T19:53:07","date_gmt":"2023-12-21T18:53:07","guid":{"rendered":"https:\/\/alliancefr.se\/linkoping\/?page_id=443"},"modified":"2023-12-21T19:53:16","modified_gmt":"2023-12-21T18:53:16","slug":"programme-printemps-2009","status":"publish","type":"page","link":"https:\/\/alliancefr.se\/linkoping\/programme-printemps-2009\/","title":{"rendered":"Programme printemps 2009"},"content":{"rendered":"\t\t<div data-elementor-type=\"wp-page\" data-elementor-id=\"443\" class=\"elementor elementor-443\">\n\t\t\t\t\t\t<section class=\"elementor-section elementor-top-section elementor-element elementor-element-150dfe1 elementor-section-boxed elementor-section-height-default elementor-section-height-default\" data-id=\"150dfe1\" data-element_type=\"section\">\n\t\t\t\t\t\t<div class=\"elementor-container elementor-column-gap-default\">\n\t\t\t\t\t<div class=\"elementor-column elementor-col-100 elementor-top-column elementor-element elementor-element-40a7b37\" data-id=\"40a7b37\" data-element_type=\"column\">\n\t\t\t<div class=\"elementor-widget-wrap elementor-element-populated\">\n\t\t\t\t\t\t<div class=\"elementor-element elementor-element-2530796 elementor-widget elementor-widget-text-editor\" data-id=\"2530796\" data-element_type=\"widget\" data-widget_type=\"text-editor.default\">\n\t\t\t\t<div class=\"elementor-widget-container\">\n\t\t\t\t\t\t\t\t\t<p>Nous souhaitons vous retrouver nombreux lors de nos activit\u00e9s du printemps!<\/p><p>\u00a0<\/p><p><b>Le lundi 9 f\u00e9vrier<\/b>\u00a0\u00e0 19h00 \u00e0 Folkuniversitetet, Kungsgatan 33, salle 301.<br \/>Nous sommes ravis de revoir chez nous notre fid\u00e8le amie Cathrine Bressac de Paris. Comme toujours elle a un sujet passionnant:<b>\u00ab\u00a0Camille Claudel &#8211; Susanne Valadon &#8211; S\u00e9raphine Louis, dite de Senlis &#8211; trois destins, dont deux tragiques.\u00a0\u00bb<\/b><br \/><i>Apr\u00e8s la conf\u00e9rence notre ma\u00eetre de c\u00e9r\u00e9monie, Tage Nilsson, nous servira un petit souper (100:-) Inscription (bindande) au plus tard le 5 f\u00e9vrier aupr\u00e8s de Tage Nilsson t\u00e9l. 013 141669 ou d&rsquo;Ulla Starkhammar t\u00e9l. 013 60650.<\/i><\/p><p>\u00a0<\/p><p><b>Le jeudi 12 mars<\/b>\u00a0\u00e0 19h00 \u00e0 Folkuniversitetet, Kungsgatan 33, salle 301.<br \/>G\u00e9raldine Sfez, Professeur agr\u00e9g\u00e9e de Philosophie, pr\u00e9pare un Doctorat d&rsquo;Esth\u00e9tique \u00e0 l&rsquo;Univesit\u00e9 Paris 10 Nanterre. Elle vit depuis un an \u00e0 Stockholm, \u00e0 S\u00f6dermalm dans le quartier o\u00f9 se d\u00e9roule en grand partie \u00ab\u00a0Mill\u00e9nium\u00a0\u00bb Son sujet est:\u00a0<b>\u00ab\u00a0Le Ph\u00e9nom\u00e8ne Mill\u00e9nium en France\u00a0\u00bb<\/b>. Traduit dans 25 pays, c&rsquo;est en France que la trilogie du su\u00e8dois Stieg Larsson a trouv\u00e9 le plus de lecteurs. Mill\u00e9nium a conquis en quatre mois plus d&rsquo;un million de lecteurs en France. G\u00e9raldine tentera d&rsquo;analyser les raisons, mais aussi les effets, de ce v\u00e9ritable ph\u00e9nom\u00e8ne litt\u00e9raire.<br \/><i>Un verre amical sera servi apr\u00e8s la conference (40:-).<\/i><\/p><p>\u00a0<\/p><p><b>Le mardi 28 avril<\/b>\u00a0\u00e0 19h00 \u00e0 Folkuniversitetet, Kungsgatan 33, salle 301.\u00a0<b>\u00ab\u00a0Le Passage du Nord-Ouest du Pacifique \u00e0 l&rsquo;Atlantique.\u00a0\u00bb<\/b>\u00a0Nous sommes contents de vous pr\u00e9senter \u00c8ric Andr\u00e9, professeur des \u00e9coles au lyc\u00e9e fran\u00e7ais de Stockholm. Il a particip\u00e9 \u00e0 une exp\u00e9dition \u00e0 la voile en Arctique au cours de l&rsquo;\u00e9t\u00e9 2007. Il est originaire de Grenoble et vit \u00e0 Stockholm depuis trois ans. C&rsquo;est un passionn\u00e9 de montagne, de nature, de voyage, de sport. Il a effectu\u00e9 de nombreuses exp\u00e9ditions \u00e0 v\u00e9lo: Alaska, Islande, Proche-Orient, Am\u00e9rique Centrale\u2026.<br \/><i>Un verre amical sera servi apr\u00e8s la conf\u00e9rence (40:-).<\/i>.<\/p><p>\u00a0<\/p><p><b>Le samedi 16 ma<\/b>i. L&rsquo;excursion du printemps. C&rsquo;est l&rsquo;Alliance de Nyk\u00f6ping qui invite les Alliances de Norrk\u00f6ping et Link\u00f6ping cette ann\u00e9e. Nous nous r\u00e9unissons \u00e0 10h00 devant l&rsquo;\u00e9glise Lid pour un tour guid\u00e9. Cette \u00e9glise est connue pour ses peintures murales d&rsquo;Albertus Pictor (mort en 1509). Apr\u00e8s un caf\u00e9 nous continuons au manoir Lind\u00f6 pour un tour guid\u00e9 par Catharina von Schinkel, la propritaire. Un d\u00e9jeuner sera servi au manoir. Prix approximatif: 200:-. Inscription avant le 4 mai aupr\u00e8s de Tage Nilsson t\u00e9l. 013 141669 ou d&rsquo;Ulla Starkhammar t\u00e9l. 013 60650.<\/p><p>\u00a0<\/p><p>Soyez les bienvenus!<\/p>\t\t\t\t\t\t\t\t<\/div>\n\t\t\t\t<\/div>\n\t\t\t\t\t<\/div>\n\t\t<\/div>\n\t\t\t\t\t<\/div>\n\t\t<\/section>\n\t\t\t\t<\/div>\n\t\t","protected":false},"excerpt":{"rendered":"<p>Nous souhaitons vous retrouver nombreux lors de nos activit\u00e9s du printemps! \u00a0 Le lundi 9 f\u00e9vrier\u00a0\u00e0 19h00 \u00e0 Folkuniversitetet, Kungsgatan 33, salle 301.Nous sommes ravis de revoir chez nous notre fid\u00e8le amie Cathrine Bressac de Paris. Comme toujours elle a un sujet passionnant:\u00ab\u00a0Camille Claudel &#8211; Susanne Valadon &#8211; S\u00e9raphine Louis, dite de Senlis &#8211; trois destins, dont deux tragiques.\u00a0\u00bbApr\u00e8s la conf\u00e9rence notre ma\u00eetre de c\u00e9r\u00e9monie, Tage Nilsson, nous servira un petit souper (100:-) Inscription (bindande) au plus tard le 5 f\u00e9vrier aupr\u00e8s de Tage Nilsson t\u00e9l. 013 141669 ou d&rsquo;Ulla Starkhammar t\u00e9l. 013 60650. \u00a0 Le jeudi 12 mars\u00a0\u00e0 19h00 \u00e0 Folkuniversitetet, Kungsgatan 33, salle 301.G\u00e9raldine Sfez, Professeur agr\u00e9g\u00e9e de Philosophie, pr\u00e9pare un Doctorat d&rsquo;Esth\u00e9tique \u00e0 l&rsquo;Univesit\u00e9 Paris 10 Nanterre. Elle vit depuis un an \u00e0 Stockholm, \u00e0 S\u00f6dermalm dans le quartier o\u00f9 se d\u00e9roule en grand partie \u00ab\u00a0Mill\u00e9nium\u00a0\u00bb Son sujet est:\u00a0\u00ab\u00a0Le Ph\u00e9nom\u00e8ne Mill\u00e9nium en France\u00a0\u00bb. Traduit dans 25 pays, c&rsquo;est en France que la trilogie du su\u00e8dois Stieg Larsson a trouv\u00e9 le plus de lecteurs. Mill\u00e9nium a conquis en quatre mois plus d&rsquo;un million de lecteurs en France. G\u00e9raldine tentera d&rsquo;analyser les raisons, mais aussi les effets, de ce v\u00e9ritable ph\u00e9nom\u00e8ne litt\u00e9raire.Un verre amical sera servi apr\u00e8s la conference (40:-). \u00a0 Le mardi 28 avril\u00a0\u00e0 19h00 \u00e0 Folkuniversitetet, Kungsgatan 33, salle 301.\u00a0\u00ab\u00a0Le Passage du Nord-Ouest du Pacifique \u00e0 l&rsquo;Atlantique.\u00a0\u00bb\u00a0Nous sommes contents de vous pr\u00e9senter \u00c8ric Andr\u00e9, professeur des \u00e9coles au lyc\u00e9e fran\u00e7ais de Stockholm. Il a particip\u00e9 \u00e0 une exp\u00e9dition \u00e0 la voile en Arctique au cours de l&rsquo;\u00e9t\u00e9 2007. Il est originaire de Grenoble et vit \u00e0 Stockholm depuis trois ans. C&rsquo;est un passionn\u00e9 de montagne, de nature, de voyage, de sport. Il a effectu\u00e9 de nombreuses exp\u00e9ditions \u00e0 v\u00e9lo: Alaska, Islande, Proche-Orient, Am\u00e9rique Centrale\u2026.Un verre amical sera servi apr\u00e8s la conf\u00e9rence (40:-).. \u00a0 Le samedi 16 mai. L&rsquo;excursion du printemps. C&rsquo;est l&rsquo;Alliance de Nyk\u00f6ping qui invite les Alliances de Norrk\u00f6ping et Link\u00f6ping cette ann\u00e9e. Nous nous r\u00e9unissons \u00e0 10h00 devant l&rsquo;\u00e9glise Lid pour un tour guid\u00e9. Cette \u00e9glise est connue pour ses peintures murales d&rsquo;Albertus Pictor (mort en 1509). Apr\u00e8s un caf\u00e9 nous continuons au manoir Lind\u00f6 pour un tour guid\u00e9 par Catharina von Schinkel, la propritaire. Un d\u00e9jeuner sera servi au manoir. Prix approximatif: 200:-. Inscription avant le 4 mai aupr\u00e8s de Tage Nilsson t\u00e9l. 013 141669 ou d&rsquo;Ulla Starkhammar t\u00e9l. 013 60650. \u00a0 Soyez les bienvenus!<\/p>\n","protected":false},"author":1,"featured_media":0,"parent":0,"menu_order":0,"comment_status":"closed","ping_status":"closed","template":"","meta":{"om_disable_all_campaigns":false,"_monsterinsights_skip_tracking":false,"_monsterinsights_sitenote_active":false,"_monsterinsights_sitenote_note":"","_monsterinsights_sitenote_category":0,"_uf_show_specific_survey":0,"_uf_disable_surveys":false,"footnotes":""},"class_list":["post-443","page","type-page","status-publish","hentry"],"aioseo_notices":[],"rttpg_featured_image_url":null,"rttpg_author":{"display_name":"Super.admin","author_link":"https:\/\/alliancefr.se\/linkoping\/author\/admin2174\/"},"rttpg_comment":0,"rttpg_category":" <a href=\"https:\/\/alliancefr.se\/linkoping\/\" rel=\"tag\">Fran\u00e7ais<\/a>","rttpg_excerpt":"Nous souhaitons vous retrouver nombreux lors de nos activit\u00e9s du printemps! \u00a0 Le lundi 9 f\u00e9vrier\u00a0\u00e0 19h00 \u00e0 Folkuniversitetet, Kungsgatan 33, salle 301.Nous sommes ravis de revoir chez nous notre fid\u00e8le amie Cathrine Bressac de Paris. Comme toujours elle a un sujet passionnant:\u00ab\u00a0Camille Claudel &#8211; Susanne Valadon &#8211; S\u00e9raphine Louis, dite de Senlis &#8211; trois\u2026","_links":{"self":[{"href":"https:\/\/alliancefr.se\/linkoping\/wp-json\/wp\/v2\/pages\/443","targetHints":{"allow":["GET"]}}],"collection":[{"href":"https:\/\/alliancefr.se\/linkoping\/wp-json\/wp\/v2\/pages"}],"about":[{"href":"https:\/\/alliancefr.se\/linkoping\/wp-json\/wp\/v2\/types\/page"}],"author":[{"embeddable":true,"href":"https:\/\/alliancefr.se\/linkoping\/wp-json\/wp\/v2\/users\/1"}],"replies":[{"embeddable":true,"href":"https:\/\/alliancefr.se\/linkoping\/wp-json\/wp\/v2\/comments?post=443"}],"version-history":[{"count":4,"href":"https:\/\/alliancefr.se\/linkoping\/wp-json\/wp\/v2\/pages\/443\/revisions"}],"predecessor-version":[{"id":447,"href":"https:\/\/alliancefr.se\/linkoping\/wp-json\/wp\/v2\/pages\/443\/revisions\/447"}],"wp:attachment":[{"href":"https:\/\/alliancefr.se\/linkoping\/wp-json\/wp\/v2\/media?parent=443"}],"curies":[{"name":"wp","href":"https:\/\/api.w.org\/{rel}","templated":true}]}}