{"id":438,"date":"2023-12-21T19:52:25","date_gmt":"2023-12-21T18:52:25","guid":{"rendered":"https:\/\/alliancefr.se\/linkoping\/?page_id=438"},"modified":"2023-12-21T19:52:35","modified_gmt":"2023-12-21T18:52:35","slug":"programme-automne-2009","status":"publish","type":"page","link":"https:\/\/alliancefr.se\/linkoping\/programme-automne-2009\/","title":{"rendered":"Programme automne 2009"},"content":{"rendered":"\t\t<div data-elementor-type=\"wp-page\" data-elementor-id=\"438\" class=\"elementor elementor-438\">\n\t\t\t\t\t\t<section class=\"elementor-section elementor-top-section elementor-element elementor-element-bbf5eb7 elementor-section-boxed elementor-section-height-default elementor-section-height-default\" data-id=\"bbf5eb7\" data-element_type=\"section\">\n\t\t\t\t\t\t<div class=\"elementor-container elementor-column-gap-default\">\n\t\t\t\t\t<div class=\"elementor-column elementor-col-100 elementor-top-column elementor-element elementor-element-1afec27\" data-id=\"1afec27\" data-element_type=\"column\">\n\t\t\t<div class=\"elementor-widget-wrap elementor-element-populated\">\n\t\t\t\t\t\t<div class=\"elementor-element elementor-element-7d840a9 elementor-widget elementor-widget-text-editor\" data-id=\"7d840a9\" data-element_type=\"widget\" data-widget_type=\"text-editor.default\">\n\t\t\t\t<div class=\"elementor-widget-container\">\n\t\t\t\t\t\t\t\t\t<p>Nous souhaitons vous retrouver nombreux lors de nos activit\u00e9s de l\u2019automne!<\/p><p>\u00a0<\/p><p><strong>Le samedi 3 octobre<\/strong><\/p><p>L\u2019Alliance fran\u00e7aise de Link\u00f6ping vous invite \u00e0\u00a0<strong>f\u00eater ses 90 ans<\/strong>\u00a0le 3 octobre \u00e0 19h00 lors\u00a0<strong>d\u2019une soir\u00e9e<\/strong>, qui aura lieu \u00e0 L\u00e4kars\u00e4llskapets Konferens och Festv\u00e5ning,\u00a0<a href=\"http:\/\/kartor.eniro.se\/query?mop=aq&amp;mapstate=8%3B15.62439%3B58.40738%3Bs%3B15.61847%3B58.41017%3B15.63028%3B58.40460%3B876%3B779%3B0%3B1&amp;mapcomp=%3B%3B%3BKlostergatan%3B45C%3B%3B58223%3BLINK%D6PING%3B%3B%3B%3B%3B15.624394872488589%3B58.40738265443388%3B0%3B0%3B%3BLINK%D6PING%3Bmaps_address.10630306.11%3B0&amp;what=map_adr&amp;searchInMap=1&amp;geo_area=Klostergatan%2045C%2C%20LINK%D6PING&amp;stq=0&amp;pis=0\"><i>Klostergatan 45C.<\/i><\/a><\/p><p>Un buffet d\u00e9licieux, du vin et du caf\u00e9 y seront servis. Le prix du d\u00eener, qui est subventionn\u00e9, sera de 350 :-<\/p><p>Inscription pour le repas au plus tard le 18 septembre aupr\u00e8s d&rsquo;Ulla Starkhammar t\u00e9l. 013-606 50 ou de Tage Nilsson t\u00e9l. 013-14 16 69.<\/p><p>Durant l\u2019apr\u00e8s-midi il y aura des conf\u00e9rences en su\u00e9dois \u00e0 la Biblioth\u00e8que de Link\u00f6ping \u00e0 partir de 14h00 jusqu\u2019\u00e0 17h00.<\/p><p>Nous serions tr\u00e8s hereux de votre participation!<\/p><p>\u00a0<\/p><p>\u00a0<\/p><p><strong>Le lundi 2 novembre<\/strong>\u00a0\u00e0 19h00 \u00e0 Folkuniversitetet,<a href=\"http:\/\/kartor.eniro.se\/query?mop=aq&amp;mapstate=8%3B15.62283%3B58.41337%3Bs%3B15.61692%3B58.41616%3B15.62873%3B58.41059%3B876%3B779%3B0%3B1&amp;mapcomp=%3B%3B%3BKungsgatan%3B33%3B%3B58218%3BLINK%D6PING%3B%3B%3B%3B%3B15.622838414727354%3B58.4133767893317%3B0%3B0%3B%3BLINK%D6PING%3Bmaps_address.526508.11%3B0&amp;what=map_adr&amp;searchInMap=1&amp;geo_area=Kungsgatan%2033%2C%20LINK%D6PING&amp;stq=0&amp;pis=0\">\u00a0Kungsgatan 33<\/a>, salle 301 Christophe Luciani d\u2019Europaspr\u00e5k \u00e0 Stockholm parlera de\u00a0<strong>\u201dLa Corse, \u00eele de Beaut\u00e9\u201d.\u00a0<\/strong>Monsieur Luciani vous propose de d\u00e9couvrir les 1000 km de c\u00f4tes superbes, le maquis myst\u00e9rieux et les sommets enneig\u00e9s du joyau de la M\u00e9diterrann\u00e9e..<br \/><em>Un verre amical sera servi apr\u00e8s la conf\u00e9rence ( 40:- ).<\/em><\/p><p>\u00a0<\/p><p><strong>Le mercredi 2 d\u00e9dembre<\/strong>\u00a0\u00e0 19h00 \u00e0 Folkuniversitetet,\u00a0<a href=\"http:\/\/kartor.eniro.se\/query?mop=aq&amp;mapstate=8%3B15.62283%3B58.41337%3Bs%3B15.61692%3B58.41616%3B15.62873%3B58.41059%3B876%3B779%3B0%3B1&amp;mapcomp=%3B%3B%3BKungsgatan%3B33%3B%3B58218%3BLINK%D6PING%3B%3B%3B%3B%3B15.622838414727354%3B58.4133767893317%3B0%3B0%3B%3BLINK%D6PING%3Bmaps_address.526508.11%3B0&amp;what=map_adr&amp;searchInMap=1&amp;geo_area=Kungsgatan%2033%2C%20LINK%D6PING&amp;stq=0&amp;pis=0\">Kungsgatan 33<\/a>, salle 301\u00a0<strong>\u201dLa situation des immigr\u00e9s en Su\u00e8de\u201d\u00a0<\/strong>Jos\u00e9 Kemenga, Yao Nofodji et Jean-Marie Nsabimani, trois africains francophones parleront de leurs experiences en Su\u00e8de.<br \/><em>Un verre amical sera servi apr\u00e8s la conf\u00e9rence ( 40:- ).<\/em><\/p><p>\u00a0<\/p><p>Soyez les bienvenus!<\/p><p>\u00a0<\/p>\t\t\t\t\t\t\t\t<\/div>\n\t\t\t\t<\/div>\n\t\t\t\t\t<\/div>\n\t\t<\/div>\n\t\t\t\t\t<\/div>\n\t\t<\/section>\n\t\t\t\t<\/div>\n\t\t","protected":false},"excerpt":{"rendered":"<p>Nous souhaitons vous retrouver nombreux lors de nos activit\u00e9s de l\u2019automne! \u00a0 Le samedi 3 octobre L\u2019Alliance fran\u00e7aise de Link\u00f6ping vous invite \u00e0\u00a0f\u00eater ses 90 ans\u00a0le 3 octobre \u00e0 19h00 lors\u00a0d\u2019une soir\u00e9e, qui aura lieu \u00e0 L\u00e4kars\u00e4llskapets Konferens och Festv\u00e5ning,\u00a0Klostergatan 45C. Un buffet d\u00e9licieux, du vin et du caf\u00e9 y seront servis. Le prix du d\u00eener, qui est subventionn\u00e9, sera de 350 :- Inscription pour le repas au plus tard le 18 septembre aupr\u00e8s d&rsquo;Ulla Starkhammar t\u00e9l. 013-606 50 ou de Tage Nilsson t\u00e9l. 013-14 16 69. Durant l\u2019apr\u00e8s-midi il y aura des conf\u00e9rences en su\u00e9dois \u00e0 la Biblioth\u00e8que de Link\u00f6ping \u00e0 partir de 14h00 jusqu\u2019\u00e0 17h00. Nous serions tr\u00e8s hereux de votre participation! \u00a0 \u00a0 Le lundi 2 novembre\u00a0\u00e0 19h00 \u00e0 Folkuniversitetet,\u00a0Kungsgatan 33, salle 301 Christophe Luciani d\u2019Europaspr\u00e5k \u00e0 Stockholm parlera de\u00a0\u201dLa Corse, \u00eele de Beaut\u00e9\u201d.\u00a0Monsieur Luciani vous propose de d\u00e9couvrir les 1000 km de c\u00f4tes superbes, le maquis myst\u00e9rieux et les sommets enneig\u00e9s du joyau de la M\u00e9diterrann\u00e9e..Un verre amical sera servi apr\u00e8s la conf\u00e9rence ( 40:- ). \u00a0 Le mercredi 2 d\u00e9dembre\u00a0\u00e0 19h00 \u00e0 Folkuniversitetet,\u00a0Kungsgatan 33, salle 301\u00a0\u201dLa situation des immigr\u00e9s en Su\u00e8de\u201d\u00a0Jos\u00e9 Kemenga, Yao Nofodji et Jean-Marie Nsabimani, trois africains francophones parleront de leurs experiences en Su\u00e8de.Un verre amical sera servi apr\u00e8s la conf\u00e9rence ( 40:- ). \u00a0 Soyez les bienvenus! \u00a0<\/p>\n","protected":false},"author":1,"featured_media":0,"parent":0,"menu_order":0,"comment_status":"closed","ping_status":"closed","template":"","meta":{"om_disable_all_campaigns":false,"_monsterinsights_skip_tracking":false,"_monsterinsights_sitenote_active":false,"_monsterinsights_sitenote_note":"","_monsterinsights_sitenote_category":0,"_uf_show_specific_survey":0,"_uf_disable_surveys":false,"footnotes":""},"class_list":["post-438","page","type-page","status-publish","hentry"],"aioseo_notices":[],"rttpg_featured_image_url":null,"rttpg_author":{"display_name":"Super.admin","author_link":"https:\/\/alliancefr.se\/linkoping\/author\/admin2174\/"},"rttpg_comment":0,"rttpg_category":" <a href=\"https:\/\/alliancefr.se\/linkoping\/\" rel=\"tag\">Fran\u00e7ais<\/a>","rttpg_excerpt":"Nous souhaitons vous retrouver nombreux lors de nos activit\u00e9s de l\u2019automne! \u00a0 Le samedi 3 octobre L\u2019Alliance fran\u00e7aise de Link\u00f6ping vous invite \u00e0\u00a0f\u00eater ses 90 ans\u00a0le 3 octobre \u00e0 19h00 lors\u00a0d\u2019une soir\u00e9e, qui aura lieu \u00e0 L\u00e4kars\u00e4llskapets Konferens och Festv\u00e5ning,\u00a0Klostergatan 45C. Un buffet d\u00e9licieux, du vin et du caf\u00e9 y seront servis. Le prix du\u2026","_links":{"self":[{"href":"https:\/\/alliancefr.se\/linkoping\/wp-json\/wp\/v2\/pages\/438","targetHints":{"allow":["GET"]}}],"collection":[{"href":"https:\/\/alliancefr.se\/linkoping\/wp-json\/wp\/v2\/pages"}],"about":[{"href":"https:\/\/alliancefr.se\/linkoping\/wp-json\/wp\/v2\/types\/page"}],"author":[{"embeddable":true,"href":"https:\/\/alliancefr.se\/linkoping\/wp-json\/wp\/v2\/users\/1"}],"replies":[{"embeddable":true,"href":"https:\/\/alliancefr.se\/linkoping\/wp-json\/wp\/v2\/comments?post=438"}],"version-history":[{"count":4,"href":"https:\/\/alliancefr.se\/linkoping\/wp-json\/wp\/v2\/pages\/438\/revisions"}],"predecessor-version":[{"id":442,"href":"https:\/\/alliancefr.se\/linkoping\/wp-json\/wp\/v2\/pages\/438\/revisions\/442"}],"wp:attachment":[{"href":"https:\/\/alliancefr.se\/linkoping\/wp-json\/wp\/v2\/media?parent=438"}],"curies":[{"name":"wp","href":"https:\/\/api.w.org\/{rel}","templated":true}]}}