{"id":433,"date":"2023-12-21T19:51:46","date_gmt":"2023-12-21T18:51:46","guid":{"rendered":"https:\/\/alliancefr.se\/linkoping\/?page_id=433"},"modified":"2023-12-21T19:51:56","modified_gmt":"2023-12-21T18:51:56","slug":"programme-printemps-2010","status":"publish","type":"page","link":"https:\/\/alliancefr.se\/linkoping\/programme-printemps-2010\/","title":{"rendered":"Programme printemps 2010"},"content":{"rendered":"\t\t<div data-elementor-type=\"wp-page\" data-elementor-id=\"433\" class=\"elementor elementor-433\">\n\t\t\t\t\t\t<section class=\"elementor-section elementor-top-section elementor-element elementor-element-c1a3039 elementor-section-boxed elementor-section-height-default elementor-section-height-default\" data-id=\"c1a3039\" data-element_type=\"section\">\n\t\t\t\t\t\t<div class=\"elementor-container elementor-column-gap-default\">\n\t\t\t\t\t<div class=\"elementor-column elementor-col-100 elementor-top-column elementor-element elementor-element-8d7d4e9\" data-id=\"8d7d4e9\" data-element_type=\"column\">\n\t\t\t<div class=\"elementor-widget-wrap elementor-element-populated\">\n\t\t\t\t\t\t<div class=\"elementor-element elementor-element-4fbfa33 elementor-widget elementor-widget-text-editor\" data-id=\"4fbfa33\" data-element_type=\"widget\" data-widget_type=\"text-editor.default\">\n\t\t\t\t<div class=\"elementor-widget-container\">\n\t\t\t\t\t\t\t\t\t<p>Nous esp\u00e9rons que vous viendrez nombreux \u00e0 nos activit\u00e9s.<\/p><p>\u00a0<\/p><p><strong>Le jeudi 18 f\u00e9vrier\u00a0<\/strong>\u00e0 19h00 \u00e0 Folkuniversitetet,\u00a0<a href=\"http:\/\/kartor.eniro.se\/query?mop=aq&amp;mapstate=8%3B15.62283%3B58.41337%3Bs%3B15.61692%3B58.41616%3B15.62873%3B58.41059%3B876%3B779%3B0%3B1&amp;mapcomp=%3B%3B%3BKungsgatan%3B33%3B%3B58218%3BLINK%D6PING%3B%3B%3B%3B%3B15.622838414727354%3B58.4133767893317%3B0%3B0%3B%3BLINK%D6PING%3Bmaps_address.526508.11%3B0&amp;what=map_adr&amp;searchInMap=1&amp;geo_area=Kungsgatan%2033%2C%20LINK%D6PING&amp;stq=0&amp;pis=0\">Kungsgatan 33<\/a>, salle 21<\/p><p>La r\u00e9uninon annuelle et la distribution de la bourse.<\/p><p>Apr\u00e8s la r\u00e9union nous sommes ravis de revoir chez nous Monsieur\u00a0<strong>Pontus Grate<\/strong>\u00a0de l\u2019Alliance Fran\u00e7aise de Stockholm.<\/p><p>Son sujet est: \u201d<strong>Le Centre Culturel Su\u00e9dois \u00e0 Paris<\/strong>\u00a0\u2013 sa cr\u00e9ation, ses premi\u00e8res ann\u00e9es \u2013 quelques souvenirs de son premier directeur Pontus Grate.<\/p><p>\u00a0<\/p><p><strong>Le mercredi 17 mars<\/strong>\u00a0\u00e0 19h00 \u00e0 Folkuniversitetet,\u00a0<a href=\"http:\/\/kartor.eniro.se\/query?mop=aq&amp;mapstate=8%3B15.62283%3B58.41337%3Bs%3B15.61692%3B58.41616%3B15.62873%3B58.41059%3B876%3B779%3B0%3B1&amp;mapcomp=%3B%3B%3BKungsgatan%3B33%3B%3B58218%3BLINK%D6PING%3B%3B%3B%3B%3B15.622838414727354%3B58.4133767893317%3B0%3B0%3B%3BLINK%D6PING%3Bmaps_address.526508.11%3B0&amp;what=map_adr&amp;searchInMap=1&amp;geo_area=Kungsgatan%2033%2C%20LINK%D6PING&amp;stq=0&amp;pis=0\">Kungsgatan 33<\/a>, salle 301<\/p><p>M\u00a0<strong>Christophe Luciani<\/strong>\u00a0de Europaspr\u00e5k,Stockholm parlera de:<\/p><p><strong>\u201dL\u2019Empire colonial fran\u00e7ais\u201d<\/strong><br \/><em>Un verre amical sera servi apr\u00e8s la conf\u00e9rence ( 40:- ).<\/em><\/p><p>\u00a0<\/p><p><strong>Le jeudi 22 avril<\/strong>\u00a0\u00e0 19h00 \u00e0 Folkuniversitetet,\u00a0<a href=\"http:\/\/kartor.eniro.se\/query?mop=aq&amp;mapstate=8%3B15.62283%3B58.41337%3Bs%3B15.61692%3B58.41616%3B15.62873%3B58.41059%3B876%3B779%3B0%3B1&amp;mapcomp=%3B%3B%3BKungsgatan%3B33%3B%3B58218%3BLINK%D6PING%3B%3B%3B%3B%3B15.622838414727354%3B58.4133767893317%3B0%3B0%3B%3BLINK%D6PING%3Bmaps_address.526508.11%3B0&amp;what=map_adr&amp;searchInMap=1&amp;geo_area=Kungsgatan%2033%2C%20LINK%D6PING&amp;stq=0&amp;pis=0\">Kungsgatan 33<\/a>, salle 301<\/p><p>M\u00a0<strong>Fr\u00e9d\u00e9ric Strauss<\/strong>, attach\u00e9 audiovisuel regional (Danemark, finlande, Norv\u00e8ge et Su\u00e8de), ambassade de France en Su\u00e8de, parlera et illustrera par\u00a0DVD\u00a0\u00a0<strong>\u201dLe cin\u00e9ma fran\u00e7ais vu de Su\u00e8de et de France\u201d<\/strong><\/p><p>Apr\u00e8s la conf\u00e9rence un souper sera servi. (150:-). Inscription le\u00a0<strong>12 avril<\/strong>\u00a0au plus tard\u00a0aupr\u00e8s d&rsquo;Ulla Starkhammar t\u00e9l 013- 60650 ou\u00a0de Torsten Ericsson t\u00e9l 013- 17 20 80.<\/p><p>\u00a0<\/p><p>\u00a0<\/p><p><strong>Le samedi 8 mai. L\u2019excursion du printemps<\/strong>,<\/p><p>cette ann\u00e9e arrang\u00e9e par l\u2019Alliance Fran\u00e7aise de Norrk\u00f6ping.<\/p><p>Rendez-vous \u00e0 10h\u00a0 \u00e0\u00a0<strong><a href=\"http:\/\/www.svenskakyrkan.se\/sanktanna\/skallvik.htm#vag\">Sk\u00e4llviks<\/a><\/strong>\u00a0kyrka et hembygdsg\u00e5rd. Apr\u00e9s une tasse du caf\u00e9 on visite l\u2019\u00e9glise. Ensuite\u00a0<strong><a href=\"http:\/\/kartor.eniro.se\/m\/pCluL\">Stegeborgs<\/a><\/strong>\u00a0<a href=\"http:\/\/www.stegeborg.se\/\">hamnkrog<\/a>\u00a0pour le d\u00e9jeuner et la visite guid\u00e9e des ruines du ch\u00e2teau<\/p><p>Prix co\u00fbtant.<\/p><p>Inscription le\u00a0<strong>25 avril<\/strong>\u00a0au plus tard\u00a0aupr\u00e8s d&rsquo;Ulla Starkhammar t\u00e9l 013- 60650 ou\u00a0de Torsten Ericsson t\u00e9l 013- 17 20 80.<\/p><p>Si vous avez besoin de transport, faites-nous le savoir, s\u2019il vous plait!<\/p><p>\u00a0<\/p><p>Soyez les bienvenus!<\/p>\t\t\t\t\t\t\t\t<\/div>\n\t\t\t\t<\/div>\n\t\t\t\t\t<\/div>\n\t\t<\/div>\n\t\t\t\t\t<\/div>\n\t\t<\/section>\n\t\t\t\t<\/div>\n\t\t","protected":false},"excerpt":{"rendered":"<p>Nous esp\u00e9rons que vous viendrez nombreux \u00e0 nos activit\u00e9s. \u00a0 Le jeudi 18 f\u00e9vrier\u00a0\u00e0 19h00 \u00e0 Folkuniversitetet,\u00a0Kungsgatan 33, salle 21 La r\u00e9uninon annuelle et la distribution de la bourse. Apr\u00e8s la r\u00e9union nous sommes ravis de revoir chez nous Monsieur\u00a0Pontus Grate\u00a0de l\u2019Alliance Fran\u00e7aise de Stockholm. Son sujet est: \u201dLe Centre Culturel Su\u00e9dois \u00e0 Paris\u00a0\u2013 sa cr\u00e9ation, ses premi\u00e8res ann\u00e9es \u2013 quelques souvenirs de son premier directeur Pontus Grate. \u00a0 Le mercredi 17 mars\u00a0\u00e0 19h00 \u00e0 Folkuniversitetet,\u00a0Kungsgatan 33, salle 301 M\u00a0Christophe Luciani\u00a0de Europaspr\u00e5k,Stockholm parlera de: \u201dL\u2019Empire colonial fran\u00e7ais\u201dUn verre amical sera servi apr\u00e8s la conf\u00e9rence ( 40:- ). \u00a0 Le jeudi 22 avril\u00a0\u00e0 19h00 \u00e0 Folkuniversitetet,\u00a0Kungsgatan 33, salle 301 M\u00a0Fr\u00e9d\u00e9ric Strauss, attach\u00e9 audiovisuel regional (Danemark, finlande, Norv\u00e8ge et Su\u00e8de), ambassade de France en Su\u00e8de, parlera et illustrera par\u00a0DVD\u00a0\u00a0\u201dLe cin\u00e9ma fran\u00e7ais vu de Su\u00e8de et de France\u201d Apr\u00e8s la conf\u00e9rence un souper sera servi. (150:-). Inscription le\u00a012 avril\u00a0au plus tard\u00a0aupr\u00e8s d&rsquo;Ulla Starkhammar t\u00e9l 013- 60650 ou\u00a0de Torsten Ericsson t\u00e9l 013- 17 20 80. \u00a0 \u00a0 Le samedi 8 mai. L\u2019excursion du printemps, cette ann\u00e9e arrang\u00e9e par l\u2019Alliance Fran\u00e7aise de Norrk\u00f6ping. Rendez-vous \u00e0 10h\u00a0 \u00e0\u00a0Sk\u00e4llviks\u00a0kyrka et hembygdsg\u00e5rd. Apr\u00e9s une tasse du caf\u00e9 on visite l\u2019\u00e9glise. Ensuite\u00a0Stegeborgs\u00a0hamnkrog\u00a0pour le d\u00e9jeuner et la visite guid\u00e9e des ruines du ch\u00e2teau Prix co\u00fbtant. Inscription le\u00a025 avril\u00a0au plus tard\u00a0aupr\u00e8s d&rsquo;Ulla Starkhammar t\u00e9l 013- 60650 ou\u00a0de Torsten Ericsson t\u00e9l 013- 17 20 80. Si vous avez besoin de transport, faites-nous le savoir, s\u2019il vous plait! \u00a0 Soyez les bienvenus!<\/p>\n","protected":false},"author":1,"featured_media":0,"parent":0,"menu_order":0,"comment_status":"closed","ping_status":"closed","template":"","meta":{"om_disable_all_campaigns":false,"_monsterinsights_skip_tracking":false,"_monsterinsights_sitenote_active":false,"_monsterinsights_sitenote_note":"","_monsterinsights_sitenote_category":0,"_uf_show_specific_survey":0,"_uf_disable_surveys":false,"footnotes":""},"class_list":["post-433","page","type-page","status-publish","hentry"],"aioseo_notices":[],"rttpg_featured_image_url":null,"rttpg_author":{"display_name":"Super.admin","author_link":"https:\/\/alliancefr.se\/linkoping\/author\/admin2174\/"},"rttpg_comment":0,"rttpg_category":" <a href=\"https:\/\/alliancefr.se\/linkoping\/\" rel=\"tag\">Fran\u00e7ais<\/a>","rttpg_excerpt":"Nous esp\u00e9rons que vous viendrez nombreux \u00e0 nos activit\u00e9s. \u00a0 Le jeudi 18 f\u00e9vrier\u00a0\u00e0 19h00 \u00e0 Folkuniversitetet,\u00a0Kungsgatan 33, salle 21 La r\u00e9uninon annuelle et la distribution de la bourse. Apr\u00e8s la r\u00e9union nous sommes ravis de revoir chez nous Monsieur\u00a0Pontus Grate\u00a0de l\u2019Alliance Fran\u00e7aise de Stockholm. Son sujet est: \u201dLe Centre Culturel Su\u00e9dois \u00e0 Paris\u00a0\u2013 sa\u2026","_links":{"self":[{"href":"https:\/\/alliancefr.se\/linkoping\/wp-json\/wp\/v2\/pages\/433","targetHints":{"allow":["GET"]}}],"collection":[{"href":"https:\/\/alliancefr.se\/linkoping\/wp-json\/wp\/v2\/pages"}],"about":[{"href":"https:\/\/alliancefr.se\/linkoping\/wp-json\/wp\/v2\/types\/page"}],"author":[{"embeddable":true,"href":"https:\/\/alliancefr.se\/linkoping\/wp-json\/wp\/v2\/users\/1"}],"replies":[{"embeddable":true,"href":"https:\/\/alliancefr.se\/linkoping\/wp-json\/wp\/v2\/comments?post=433"}],"version-history":[{"count":4,"href":"https:\/\/alliancefr.se\/linkoping\/wp-json\/wp\/v2\/pages\/433\/revisions"}],"predecessor-version":[{"id":437,"href":"https:\/\/alliancefr.se\/linkoping\/wp-json\/wp\/v2\/pages\/433\/revisions\/437"}],"wp:attachment":[{"href":"https:\/\/alliancefr.se\/linkoping\/wp-json\/wp\/v2\/media?parent=433"}],"curies":[{"name":"wp","href":"https:\/\/api.w.org\/{rel}","templated":true}]}}