{"id":428,"date":"2023-12-21T19:51:08","date_gmt":"2023-12-21T18:51:08","guid":{"rendered":"https:\/\/alliancefr.se\/linkoping\/?page_id=428"},"modified":"2023-12-21T19:51:18","modified_gmt":"2023-12-21T18:51:18","slug":"programme-automne-2010","status":"publish","type":"page","link":"https:\/\/alliancefr.se\/linkoping\/programme-automne-2010\/","title":{"rendered":"Programme automne 2010"},"content":{"rendered":"\t\t<div data-elementor-type=\"wp-page\" data-elementor-id=\"428\" class=\"elementor elementor-428\">\n\t\t\t\t\t\t<section class=\"elementor-section elementor-top-section elementor-element elementor-element-f6b80d2 elementor-section-boxed elementor-section-height-default elementor-section-height-default\" data-id=\"f6b80d2\" data-element_type=\"section\">\n\t\t\t\t\t\t<div class=\"elementor-container elementor-column-gap-default\">\n\t\t\t\t\t<div class=\"elementor-column elementor-col-100 elementor-top-column elementor-element elementor-element-390b4f1\" data-id=\"390b4f1\" data-element_type=\"column\">\n\t\t\t<div class=\"elementor-widget-wrap elementor-element-populated\">\n\t\t\t\t\t\t<div class=\"elementor-element elementor-element-9b5e577 elementor-widget elementor-widget-text-editor\" data-id=\"9b5e577\" data-element_type=\"widget\" data-widget_type=\"text-editor.default\">\n\t\t\t\t<div class=\"elementor-widget-container\">\n\t\t\t\t\t\t\t\t\t<p>Nous esp\u00e9rons que vous viendrez nombreux \u00e0 nos activit\u00e9s.<\/p><p>\u00a0<\/p><p><strong>Le mercredi 29 septembre\u00a0<\/strong>\u00e0 19h00 \u00e0 Folkuniversitetet,\u00a0<a href=\"http:\/\/kartor.eniro.se\/query?mop=aq&amp;mapstate=8%3B15.62283%3B58.41337%3Bs%3B15.61692%3B58.41616%3B15.62873%3B58.41059%3B876%3B779%3B0%3B1&amp;mapcomp=%3B%3B%3BKungsgatan%3B33%3B%3B58218%3BLINK%D6PING%3B%3B%3B%3B%3B15.622838414727354%3B58.4133767893317%3B0%3B0%3B%3BLINK%D6PING%3Bmaps_address.526508.11%3B0&amp;what=map_adr&amp;searchInMap=1&amp;geo_area=Kungsgatan%2033%2C%20LINK%D6PING&amp;stq=0&amp;pis=0\">Kungsgatan 33<\/a><\/p><p><strong>Fr\u00e9d\u00e9ric Strauss<\/strong>, attach\u00e9 audiovisuel r\u00e9gional pr\u00e8s l\u2019Ambassade de France en Su\u00e8de, nous fera une conf\u00e9rence intitul\u00e9e:<strong>\u201dLe cin\u00e9ma fran\u00e7ais vu de Su\u00e8de et de France.\u201d<br \/><\/strong><em>Un verre amical sera servi apr\u00e8s la conf\u00e9rence ( 40:- ).<\/em><\/p><p>\u00a0<\/p><p><strong>Le jeudi 28 octobre<\/strong>\u00a0\u00e0 19h00 \u00e0 Folkuniversitetet,\u00a0<a href=\"http:\/\/kartor.eniro.se\/query?mop=aq&amp;mapstate=8%3B15.62283%3B58.41337%3Bs%3B15.61692%3B58.41616%3B15.62873%3B58.41059%3B876%3B779%3B0%3B1&amp;mapcomp=%3B%3B%3BKungsgatan%3B33%3B%3B58218%3BLINK%D6PING%3B%3B%3B%3B%3B15.622838414727354%3B58.4133767893317%3B0%3B0%3B%3BLINK%D6PING%3Bmaps_address.526508.11%3B0&amp;what=map_adr&amp;searchInMap=1&amp;geo_area=Kungsgatan%2033%2C%20LINK%D6PING&amp;stq=0&amp;pis=0\">Kungsgatan 33<\/a><\/p><p>Madame\u00a0<strong>Christiane Marque Eriksson<\/strong>\u00a0de Stockholm parlera de:<\/p><p><strong>\u201dLe Languedoc, terre d\u2019histoire et de culture entre C\u00e9vennes et M\u00e9diterrann\u00e9e.\u201d<\/strong><br \/><em>Un verre amical sera servi apr\u00e8s la conf\u00e9rence ( 40:- ).<\/em><\/p><p>\u00a0<\/p><p><strong>Le jeudi 2 d\u00e9cembre<\/strong>\u00a0\u00e0 19h00 \u00e0 Folkuniversitetet,\u00a0<a href=\"http:\/\/kartor.eniro.se\/query?mop=aq&amp;mapstate=8%3B15.62283%3B58.41337%3Bs%3B15.61692%3B58.41616%3B15.62873%3B58.41059%3B876%3B779%3B0%3B1&amp;mapcomp=%3B%3B%3BKungsgatan%3B33%3B%3B58218%3BLINK%D6PING%3B%3B%3B%3B%3B15.622838414727354%3B58.4133767893317%3B0%3B0%3B%3BLINK%D6PING%3Bmaps_address.526508.11%3B0&amp;what=map_adr&amp;searchInMap=1&amp;geo_area=Kungsgatan%2033%2C%20LINK%D6PING&amp;stq=0&amp;pis=0\">Kungsgatan 33<\/a><\/p><p><strong>Jean Andr\u00e9<\/strong>\u00a0de l\u2019Universit\u00e9 de Link\u00f6ping parlera de:\u00a0<strong>\u201dLa Guadeloupe et l\u2019Outre-Mer aujourdhui\u201d<\/strong><\/p><p>Apr\u00e8s la conf\u00e9rence notre ma\u00eetre de c\u00e9r\u00e9monie, Christer Gr\u00f6nevall, nous servira un petit souper (150:- ). Inscription (bindande) au plus tard le\u00a0<strong>25 novembre<\/strong>\u00a0aupr\u00e8s de Christer Gr\u00f6nevall t\u00e9l 0705 77 82 16 ou d&rsquo;Ulla Starkhammar t\u00e9l 013 606 50<\/p><p>\u00a0<\/p><p>\u00a0<\/p><p>\u00a0<\/p><p>Soyez les bienvenus!<\/p>\t\t\t\t\t\t\t\t<\/div>\n\t\t\t\t<\/div>\n\t\t\t\t\t<\/div>\n\t\t<\/div>\n\t\t\t\t\t<\/div>\n\t\t<\/section>\n\t\t\t\t<\/div>\n\t\t","protected":false},"excerpt":{"rendered":"<p>Nous esp\u00e9rons que vous viendrez nombreux \u00e0 nos activit\u00e9s. \u00a0 Le mercredi 29 septembre\u00a0\u00e0 19h00 \u00e0 Folkuniversitetet,\u00a0Kungsgatan 33 Fr\u00e9d\u00e9ric Strauss, attach\u00e9 audiovisuel r\u00e9gional pr\u00e8s l\u2019Ambassade de France en Su\u00e8de, nous fera une conf\u00e9rence intitul\u00e9e:\u201dLe cin\u00e9ma fran\u00e7ais vu de Su\u00e8de et de France.\u201dUn verre amical sera servi apr\u00e8s la conf\u00e9rence ( 40:- ). \u00a0 Le jeudi 28 octobre\u00a0\u00e0 19h00 \u00e0 Folkuniversitetet,\u00a0Kungsgatan 33 Madame\u00a0Christiane Marque Eriksson\u00a0de Stockholm parlera de: \u201dLe Languedoc, terre d\u2019histoire et de culture entre C\u00e9vennes et M\u00e9diterrann\u00e9e.\u201dUn verre amical sera servi apr\u00e8s la conf\u00e9rence ( 40:- ). \u00a0 Le jeudi 2 d\u00e9cembre\u00a0\u00e0 19h00 \u00e0 Folkuniversitetet,\u00a0Kungsgatan 33 Jean Andr\u00e9\u00a0de l\u2019Universit\u00e9 de Link\u00f6ping parlera de:\u00a0\u201dLa Guadeloupe et l\u2019Outre-Mer aujourdhui\u201d Apr\u00e8s la conf\u00e9rence notre ma\u00eetre de c\u00e9r\u00e9monie, Christer Gr\u00f6nevall, nous servira un petit souper (150:- ). Inscription (bindande) au plus tard le\u00a025 novembre\u00a0aupr\u00e8s de Christer Gr\u00f6nevall t\u00e9l 0705 77 82 16 ou d&rsquo;Ulla Starkhammar t\u00e9l 013 606 50 \u00a0 \u00a0 \u00a0 Soyez les bienvenus!<\/p>\n","protected":false},"author":1,"featured_media":0,"parent":0,"menu_order":0,"comment_status":"closed","ping_status":"closed","template":"","meta":{"om_disable_all_campaigns":false,"_monsterinsights_skip_tracking":false,"_monsterinsights_sitenote_active":false,"_monsterinsights_sitenote_note":"","_monsterinsights_sitenote_category":0,"_uf_show_specific_survey":0,"_uf_disable_surveys":false,"footnotes":""},"class_list":["post-428","page","type-page","status-publish","hentry"],"aioseo_notices":[],"rttpg_featured_image_url":null,"rttpg_author":{"display_name":"Super.admin","author_link":"https:\/\/alliancefr.se\/linkoping\/author\/admin2174\/"},"rttpg_comment":0,"rttpg_category":" <a href=\"https:\/\/alliancefr.se\/linkoping\/\" rel=\"tag\">Fran\u00e7ais<\/a>","rttpg_excerpt":"Nous esp\u00e9rons que vous viendrez nombreux \u00e0 nos activit\u00e9s. \u00a0 Le mercredi 29 septembre\u00a0\u00e0 19h00 \u00e0 Folkuniversitetet,\u00a0Kungsgatan 33 Fr\u00e9d\u00e9ric Strauss, attach\u00e9 audiovisuel r\u00e9gional pr\u00e8s l\u2019Ambassade de France en Su\u00e8de, nous fera une conf\u00e9rence intitul\u00e9e:\u201dLe cin\u00e9ma fran\u00e7ais vu de Su\u00e8de et de France.\u201dUn verre amical sera servi apr\u00e8s la conf\u00e9rence ( 40:- ). \u00a0 Le jeudi\u2026","_links":{"self":[{"href":"https:\/\/alliancefr.se\/linkoping\/wp-json\/wp\/v2\/pages\/428","targetHints":{"allow":["GET"]}}],"collection":[{"href":"https:\/\/alliancefr.se\/linkoping\/wp-json\/wp\/v2\/pages"}],"about":[{"href":"https:\/\/alliancefr.se\/linkoping\/wp-json\/wp\/v2\/types\/page"}],"author":[{"embeddable":true,"href":"https:\/\/alliancefr.se\/linkoping\/wp-json\/wp\/v2\/users\/1"}],"replies":[{"embeddable":true,"href":"https:\/\/alliancefr.se\/linkoping\/wp-json\/wp\/v2\/comments?post=428"}],"version-history":[{"count":4,"href":"https:\/\/alliancefr.se\/linkoping\/wp-json\/wp\/v2\/pages\/428\/revisions"}],"predecessor-version":[{"id":432,"href":"https:\/\/alliancefr.se\/linkoping\/wp-json\/wp\/v2\/pages\/428\/revisions\/432"}],"wp:attachment":[{"href":"https:\/\/alliancefr.se\/linkoping\/wp-json\/wp\/v2\/media?parent=428"}],"curies":[{"name":"wp","href":"https:\/\/api.w.org\/{rel}","templated":true}]}}