{"id":423,"date":"2023-12-21T19:50:33","date_gmt":"2023-12-21T18:50:33","guid":{"rendered":"https:\/\/alliancefr.se\/linkoping\/?page_id=423"},"modified":"2023-12-21T19:50:42","modified_gmt":"2023-12-21T18:50:42","slug":"programme-printemps-2011","status":"publish","type":"page","link":"https:\/\/alliancefr.se\/linkoping\/programme-printemps-2011\/","title":{"rendered":"Programme printemps 2011"},"content":{"rendered":"\t\t<div data-elementor-type=\"wp-page\" data-elementor-id=\"423\" class=\"elementor elementor-423\">\n\t\t\t\t\t\t<section class=\"elementor-section elementor-top-section elementor-element elementor-element-9abdb7d elementor-section-boxed elementor-section-height-default elementor-section-height-default\" data-id=\"9abdb7d\" data-element_type=\"section\">\n\t\t\t\t\t\t<div class=\"elementor-container elementor-column-gap-default\">\n\t\t\t\t\t<div class=\"elementor-column elementor-col-100 elementor-top-column elementor-element elementor-element-27064af\" data-id=\"27064af\" data-element_type=\"column\">\n\t\t\t<div class=\"elementor-widget-wrap elementor-element-populated\">\n\t\t\t\t\t\t<div class=\"elementor-element elementor-element-ad0df67 elementor-widget elementor-widget-text-editor\" data-id=\"ad0df67\" data-element_type=\"widget\" data-widget_type=\"text-editor.default\">\n\t\t\t\t<div class=\"elementor-widget-container\">\n\t\t\t\t\t\t\t\t\t<p>Nous esp\u00e9rons que vous viendrez nombreux \u00e0 nos activit\u00e9s.<\/p><p>\u00a0<\/p><p><strong>Le mercredi 9 f\u00e9vrier\u00a0<\/strong>\u00e0 19h00 \u00e0 Folkuniversitetet,\u00a0<a href=\"http:\/\/kartor.eniro.se\/query?mop=aq&amp;mapstate=8%3B15.62283%3B58.41337%3Bs%3B15.61692%3B58.41616%3B15.62873%3B58.41059%3B876%3B779%3B0%3B1&amp;mapcomp=%3B%3B%3BKungsgatan%3B33%3B%3B58218%3BLINK%D6PING%3B%3B%3B%3B%3B15.622838414727354%3B58.4133767893317%3B0%3B0%3B%3BLINK%D6PING%3Bmaps_address.526508.11%3B0&amp;what=map_adr&amp;searchInMap=1&amp;geo_area=Kungsgatan%2033%2C%20LINK%D6PING&amp;stq=0&amp;pis=0\">Kungsgatan 33<\/a><\/p><p><strong>La r\u00e9union annuelle et la distribution de la bourse<\/strong><\/p><p>Apr\u00e8s la r\u00e9union Monsieur\u00a0<strong>Eric Andr\u00e9<\/strong>\u00a0de Stockholm fera une conf\u00e9rence intitul\u00e9e\u00a0<strong>\u00ab\u00a0\u00c0 la d\u00e9couverte du Proche-Orient\u201d.<\/strong><\/p><p><strong>Jerusalem \/ Territoires palestiniens + voyages dans les pays voisins. Nombreuses photos et t\u00e9moignages de mes deux ans comme enseignant \u00e0 Jerusalem.<br \/><\/strong><em>Un verre amical sera servi apr\u00e8s la conf\u00e9rence ( 40:- ).<\/em><\/p><p>\u00a0<\/p><p><strong>Le jeudi 10 mars<\/strong>\u00a0\u00e0 19h00 \u00e0 Folkuniversitetet,\u00a0<a href=\"http:\/\/kartor.eniro.se\/query?mop=aq&amp;mapstate=8%3B15.62283%3B58.41337%3Bs%3B15.61692%3B58.41616%3B15.62873%3B58.41059%3B876%3B779%3B0%3B1&amp;mapcomp=%3B%3B%3BKungsgatan%3B33%3B%3B58218%3BLINK%D6PING%3B%3B%3B%3B%3B15.622838414727354%3B58.4133767893317%3B0%3B0%3B%3BLINK%D6PING%3Bmaps_address.526508.11%3B0&amp;what=map_adr&amp;searchInMap=1&amp;geo_area=Kungsgatan%2033%2C%20LINK%D6PING&amp;stq=0&amp;pis=0\">Kungsgatan 33<\/a><\/p><p>Monsieur\u00a0<strong>Mats Forsgren<\/strong>, professeur, directeur du d\u00e9partement de fran\u00e7ais d&rsquo;italien et des langues classiques \u00e0 l&rsquo;universit\u00e9 de Stockholm parlera de:<\/p><p><strong>\u201dMa musique fran\u00e7aise, du moyen-age au 21 siecle\u201d<\/strong><br \/><em>Un verre amical sera servi apr\u00e8s la conf\u00e9rence ( 40:- ).<\/em><\/p><p>\u00a0<\/p><p><strong>Le jeudi 31 mars<\/strong>\u00a0\u00e0 19h00 \u00e0 Folkuniversitetet,\u00a0<a href=\"http:\/\/kartor.eniro.se\/query?mop=aq&amp;mapstate=8%3B15.62283%3B58.41337%3Bs%3B15.61692%3B58.41616%3B15.62873%3B58.41059%3B876%3B779%3B0%3B1&amp;mapcomp=%3B%3B%3BKungsgatan%3B33%3B%3B58218%3BLINK%D6PING%3B%3B%3B%3B%3B15.622838414727354%3B58.4133767893317%3B0%3B0%3B%3BLINK%D6PING%3Bmaps_address.526508.11%3B0&amp;what=map_adr&amp;searchInMap=1&amp;geo_area=Kungsgatan%2033%2C%20LINK%D6PING&amp;stq=0&amp;pis=0\">Kungsgatan 33<\/a><\/p><p>Nous sommes heureux de revoir chez nous notre amie\u00a0<strong>Anne Marie Pauleau\u00a0<\/strong>de Paris. Son sujet:\u00a0<strong>\u00ab\u00a0Sous le b\u00e9ret basque\u2026\u00a0\u00bb<\/strong><\/p><p>La France r\u00e9publicaine s\u2019est longtemps inscrite dans un centralisme d\u00e9mocratique qui souhaite gommer ses particularit\u00e9s linguistiques et culturelles. Elle accepte mieux aujourd\u2019hui, sous l\u2019influence des politiques europ\u00e9ennes, son pluralisme. Apr\u00e8s Louis XIV et Napol\u00e9on III, aventurons-nous dans cette r\u00e9gion qui se proclame un pays, d\u00e9couvrons quelques traits de ses traditions culturelles et de sa r\u00e9alit\u00e9 contemporaine. Accompagnement: photos, musique, extraits litt\u00e9raires et de correspondance.<\/p><p>Apr\u00e8s la conf\u00e9rence notre ma\u00eetre de c\u00e9r\u00e9monie, Christer Gr\u00f6nevall, nous servira un petit souper (150:- ). Inscription (bindande) au plus tard le\u00a0<strong>25\u00a0mars<\/strong>\u00a0aupr\u00e8s de Christer Gr\u00f6nevall t\u00e9l 0705 77 82 16 ou d&rsquo;Ulla Starkhammar t\u00e9l 013 606 50<\/p><p>\u00a0<\/p><p>\u00a0<\/p><p><strong>Le samedi 7 mai<\/strong><\/p><p><strong>L\u2019excursion du printemps: une visite \u00e0 Flygvapenmus\u00e9et \u00e0 Linl\u00f6ping.<\/strong><\/p><p>C\u2019est l\u2019A.F de Link\u00f6ping qui arrange l\u2019excursion cette ann\u00e9e. Nous nous voyons au parking devant le mus\u00e9e \u00e0 10h00 o\u00f9 on sert une tasse de caf\u00e9 et un sandwich. Nous aurons une visite guid\u00e9e \u00e0 11h00. Apr\u00e8s la visite guid\u00e9e on nous sert un repas. Apr\u00e8s le repas vous pouvez continuer \u00e0 \u00e9tudier ce qui vous int\u00e9resse dans le mus\u00e9e. Il y a tant de choses \u00e0 d\u00e9couvrir dans ce mus\u00e9e excellent qui est r\u00e9inaugur\u00e9 apr\u00e8s un agrandissement l\u2019ann\u00e9e derni\u00e8re.<\/p><p>Prix approximatif pour l\u2019entr\u00e9e, la visite guid\u00e9e et le repas 300:- Inscription avant le\u00a0<strong>16 avril<\/strong>\u00a0aupr\u00e8s d&rsquo; Ulla Starkhammar t\u00e9l. 013- 606 50 ou\u00a0de Torsten Ericsson t\u00e9l. 013- 172080. Si vous avez besoin de transport, faites-nous le savoir. L\u2019autobus num\u00e9ro13, qui\u00a0part de la gare de Link\u00f6ping, s\u2019arr\u00eate\u00a0devant le mus\u00e9e.<\/p><p>\u00a0<\/p><p>Soyez les bienvenus!<\/p>\t\t\t\t\t\t\t\t<\/div>\n\t\t\t\t<\/div>\n\t\t\t\t\t<\/div>\n\t\t<\/div>\n\t\t\t\t\t<\/div>\n\t\t<\/section>\n\t\t\t\t<\/div>\n\t\t","protected":false},"excerpt":{"rendered":"<p>Nous esp\u00e9rons que vous viendrez nombreux \u00e0 nos activit\u00e9s. \u00a0 Le mercredi 9 f\u00e9vrier\u00a0\u00e0 19h00 \u00e0 Folkuniversitetet,\u00a0Kungsgatan 33 La r\u00e9union annuelle et la distribution de la bourse Apr\u00e8s la r\u00e9union Monsieur\u00a0Eric Andr\u00e9\u00a0de Stockholm fera une conf\u00e9rence intitul\u00e9e\u00a0\u00ab\u00a0\u00c0 la d\u00e9couverte du Proche-Orient\u201d. Jerusalem \/ Territoires palestiniens + voyages dans les pays voisins. Nombreuses photos et t\u00e9moignages de mes deux ans comme enseignant \u00e0 Jerusalem.Un verre amical sera servi apr\u00e8s la conf\u00e9rence ( 40:- ). \u00a0 Le jeudi 10 mars\u00a0\u00e0 19h00 \u00e0 Folkuniversitetet,\u00a0Kungsgatan 33 Monsieur\u00a0Mats Forsgren, professeur, directeur du d\u00e9partement de fran\u00e7ais d&rsquo;italien et des langues classiques \u00e0 l&rsquo;universit\u00e9 de Stockholm parlera de: \u201dMa musique fran\u00e7aise, du moyen-age au 21 siecle\u201dUn verre amical sera servi apr\u00e8s la conf\u00e9rence ( 40:- ). \u00a0 Le jeudi 31 mars\u00a0\u00e0 19h00 \u00e0 Folkuniversitetet,\u00a0Kungsgatan 33 Nous sommes heureux de revoir chez nous notre amie\u00a0Anne Marie Pauleau\u00a0de Paris. Son sujet:\u00a0\u00ab\u00a0Sous le b\u00e9ret basque\u2026\u00a0\u00bb La France r\u00e9publicaine s\u2019est longtemps inscrite dans un centralisme d\u00e9mocratique qui souhaite gommer ses particularit\u00e9s linguistiques et culturelles. Elle accepte mieux aujourd\u2019hui, sous l\u2019influence des politiques europ\u00e9ennes, son pluralisme. Apr\u00e8s Louis XIV et Napol\u00e9on III, aventurons-nous dans cette r\u00e9gion qui se proclame un pays, d\u00e9couvrons quelques traits de ses traditions culturelles et de sa r\u00e9alit\u00e9 contemporaine. Accompagnement: photos, musique, extraits litt\u00e9raires et de correspondance. Apr\u00e8s la conf\u00e9rence notre ma\u00eetre de c\u00e9r\u00e9monie, Christer Gr\u00f6nevall, nous servira un petit souper (150:- ). Inscription (bindande) au plus tard le\u00a025\u00a0mars\u00a0aupr\u00e8s de Christer Gr\u00f6nevall t\u00e9l 0705 77 82 16 ou d&rsquo;Ulla Starkhammar t\u00e9l 013 606 50 \u00a0 \u00a0 Le samedi 7 mai L\u2019excursion du printemps: une visite \u00e0 Flygvapenmus\u00e9et \u00e0 Linl\u00f6ping. C\u2019est l\u2019A.F de Link\u00f6ping qui arrange l\u2019excursion cette ann\u00e9e. Nous nous voyons au parking devant le mus\u00e9e \u00e0 10h00 o\u00f9 on sert une tasse de caf\u00e9 et un sandwich. Nous aurons une visite guid\u00e9e \u00e0 11h00. Apr\u00e8s la visite guid\u00e9e on nous sert un repas. Apr\u00e8s le repas vous pouvez continuer \u00e0 \u00e9tudier ce qui vous int\u00e9resse dans le mus\u00e9e. Il y a tant de choses \u00e0 d\u00e9couvrir dans ce mus\u00e9e excellent qui est r\u00e9inaugur\u00e9 apr\u00e8s un agrandissement l\u2019ann\u00e9e derni\u00e8re. Prix approximatif pour l\u2019entr\u00e9e, la visite guid\u00e9e et le repas 300:- Inscription avant le\u00a016 avril\u00a0aupr\u00e8s d&rsquo; Ulla Starkhammar t\u00e9l. 013- 606 50 ou\u00a0de Torsten Ericsson t\u00e9l. 013- 172080. Si vous avez besoin de transport, faites-nous le savoir. L\u2019autobus num\u00e9ro13, qui\u00a0part de la gare de Link\u00f6ping, s\u2019arr\u00eate\u00a0devant le mus\u00e9e. \u00a0 Soyez les bienvenus!<\/p>\n","protected":false},"author":1,"featured_media":0,"parent":0,"menu_order":0,"comment_status":"closed","ping_status":"closed","template":"","meta":{"om_disable_all_campaigns":false,"_monsterinsights_skip_tracking":false,"_monsterinsights_sitenote_active":false,"_monsterinsights_sitenote_note":"","_monsterinsights_sitenote_category":0,"_uf_show_specific_survey":0,"_uf_disable_surveys":false,"footnotes":""},"class_list":["post-423","page","type-page","status-publish","hentry"],"aioseo_notices":[],"rttpg_featured_image_url":null,"rttpg_author":{"display_name":"Super.admin","author_link":"https:\/\/alliancefr.se\/linkoping\/author\/admin2174\/"},"rttpg_comment":0,"rttpg_category":" <a href=\"https:\/\/alliancefr.se\/linkoping\/\" rel=\"tag\">Fran\u00e7ais<\/a>","rttpg_excerpt":"Nous esp\u00e9rons que vous viendrez nombreux \u00e0 nos activit\u00e9s. \u00a0 Le mercredi 9 f\u00e9vrier\u00a0\u00e0 19h00 \u00e0 Folkuniversitetet,\u00a0Kungsgatan 33 La r\u00e9union annuelle et la distribution de la bourse Apr\u00e8s la r\u00e9union Monsieur\u00a0Eric Andr\u00e9\u00a0de Stockholm fera une conf\u00e9rence intitul\u00e9e\u00a0\u00ab\u00a0\u00c0 la d\u00e9couverte du Proche-Orient\u201d. Jerusalem \/ Territoires palestiniens + voyages dans les pays voisins. Nombreuses photos et t\u00e9moignages\u2026","_links":{"self":[{"href":"https:\/\/alliancefr.se\/linkoping\/wp-json\/wp\/v2\/pages\/423","targetHints":{"allow":["GET"]}}],"collection":[{"href":"https:\/\/alliancefr.se\/linkoping\/wp-json\/wp\/v2\/pages"}],"about":[{"href":"https:\/\/alliancefr.se\/linkoping\/wp-json\/wp\/v2\/types\/page"}],"author":[{"embeddable":true,"href":"https:\/\/alliancefr.se\/linkoping\/wp-json\/wp\/v2\/users\/1"}],"replies":[{"embeddable":true,"href":"https:\/\/alliancefr.se\/linkoping\/wp-json\/wp\/v2\/comments?post=423"}],"version-history":[{"count":4,"href":"https:\/\/alliancefr.se\/linkoping\/wp-json\/wp\/v2\/pages\/423\/revisions"}],"predecessor-version":[{"id":427,"href":"https:\/\/alliancefr.se\/linkoping\/wp-json\/wp\/v2\/pages\/423\/revisions\/427"}],"wp:attachment":[{"href":"https:\/\/alliancefr.se\/linkoping\/wp-json\/wp\/v2\/media?parent=423"}],"curies":[{"name":"wp","href":"https:\/\/api.w.org\/{rel}","templated":true}]}}