{"id":418,"date":"2023-12-21T19:49:58","date_gmt":"2023-12-21T18:49:58","guid":{"rendered":"https:\/\/alliancefr.se\/linkoping\/?page_id=418"},"modified":"2023-12-21T19:50:08","modified_gmt":"2023-12-21T18:50:08","slug":"programme-automne-2011","status":"publish","type":"page","link":"https:\/\/alliancefr.se\/linkoping\/programme-automne-2011\/","title":{"rendered":"Programme automne 2011"},"content":{"rendered":"\t\t<div data-elementor-type=\"wp-page\" data-elementor-id=\"418\" class=\"elementor elementor-418\">\n\t\t\t\t\t\t<section class=\"elementor-section elementor-top-section elementor-element elementor-element-e16580b elementor-section-boxed elementor-section-height-default elementor-section-height-default\" data-id=\"e16580b\" data-element_type=\"section\">\n\t\t\t\t\t\t<div class=\"elementor-container elementor-column-gap-default\">\n\t\t\t\t\t<div class=\"elementor-column elementor-col-100 elementor-top-column elementor-element elementor-element-f61e7d1\" data-id=\"f61e7d1\" data-element_type=\"column\">\n\t\t\t<div class=\"elementor-widget-wrap elementor-element-populated\">\n\t\t\t\t\t\t<div class=\"elementor-element elementor-element-d7d81e0 elementor-widget elementor-widget-text-editor\" data-id=\"d7d81e0\" data-element_type=\"widget\" data-widget_type=\"text-editor.default\">\n\t\t\t\t<div class=\"elementor-widget-container\">\n\t\t\t\t\t\t\t\t\t<p>Nous esp\u00e9rons que vous retrouver nombreux lors de nos activit\u00e9s.<\/p><p>\u00a0<\/p><p><strong>Le lundi 3 octobre\u00a0<\/strong>\u00e0 19h00 \u00e0 Folkuniversitetet,\u00a0<a href=\"http:\/\/kartor.eniro.se\/m\/a4zAf\">Kungsgatan 33<\/a>\u00a0(aulan)<\/p><p><strong>Ylva-Kristina Sj\u00f6blom<\/strong>\u00a0, journaliste et traductrice de Nyk\u00f6ping, qui a eu l&rsquo;occasion de s\u00e9journer longuement dans un couvent de l&rsquo;ordre des dominicains, tiendra une conf\u00e9rence intitul\u00e9e:<\/p><p align=\"center\"><strong>\u00ab\u00a0Une vie diff\u00e9rente\u00a0\u00bb<\/strong><\/p><p align=\"center\">une exp\u00e9rience de la vie au couvent.<\/p><p>\u00a0<\/p><p><em>Un verre amical sera servi apr\u00e8s la conf\u00e9rence ( 50:- ).<\/em><\/p><p>\u00a0<\/p><p><strong>Le mercredi 26 octobre<\/strong>\u00a0\u00e0 19h00 \u00e0 Folkuniversitetet,\u00a0<a href=\"http:\/\/kartor.eniro.se\/m\/a4zAf\">Kungsgatan 33<\/a><\/p><p>Madame\u00a0<strong>Anne Henry\u00a0<\/strong>, ma\u00eetre de conf\u00e9rence du d\u00e9partement de physique de l&rsquo;universit\u00e9 de Link\u00f6ping parlera de:<\/p><p align=\"center\"><strong>\u201d\u00catre chercheur scientifique fran\u00e7aise dans un laboratoire su\u00e8dois.\u201d<\/strong><\/p><p>Anne Henry est venue \u00e0 l&rsquo;universit\u00e9 de Link\u00f6ping comme jeune post-doc et a fait sa carri\u00e8re ici. Elle va nous raconter son exp\u00e9rience, vivre et travailler comme jeune fran\u00e7aise en Su\u00e8de<\/p><p>\u00a0<\/p><p><em>Apr\u00e8s la conf\u00e9rence notre ma\u00eetre de c\u00e9r\u00e9monie, Christer Gr\u00f6nevall, nous servira un petit souper (150:- ). Inscription (bindande) au plus tard le\u00a0<strong>21 octobre<\/strong>\u00a0aupr\u00e8s de Christer Gr\u00f6nevall t\u00e9l 0705 77 82 16 ou d&rsquo;Ulla Starkhammar t\u00e9l 013 606 50<\/em><\/p><p>\u00a0<\/p><p><strong>Le lundi 21 novembre<\/strong>\u00a0\u00e0 19h00 \u00e0 Folkuniversitetet,\u00a0<a href=\"http:\/\/kartor.eniro.se\/m\/a4zAf\">Kungsgatan 33<\/a><\/p><p>Monsieur\u00a0<strong>Roberto Gonzales\u00a0<\/strong>, un fran\u00e7ais qui habite Stockholm depuis 30 ans parlera du livre:<\/p><p align=\"center\"><strong>\u00ab\u00a0Indignez vous!\u00a0\u00bb<\/strong><\/p><p>Ce livre, dont 1,7 millions d&rsquo;exemplaires ont \u00e9t\u00e9 vendus en un an en France\u00a0a \u00e9t\u00e9 traduit en plusieurs langues. La version su\u00e8doise \u00ab\u00a0S\u00e4g ifr\u00e5n!\u00a0\u00bb est publi\u00e9e par les \u00e9ditions Louise Lindfors (ISBN: 9789163385070). L&rsquo;auteur, M.Stephane Hessel, 93 ans, est ancient r\u00e9sistant et survivant des camps de concentration. Il a fait une carri\u00e8re de diplomate. Dans son livre, il fait appel \u00e0 la conscience citoyenne de tous pour nous faire r\u00e9fl\u00e9chir aux moyens de combattre les injustices d&rsquo;aujourd&rsquo;hui.<\/p><p>\u00a0<\/p><p><em>Un verre amical sera servi apr\u00e8s la conf\u00e9rence ( 50:- ).<\/em><\/p><p>\u00a0<\/p><p><strong>Soyez les bienvenus!<\/strong><\/p>\t\t\t\t\t\t\t\t<\/div>\n\t\t\t\t<\/div>\n\t\t\t\t\t<\/div>\n\t\t<\/div>\n\t\t\t\t\t<\/div>\n\t\t<\/section>\n\t\t\t\t<\/div>\n\t\t","protected":false},"excerpt":{"rendered":"<p>Nous esp\u00e9rons que vous retrouver nombreux lors de nos activit\u00e9s. \u00a0 Le lundi 3 octobre\u00a0\u00e0 19h00 \u00e0 Folkuniversitetet,\u00a0Kungsgatan 33\u00a0(aulan) Ylva-Kristina Sj\u00f6blom\u00a0, journaliste et traductrice de Nyk\u00f6ping, qui a eu l&rsquo;occasion de s\u00e9journer longuement dans un couvent de l&rsquo;ordre des dominicains, tiendra une conf\u00e9rence intitul\u00e9e: \u00ab\u00a0Une vie diff\u00e9rente\u00a0\u00bb une exp\u00e9rience de la vie au couvent. \u00a0 Un verre amical sera servi apr\u00e8s la conf\u00e9rence ( 50:- ). \u00a0 Le mercredi 26 octobre\u00a0\u00e0 19h00 \u00e0 Folkuniversitetet,\u00a0Kungsgatan 33 Madame\u00a0Anne Henry\u00a0, ma\u00eetre de conf\u00e9rence du d\u00e9partement de physique de l&rsquo;universit\u00e9 de Link\u00f6ping parlera de: \u201d\u00catre chercheur scientifique fran\u00e7aise dans un laboratoire su\u00e8dois.\u201d Anne Henry est venue \u00e0 l&rsquo;universit\u00e9 de Link\u00f6ping comme jeune post-doc et a fait sa carri\u00e8re ici. Elle va nous raconter son exp\u00e9rience, vivre et travailler comme jeune fran\u00e7aise en Su\u00e8de \u00a0 Apr\u00e8s la conf\u00e9rence notre ma\u00eetre de c\u00e9r\u00e9monie, Christer Gr\u00f6nevall, nous servira un petit souper (150:- ). Inscription (bindande) au plus tard le\u00a021 octobre\u00a0aupr\u00e8s de Christer Gr\u00f6nevall t\u00e9l 0705 77 82 16 ou d&rsquo;Ulla Starkhammar t\u00e9l 013 606 50 \u00a0 Le lundi 21 novembre\u00a0\u00e0 19h00 \u00e0 Folkuniversitetet,\u00a0Kungsgatan 33 Monsieur\u00a0Roberto Gonzales\u00a0, un fran\u00e7ais qui habite Stockholm depuis 30 ans parlera du livre: \u00ab\u00a0Indignez vous!\u00a0\u00bb Ce livre, dont 1,7 millions d&rsquo;exemplaires ont \u00e9t\u00e9 vendus en un an en France\u00a0a \u00e9t\u00e9 traduit en plusieurs langues. La version su\u00e8doise \u00ab\u00a0S\u00e4g ifr\u00e5n!\u00a0\u00bb est publi\u00e9e par les \u00e9ditions Louise Lindfors (ISBN: 9789163385070). L&rsquo;auteur, M.Stephane Hessel, 93 ans, est ancient r\u00e9sistant et survivant des camps de concentration. Il a fait une carri\u00e8re de diplomate. Dans son livre, il fait appel \u00e0 la conscience citoyenne de tous pour nous faire r\u00e9fl\u00e9chir aux moyens de combattre les injustices d&rsquo;aujourd&rsquo;hui. \u00a0 Un verre amical sera servi apr\u00e8s la conf\u00e9rence ( 50:- ). \u00a0 Soyez les bienvenus!<\/p>\n","protected":false},"author":1,"featured_media":0,"parent":0,"menu_order":0,"comment_status":"closed","ping_status":"closed","template":"","meta":{"om_disable_all_campaigns":false,"_monsterinsights_skip_tracking":false,"_monsterinsights_sitenote_active":false,"_monsterinsights_sitenote_note":"","_monsterinsights_sitenote_category":0,"_uf_show_specific_survey":0,"_uf_disable_surveys":false,"footnotes":""},"class_list":["post-418","page","type-page","status-publish","hentry"],"aioseo_notices":[],"rttpg_featured_image_url":null,"rttpg_author":{"display_name":"Super.admin","author_link":"https:\/\/alliancefr.se\/linkoping\/author\/admin2174\/"},"rttpg_comment":0,"rttpg_category":" <a href=\"https:\/\/alliancefr.se\/linkoping\/\" rel=\"tag\">Fran\u00e7ais<\/a>","rttpg_excerpt":"Nous esp\u00e9rons que vous retrouver nombreux lors de nos activit\u00e9s. \u00a0 Le lundi 3 octobre\u00a0\u00e0 19h00 \u00e0 Folkuniversitetet,\u00a0Kungsgatan 33\u00a0(aulan) Ylva-Kristina Sj\u00f6blom\u00a0, journaliste et traductrice de Nyk\u00f6ping, qui a eu l&rsquo;occasion de s\u00e9journer longuement dans un couvent de l&rsquo;ordre des dominicains, tiendra une conf\u00e9rence intitul\u00e9e: \u00ab\u00a0Une vie diff\u00e9rente\u00a0\u00bb une exp\u00e9rience de la vie au couvent. \u00a0\u2026","_links":{"self":[{"href":"https:\/\/alliancefr.se\/linkoping\/wp-json\/wp\/v2\/pages\/418","targetHints":{"allow":["GET"]}}],"collection":[{"href":"https:\/\/alliancefr.se\/linkoping\/wp-json\/wp\/v2\/pages"}],"about":[{"href":"https:\/\/alliancefr.se\/linkoping\/wp-json\/wp\/v2\/types\/page"}],"author":[{"embeddable":true,"href":"https:\/\/alliancefr.se\/linkoping\/wp-json\/wp\/v2\/users\/1"}],"replies":[{"embeddable":true,"href":"https:\/\/alliancefr.se\/linkoping\/wp-json\/wp\/v2\/comments?post=418"}],"version-history":[{"count":4,"href":"https:\/\/alliancefr.se\/linkoping\/wp-json\/wp\/v2\/pages\/418\/revisions"}],"predecessor-version":[{"id":422,"href":"https:\/\/alliancefr.se\/linkoping\/wp-json\/wp\/v2\/pages\/418\/revisions\/422"}],"wp:attachment":[{"href":"https:\/\/alliancefr.se\/linkoping\/wp-json\/wp\/v2\/media?parent=418"}],"curies":[{"name":"wp","href":"https:\/\/api.w.org\/{rel}","templated":true}]}}