{"id":413,"date":"2023-12-21T19:49:19","date_gmt":"2023-12-21T18:49:19","guid":{"rendered":"https:\/\/alliancefr.se\/linkoping\/?page_id=413"},"modified":"2023-12-21T19:49:29","modified_gmt":"2023-12-21T18:49:29","slug":"programme-printemps-2012","status":"publish","type":"page","link":"https:\/\/alliancefr.se\/linkoping\/programme-printemps-2012\/","title":{"rendered":"Programme printemps 2012"},"content":{"rendered":"\t\t<div data-elementor-type=\"wp-page\" data-elementor-id=\"413\" class=\"elementor elementor-413\">\n\t\t\t\t\t\t<section class=\"elementor-section elementor-top-section elementor-element elementor-element-362e005 elementor-section-boxed elementor-section-height-default elementor-section-height-default\" data-id=\"362e005\" data-element_type=\"section\">\n\t\t\t\t\t\t<div class=\"elementor-container elementor-column-gap-default\">\n\t\t\t\t\t<div class=\"elementor-column elementor-col-100 elementor-top-column elementor-element elementor-element-78d7d8d\" data-id=\"78d7d8d\" data-element_type=\"column\">\n\t\t\t<div class=\"elementor-widget-wrap elementor-element-populated\">\n\t\t\t\t\t\t<div class=\"elementor-element elementor-element-8bdf286 elementor-widget elementor-widget-text-editor\" data-id=\"8bdf286\" data-element_type=\"widget\" data-widget_type=\"text-editor.default\">\n\t\t\t\t<div class=\"elementor-widget-container\">\n\t\t\t\t\t\t\t\t\t<p>Nous esp\u00e9rons que vous retrouver nombreux lors de nos activit\u00e9s.<\/p><p>\u00a0<\/p><p><span style=\"color: #ff0000;\"><strong>Attention<\/strong>!<\/span>\u00a0Nos r\u00e9unions auront lieu \u00e0 la nouvelle adresse de Folkuniversitetet \u00e0 Kunskapsgallerian\u00a0<a href=\"http:\/\/kartor.eniro.se\/m\/9JKbh\">S:t Larsgatan 44<\/a><\/p><p>\u00a0<\/p><p><strong>R\u00e9union annuelle<\/strong>\u00a0le\u00a0<strong>mardi 7 f\u00e9vrier<\/strong>\u00e0 19h00 \u00e0 Folkuniversitetet,\u00a0<a href=\"http:\/\/kartor.eniro.se\/m\/9JKbh\">S:t Larsgatan 44<\/a><\/p><p>Apr\u00e8s la r\u00e9union annuelle \u201c<strong>La L\u00e9gion\u00c9trang\u00e8re, mythes et r\u00e9alit\u00e9<\/strong>\u201d. Monsieur\u00a0<strong>Tamas Weber<\/strong>, Stockholm, Commandeur du l\u2019Ordre National du M\u00e9rite, et ancien membre de la L\u00e9gion \u00c9trang\u00e8re, parlera de ses exp\u00e9riences de la L\u00e9gion.<\/p><p>\u00a0<\/p><p><em>Un verre amical sera servi apr\u00e8s la conf\u00e9rence ( 50:- ).<\/em><\/p><p>\u00a0<\/p><p>Le\u00a0<strong>lundi 12 mars<\/strong>\u00a0\u00e0 18h00 (observez l\u2019heure!) \u00e0 Folkuniversitetet,\u00a0<a href=\"http:\/\/kartor.eniro.se\/m\/9JKbh\">S:t Larsgatan 44<\/a><\/p><p>Madame\u00a0<strong>Nessima Salhi\u00a0<\/strong>, ma\u00eetre de conf\u00e9rence, docent en chimie th\u00e9orique, nous fera une conf\u00e9rence sur \u201c<strong>Georges Brassens \u2013 le plus litt\u00e9raire des chanteurs fran\u00e7ais<\/strong>\u201d. La conf\u00e9rence est illustr\u00e9e de documents sonores. En octobre 2011 la chanson fran\u00e7aise a c\u00e9l\u00e9br\u00e9 un double anniversaire: George Brassens est n\u00e9 il y a 90 ans (octobre 1921) et il est mort il y a 30 ans (octobre 1981).<\/p><p>\u00a0<\/p><p><em>Un verre amical sera servi apr\u00e8s la conf\u00e9rence ( 50:- ).<\/em><\/p><p>\u00a0<\/p><p>Le\u00a0<strong>mardi 17 avril<\/strong>\u00a0\u00e0 19h00 \u00e0 Folkuniversitetet,\u00a0<a href=\"http:\/\/kartor.eniro.se\/m\/9JKbh\">S:t Larsgatan 44<\/a><\/p><p>Monsieur\u00a0<strong>Jean Andr\u00e9\u00a0<\/strong>,de l\u2019Universit\u00e9 de Link\u00f6ping parlera avant le premier tour de l\u2019\u00e9lection pr\u00e9sidentelle le 22 avril en France: \u201d<strong>L\u2019\u00e9lection pr\u00e9sidentielle fran\u00e7aise de 2012<\/strong>\u201d.<\/p><p>\u00a0<\/p><p><em>Apr\u00e8s la conf\u00e9rence notre ma\u00eetre de c\u00e9r\u00e9monie, Christer Gr\u00f6nevall, nous servira un petit souper (150:- ). Inscription (bindande) au plus tard le\u00a0<strong>12\u00a0avril<\/strong>\u00a0aupr\u00e8s de Christer Gr\u00f6nevall t\u00e9l 0705 77 82 16<\/em><\/p><p>\u00a0<\/p><p>Le\u00a0<strong>samedi 12 mai<\/strong>\u00a0\u201c<strong>\u00a0L\u2019excursion du printemps<\/strong>\u201d<\/p><p>C\u2019est l\u2019A.F. de Nyk\u00f6ping qui arrange l\u2019excursion cette ann\u00e9e. Nous nous voyons devant l\u2019\u00e9glise\u00a0<strong><a href=\"http:\/\/kartor.eniro.se\/m\/904Se\">Husby-Oppunda<\/a><\/strong>\u00a0\u00e0 10h00, o\u00f9 on nous offre une tasse de caf\u00e9 et un sandwich.<\/p><p>Apr\u00e8s le caf\u00e9 G\u00f6ran Hedin et Jacqueline Hellsten pr\u00e9sentent la famille Rosenhane et montrent leur chapelle mortuaire dans l\u2019\u00e9glise.<\/p><p>Le baron\u00a0<strong><a href=\"http:\/\/sv.wikipedia.org\/wiki\/Schering_Rosenhane\">Schering Rosenhane<\/a><\/strong>, homme d\u2019\u00c9tat, pr\u00e9fet d\u2019\u00d6sterg\u00f6tland, entre autre, \u00e9tait ambassadeur \u00e0 Paris 1648 \u2013 1649.<\/p><p>\u00c0 12h30 nous d\u00e9jeunons au\u00a0<strong><a href=\"http:\/\/www.torpssateri.se\/index.asp\">manoir de Torp<\/a><\/strong>.<\/p><p>Apr\u00e8s le d\u00e9jeuner Jacqueline Hellsten parle de Torp o\u00f9 a vecu Schering Rosenhane et Agneta S\u00f6derberg parle de\u00a0<strong><a href=\"http:\/\/www.stockholmskallan.se\/Soksida\/Post\/?nid=5332\">Beata<\/a><\/strong>\u00a0(1638 \u2013 1674), la fille de Schering Rosenhane.<\/p><p>\u00a0<\/p><p>Prix pour le d\u00e9jeuner 250:-.<\/p><p><em>Inscription au plus tard le\u00a0<strong>28 avril<\/strong>\u00a0aupr\u00e8s d&rsquo;\u00a0Ulla Starkhammar t\u00e9l. 013-606 50 ou\u00a0de Torsten Ericsson t\u00e9l. 013-17 20 80.<\/em><\/p><p>\u00a0<\/p><p>Si vous avez besoin de transport, faites-nous le savoir!<\/p><p><strong>Soyez les bienvenus!<\/strong><\/p><p>\u00a0<\/p><p><strong><span style=\"color: #ff0000;\">OBS!<\/span><\/strong>\u00a0Folkuniversitetet har flyttat till nya lokaler i Kunskapsgallerian\u00a0<a href=\"http:\/\/kartor.eniro.se\/m\/9JKbh\">S:t Larsgatan 44<\/a>\u00a0(tidigare Birgittaskolan). Man g\u00e5r in p\u00e5 g\u00e5rden genom portalen mellan husen p\u00e5 S:t Larsgatan. Till h\u00f6ger inne p\u00e5 g\u00e5rden ligger entr\u00e9n till Folkuniversitetet. Vi kommer att ha n\u00e5gon som visar v\u00e4gen p\u00e5 gatan utanf\u00f6r portalen. Sal meddelas vid entr\u00e9n. Vi \u00e4r mycket glada att vi f\u00e5r f\u00f6lja med till de nya lokalerna!<\/p>\t\t\t\t\t\t\t\t<\/div>\n\t\t\t\t<\/div>\n\t\t\t\t\t<\/div>\n\t\t<\/div>\n\t\t\t\t\t<\/div>\n\t\t<\/section>\n\t\t\t\t<\/div>\n\t\t","protected":false},"excerpt":{"rendered":"<p>Nous esp\u00e9rons que vous retrouver nombreux lors de nos activit\u00e9s. \u00a0 Attention!\u00a0Nos r\u00e9unions auront lieu \u00e0 la nouvelle adresse de Folkuniversitetet \u00e0 Kunskapsgallerian\u00a0S:t Larsgatan 44 \u00a0 R\u00e9union annuelle\u00a0le\u00a0mardi 7 f\u00e9vrier\u00e0 19h00 \u00e0 Folkuniversitetet,\u00a0S:t Larsgatan 44 Apr\u00e8s la r\u00e9union annuelle \u201cLa L\u00e9gion\u00c9trang\u00e8re, mythes et r\u00e9alit\u00e9\u201d. Monsieur\u00a0Tamas Weber, Stockholm, Commandeur du l\u2019Ordre National du M\u00e9rite, et ancien membre de la L\u00e9gion \u00c9trang\u00e8re, parlera de ses exp\u00e9riences de la L\u00e9gion. \u00a0 Un verre amical sera servi apr\u00e8s la conf\u00e9rence ( 50:- ). \u00a0 Le\u00a0lundi 12 mars\u00a0\u00e0 18h00 (observez l\u2019heure!) \u00e0 Folkuniversitetet,\u00a0S:t Larsgatan 44 Madame\u00a0Nessima Salhi\u00a0, ma\u00eetre de conf\u00e9rence, docent en chimie th\u00e9orique, nous fera une conf\u00e9rence sur \u201cGeorges Brassens \u2013 le plus litt\u00e9raire des chanteurs fran\u00e7ais\u201d. La conf\u00e9rence est illustr\u00e9e de documents sonores. En octobre 2011 la chanson fran\u00e7aise a c\u00e9l\u00e9br\u00e9 un double anniversaire: George Brassens est n\u00e9 il y a 90 ans (octobre 1921) et il est mort il y a 30 ans (octobre 1981). \u00a0 Un verre amical sera servi apr\u00e8s la conf\u00e9rence ( 50:- ). \u00a0 Le\u00a0mardi 17 avril\u00a0\u00e0 19h00 \u00e0 Folkuniversitetet,\u00a0S:t Larsgatan 44 Monsieur\u00a0Jean Andr\u00e9\u00a0,de l\u2019Universit\u00e9 de Link\u00f6ping parlera avant le premier tour de l\u2019\u00e9lection pr\u00e9sidentelle le 22 avril en France: \u201dL\u2019\u00e9lection pr\u00e9sidentielle fran\u00e7aise de 2012\u201d. \u00a0 Apr\u00e8s la conf\u00e9rence notre ma\u00eetre de c\u00e9r\u00e9monie, Christer Gr\u00f6nevall, nous servira un petit souper (150:- ). Inscription (bindande) au plus tard le\u00a012\u00a0avril\u00a0aupr\u00e8s de Christer Gr\u00f6nevall t\u00e9l 0705 77 82 16 \u00a0 Le\u00a0samedi 12 mai\u00a0\u201c\u00a0L\u2019excursion du printemps\u201d C\u2019est l\u2019A.F. de Nyk\u00f6ping qui arrange l\u2019excursion cette ann\u00e9e. Nous nous voyons devant l\u2019\u00e9glise\u00a0Husby-Oppunda\u00a0\u00e0 10h00, o\u00f9 on nous offre une tasse de caf\u00e9 et un sandwich. Apr\u00e8s le caf\u00e9 G\u00f6ran Hedin et Jacqueline Hellsten pr\u00e9sentent la famille Rosenhane et montrent leur chapelle mortuaire dans l\u2019\u00e9glise. Le baron\u00a0Schering Rosenhane, homme d\u2019\u00c9tat, pr\u00e9fet d\u2019\u00d6sterg\u00f6tland, entre autre, \u00e9tait ambassadeur \u00e0 Paris 1648 \u2013 1649. \u00c0 12h30 nous d\u00e9jeunons au\u00a0manoir de Torp. Apr\u00e8s le d\u00e9jeuner Jacqueline Hellsten parle de Torp o\u00f9 a vecu Schering Rosenhane et Agneta S\u00f6derberg parle de\u00a0Beata\u00a0(1638 \u2013 1674), la fille de Schering Rosenhane. \u00a0 Prix pour le d\u00e9jeuner 250:-. Inscription au plus tard le\u00a028 avril\u00a0aupr\u00e8s d&rsquo;\u00a0Ulla Starkhammar t\u00e9l. 013-606 50 ou\u00a0de Torsten Ericsson t\u00e9l. 013-17 20 80. \u00a0 Si vous avez besoin de transport, faites-nous le savoir! Soyez les bienvenus! \u00a0 OBS!\u00a0Folkuniversitetet har flyttat till nya lokaler i Kunskapsgallerian\u00a0S:t Larsgatan 44\u00a0(tidigare Birgittaskolan). Man g\u00e5r in p\u00e5 g\u00e5rden genom portalen mellan husen p\u00e5 S:t Larsgatan. Till h\u00f6ger inne p\u00e5 g\u00e5rden ligger entr\u00e9n till Folkuniversitetet. Vi kommer att ha n\u00e5gon som visar v\u00e4gen p\u00e5 gatan utanf\u00f6r portalen. Sal meddelas vid entr\u00e9n. Vi \u00e4r mycket glada att vi f\u00e5r f\u00f6lja med till de nya lokalerna!<\/p>\n","protected":false},"author":1,"featured_media":0,"parent":0,"menu_order":0,"comment_status":"closed","ping_status":"closed","template":"","meta":{"om_disable_all_campaigns":false,"_monsterinsights_skip_tracking":false,"_monsterinsights_sitenote_active":false,"_monsterinsights_sitenote_note":"","_monsterinsights_sitenote_category":0,"_uf_show_specific_survey":0,"_uf_disable_surveys":false,"footnotes":""},"class_list":["post-413","page","type-page","status-publish","hentry"],"aioseo_notices":[],"rttpg_featured_image_url":null,"rttpg_author":{"display_name":"Super.admin","author_link":"https:\/\/alliancefr.se\/linkoping\/author\/admin2174\/"},"rttpg_comment":0,"rttpg_category":" <a href=\"https:\/\/alliancefr.se\/linkoping\/\" rel=\"tag\">Fran\u00e7ais<\/a>","rttpg_excerpt":"Nous esp\u00e9rons que vous retrouver nombreux lors de nos activit\u00e9s. \u00a0 Attention!\u00a0Nos r\u00e9unions auront lieu \u00e0 la nouvelle adresse de Folkuniversitetet \u00e0 Kunskapsgallerian\u00a0S:t Larsgatan 44 \u00a0 R\u00e9union annuelle\u00a0le\u00a0mardi 7 f\u00e9vrier\u00e0 19h00 \u00e0 Folkuniversitetet,\u00a0S:t Larsgatan 44 Apr\u00e8s la r\u00e9union annuelle \u201cLa L\u00e9gion\u00c9trang\u00e8re, mythes et r\u00e9alit\u00e9\u201d. Monsieur\u00a0Tamas Weber, Stockholm, Commandeur du l\u2019Ordre National du M\u00e9rite, et ancien\u2026","_links":{"self":[{"href":"https:\/\/alliancefr.se\/linkoping\/wp-json\/wp\/v2\/pages\/413","targetHints":{"allow":["GET"]}}],"collection":[{"href":"https:\/\/alliancefr.se\/linkoping\/wp-json\/wp\/v2\/pages"}],"about":[{"href":"https:\/\/alliancefr.se\/linkoping\/wp-json\/wp\/v2\/types\/page"}],"author":[{"embeddable":true,"href":"https:\/\/alliancefr.se\/linkoping\/wp-json\/wp\/v2\/users\/1"}],"replies":[{"embeddable":true,"href":"https:\/\/alliancefr.se\/linkoping\/wp-json\/wp\/v2\/comments?post=413"}],"version-history":[{"count":4,"href":"https:\/\/alliancefr.se\/linkoping\/wp-json\/wp\/v2\/pages\/413\/revisions"}],"predecessor-version":[{"id":417,"href":"https:\/\/alliancefr.se\/linkoping\/wp-json\/wp\/v2\/pages\/413\/revisions\/417"}],"wp:attachment":[{"href":"https:\/\/alliancefr.se\/linkoping\/wp-json\/wp\/v2\/media?parent=413"}],"curies":[{"name":"wp","href":"https:\/\/api.w.org\/{rel}","templated":true}]}}