{"id":408,"date":"2023-12-21T19:47:36","date_gmt":"2023-12-21T18:47:36","guid":{"rendered":"https:\/\/alliancefr.se\/linkoping\/?page_id=408"},"modified":"2023-12-21T19:48:50","modified_gmt":"2023-12-21T18:48:50","slug":"programme-automne-2012","status":"publish","type":"page","link":"https:\/\/alliancefr.se\/linkoping\/programme-automne-2012\/","title":{"rendered":"Programme automne 2012"},"content":{"rendered":"\t\t<div data-elementor-type=\"wp-page\" data-elementor-id=\"408\" class=\"elementor elementor-408\">\n\t\t\t\t\t\t<section class=\"elementor-section elementor-top-section elementor-element elementor-element-e96d46d elementor-section-boxed elementor-section-height-default elementor-section-height-default\" data-id=\"e96d46d\" data-element_type=\"section\">\n\t\t\t\t\t\t<div class=\"elementor-container elementor-column-gap-default\">\n\t\t\t\t\t<div class=\"elementor-column elementor-col-100 elementor-top-column elementor-element elementor-element-c710594\" data-id=\"c710594\" data-element_type=\"column\">\n\t\t\t<div class=\"elementor-widget-wrap elementor-element-populated\">\n\t\t\t\t\t\t<div class=\"elementor-element elementor-element-ff5f4da elementor-widget elementor-widget-text-editor\" data-id=\"ff5f4da\" data-element_type=\"widget\" data-widget_type=\"text-editor.default\">\n\t\t\t\t<div class=\"elementor-widget-container\">\n\t\t\t\t\t\t\t\t\t<p>Nous esp\u00e9rons vous retrouver nombreux lors de nos activit\u00e9s.<\/p><p>\u00a0<\/p><p>Le\u00a0<strong>mercredi 26 septembre<\/strong>\u00a0\u00e0 19h00 \u00e0 Folkuniversitetet,\u00a0<a href=\"http:\/\/kartor.eniro.se\/m\/9JKbh\">S:t Larsgatan 44, salle 12<\/a><\/p><p>Nous commen\u00e7ons le programme de l\u2019automne par une conf\u00e9rence de monsieur\u00a0<strong>Jean-Jacques Moulis<\/strong>\u00a0de l\u2019Alliance fran\u00e7aise de Link\u00f6ping.<\/p><p>\u00a0<\/p><p align=\"center\">\u201c<strong>Les Cathares: faits et mythes.<\/strong>\u201d<\/p><p>\u00a0<\/p><p>Cathares ou Albigeois, secte religieuse dans le midi de la France aux environs d\u2019Albi, contre laquelle le pape Innocent III ordonna une croisade au XIII\u00e8me si\u00e8cle.<\/p><p>\u00a0<\/p><p><em>Apr\u00e8s la conf\u00e9rence notre ma\u00eetre de c\u00e9r\u00e9monie, Christer Gr\u00f6nevall, nous servira un petit souper (150:- ). Inscription (bindande) au plus tard le\u00a0<strong>21 septembre<\/strong>\u00a0aupr\u00e8s de Christer Gr\u00f6nevall t\u00e9l 0705 77 82 16<\/em><\/p><p>\u00a0<\/p><p>Le\u00a0<strong>lundi 22 octobre<\/strong>\u00a0\u00e0 19h00 \u00e0 Folkuniversitetet,\u00a0<a href=\"http:\/\/kartor.eniro.se\/m\/9JKbh\">S:t Larsgatan 44, salle 12<\/a><\/p><p>Monsieur\u00a0<strong>Mathieu Linares\u00a0<\/strong>,chercheur \u00e0 l\u2019Universit\u00e9 de Link\u00f6ping, chante des chansons fran\u00e7aises s\u2019accompagnant \u00e0 la guitare:<\/p><p align=\"center\">\u201d<strong>Tour de chant<\/strong>\u201d.<\/p><p align=\"center\">\u201d<strong>Aznavour, Brassens, Brel, Gainsbourg et les autres.<\/strong>\u201d<\/p><p>\u00a0<\/p><p><em>Un verre amical sera servi apr\u00e8s la conf\u00e9rence ( 50:-).<\/em><\/p><p>\u00a0<\/p><p>Le\u00a0<strong>lundi 26 novembre\u00a0<\/strong>\u00e0 18h00\u00a0(observez l\u2019heure!)\u00a0\u00e0 Folkuniversitetet,\u00a0<a href=\"http:\/\/kartor.eniro.se\/m\/9JKbh\">S:t Larsgatan 44, salle 12<\/a><\/p><p>Madame\u00a0<strong>V\u00e9ronique Simon\u00a0<\/strong>,ma\u00eetre de conf\u00e9rence en didactique des langues \u00e0 l\u2019Universit\u00e9 d\u2019Uppsala, parlera de:<\/p><p>\u201d<strong>La France en Su\u00e8de et la langue fran\u00e7aise &#8211; quel challenge pour l\u2019avenir!<\/strong>\u201d<\/p><p>\u00a0<\/p><p><em>Un verre amical sera servi apr\u00e8s la conf\u00e9rence ( 50:-).<\/em><\/p><p>\u00a0<\/p><p><strong>Soyez les bienvenus!<\/strong><\/p><p>\u00a0<\/p>\t\t\t\t\t\t\t\t<\/div>\n\t\t\t\t<\/div>\n\t\t\t\t\t<\/div>\n\t\t<\/div>\n\t\t\t\t\t<\/div>\n\t\t<\/section>\n\t\t\t\t<\/div>\n\t\t","protected":false},"excerpt":{"rendered":"<p>Nous esp\u00e9rons vous retrouver nombreux lors de nos activit\u00e9s. \u00a0 Le\u00a0mercredi 26 septembre\u00a0\u00e0 19h00 \u00e0 Folkuniversitetet,\u00a0S:t Larsgatan 44, salle 12 Nous commen\u00e7ons le programme de l\u2019automne par une conf\u00e9rence de monsieur\u00a0Jean-Jacques Moulis\u00a0de l\u2019Alliance fran\u00e7aise de Link\u00f6ping. \u00a0 \u201cLes Cathares: faits et mythes.\u201d \u00a0 Cathares ou Albigeois, secte religieuse dans le midi de la France aux environs d\u2019Albi, contre laquelle le pape Innocent III ordonna une croisade au XIII\u00e8me si\u00e8cle. \u00a0 Apr\u00e8s la conf\u00e9rence notre ma\u00eetre de c\u00e9r\u00e9monie, Christer Gr\u00f6nevall, nous servira un petit souper (150:- ). Inscription (bindande) au plus tard le\u00a021 septembre\u00a0aupr\u00e8s de Christer Gr\u00f6nevall t\u00e9l 0705 77 82 16 \u00a0 Le\u00a0lundi 22 octobre\u00a0\u00e0 19h00 \u00e0 Folkuniversitetet,\u00a0S:t Larsgatan 44, salle 12 Monsieur\u00a0Mathieu Linares\u00a0,chercheur \u00e0 l\u2019Universit\u00e9 de Link\u00f6ping, chante des chansons fran\u00e7aises s\u2019accompagnant \u00e0 la guitare: \u201dTour de chant\u201d. \u201dAznavour, Brassens, Brel, Gainsbourg et les autres.\u201d \u00a0 Un verre amical sera servi apr\u00e8s la conf\u00e9rence ( 50:-). \u00a0 Le\u00a0lundi 26 novembre\u00a0\u00e0 18h00\u00a0(observez l\u2019heure!)\u00a0\u00e0 Folkuniversitetet,\u00a0S:t Larsgatan 44, salle 12 Madame\u00a0V\u00e9ronique Simon\u00a0,ma\u00eetre de conf\u00e9rence en didactique des langues \u00e0 l\u2019Universit\u00e9 d\u2019Uppsala, parlera de: \u201dLa France en Su\u00e8de et la langue fran\u00e7aise &#8211; quel challenge pour l\u2019avenir!\u201d \u00a0 Un verre amical sera servi apr\u00e8s la conf\u00e9rence ( 50:-). \u00a0 Soyez les bienvenus! \u00a0<\/p>\n","protected":false},"author":1,"featured_media":0,"parent":0,"menu_order":0,"comment_status":"closed","ping_status":"closed","template":"","meta":{"om_disable_all_campaigns":false,"_monsterinsights_skip_tracking":false,"_monsterinsights_sitenote_active":false,"_monsterinsights_sitenote_note":"","_monsterinsights_sitenote_category":0,"_uf_show_specific_survey":0,"_uf_disable_surveys":false,"footnotes":""},"class_list":["post-408","page","type-page","status-publish","hentry"],"aioseo_notices":[],"rttpg_featured_image_url":null,"rttpg_author":{"display_name":"Super.admin","author_link":"https:\/\/alliancefr.se\/linkoping\/author\/admin2174\/"},"rttpg_comment":0,"rttpg_category":" <a href=\"https:\/\/alliancefr.se\/linkoping\/\" rel=\"tag\">Fran\u00e7ais<\/a>","rttpg_excerpt":"Nous esp\u00e9rons vous retrouver nombreux lors de nos activit\u00e9s. \u00a0 Le\u00a0mercredi 26 septembre\u00a0\u00e0 19h00 \u00e0 Folkuniversitetet,\u00a0S:t Larsgatan 44, salle 12 Nous commen\u00e7ons le programme de l\u2019automne par une conf\u00e9rence de monsieur\u00a0Jean-Jacques Moulis\u00a0de l\u2019Alliance fran\u00e7aise de Link\u00f6ping. \u00a0 \u201cLes Cathares: faits et mythes.\u201d \u00a0 Cathares ou Albigeois, secte religieuse dans le midi de la France aux\u2026","_links":{"self":[{"href":"https:\/\/alliancefr.se\/linkoping\/wp-json\/wp\/v2\/pages\/408","targetHints":{"allow":["GET"]}}],"collection":[{"href":"https:\/\/alliancefr.se\/linkoping\/wp-json\/wp\/v2\/pages"}],"about":[{"href":"https:\/\/alliancefr.se\/linkoping\/wp-json\/wp\/v2\/types\/page"}],"author":[{"embeddable":true,"href":"https:\/\/alliancefr.se\/linkoping\/wp-json\/wp\/v2\/users\/1"}],"replies":[{"embeddable":true,"href":"https:\/\/alliancefr.se\/linkoping\/wp-json\/wp\/v2\/comments?post=408"}],"version-history":[{"count":4,"href":"https:\/\/alliancefr.se\/linkoping\/wp-json\/wp\/v2\/pages\/408\/revisions"}],"predecessor-version":[{"id":412,"href":"https:\/\/alliancefr.se\/linkoping\/wp-json\/wp\/v2\/pages\/408\/revisions\/412"}],"wp:attachment":[{"href":"https:\/\/alliancefr.se\/linkoping\/wp-json\/wp\/v2\/media?parent=408"}],"curies":[{"name":"wp","href":"https:\/\/api.w.org\/{rel}","templated":true}]}}