{"id":398,"date":"2023-12-21T19:07:47","date_gmt":"2023-12-21T18:07:47","guid":{"rendered":"https:\/\/alliancefr.se\/linkoping\/?page_id=398"},"modified":"2023-12-21T19:08:04","modified_gmt":"2023-12-21T18:08:04","slug":"programme-automne-2013","status":"publish","type":"page","link":"https:\/\/alliancefr.se\/linkoping\/programme-automne-2013\/","title":{"rendered":"Programme automne 2013"},"content":{"rendered":"\t\t<div data-elementor-type=\"wp-page\" data-elementor-id=\"398\" class=\"elementor elementor-398\">\n\t\t\t\t\t\t<section class=\"elementor-section elementor-top-section elementor-element elementor-element-4a16640 elementor-section-boxed elementor-section-height-default elementor-section-height-default\" data-id=\"4a16640\" data-element_type=\"section\">\n\t\t\t\t\t\t<div class=\"elementor-container elementor-column-gap-default\">\n\t\t\t\t\t<div class=\"elementor-column elementor-col-100 elementor-top-column elementor-element elementor-element-5d3fa26\" data-id=\"5d3fa26\" data-element_type=\"column\">\n\t\t\t<div class=\"elementor-widget-wrap elementor-element-populated\">\n\t\t\t\t\t\t<div class=\"elementor-element elementor-element-a7c19f3 elementor-widget elementor-widget-text-editor\" data-id=\"a7c19f3\" data-element_type=\"widget\" data-widget_type=\"text-editor.default\">\n\t\t\t\t<div class=\"elementor-widget-container\">\n\t\t\t\t\t\t\t\t\t<p>Nous esp\u00e9rons vous retrouver nombreux lors de nos activit\u00e9s.<\/p><p>\u00a0<\/p><p>Le\u00a0<strong>jeudi 26 septembre<\/strong>\u00a0\u00e0 19h00 \u00e0 Folkuniversitetet,\u00a0<a href=\"http:\/\/kartor.eniro.se\/m\/9JKbh\">S:t Larsgatan 44, salle B2 22<\/a><\/p><p>Nous commen\u00e7ons le programme de l\u2019automne par une conf\u00e9rence\u00a0de Monsieur\u00a0<strong>Michel Renault<\/strong>\u00a0d\u2019\u00d6rebro, originaire de Bordeaux,<br \/><strong>\u00a0\u00ab\u00a0La Dune du Pilat, la plus grande Dune d\u2019Europe\u2026ou la formation des dunes\u00a0\u00bb<\/strong><\/p><p>La conf\u00e9rence est b\u00e2ti comme une d\u00e9marche historique, scientifique et culturelle.<\/p><p>\u00a0<\/p><p>\u00a0<\/p><p><em>Un verre amical sera servi apr\u00e8s la conf\u00e9rence (50 couronnes).<\/em><\/p><p>\u00a0<\/p><p>Le\u00a0<strong>lundi 21 octobre<\/strong>\u00a0\u00e0 19h00 \u00e0 Folkuniversitetet,\u00a0<a href=\"http:\/\/kartor.eniro.se\/m\/9JKbh\">S:t Larsgatan 44, salle 11<\/a><br \/>Monsieur\u00a0<strong>Olivier Gu\u00e9rot<\/strong>, premier conseiller, Ambassade de France en Su\u00e8de, Stockholm, parle de:<br \/><strong>Conflits et r\u00e9conconciliation : le Mali \u00e0 la crois\u00e9e des chemins<\/strong><br \/>L\u2019intervention militaire de la France, de pays africains et d\u2019autres pays(notamment la Su\u00e8de) au Mali a marqu\u00e9 le paroxysme d\u2019une crise \u00e0 la fois ancienne et tr\u00e8s contemporaine, o\u00f9 les conflits locaux ont \u00e9t\u00e9 d\u00e9multipli\u00e9s par des ph\u00e9nom\u00e8nes d\u2019ampleur mondiale (terrorisme islamique, criminalit\u00e9 organis\u00e9e etc\u2026)<\/p><p><br \/><em>Un verre amical sera servi apr\u00e8s la conf\u00e9rence (50 couronnes).<\/em><\/p><p>\u00a0<\/p><p>\u00a0<\/p><p>Le\u00a0<strong>lundi 25 novembre\u00a0<\/strong>\u00e0 19h00\u00a0\u00e0 Folkuniversitetet,\u00a0<a href=\"http:\/\/kartor.eniro.se\/m\/9JKbh\">S:t Larsgatan 44, salle 11<\/a><br \/><strong>Comment redevenir Su\u00e8doise apr\u00e8s quinze ans de vie en France<\/strong><br \/>Madame\u00a0<strong>Linda Battiston-\u00c5brink<\/strong>, a v\u00e9cu durant quinze ans \u00e0 Paris, Nice, Marseille et finalement \u00e0 St Germain-en-Laye, ville qui a vu na\u00eetre, vivre et mourir rois, po\u00e8tes, musiciens, philosophes, scientifiques ou hommes politiques comme Francois 1er, Henri IV, Lois XIII, Moli\u00e8re, Claude Debussy, le mar\u00e9chal Leclerc et bien d\u2019autres.<br \/>Saint Germainoise d\u2019adoption Linda nous pr\u00e9sentera les villes o\u00f9 elle a v\u00e9cu et surtout nous racontera sa vie en France en \u00e9tant Su\u00e8doise et sa r\u00e9adaptation en Su\u00e8de apr\u00e8s quinze ans d\u2019absence.<\/p><p>\u00a0<\/p><p><em>Apr\u00e8s la conf\u00e9rence notre ma\u00eetre de c\u00e9r\u00e9monie, Christer Gr\u00f6nevall, nous servira un petit souper (150 couronnes). Inscription (bindande) au plus tard le\u00a0<strong>18 novembre<\/strong>\u00a0aupr\u00e8s de Christer Gr\u00f6nevall t\u00e9l. 0705 778216 ou d&rsquo;Ulla Starkhammar t\u00e9l. 013 60650<\/em><\/p><p>\u00a0<\/p><p><strong>Soyez les bienvenus!<\/strong><\/p><p>\u00a0<\/p>\t\t\t\t\t\t\t\t<\/div>\n\t\t\t\t<\/div>\n\t\t\t\t\t<\/div>\n\t\t<\/div>\n\t\t\t\t\t<\/div>\n\t\t<\/section>\n\t\t\t\t<\/div>\n\t\t","protected":false},"excerpt":{"rendered":"<p>Nous esp\u00e9rons vous retrouver nombreux lors de nos activit\u00e9s. \u00a0 Le\u00a0jeudi 26 septembre\u00a0\u00e0 19h00 \u00e0 Folkuniversitetet,\u00a0S:t Larsgatan 44, salle B2 22 Nous commen\u00e7ons le programme de l\u2019automne par une conf\u00e9rence\u00a0de Monsieur\u00a0Michel Renault\u00a0d\u2019\u00d6rebro, originaire de Bordeaux,\u00a0\u00ab\u00a0La Dune du Pilat, la plus grande Dune d\u2019Europe\u2026ou la formation des dunes\u00a0\u00bb La conf\u00e9rence est b\u00e2ti comme une d\u00e9marche historique, scientifique et culturelle. \u00a0 \u00a0 Un verre amical sera servi apr\u00e8s la conf\u00e9rence (50 couronnes). \u00a0 Le\u00a0lundi 21 octobre\u00a0\u00e0 19h00 \u00e0 Folkuniversitetet,\u00a0S:t Larsgatan 44, salle 11Monsieur\u00a0Olivier Gu\u00e9rot, premier conseiller, Ambassade de France en Su\u00e8de, Stockholm, parle de:Conflits et r\u00e9conconciliation : le Mali \u00e0 la crois\u00e9e des cheminsL\u2019intervention militaire de la France, de pays africains et d\u2019autres pays(notamment la Su\u00e8de) au Mali a marqu\u00e9 le paroxysme d\u2019une crise \u00e0 la fois ancienne et tr\u00e8s contemporaine, o\u00f9 les conflits locaux ont \u00e9t\u00e9 d\u00e9multipli\u00e9s par des ph\u00e9nom\u00e8nes d\u2019ampleur mondiale (terrorisme islamique, criminalit\u00e9 organis\u00e9e etc\u2026) Un verre amical sera servi apr\u00e8s la conf\u00e9rence (50 couronnes). \u00a0 \u00a0 Le\u00a0lundi 25 novembre\u00a0\u00e0 19h00\u00a0\u00e0 Folkuniversitetet,\u00a0S:t Larsgatan 44, salle 11Comment redevenir Su\u00e8doise apr\u00e8s quinze ans de vie en FranceMadame\u00a0Linda Battiston-\u00c5brink, a v\u00e9cu durant quinze ans \u00e0 Paris, Nice, Marseille et finalement \u00e0 St Germain-en-Laye, ville qui a vu na\u00eetre, vivre et mourir rois, po\u00e8tes, musiciens, philosophes, scientifiques ou hommes politiques comme Francois 1er, Henri IV, Lois XIII, Moli\u00e8re, Claude Debussy, le mar\u00e9chal Leclerc et bien d\u2019autres.Saint Germainoise d\u2019adoption Linda nous pr\u00e9sentera les villes o\u00f9 elle a v\u00e9cu et surtout nous racontera sa vie en France en \u00e9tant Su\u00e8doise et sa r\u00e9adaptation en Su\u00e8de apr\u00e8s quinze ans d\u2019absence. \u00a0 Apr\u00e8s la conf\u00e9rence notre ma\u00eetre de c\u00e9r\u00e9monie, Christer Gr\u00f6nevall, nous servira un petit souper (150 couronnes). Inscription (bindande) au plus tard le\u00a018 novembre\u00a0aupr\u00e8s de Christer Gr\u00f6nevall t\u00e9l. 0705 778216 ou d&rsquo;Ulla Starkhammar t\u00e9l. 013 60650 \u00a0 Soyez les bienvenus! \u00a0<\/p>\n","protected":false},"author":1,"featured_media":0,"parent":0,"menu_order":0,"comment_status":"closed","ping_status":"closed","template":"","meta":{"om_disable_all_campaigns":false,"_monsterinsights_skip_tracking":false,"_monsterinsights_sitenote_active":false,"_monsterinsights_sitenote_note":"","_monsterinsights_sitenote_category":0,"_uf_show_specific_survey":0,"_uf_disable_surveys":false,"footnotes":""},"class_list":["post-398","page","type-page","status-publish","hentry"],"aioseo_notices":[],"rttpg_featured_image_url":null,"rttpg_author":{"display_name":"Super.admin","author_link":"https:\/\/alliancefr.se\/linkoping\/author\/admin2174\/"},"rttpg_comment":0,"rttpg_category":" <a href=\"https:\/\/alliancefr.se\/linkoping\/\" rel=\"tag\">Fran\u00e7ais<\/a>","rttpg_excerpt":"Nous esp\u00e9rons vous retrouver nombreux lors de nos activit\u00e9s. \u00a0 Le\u00a0jeudi 26 septembre\u00a0\u00e0 19h00 \u00e0 Folkuniversitetet,\u00a0S:t Larsgatan 44, salle B2 22 Nous commen\u00e7ons le programme de l\u2019automne par une conf\u00e9rence\u00a0de Monsieur\u00a0Michel Renault\u00a0d\u2019\u00d6rebro, originaire de Bordeaux,\u00a0\u00ab\u00a0La Dune du Pilat, la plus grande Dune d\u2019Europe\u2026ou la formation des dunes\u00a0\u00bb La conf\u00e9rence est b\u00e2ti comme une d\u00e9marche historique,\u2026","_links":{"self":[{"href":"https:\/\/alliancefr.se\/linkoping\/wp-json\/wp\/v2\/pages\/398","targetHints":{"allow":["GET"]}}],"collection":[{"href":"https:\/\/alliancefr.se\/linkoping\/wp-json\/wp\/v2\/pages"}],"about":[{"href":"https:\/\/alliancefr.se\/linkoping\/wp-json\/wp\/v2\/types\/page"}],"author":[{"embeddable":true,"href":"https:\/\/alliancefr.se\/linkoping\/wp-json\/wp\/v2\/users\/1"}],"replies":[{"embeddable":true,"href":"https:\/\/alliancefr.se\/linkoping\/wp-json\/wp\/v2\/comments?post=398"}],"version-history":[{"count":4,"href":"https:\/\/alliancefr.se\/linkoping\/wp-json\/wp\/v2\/pages\/398\/revisions"}],"predecessor-version":[{"id":402,"href":"https:\/\/alliancefr.se\/linkoping\/wp-json\/wp\/v2\/pages\/398\/revisions\/402"}],"wp:attachment":[{"href":"https:\/\/alliancefr.se\/linkoping\/wp-json\/wp\/v2\/media?parent=398"}],"curies":[{"name":"wp","href":"https:\/\/api.w.org\/{rel}","templated":true}]}}