{"id":385,"date":"2023-12-21T19:06:08","date_gmt":"2023-12-21T18:06:08","guid":{"rendered":"https:\/\/alliancefr.se\/linkoping\/?page_id=385"},"modified":"2023-12-21T19:06:32","modified_gmt":"2023-12-21T18:06:32","slug":"programme-automne-2014","status":"publish","type":"page","link":"https:\/\/alliancefr.se\/linkoping\/programme-automne-2014\/","title":{"rendered":"Programme automne 2014"},"content":{"rendered":"\t\t<div data-elementor-type=\"wp-page\" data-elementor-id=\"385\" class=\"elementor elementor-385\">\n\t\t\t\t\t\t<section class=\"elementor-section elementor-top-section elementor-element elementor-element-a85242c elementor-section-boxed elementor-section-height-default elementor-section-height-default\" data-id=\"a85242c\" data-element_type=\"section\">\n\t\t\t\t\t\t<div class=\"elementor-container elementor-column-gap-default\">\n\t\t\t\t\t<div class=\"elementor-column elementor-col-100 elementor-top-column elementor-element elementor-element-06c0f2b\" data-id=\"06c0f2b\" data-element_type=\"column\">\n\t\t\t<div class=\"elementor-widget-wrap elementor-element-populated\">\n\t\t\t\t\t\t<div class=\"elementor-element elementor-element-036c036 elementor-widget elementor-widget-text-editor\" data-id=\"036c036\" data-element_type=\"widget\" data-widget_type=\"text-editor.default\">\n\t\t\t\t<div class=\"elementor-widget-container\">\n\t\t\t\t\t\t\t\t\t<p>Nous esp\u00e9rons vous retrouver nombreux lors de nos activit\u00e9s.<\/p>\n<p><\/p>\n<p>Le&nbsp;<strong>&nbsp;jeudi 9 octobre<\/strong>&nbsp;\u00e0 19h00 \u00e0 Folkuniversitetet,&nbsp;<a href=\"http:\/\/kartor.eniro.se\/m\/AP6RQ\">S:t Larsgatan 44, salle 13<br><\/a><\/p>\n<p>Nous commen\u00e7ons le programme de l\u2019automne par une conf\u00e9rence par Monsieur&nbsp;Claude Kayat&nbsp;de Stockholm, \u00e9crivain et artiste-peintre franco-su\u00e9dois n\u00e9 en Tunisie en 1939. Il a publi\u00e9 8 romans. Il vit en Su\u00e8de depuis 1958.<\/p>\n<div>\u00ab R\u00e9flexions sur la notion d\u2019identit\u00e9 \u00bb<\/div>\n<p>La notion d\u2019identit\u00e9 est commun\u00e9ment assimil\u00e9e \u00e0 celle de nationalit\u00e9, d\u2019ethnie et\/ou de religion. Si l\u2019identit\u00e9 est ce \u00e0 quoi l\u2019on s\u2019identifie r\u00e9ellement au jour le jour\u00bb, c\u2019est loin d\u2019\u00eatre toujours le cas. M Kayat propose quelques r\u00e9flexions pour essayer de cerner le c\u0153ur de la question.<\/p>\n<p><em>Un verre amical sera servi apr\u00e8s la conf\u00e9rence (50:-).<\/em><\/p>\n<p><\/p>\n<p>Le&nbsp;<strong>jeudi 13 novembre<\/strong>&nbsp;\u00e0 19h00 \u00e0 Folkuniversitetet,&nbsp;<a href=\"http:\/\/kartor.eniro.se\/m\/AP6RQ\">S:t Larsgatan 44, salle 13<br><\/a><\/p>\n<p>Patrick Modiano:&nbsp;\u201cA la recherche de \u2026 l\u2019\u00e9nigme.\u201d<br>Raymonde Villain&nbsp;pr\u00e9sente le laur\u00e9at du Prix Nobel de litt\u00e9rature 2014<br><em>Un verre amical sera servi apr\u00e8s la conf\u00e9rence (50:-).<\/em><\/p>\n<p><\/p>\n<p>Le&nbsp;<strong>jeudi 4 d\u00e9cembre&nbsp;<\/strong>\u00e0 19h00&nbsp;\u00e0 Folkuniversitetet,&nbsp;<a href=\"http:\/\/kartor.eniro.se\/m\/AP6RQ\">S:t Larsgatan 44, salle 13<\/a><\/p>\n<p>Monsieur&nbsp;Martin Kylhammar, professeur \u00e0 l\u2019universit\u00e9 de Link\u00f6ping, parle de:<\/p>\n<div><p>\u00ab La Su\u00e8de, une invention fran\u00e7aise: Mythes et r\u00e9cits fran\u00e7ais du mod\u00e8le su\u00e9dois 1930-2015\u00bb<em><br><\/em><\/p>\n<div><p><em>Apr\u00e8s la conf\u00e9rence notre ma\u00eetre de c\u00e9r\u00e9monie, Christer Gr\u00f6nevall, nous servira un petit souper ( 150:- )<\/em><\/p>\n<p><em>Inscription (bindande) au plus tard le&nbsp;<strong>30 novembre<\/strong>&nbsp; aupr\u00e8s de Christer Gr\u00f6nevall t\u00e9l. 0705-778216 ou d&rsquo;Ulla Starkhammar t\u00e9l. 013 60650.<\/em><\/p>\n<p><\/p>\n<\/div>\n<p><strong>Soyez les bienvenus!<\/strong><\/p>\n<\/div>\t\t\t\t\t\t\t\t<\/div>\n\t\t\t\t<\/div>\n\t\t\t\t\t<\/div>\n\t\t<\/div>\n\t\t\t\t\t<\/div>\n\t\t<\/section>\n\t\t\t\t<\/div>\n\t\t","protected":false},"excerpt":{"rendered":"<p>Nous esp\u00e9rons vous retrouver nombreux lors de nos activit\u00e9s. Le&nbsp;&nbsp;jeudi 9 octobre&nbsp;\u00e0 19h00 \u00e0 Folkuniversitetet,&nbsp;S:t Larsgatan 44, salle 13 Nous commen\u00e7ons le programme de l\u2019automne par une conf\u00e9rence par Monsieur&nbsp;Claude Kayat&nbsp;de Stockholm, \u00e9crivain et artiste-peintre franco-su\u00e9dois n\u00e9 en Tunisie en 1939. Il a publi\u00e9 8 romans. Il vit en Su\u00e8de depuis 1958. \u00ab R\u00e9flexions sur la notion d\u2019identit\u00e9 \u00bb La notion d\u2019identit\u00e9 est commun\u00e9ment assimil\u00e9e \u00e0 celle de nationalit\u00e9, d\u2019ethnie et\/ou de religion. Si l\u2019identit\u00e9 est ce \u00e0 quoi l\u2019on s\u2019identifie r\u00e9ellement au jour le jour\u00bb, c\u2019est loin d\u2019\u00eatre toujours le cas. M Kayat propose quelques r\u00e9flexions pour essayer de cerner le c\u0153ur de la question. Un verre amical sera servi apr\u00e8s la conf\u00e9rence (50:-). Le&nbsp;jeudi 13 novembre&nbsp;\u00e0 19h00 \u00e0 Folkuniversitetet,&nbsp;S:t Larsgatan 44, salle 13 Patrick Modiano:&nbsp;\u201cA la recherche de \u2026 l\u2019\u00e9nigme.\u201dRaymonde Villain&nbsp;pr\u00e9sente le laur\u00e9at du Prix Nobel de litt\u00e9rature 2014Un verre amical sera servi apr\u00e8s la conf\u00e9rence (50:-). Le&nbsp;jeudi 4 d\u00e9cembre&nbsp;\u00e0 19h00&nbsp;\u00e0 Folkuniversitetet,&nbsp;S:t Larsgatan 44, salle 13 Monsieur&nbsp;Martin Kylhammar, professeur \u00e0 l\u2019universit\u00e9 de Link\u00f6ping, parle de: \u00ab La Su\u00e8de, une invention fran\u00e7aise: Mythes et r\u00e9cits fran\u00e7ais du mod\u00e8le su\u00e9dois 1930-2015\u00bb Apr\u00e8s la conf\u00e9rence notre ma\u00eetre de c\u00e9r\u00e9monie, Christer Gr\u00f6nevall, nous servira un petit souper ( 150:- ) Inscription (bindande) au plus tard le&nbsp;30 novembre&nbsp; aupr\u00e8s de Christer Gr\u00f6nevall t\u00e9l. 0705-778216 ou d&rsquo;Ulla Starkhammar t\u00e9l. 013 60650. Soyez les bienvenus!<\/p>\n","protected":false},"author":1,"featured_media":0,"parent":0,"menu_order":0,"comment_status":"closed","ping_status":"closed","template":"","meta":{"om_disable_all_campaigns":false,"_monsterinsights_skip_tracking":false,"_monsterinsights_sitenote_active":false,"_monsterinsights_sitenote_note":"","_monsterinsights_sitenote_category":0,"_uf_show_specific_survey":0,"_uf_disable_surveys":false,"footnotes":""},"class_list":["post-385","page","type-page","status-publish","hentry"],"aioseo_notices":[],"rttpg_featured_image_url":null,"rttpg_author":{"display_name":"Super.admin","author_link":"https:\/\/alliancefr.se\/linkoping\/author\/admin2174\/"},"rttpg_comment":0,"rttpg_category":" <a href=\"https:\/\/alliancefr.se\/linkoping\/\" rel=\"tag\">Fran\u00e7ais<\/a>","rttpg_excerpt":"Nous esp\u00e9rons vous retrouver nombreux lors de nos activit\u00e9s. Le&nbsp;&nbsp;jeudi 9 octobre&nbsp;\u00e0 19h00 \u00e0 Folkuniversitetet,&nbsp;S:t Larsgatan 44, salle 13 Nous commen\u00e7ons le programme de l\u2019automne par une conf\u00e9rence par Monsieur&nbsp;Claude Kayat&nbsp;de Stockholm, \u00e9crivain et artiste-peintre franco-su\u00e9dois n\u00e9 en Tunisie en 1939. Il a publi\u00e9 8 romans. Il vit en Su\u00e8de depuis 1958. \u00ab R\u00e9flexions sur\u2026","_links":{"self":[{"href":"https:\/\/alliancefr.se\/linkoping\/wp-json\/wp\/v2\/pages\/385","targetHints":{"allow":["GET"]}}],"collection":[{"href":"https:\/\/alliancefr.se\/linkoping\/wp-json\/wp\/v2\/pages"}],"about":[{"href":"https:\/\/alliancefr.se\/linkoping\/wp-json\/wp\/v2\/types\/page"}],"author":[{"embeddable":true,"href":"https:\/\/alliancefr.se\/linkoping\/wp-json\/wp\/v2\/users\/1"}],"replies":[{"embeddable":true,"href":"https:\/\/alliancefr.se\/linkoping\/wp-json\/wp\/v2\/comments?post=385"}],"version-history":[{"count":7,"href":"https:\/\/alliancefr.se\/linkoping\/wp-json\/wp\/v2\/pages\/385\/revisions"}],"predecessor-version":[{"id":392,"href":"https:\/\/alliancefr.se\/linkoping\/wp-json\/wp\/v2\/pages\/385\/revisions\/392"}],"wp:attachment":[{"href":"https:\/\/alliancefr.se\/linkoping\/wp-json\/wp\/v2\/media?parent=385"}],"curies":[{"name":"wp","href":"https:\/\/api.w.org\/{rel}","templated":true}]}}