{"id":373,"date":"2023-12-21T18:58:57","date_gmt":"2023-12-21T17:58:57","guid":{"rendered":"https:\/\/alliancefr.se\/linkoping\/?page_id=373"},"modified":"2023-12-21T19:00:25","modified_gmt":"2023-12-21T18:00:25","slug":"programme-printemps-2015","status":"publish","type":"page","link":"https:\/\/alliancefr.se\/linkoping\/programme-printemps-2015\/","title":{"rendered":"Programme printemps 2015"},"content":{"rendered":"\t\t<div data-elementor-type=\"wp-page\" data-elementor-id=\"373\" class=\"elementor elementor-373\">\n\t\t\t\t\t\t<section class=\"elementor-section elementor-top-section elementor-element elementor-element-428fc36 elementor-section-boxed elementor-section-height-default elementor-section-height-default\" data-id=\"428fc36\" data-element_type=\"section\">\n\t\t\t\t\t\t<div class=\"elementor-container elementor-column-gap-default\">\n\t\t\t\t\t<div class=\"elementor-column elementor-col-100 elementor-top-column elementor-element elementor-element-3ac1da4\" data-id=\"3ac1da4\" data-element_type=\"column\">\n\t\t\t<div class=\"elementor-widget-wrap elementor-element-populated\">\n\t\t\t\t\t\t<div class=\"elementor-element elementor-element-1336d2d elementor-widget elementor-widget-text-editor\" data-id=\"1336d2d\" data-element_type=\"widget\" data-widget_type=\"text-editor.default\">\n\t\t\t\t<div class=\"elementor-widget-container\">\n\t\t\t\t\t\t\t\t\t<p>Nous esp\u00e9rons vous retrouver nombreux lors de nos activit\u00e9s.<\/p><p>\u00a0<\/p><p>Le\u00a0<strong>\u00a0jeudi 12 f\u00e9vrier<\/strong>\u00a0\u00e0 19h00 \u00e0 Folkuniversitetet,\u00a0<a href=\"http:\/\/kartor.eniro.se\/m\/AP6RQ\">S:t Larsgatan 44, salle 12<br \/><\/a><\/p><p>La r\u00e9union annuelle.\u00a0<br \/>Apr\u00e8s la r\u00e9union Jean Andr\u00e9 de l\u2019Universit\u00e9 de Link\u00f6ping parlera de<br \/>\u201dLa situation politique fran\u00e7aise \u00e0 mi \u2013 mandat\u201d.<\/p><p><em>Un verre amical sera servi apr\u00e8s la conf\u00e9rence (50:-).<\/em><\/p><p>\u00a0<\/p><p>Le\u00a0<strong>jeudi 19 mars<\/strong>\u00a0\u00e0 19h00 \u00e0 Folkuniversitetet,\u00a0<a href=\"http:\/\/kartor.eniro.se\/m\/AP6RQ\">S:t Larsgatan 44, salle 12<br \/><\/a><\/p><p>Carl Henrik Svenstedt, \u00e9crivain, cin\u00e9aste, l\u2019ancien directeur du Centre Culturel Su\u00e9dois \u00e0 Paris, parlera de\u00a0\u201dEtt k\u00e5seri kring La petite histoire\u201d\u00a0bas\u00e9 sur son dernier livre avec beaucoup de souvenirs de la France.\u00a0F\u00f6redraget sker p\u00e5 svenska.<br \/><em>Apr\u00e8s la conf\u00e9rence notre ma\u00eetre de c\u00e9r\u00e9monie, Christer Gr\u00f6nevall, nous servira un petit souper ( 150:- )<br \/><\/em><\/p><p><em>Inscription (bindande) au plus tard le\u00a0<strong>13 mars<\/strong>\u00a0 aupr\u00e8s de Christer Gr\u00f6nevall t\u00e9l. 0705-778216 ou d&rsquo;Ulla Starkhammar t\u00e9l. 013 60650.\u00a0<\/em><\/p><p>\u00a0<\/p><p>Le\u00a0<strong>vendredi 22 mai\u00a0<\/strong>\u00e0 19h00\u00a0\u00e0 Folkuniversitetet,\u00a0<a href=\"http:\/\/kartor.eniro.se\/m\/AP6RQ\">S:t Larsgatan 44, salle 12<\/a><\/p><p>C\u00e9dric Arriv\u00e9, originaire de Val Thorens, est m\u00e9decin g\u00e9n\u00e9raliste \u00e0 Oxel\u00f6sund depuis quelques ann\u00e9es. Avant il a eu la m\u00eame profession en France. Il parlera de\u00a0\u201dLa m\u00e9decine g\u00e9n\u00e9rale. Comparaison des pratiques en France et en Su\u00e8de\u201d.<em><br \/><\/em><\/p><div><div><em>Un verre amical sera servi apr\u00e8s la conf\u00e9rence (50:-).<\/em><p>Le\u00a0<strong>\u00a0samedi 30 mai.<\/strong><\/p>L\u2019excursion du printemps.\u00a0C\u2019est A.F. de Nyk\u00f6ping qui arrange l\u2019excursion cette ann\u00e9e. Nous nous rassemblerons\u00a0sur le parking de\u00a0<a title=\"Karta\" href=\"http:\/\/kartor.eniro.se\/m\/GSH3T\">Kila Kyrka (carte)<\/a>.<br \/><p><a href=\"http:\/\/alliancefr.se\/linkoping\/wp-content\/uploads\/sites\/14\/2023\/12\/Excursion_2015.pdf\">Programme d\u00e9taill\u00e9 (pdf)<\/a><\/p><em>Inscription\u00a0\u00a0aupr\u00e8s d&rsquo;\u00a0Ulla Starkhammar t\u00e9l. 013-60650 ou de Torsten Ericsson t\u00e9l 013- 172080 avant le\u00a015 mai.<\/em><p>\u00a0<\/p><p>\u00a0<\/p><\/div><p><strong>Soyez les bienvenus!<\/strong><\/p><\/div>\t\t\t\t\t\t\t\t<\/div>\n\t\t\t\t<\/div>\n\t\t\t\t\t<\/div>\n\t\t<\/div>\n\t\t\t\t\t<\/div>\n\t\t<\/section>\n\t\t\t\t<\/div>\n\t\t","protected":false},"excerpt":{"rendered":"<p>Nous esp\u00e9rons vous retrouver nombreux lors de nos activit\u00e9s. \u00a0 Le\u00a0\u00a0jeudi 12 f\u00e9vrier\u00a0\u00e0 19h00 \u00e0 Folkuniversitetet,\u00a0S:t Larsgatan 44, salle 12 La r\u00e9union annuelle.\u00a0Apr\u00e8s la r\u00e9union Jean Andr\u00e9 de l\u2019Universit\u00e9 de Link\u00f6ping parlera de\u201dLa situation politique fran\u00e7aise \u00e0 mi \u2013 mandat\u201d. Un verre amical sera servi apr\u00e8s la conf\u00e9rence (50:-). \u00a0 Le\u00a0jeudi 19 mars\u00a0\u00e0 19h00 \u00e0 Folkuniversitetet,\u00a0S:t Larsgatan 44, salle 12 Carl Henrik Svenstedt, \u00e9crivain, cin\u00e9aste, l\u2019ancien directeur du Centre Culturel Su\u00e9dois \u00e0 Paris, parlera de\u00a0\u201dEtt k\u00e5seri kring La petite histoire\u201d\u00a0bas\u00e9 sur son dernier livre avec beaucoup de souvenirs de la France.\u00a0F\u00f6redraget sker p\u00e5 svenska.Apr\u00e8s la conf\u00e9rence notre ma\u00eetre de c\u00e9r\u00e9monie, Christer Gr\u00f6nevall, nous servira un petit souper ( 150:- ) Inscription (bindande) au plus tard le\u00a013 mars\u00a0 aupr\u00e8s de Christer Gr\u00f6nevall t\u00e9l. 0705-778216 ou d&rsquo;Ulla Starkhammar t\u00e9l. 013 60650.\u00a0 \u00a0 Le\u00a0vendredi 22 mai\u00a0\u00e0 19h00\u00a0\u00e0 Folkuniversitetet,\u00a0S:t Larsgatan 44, salle 12 C\u00e9dric Arriv\u00e9, originaire de Val Thorens, est m\u00e9decin g\u00e9n\u00e9raliste \u00e0 Oxel\u00f6sund depuis quelques ann\u00e9es. Avant il a eu la m\u00eame profession en France. Il parlera de\u00a0\u201dLa m\u00e9decine g\u00e9n\u00e9rale. Comparaison des pratiques en France et en Su\u00e8de\u201d. Un verre amical sera servi apr\u00e8s la conf\u00e9rence (50:-). Le\u00a0\u00a0samedi 30 mai. L\u2019excursion du printemps.\u00a0C\u2019est A.F. de Nyk\u00f6ping qui arrange l\u2019excursion cette ann\u00e9e. Nous nous rassemblerons\u00a0sur le parking de\u00a0Kila Kyrka (carte). Programme d\u00e9taill\u00e9 (pdf) Inscription\u00a0\u00a0aupr\u00e8s d&rsquo;\u00a0Ulla Starkhammar t\u00e9l. 013-60650 ou de Torsten Ericsson t\u00e9l 013- 172080 avant le\u00a015 mai. \u00a0 \u00a0 Soyez les bienvenus!<\/p>\n","protected":false},"author":1,"featured_media":0,"parent":0,"menu_order":0,"comment_status":"closed","ping_status":"closed","template":"","meta":{"om_disable_all_campaigns":false,"_monsterinsights_skip_tracking":false,"_monsterinsights_sitenote_active":false,"_monsterinsights_sitenote_note":"","_monsterinsights_sitenote_category":0,"_uf_show_specific_survey":0,"_uf_disable_surveys":false,"footnotes":""},"class_list":["post-373","page","type-page","status-publish","hentry"],"aioseo_notices":[],"rttpg_featured_image_url":null,"rttpg_author":{"display_name":"Super.admin","author_link":"https:\/\/alliancefr.se\/linkoping\/author\/admin2174\/"},"rttpg_comment":0,"rttpg_category":" <a href=\"https:\/\/alliancefr.se\/linkoping\/\" rel=\"tag\">Fran\u00e7ais<\/a>","rttpg_excerpt":"Nous esp\u00e9rons vous retrouver nombreux lors de nos activit\u00e9s. \u00a0 Le\u00a0\u00a0jeudi 12 f\u00e9vrier\u00a0\u00e0 19h00 \u00e0 Folkuniversitetet,\u00a0S:t Larsgatan 44, salle 12 La r\u00e9union annuelle.\u00a0Apr\u00e8s la r\u00e9union Jean Andr\u00e9 de l\u2019Universit\u00e9 de Link\u00f6ping parlera de\u201dLa situation politique fran\u00e7aise \u00e0 mi \u2013 mandat\u201d. Un verre amical sera servi apr\u00e8s la conf\u00e9rence (50:-). \u00a0 Le\u00a0jeudi 19 mars\u00a0\u00e0 19h00 \u00e0\u2026","_links":{"self":[{"href":"https:\/\/alliancefr.se\/linkoping\/wp-json\/wp\/v2\/pages\/373","targetHints":{"allow":["GET"]}}],"collection":[{"href":"https:\/\/alliancefr.se\/linkoping\/wp-json\/wp\/v2\/pages"}],"about":[{"href":"https:\/\/alliancefr.se\/linkoping\/wp-json\/wp\/v2\/types\/page"}],"author":[{"embeddable":true,"href":"https:\/\/alliancefr.se\/linkoping\/wp-json\/wp\/v2\/users\/1"}],"replies":[{"embeddable":true,"href":"https:\/\/alliancefr.se\/linkoping\/wp-json\/wp\/v2\/comments?post=373"}],"version-history":[{"count":4,"href":"https:\/\/alliancefr.se\/linkoping\/wp-json\/wp\/v2\/pages\/373\/revisions"}],"predecessor-version":[{"id":378,"href":"https:\/\/alliancefr.se\/linkoping\/wp-json\/wp\/v2\/pages\/373\/revisions\/378"}],"wp:attachment":[{"href":"https:\/\/alliancefr.se\/linkoping\/wp-json\/wp\/v2\/media?parent=373"}],"curies":[{"name":"wp","href":"https:\/\/api.w.org\/{rel}","templated":true}]}}