{"id":368,"date":"2023-12-21T18:57:06","date_gmt":"2023-12-21T17:57:06","guid":{"rendered":"https:\/\/alliancefr.se\/linkoping\/?page_id=368"},"modified":"2023-12-21T18:57:34","modified_gmt":"2023-12-21T17:57:34","slug":"programme-automne-2015","status":"publish","type":"page","link":"https:\/\/alliancefr.se\/linkoping\/programme-automne-2015\/","title":{"rendered":"Programme automne 2015"},"content":{"rendered":"\t\t<div data-elementor-type=\"wp-page\" data-elementor-id=\"368\" class=\"elementor elementor-368\">\n\t\t\t\t\t\t<section class=\"elementor-section elementor-top-section elementor-element elementor-element-dc7454e elementor-section-boxed elementor-section-height-default elementor-section-height-default\" data-id=\"dc7454e\" data-element_type=\"section\">\n\t\t\t\t\t\t<div class=\"elementor-container elementor-column-gap-default\">\n\t\t\t\t\t<div class=\"elementor-column elementor-col-100 elementor-top-column elementor-element elementor-element-8015cd3\" data-id=\"8015cd3\" data-element_type=\"column\">\n\t\t\t<div class=\"elementor-widget-wrap elementor-element-populated\">\n\t\t\t\t\t\t<div class=\"elementor-element elementor-element-609f15d elementor-widget elementor-widget-text-editor\" data-id=\"609f15d\" data-element_type=\"widget\" data-widget_type=\"text-editor.default\">\n\t\t\t\t<div class=\"elementor-widget-container\">\n\t\t\t\t\t\t\t\t\t<p>Nous esp\u00e9rons vous retrouver nombreux lors de nos activit\u00e9s.<\/p><p>\u00a0<\/p><p>Le\u00a0<strong>\u00a0mardi 13 octobre<\/strong>\u00a0\u00e0 19h00 \u00e0 Folkuniversitetet,\u00a0<a href=\"http:\/\/kartor.eniro.se\/m\/AP6RQ\">S:t Larsgatan 44, salle 13<br \/><\/a><\/p><p>Ga\u00eblle Bjurstr\u00f6m\u00a0, \u00e9tudiante en droit des affaires \u00e0 l&rsquo;universit\u00e9 de Link\u00f6ping, parlera de \u00ab\u00a0Link\u00f6pingsjuristerna, ou la naissance d&rsquo;une association \u00e0 but non lucratif\u00a0\u00bb<em><br \/><\/em><\/p><p><em>Un verre amical sera servi apr\u00e8s la conf\u00e9rence(50:-).<\/em><\/p><p>\u00a0<\/p><p>Le\u00a0<strong>mercredi 4 novembre<\/strong>\u00a0\u00e0 19h00 \u00e0 Folkuniversitetet,\u00a0<a href=\"http:\/\/kartor.eniro.se\/m\/AP6RQ\">S:t Larsgatan 44, salle 12<br \/><\/a><\/p><p>Christophe Luciani\u00a0de Europaspr\u00e5k, Stockholm, parlera de \u00ab\u00a0Paris, son histoire\u00a0\u00bb<\/p><p><em>Un verre amical sera servi apr\u00e8s la conf\u00e9rence (50:-).<\/em><\/p><p>\u00a0<\/p><p>Le\u00a0<strong>lundi 23 novembre\u00a0<\/strong>\u00e0 19h00 \u00e0 Folkuniversitetet,\u00a0<a href=\"http:\/\/kartor.eniro.se\/m\/AP6RQ\">S:t Larsgatan 44, salle 12<br \/><\/a><\/p><p>Hans Lundin, konstk\u00e4nnare fr\u00e5n Mariefred, talar p\u00e5 svenska om \u00ab\u00a0Konstn\u00e4rskolonin i\u00a0<a title=\"Grez-sur-Loing\" href=\"http:\/\/www.grez-stiftelsen.se\/bakgrunden\/\">Grez-sur-Loing<\/a>\u00ab\u00a0<\/p><div><em>Apr\u00e8s la conf\u00e9rence notre ma\u00eetre de c\u00e9r\u00e9monie, Christer Gr\u00f6nevall, nous servira un petit souper ( 150:- )<\/em><br \/><p><em>Inscription (bindande) au plus tard le\u00a0<strong>17 novembre<\/strong>\u00a0 aupr\u00e8s de Christer Gr\u00f6nevall t\u00e9l. 0705-778216 ou d&rsquo;Ulla Starkhammar t\u00e9l. 013 60650.<\/em><\/p><p>\u00a0<\/p><\/div><p><strong>Soyez les bienvenus!<\/strong><\/p>\t\t\t\t\t\t\t\t<\/div>\n\t\t\t\t<\/div>\n\t\t\t\t\t<\/div>\n\t\t<\/div>\n\t\t\t\t\t<\/div>\n\t\t<\/section>\n\t\t\t\t<\/div>\n\t\t","protected":false},"excerpt":{"rendered":"<p>Nous esp\u00e9rons vous retrouver nombreux lors de nos activit\u00e9s. \u00a0 Le\u00a0\u00a0mardi 13 octobre\u00a0\u00e0 19h00 \u00e0 Folkuniversitetet,\u00a0S:t Larsgatan 44, salle 13 Ga\u00eblle Bjurstr\u00f6m\u00a0, \u00e9tudiante en droit des affaires \u00e0 l&rsquo;universit\u00e9 de Link\u00f6ping, parlera de \u00ab\u00a0Link\u00f6pingsjuristerna, ou la naissance d&rsquo;une association \u00e0 but non lucratif\u00a0\u00bb Un verre amical sera servi apr\u00e8s la conf\u00e9rence(50:-). \u00a0 Le\u00a0mercredi 4 novembre\u00a0\u00e0 19h00 \u00e0 Folkuniversitetet,\u00a0S:t Larsgatan 44, salle 12 Christophe Luciani\u00a0de Europaspr\u00e5k, Stockholm, parlera de \u00ab\u00a0Paris, son histoire\u00a0\u00bb Un verre amical sera servi apr\u00e8s la conf\u00e9rence (50:-). \u00a0 Le\u00a0lundi 23 novembre\u00a0\u00e0 19h00 \u00e0 Folkuniversitetet,\u00a0S:t Larsgatan 44, salle 12 Hans Lundin, konstk\u00e4nnare fr\u00e5n Mariefred, talar p\u00e5 svenska om \u00ab\u00a0Konstn\u00e4rskolonin i\u00a0Grez-sur-Loing\u00ab\u00a0 Apr\u00e8s la conf\u00e9rence notre ma\u00eetre de c\u00e9r\u00e9monie, Christer Gr\u00f6nevall, nous servira un petit souper ( 150:- ) Inscription (bindande) au plus tard le\u00a017 novembre\u00a0 aupr\u00e8s de Christer Gr\u00f6nevall t\u00e9l. 0705-778216 ou d&rsquo;Ulla Starkhammar t\u00e9l. 013 60650. \u00a0 Soyez les bienvenus!<\/p>\n","protected":false},"author":1,"featured_media":0,"parent":0,"menu_order":0,"comment_status":"closed","ping_status":"closed","template":"","meta":{"om_disable_all_campaigns":false,"_monsterinsights_skip_tracking":false,"_monsterinsights_sitenote_active":false,"_monsterinsights_sitenote_note":"","_monsterinsights_sitenote_category":0,"_uf_show_specific_survey":0,"_uf_disable_surveys":false,"footnotes":""},"class_list":["post-368","page","type-page","status-publish","hentry"],"aioseo_notices":[],"rttpg_featured_image_url":null,"rttpg_author":{"display_name":"Super.admin","author_link":"https:\/\/alliancefr.se\/linkoping\/author\/admin2174\/"},"rttpg_comment":0,"rttpg_category":" <a href=\"https:\/\/alliancefr.se\/linkoping\/\" rel=\"tag\">Fran\u00e7ais<\/a>","rttpg_excerpt":"Nous esp\u00e9rons vous retrouver nombreux lors de nos activit\u00e9s. \u00a0 Le\u00a0\u00a0mardi 13 octobre\u00a0\u00e0 19h00 \u00e0 Folkuniversitetet,\u00a0S:t Larsgatan 44, salle 13 Ga\u00eblle Bjurstr\u00f6m\u00a0, \u00e9tudiante en droit des affaires \u00e0 l&rsquo;universit\u00e9 de Link\u00f6ping, parlera de \u00ab\u00a0Link\u00f6pingsjuristerna, ou la naissance d&rsquo;une association \u00e0 but non lucratif\u00a0\u00bb Un verre amical sera servi apr\u00e8s la conf\u00e9rence(50:-). \u00a0 Le\u00a0mercredi 4 novembre\u00a0\u00e0\u2026","_links":{"self":[{"href":"https:\/\/alliancefr.se\/linkoping\/wp-json\/wp\/v2\/pages\/368","targetHints":{"allow":["GET"]}}],"collection":[{"href":"https:\/\/alliancefr.se\/linkoping\/wp-json\/wp\/v2\/pages"}],"about":[{"href":"https:\/\/alliancefr.se\/linkoping\/wp-json\/wp\/v2\/types\/page"}],"author":[{"embeddable":true,"href":"https:\/\/alliancefr.se\/linkoping\/wp-json\/wp\/v2\/users\/1"}],"replies":[{"embeddable":true,"href":"https:\/\/alliancefr.se\/linkoping\/wp-json\/wp\/v2\/comments?post=368"}],"version-history":[{"count":4,"href":"https:\/\/alliancefr.se\/linkoping\/wp-json\/wp\/v2\/pages\/368\/revisions"}],"predecessor-version":[{"id":372,"href":"https:\/\/alliancefr.se\/linkoping\/wp-json\/wp\/v2\/pages\/368\/revisions\/372"}],"wp:attachment":[{"href":"https:\/\/alliancefr.se\/linkoping\/wp-json\/wp\/v2\/media?parent=368"}],"curies":[{"name":"wp","href":"https:\/\/api.w.org\/{rel}","templated":true}]}}