{"id":360,"date":"2023-12-21T18:54:44","date_gmt":"2023-12-21T17:54:44","guid":{"rendered":"https:\/\/alliancefr.se\/linkoping\/?page_id=360"},"modified":"2023-12-21T18:56:04","modified_gmt":"2023-12-21T17:56:04","slug":"excursion-mai-2016","status":"publish","type":"page","link":"https:\/\/alliancefr.se\/linkoping\/excursion-mai-2016\/","title":{"rendered":"Excursion mai 2016"},"content":{"rendered":"\t\t<div data-elementor-type=\"wp-page\" data-elementor-id=\"360\" class=\"elementor elementor-360\">\n\t\t\t\t\t\t<section class=\"elementor-section elementor-top-section elementor-element elementor-element-04919c5 elementor-section-boxed elementor-section-height-default elementor-section-height-default\" data-id=\"04919c5\" data-element_type=\"section\">\n\t\t\t\t\t\t<div class=\"elementor-container elementor-column-gap-default\">\n\t\t\t\t\t<div class=\"elementor-column elementor-col-100 elementor-top-column elementor-element elementor-element-baf78f1\" data-id=\"baf78f1\" data-element_type=\"column\">\n\t\t\t<div class=\"elementor-widget-wrap elementor-element-populated\">\n\t\t\t\t\t\t<div class=\"elementor-element elementor-element-a40e973 elementor-widget elementor-widget-text-editor\" data-id=\"a40e973\" data-element_type=\"widget\" data-widget_type=\"text-editor.default\">\n\t\t\t\t<div class=\"elementor-widget-container\">\n\t\t\t\t\t\t\t\t\t<div><h3><strong>L&rsquo;Alliance fran\u00e7aise de Norrk\u00f6ping<\/strong><\/h3><\/div><h4><strong>est tr\u00e8s heureuse cette ann\u00e9e de vous inviter \u00e0 prendre part\u00a0 \u00e0 son e<\/strong><strong>xcursion printani\u00e8re<\/strong><\/h4><div><h3><strong>Samedi\u00a0 21\u00a0 mai 2016<\/strong><\/h3><\/div>\t\t\t\t\t\t\t\t<\/div>\n\t\t\t\t<\/div>\n\t\t\t\t\t<\/div>\n\t\t<\/div>\n\t\t\t\t\t<\/div>\n\t\t<\/section>\n\t\t\t\t<section class=\"elementor-section elementor-top-section elementor-element elementor-element-4e4c2ae elementor-section-boxed elementor-section-height-default elementor-section-height-default\" data-id=\"4e4c2ae\" data-element_type=\"section\">\n\t\t\t\t\t\t<div class=\"elementor-container elementor-column-gap-default\">\n\t\t\t\t\t<div class=\"elementor-column elementor-col-100 elementor-top-column elementor-element elementor-element-f529328\" data-id=\"f529328\" data-element_type=\"column\">\n\t\t\t<div class=\"elementor-widget-wrap elementor-element-populated\">\n\t\t\t\t\t\t<div class=\"elementor-element elementor-element-4f4c6e4 elementor-widget elementor-widget-text-editor\" data-id=\"4f4c6e4\" data-element_type=\"widget\" data-widget_type=\"text-editor.default\">\n\t\t\t\t<div class=\"elementor-widget-container\">\n\t\t\t\t\t\t\t\t\t<div>\u00a0<\/div><div><h3><a style=\"font-size: 16px;\" title=\"Mauritzberg.se\" href=\"http:\/\/www.mauritzberg.se\/\"><img decoding=\"async\" src=\"https:\/\/www.aflinkoping.se\/images\/image1.jpeg\" alt=\"\" \/><\/a><\/h3><\/div><div><p>Ch\u00e2teau de Mauritzberg<a title=\"Location\" href=\"http:\/\/kartor.eniro.se\/m\/XwVWN\"><img decoding=\"async\" src=\"https:\/\/www.aflinkoping.se\/images\/image2.jpeg\" alt=\"\" \/><\/a><\/p><div><p>10 h00\u00a0 Rassemblement\u00a0 \u00e0\u00a0<a href=\"http:\/\/kartor.eniro.se\/m\/XwVWN\">\u00d6stra Husby<\/a>\u00a0\u00e0 Vikbolandet au\u00a0<a href=\"http:\/\/kartor.eniro.se\/m\/XwVWN\">Caf\u00e9 Ro<\/a>\u00a0qui se trouve en face de l&rsquo;\u00e9glise o\u00f9 un petit casse-cro\u00fbte sera servi, suivi d&rsquo;une visite dans la boutique \u00ab\u00a0Romantiska ting\u00a0\u00bb qui se trouve \u00e0 proximit\u00e9.<br \/>11h30\u00a0 D\u00e9part pour le ch\u00e2teau de Mauritzberg datant du d\u00e9but du 16 si\u00e8cle.<br \/>12h00\u00a0\u00a0D\u00e9jeuner au restaurant \u00e0 c\u00f4t\u00e9 du ch\u00e2teau.<\/p><\/div><p><a title=\"Mus\u00e9e Zarah Leander\" href=\"http:\/\/zarahleander.se\/museet\/\"><img decoding=\"async\" src=\"https:\/\/www.aflinkoping.se\/images\/image3.jpeg\" alt=\"\" \/><\/a><br \/>Zarah Leandermuseet i H\u00e4radshammar<\/p><div>14h00\u00a0\u00a0 Rassemblement au mus\u00e9e de Zarah Leander \u00e0 H\u00e4radshammar o\u00f9<br \/>Brigitte Pettersson,\u00a0 secr\u00e9taire et amie de Zarah Leander nous guidera.<br \/>Caf\u00e9 et petit g\u00e2teau seront servis apr\u00e8s la visite du mus\u00e9e.<h2>Prix : 260 kr<\/h2><\/div><\/div>\t\t\t\t\t\t\t\t<\/div>\n\t\t\t\t<\/div>\n\t\t\t\t\t<\/div>\n\t\t<\/div>\n\t\t\t\t\t<\/div>\n\t\t<\/section>\n\t\t\t\t<\/div>\n\t\t","protected":false},"excerpt":{"rendered":"<p>L&rsquo;Alliance fran\u00e7aise de Norrk\u00f6ping est tr\u00e8s heureuse cette ann\u00e9e de vous inviter \u00e0 prendre part\u00a0 \u00e0 son excursion printani\u00e8re Samedi\u00a0 21\u00a0 mai 2016 \u00a0 Ch\u00e2teau de Mauritzberg 10 h00\u00a0 Rassemblement\u00a0 \u00e0\u00a0\u00d6stra Husby\u00a0\u00e0 Vikbolandet au\u00a0Caf\u00e9 Ro\u00a0qui se trouve en face de l&rsquo;\u00e9glise o\u00f9 un petit casse-cro\u00fbte sera servi, suivi d&rsquo;une visite dans la boutique \u00ab\u00a0Romantiska ting\u00a0\u00bb qui se trouve \u00e0 proximit\u00e9.11h30\u00a0 D\u00e9part pour le ch\u00e2teau de Mauritzberg datant du d\u00e9but du 16 si\u00e8cle.12h00\u00a0\u00a0D\u00e9jeuner au restaurant \u00e0 c\u00f4t\u00e9 du ch\u00e2teau. Zarah Leandermuseet i H\u00e4radshammar 14h00\u00a0\u00a0 Rassemblement au mus\u00e9e de Zarah Leander \u00e0 H\u00e4radshammar o\u00f9Brigitte Pettersson,\u00a0 secr\u00e9taire et amie de Zarah Leander nous guidera.Caf\u00e9 et petit g\u00e2teau seront servis apr\u00e8s la visite du mus\u00e9e. Prix : 260 kr<\/p>\n","protected":false},"author":1,"featured_media":0,"parent":0,"menu_order":0,"comment_status":"closed","ping_status":"closed","template":"","meta":{"om_disable_all_campaigns":false,"_monsterinsights_skip_tracking":false,"_monsterinsights_sitenote_active":false,"_monsterinsights_sitenote_note":"","_monsterinsights_sitenote_category":0,"_uf_show_specific_survey":0,"_uf_disable_surveys":false,"footnotes":""},"class_list":["post-360","page","type-page","status-publish","hentry"],"aioseo_notices":[],"rttpg_featured_image_url":null,"rttpg_author":{"display_name":"Super.admin","author_link":"https:\/\/alliancefr.se\/linkoping\/author\/admin2174\/"},"rttpg_comment":0,"rttpg_category":" <a href=\"https:\/\/alliancefr.se\/linkoping\/\" rel=\"tag\">Fran\u00e7ais<\/a>","rttpg_excerpt":"L&rsquo;Alliance fran\u00e7aise de Norrk\u00f6ping est tr\u00e8s heureuse cette ann\u00e9e de vous inviter \u00e0 prendre part\u00a0 \u00e0 son excursion printani\u00e8re Samedi\u00a0 21\u00a0 mai 2016 \u00a0 Ch\u00e2teau de Mauritzberg 10 h00\u00a0 Rassemblement\u00a0 \u00e0\u00a0\u00d6stra Husby\u00a0\u00e0 Vikbolandet au\u00a0Caf\u00e9 Ro\u00a0qui se trouve en face de l&rsquo;\u00e9glise o\u00f9 un petit casse-cro\u00fbte sera servi, suivi d&rsquo;une visite dans la boutique \u00ab\u00a0Romantiska ting\u00a0\u00bb\u2026","_links":{"self":[{"href":"https:\/\/alliancefr.se\/linkoping\/wp-json\/wp\/v2\/pages\/360","targetHints":{"allow":["GET"]}}],"collection":[{"href":"https:\/\/alliancefr.se\/linkoping\/wp-json\/wp\/v2\/pages"}],"about":[{"href":"https:\/\/alliancefr.se\/linkoping\/wp-json\/wp\/v2\/types\/page"}],"author":[{"embeddable":true,"href":"https:\/\/alliancefr.se\/linkoping\/wp-json\/wp\/v2\/users\/1"}],"replies":[{"embeddable":true,"href":"https:\/\/alliancefr.se\/linkoping\/wp-json\/wp\/v2\/comments?post=360"}],"version-history":[{"count":4,"href":"https:\/\/alliancefr.se\/linkoping\/wp-json\/wp\/v2\/pages\/360\/revisions"}],"predecessor-version":[{"id":364,"href":"https:\/\/alliancefr.se\/linkoping\/wp-json\/wp\/v2\/pages\/360\/revisions\/364"}],"wp:attachment":[{"href":"https:\/\/alliancefr.se\/linkoping\/wp-json\/wp\/v2\/media?parent=360"}],"curies":[{"name":"wp","href":"https:\/\/api.w.org\/{rel}","templated":true}]}}