{"id":355,"date":"2023-12-21T18:53:29","date_gmt":"2023-12-21T17:53:29","guid":{"rendered":"https:\/\/alliancefr.se\/linkoping\/?page_id=355"},"modified":"2023-12-21T18:56:29","modified_gmt":"2023-12-21T17:56:29","slug":"programme-printemps-2016","status":"publish","type":"page","link":"https:\/\/alliancefr.se\/linkoping\/programme-printemps-2016\/","title":{"rendered":"Programme printemps 2016"},"content":{"rendered":"\t\t<div data-elementor-type=\"wp-page\" data-elementor-id=\"355\" class=\"elementor elementor-355\">\n\t\t\t\t\t\t<section class=\"elementor-section elementor-top-section elementor-element elementor-element-c314bbb elementor-section-boxed elementor-section-height-default elementor-section-height-default\" data-id=\"c314bbb\" data-element_type=\"section\">\n\t\t\t\t\t\t<div class=\"elementor-container elementor-column-gap-default\">\n\t\t\t\t\t<div class=\"elementor-column elementor-col-100 elementor-top-column elementor-element elementor-element-1c2e62c\" data-id=\"1c2e62c\" data-element_type=\"column\">\n\t\t\t<div class=\"elementor-widget-wrap elementor-element-populated\">\n\t\t\t\t\t\t<div class=\"elementor-element elementor-element-fd58816 elementor-widget elementor-widget-text-editor\" data-id=\"fd58816\" data-element_type=\"widget\" data-widget_type=\"text-editor.default\">\n\t\t\t\t<div class=\"elementor-widget-container\">\n\t\t\t\t\t\t\t\t\t<p>Nous esp\u00e9rons vous retrouver nombreux lors de nos activit\u00e9s.<\/p><p>\u00a0<\/p><p>Le\u00a0<strong>\u00a0mardi 9 f\u00e9vrier<\/strong>\u00a0\u00e0 19h00 \u00e0 Folkuniversitetet,\u00a0<a href=\"http:\/\/kartor.eniro.se\/m\/AP6RQ\">S:t Larsgatan 44<\/a><\/p><p>\u00c0 18h30 la r\u00e9union annuelle.\u00a0<\/p><p>Apr\u00e8s la r\u00e9union\u00a0\u00a0Patrick H\u00e9bert,\u00a0Conseiller, Ambassade du Canada en Su\u00e8de parle de\u00a0\u201dLe Canada et L\u2019Arctique : le d\u00e9veloppement au service de la population du Nord\u201d<em>.<br \/><\/em><\/p><div>\u00a0<\/div><p><em>Un verre amical sera servi apr\u00e8s la conf\u00e9rence(50:-).<\/em><\/p><div>\u00a0<\/div><p>\u00a0<\/p><p>Le\u00a0<strong>mercredi 2 mars<\/strong>\u00a0\u00e0 19h00 \u00e0 Folkuniversitetet,\u00a0<a href=\"http:\/\/kartor.eniro.se\/m\/AP6RQ\">S:t Larsgatan 44<\/a><\/p><p>Cilla Lewenhaupt Herpe,\u00a0Paris, pr\u00e9sente son nouveau livre\u00a0\u201dCuisine Su\u00e9doise- r\u00e9cits et recettes\u201d. Cilla nous entraine dans sa Su\u00e8de gourmande. Elle pimente chaque plat de petites histoires li\u00e9es \u00e0 la grande histoire de son pays et truffe l\u2019ouvrage de charmants dessins. Un humour rare. Plus qu\u2019un livre de cuisine : un livre d\u00e9licieux.<\/p><div><em>Apr\u00e8s la conf\u00e9rence, nous servirons un petit souper ( 150:- )<\/em><br \/><p><em>Inscription (bindande) avant le\u00a0<strong>26 f\u00e9vrier<\/strong>\u00a0 aupr\u00e8s\u00a0<\/em><em>d&rsquo;Ulla Starkhammar t\u00e9l. 013-60650 ou\u00a0de Christer Gr\u00f6nevall t\u00e9l. 0705-778216.<\/em><\/p><\/div><p>\u00a0<\/p><p>Le\u00a0<strong>mardi 12 avril\u00a0<\/strong>\u00e0 19h00 \u00e0 Folkuniversitetet,\u00a0<a href=\"http:\/\/kartor.eniro.se\/m\/AP6RQ\">S:t Larsgatan 44<\/a><\/p><div>Anne-Marie Frankendal,\u00a0originaire de Bourgogne, pr\u00e9sidente de l\u2019Alliance Fran\u00e7aise\u00a0 \u00d6rebro 1975-1991 nous fera une conf\u00e9rence intitul\u00e9e\u00a0 \u201d1939-1944 Comment a-t-on sauv\u00e9 les tr\u00e9sors du Louvre\u201d.<\/div><p><br \/>Le\u00a0samedi 21 mai.\u00a0<\/p><div>L\u2019excursion du printemps.\u00a0C\u2019est A.F. de Norrk\u00f6ping qui arrange l\u2019excursion cette ann\u00e9e. Nous nous rassemblons \u00e0 \u00d6stra Husby pour une tasse de caf\u00e9 et continuons vers le ch\u00e2teau Mauritzberg pour le d\u00e9jeuner. Avant de rentrer nous allons \u00e0 H\u00e4radshammar et une visite guid\u00e9e au mus\u00e9e de Zarah Leander.\u00a0<a href=\"https:\/\/alliancefr.se\/linkoping\/excursion-mai-2016\/\">Programme d\u00e9taill\u00e9<\/a>.<br \/>Inscription avant le\u00a010 mai\u00a0aupr\u00e8s de Christer Gr\u00f6nevall t\u00e9l. 0705-778216 ou\u00a0<em>d&rsquo;Ulla Starkhammar t\u00e9l. 013-60650<\/em><\/div><p>\u00a0<\/p><p><strong>Soyez les bienvenus!<\/strong><\/p><p>\u00a0<\/p>\t\t\t\t\t\t\t\t<\/div>\n\t\t\t\t<\/div>\n\t\t\t\t\t<\/div>\n\t\t<\/div>\n\t\t\t\t\t<\/div>\n\t\t<\/section>\n\t\t\t\t<\/div>\n\t\t","protected":false},"excerpt":{"rendered":"<p>Nous esp\u00e9rons vous retrouver nombreux lors de nos activit\u00e9s. \u00a0 Le\u00a0\u00a0mardi 9 f\u00e9vrier\u00a0\u00e0 19h00 \u00e0 Folkuniversitetet,\u00a0S:t Larsgatan 44 \u00c0 18h30 la r\u00e9union annuelle.\u00a0 Apr\u00e8s la r\u00e9union\u00a0\u00a0Patrick H\u00e9bert,\u00a0Conseiller, Ambassade du Canada en Su\u00e8de parle de\u00a0\u201dLe Canada et L\u2019Arctique : le d\u00e9veloppement au service de la population du Nord\u201d. \u00a0 Un verre amical sera servi apr\u00e8s la conf\u00e9rence(50:-). \u00a0 \u00a0 Le\u00a0mercredi 2 mars\u00a0\u00e0 19h00 \u00e0 Folkuniversitetet,\u00a0S:t Larsgatan 44 Cilla Lewenhaupt Herpe,\u00a0Paris, pr\u00e9sente son nouveau livre\u00a0\u201dCuisine Su\u00e9doise- r\u00e9cits et recettes\u201d. Cilla nous entraine dans sa Su\u00e8de gourmande. Elle pimente chaque plat de petites histoires li\u00e9es \u00e0 la grande histoire de son pays et truffe l\u2019ouvrage de charmants dessins. Un humour rare. Plus qu\u2019un livre de cuisine : un livre d\u00e9licieux. Apr\u00e8s la conf\u00e9rence, nous servirons un petit souper ( 150:- ) Inscription (bindande) avant le\u00a026 f\u00e9vrier\u00a0 aupr\u00e8s\u00a0d&rsquo;Ulla Starkhammar t\u00e9l. 013-60650 ou\u00a0de Christer Gr\u00f6nevall t\u00e9l. 0705-778216. \u00a0 Le\u00a0mardi 12 avril\u00a0\u00e0 19h00 \u00e0 Folkuniversitetet,\u00a0S:t Larsgatan 44 Anne-Marie Frankendal,\u00a0originaire de Bourgogne, pr\u00e9sidente de l\u2019Alliance Fran\u00e7aise\u00a0 \u00d6rebro 1975-1991 nous fera une conf\u00e9rence intitul\u00e9e\u00a0 \u201d1939-1944 Comment a-t-on sauv\u00e9 les tr\u00e9sors du Louvre\u201d. Le\u00a0samedi 21 mai.\u00a0 L\u2019excursion du printemps.\u00a0C\u2019est A.F. de Norrk\u00f6ping qui arrange l\u2019excursion cette ann\u00e9e. Nous nous rassemblons \u00e0 \u00d6stra Husby pour une tasse de caf\u00e9 et continuons vers le ch\u00e2teau Mauritzberg pour le d\u00e9jeuner. Avant de rentrer nous allons \u00e0 H\u00e4radshammar et une visite guid\u00e9e au mus\u00e9e de Zarah Leander.\u00a0Programme d\u00e9taill\u00e9.Inscription avant le\u00a010 mai\u00a0aupr\u00e8s de Christer Gr\u00f6nevall t\u00e9l. 0705-778216 ou\u00a0d&rsquo;Ulla Starkhammar t\u00e9l. 013-60650 \u00a0 Soyez les bienvenus! \u00a0<\/p>\n","protected":false},"author":1,"featured_media":0,"parent":0,"menu_order":0,"comment_status":"closed","ping_status":"closed","template":"","meta":{"om_disable_all_campaigns":false,"_monsterinsights_skip_tracking":false,"_monsterinsights_sitenote_active":false,"_monsterinsights_sitenote_note":"","_monsterinsights_sitenote_category":0,"_uf_show_specific_survey":0,"_uf_disable_surveys":false,"footnotes":""},"class_list":["post-355","page","type-page","status-publish","hentry"],"aioseo_notices":[],"rttpg_featured_image_url":null,"rttpg_author":{"display_name":"Super.admin","author_link":"https:\/\/alliancefr.se\/linkoping\/author\/admin2174\/"},"rttpg_comment":0,"rttpg_category":" <a href=\"https:\/\/alliancefr.se\/linkoping\/\" rel=\"tag\">Fran\u00e7ais<\/a>","rttpg_excerpt":"Nous esp\u00e9rons vous retrouver nombreux lors de nos activit\u00e9s. \u00a0 Le\u00a0\u00a0mardi 9 f\u00e9vrier\u00a0\u00e0 19h00 \u00e0 Folkuniversitetet,\u00a0S:t Larsgatan 44 \u00c0 18h30 la r\u00e9union annuelle.\u00a0 Apr\u00e8s la r\u00e9union\u00a0\u00a0Patrick H\u00e9bert,\u00a0Conseiller, Ambassade du Canada en Su\u00e8de parle de\u00a0\u201dLe Canada et L\u2019Arctique : le d\u00e9veloppement au service de la population du Nord\u201d. \u00a0 Un verre amical sera servi apr\u00e8s la\u2026","_links":{"self":[{"href":"https:\/\/alliancefr.se\/linkoping\/wp-json\/wp\/v2\/pages\/355","targetHints":{"allow":["GET"]}}],"collection":[{"href":"https:\/\/alliancefr.se\/linkoping\/wp-json\/wp\/v2\/pages"}],"about":[{"href":"https:\/\/alliancefr.se\/linkoping\/wp-json\/wp\/v2\/types\/page"}],"author":[{"embeddable":true,"href":"https:\/\/alliancefr.se\/linkoping\/wp-json\/wp\/v2\/users\/1"}],"replies":[{"embeddable":true,"href":"https:\/\/alliancefr.se\/linkoping\/wp-json\/wp\/v2\/comments?post=355"}],"version-history":[{"count":7,"href":"https:\/\/alliancefr.se\/linkoping\/wp-json\/wp\/v2\/pages\/355\/revisions"}],"predecessor-version":[{"id":367,"href":"https:\/\/alliancefr.se\/linkoping\/wp-json\/wp\/v2\/pages\/355\/revisions\/367"}],"wp:attachment":[{"href":"https:\/\/alliancefr.se\/linkoping\/wp-json\/wp\/v2\/media?parent=355"}],"curies":[{"name":"wp","href":"https:\/\/api.w.org\/{rel}","templated":true}]}}