{"id":350,"date":"2023-12-21T18:52:31","date_gmt":"2023-12-21T17:52:31","guid":{"rendered":"https:\/\/alliancefr.se\/linkoping\/?page_id=350"},"modified":"2023-12-21T18:52:54","modified_gmt":"2023-12-21T17:52:54","slug":"programme-automne-2016","status":"publish","type":"page","link":"https:\/\/alliancefr.se\/linkoping\/programme-automne-2016\/","title":{"rendered":"Programme automne 2016"},"content":{"rendered":"\t\t<div data-elementor-type=\"wp-page\" data-elementor-id=\"350\" class=\"elementor elementor-350\">\n\t\t\t\t\t\t<section class=\"elementor-section elementor-top-section elementor-element elementor-element-2006123 elementor-section-boxed elementor-section-height-default elementor-section-height-default\" data-id=\"2006123\" data-element_type=\"section\">\n\t\t\t\t\t\t<div class=\"elementor-container elementor-column-gap-default\">\n\t\t\t\t\t<div class=\"elementor-column elementor-col-100 elementor-top-column elementor-element elementor-element-f268cfe\" data-id=\"f268cfe\" data-element_type=\"column\">\n\t\t\t<div class=\"elementor-widget-wrap elementor-element-populated\">\n\t\t\t\t\t\t<div class=\"elementor-element elementor-element-6ae6e91 elementor-widget elementor-widget-text-editor\" data-id=\"6ae6e91\" data-element_type=\"widget\" data-widget_type=\"text-editor.default\">\n\t\t\t\t<div class=\"elementor-widget-container\">\n\t\t\t\t\t\t\t\t\t<p>Nous esp\u00e9rons vous retrouver nombreux lors de nos activit\u00e9s.<\/p><p>\u00a0<\/p><p>Le\u00a0<strong>\u00a0mardi 27 septembre<\/strong>\u00a0\u00e0 19h00 \u00e0 Folkuniversitetet,\u00a0<a href=\"http:\/\/kartor.eniro.se\/m\/AP6RQ\">S:t Larsgatan 44, salle 12<\/a><\/p><p><strong>Viveka Adelsw\u00e4rd<\/strong>, professor emerita vid Link\u00f6pings universitet, presenterar p\u00e5 svenska\u00a0<strong>Den franska grenen av familjen Adelsw\u00e4rd<\/strong>. Det \u00e4r en sp\u00e4nnande historia som b\u00f6rjar med Jean-Baptiste Bernadotte och slutar vid en grav p\u00e5 Capri. F\u00f6redraget bygger delvis p\u00e5 hennes bok Alltf\u00f6r adlig, alltf\u00f6r rik, alltf\u00f6r l\u00e4ttjefull, som snart kommer i en fransk version och kommer att illustreras med unika fotografier.<br \/><strong>Fyllnadsval av revisor<\/strong>: Valberedningen f\u00f6resl\u00e5r Susanne Eriksson.<br \/><br \/><\/p><div>\u00a0<\/div><p><em>Un verre amical sera servi apr\u00e8s l&rsquo;\u00e9lection(50:-).<\/em><\/p><div>\u00a0<\/div><p>\u00a0<\/p><p>Le\u00a0<strong>dimance 9 octobre<\/strong>\u00a0\u00e0 14h30 \u00e0\u00a0<a href=\"http:\/\/kartor.eniro.se\/m\/xkr0W\">Font\u00e4nen, Vagnhallen (Gamla gamla brandstationen), V\u00e4stra v\u00e4gen 32<\/a><strong><br \/><\/strong><\/p><p><strong>Observera tid och plats<\/strong>.<br \/>Napoleons\u00e4llskapet i Sverige inbjuder medlemmarna i Alliance fran\u00e7aise de Link\u00f6ping att komma och lyssna p\u00e5 ett f\u00f6redrag,\u00a0<strong>Les \u00eeles de Napol\u00e9on<\/strong>, som h\u00e5lls av\u00a0<strong>David Chanteranne<\/strong>\u00a0fr\u00e5n Paris. Han \u00e4r redakt\u00f6r f\u00f6r f\u00f6reningen\u00a0<a href=\"http:\/\/www.souvenirnapoleonien.org\/\"><em>Le Souvenir napol\u00e9oniens<\/em><\/a>\u00a0tidskrift\u00a0<em>La Revue du Souvenir Napol\u00e9onien<\/em>. F\u00f6redraget grundar sig p\u00e5 hans bok\u00a0<em>L\u2019insulaire. Les neuf vies de Napol\u00e9on<\/em>. F\u00f6redraget simultantolkas fr\u00e5n franska till svenska av Anne Silfverski\u00f6ld, ordf\u00f6rande i\u00a0<a href=\"https:\/\/www.napoleon-sallskapet.se\/\">Napoleons\u00e4llskapet<\/a>\u00a0i Sverige.<\/p><p>\u00a0<\/p><p>Le\u00a0<strong>vendredi 28 octobre\u00a0<\/strong>\u00e0 19h00 \u00e0 Folkuniversitetet,\u00a0<a href=\"http:\/\/kartor.eniro.se\/m\/AP6RQ\">S:t Larsgatan 44, salle 12<br \/><\/a><\/p><div>Discussion ouverte autour de l&rsquo;\u00e9criture romanesque avec\u00a0<a href=\"http:\/\/www.stephanie-janicot.com\/\"><strong>St\u00e9phanie Janicot<\/strong><\/a>, \u00e9crivaine et journaliste, sur le th\u00e8me\u00a0<em>Comment la fiction, m\u00eame la plus imaginative, est toujours le reflet du r\u00e9el<\/em>.<\/div><p>\u00a0<\/p><div>\u00a0<\/div><p><em>Apr\u00e8s la conf\u00e9rence un petit souper (150 SEK) sera servi. Inscription (bindande) avant le 23 novembre aupr\u00e8s d&rsquo;<\/em><em>Ulla Starkhammar (t\u00e9l. 013-60650) ou de Christer Gr\u00f6nevall (t\u00e9l.\u00a0<b><strong>0705-778216<\/strong><\/b>,\u00a0<a href=\"mailto:christer.gronevall@gmail.com\">christer.gronevall@gmail.com<\/a>\u00a0).<\/em><\/p><div>\u00a0<\/div><p><br \/>Le\u00a0<strong>\u00a0mercredi 30 novembre<\/strong>\u00a0\u00e0 19h00 \u00e0 Folkuniversitetet,\u00a0<a href=\"http:\/\/kartor.eniro.se\/m\/AP6RQ\">S:t Larsgatan 44, salle 12<\/a><\/p><p><strong>Franck-Gilles Miciol<\/strong>, enseignant \u00e0 l\u00b4universit\u00e9 de Link\u00f6ping, vous proposera un voyage dans son\u00a0<strong>Pays Basque<\/strong>\u00a0natal, tout en vous faisant d\u00e9couvrir divers aspects physiques, historiques et culturels de cette r\u00e9gion du sud-ouest de la France. Franck-Gilles insistera sur les traditions et les valeurs partag\u00e9es par un peuple dont la sp\u00e9cificit\u00e9, la langue et les origines sont toujours aujourd\u00b4hui un myst\u00e8re.<br \/><br \/><\/p><div>\u00a0<\/div><p><em>Un verre amical sera servi apr\u00e8s la conf\u00e9rence(50:-).<\/em><\/p><p>\u00a0<\/p><p><strong>Soyez les bienvenus!<\/strong><\/p><div><p>Medlem som inte har meddelat sin e-postadress uppmanas att s\u00e4nda den till\u00a0<a href=\"mailto:christer.gronevall@gmail.com\">christer.gronevall@gmail.com<\/a><\/p><\/div>\t\t\t\t\t\t\t\t<\/div>\n\t\t\t\t<\/div>\n\t\t\t\t\t<\/div>\n\t\t<\/div>\n\t\t\t\t\t<\/div>\n\t\t<\/section>\n\t\t\t\t<\/div>\n\t\t","protected":false},"excerpt":{"rendered":"<p>Nous esp\u00e9rons vous retrouver nombreux lors de nos activit\u00e9s. \u00a0 Le\u00a0\u00a0mardi 27 septembre\u00a0\u00e0 19h00 \u00e0 Folkuniversitetet,\u00a0S:t Larsgatan 44, salle 12 Viveka Adelsw\u00e4rd, professor emerita vid Link\u00f6pings universitet, presenterar p\u00e5 svenska\u00a0Den franska grenen av familjen Adelsw\u00e4rd. Det \u00e4r en sp\u00e4nnande historia som b\u00f6rjar med Jean-Baptiste Bernadotte och slutar vid en grav p\u00e5 Capri. F\u00f6redraget bygger delvis p\u00e5 hennes bok Alltf\u00f6r adlig, alltf\u00f6r rik, alltf\u00f6r l\u00e4ttjefull, som snart kommer i en fransk version och kommer att illustreras med unika fotografier.Fyllnadsval av revisor: Valberedningen f\u00f6resl\u00e5r Susanne Eriksson. \u00a0 Un verre amical sera servi apr\u00e8s l&rsquo;\u00e9lection(50:-). \u00a0 \u00a0 Le\u00a0dimance 9 octobre\u00a0\u00e0 14h30 \u00e0\u00a0Font\u00e4nen, Vagnhallen (Gamla gamla brandstationen), V\u00e4stra v\u00e4gen 32 Observera tid och plats.Napoleons\u00e4llskapet i Sverige inbjuder medlemmarna i Alliance fran\u00e7aise de Link\u00f6ping att komma och lyssna p\u00e5 ett f\u00f6redrag,\u00a0Les \u00eeles de Napol\u00e9on, som h\u00e5lls av\u00a0David Chanteranne\u00a0fr\u00e5n Paris. Han \u00e4r redakt\u00f6r f\u00f6r f\u00f6reningen\u00a0Le Souvenir napol\u00e9oniens\u00a0tidskrift\u00a0La Revue du Souvenir Napol\u00e9onien. F\u00f6redraget grundar sig p\u00e5 hans bok\u00a0L\u2019insulaire. Les neuf vies de Napol\u00e9on. F\u00f6redraget simultantolkas fr\u00e5n franska till svenska av Anne Silfverski\u00f6ld, ordf\u00f6rande i\u00a0Napoleons\u00e4llskapet\u00a0i Sverige. \u00a0 Le\u00a0vendredi 28 octobre\u00a0\u00e0 19h00 \u00e0 Folkuniversitetet,\u00a0S:t Larsgatan 44, salle 12 Discussion ouverte autour de l&rsquo;\u00e9criture romanesque avec\u00a0St\u00e9phanie Janicot, \u00e9crivaine et journaliste, sur le th\u00e8me\u00a0Comment la fiction, m\u00eame la plus imaginative, est toujours le reflet du r\u00e9el. \u00a0 \u00a0 Apr\u00e8s la conf\u00e9rence un petit souper (150 SEK) sera servi. Inscription (bindande) avant le 23 novembre aupr\u00e8s d&rsquo;Ulla Starkhammar (t\u00e9l. 013-60650) ou de Christer Gr\u00f6nevall (t\u00e9l.\u00a00705-778216,\u00a0christer.gronevall@gmail.com\u00a0). \u00a0 Le\u00a0\u00a0mercredi 30 novembre\u00a0\u00e0 19h00 \u00e0 Folkuniversitetet,\u00a0S:t Larsgatan 44, salle 12 Franck-Gilles Miciol, enseignant \u00e0 l\u00b4universit\u00e9 de Link\u00f6ping, vous proposera un voyage dans son\u00a0Pays Basque\u00a0natal, tout en vous faisant d\u00e9couvrir divers aspects physiques, historiques et culturels de cette r\u00e9gion du sud-ouest de la France. Franck-Gilles insistera sur les traditions et les valeurs partag\u00e9es par un peuple dont la sp\u00e9cificit\u00e9, la langue et les origines sont toujours aujourd\u00b4hui un myst\u00e8re. \u00a0 Un verre amical sera servi apr\u00e8s la conf\u00e9rence(50:-). \u00a0 Soyez les bienvenus! Medlem som inte har meddelat sin e-postadress uppmanas att s\u00e4nda den till\u00a0christer.gronevall@gmail.com<\/p>\n","protected":false},"author":1,"featured_media":0,"parent":0,"menu_order":0,"comment_status":"closed","ping_status":"closed","template":"","meta":{"om_disable_all_campaigns":false,"_monsterinsights_skip_tracking":false,"_monsterinsights_sitenote_active":false,"_monsterinsights_sitenote_note":"","_monsterinsights_sitenote_category":0,"_uf_show_specific_survey":0,"_uf_disable_surveys":false,"footnotes":""},"class_list":["post-350","page","type-page","status-publish","hentry"],"aioseo_notices":[],"rttpg_featured_image_url":null,"rttpg_author":{"display_name":"Super.admin","author_link":"https:\/\/alliancefr.se\/linkoping\/author\/admin2174\/"},"rttpg_comment":0,"rttpg_category":" <a href=\"https:\/\/alliancefr.se\/linkoping\/\" rel=\"tag\">Fran\u00e7ais<\/a>","rttpg_excerpt":"Nous esp\u00e9rons vous retrouver nombreux lors de nos activit\u00e9s. \u00a0 Le\u00a0\u00a0mardi 27 septembre\u00a0\u00e0 19h00 \u00e0 Folkuniversitetet,\u00a0S:t Larsgatan 44, salle 12 Viveka Adelsw\u00e4rd, professor emerita vid Link\u00f6pings universitet, presenterar p\u00e5 svenska\u00a0Den franska grenen av familjen Adelsw\u00e4rd. Det \u00e4r en sp\u00e4nnande historia som b\u00f6rjar med Jean-Baptiste Bernadotte och slutar vid en grav p\u00e5 Capri. F\u00f6redraget bygger delvis\u2026","_links":{"self":[{"href":"https:\/\/alliancefr.se\/linkoping\/wp-json\/wp\/v2\/pages\/350","targetHints":{"allow":["GET"]}}],"collection":[{"href":"https:\/\/alliancefr.se\/linkoping\/wp-json\/wp\/v2\/pages"}],"about":[{"href":"https:\/\/alliancefr.se\/linkoping\/wp-json\/wp\/v2\/types\/page"}],"author":[{"embeddable":true,"href":"https:\/\/alliancefr.se\/linkoping\/wp-json\/wp\/v2\/users\/1"}],"replies":[{"embeddable":true,"href":"https:\/\/alliancefr.se\/linkoping\/wp-json\/wp\/v2\/comments?post=350"}],"version-history":[{"count":4,"href":"https:\/\/alliancefr.se\/linkoping\/wp-json\/wp\/v2\/pages\/350\/revisions"}],"predecessor-version":[{"id":354,"href":"https:\/\/alliancefr.se\/linkoping\/wp-json\/wp\/v2\/pages\/350\/revisions\/354"}],"wp:attachment":[{"href":"https:\/\/alliancefr.se\/linkoping\/wp-json\/wp\/v2\/media?parent=350"}],"curies":[{"name":"wp","href":"https:\/\/api.w.org\/{rel}","templated":true}]}}