{"id":345,"date":"2023-12-21T18:51:42","date_gmt":"2023-12-21T17:51:42","guid":{"rendered":"https:\/\/alliancefr.se\/linkoping\/?page_id=345"},"modified":"2023-12-21T18:51:58","modified_gmt":"2023-12-21T17:51:58","slug":"programme-printemps-2017","status":"publish","type":"page","link":"https:\/\/alliancefr.se\/linkoping\/programme-printemps-2017\/","title":{"rendered":"Programme printemps 2017"},"content":{"rendered":"\t\t<div data-elementor-type=\"wp-page\" data-elementor-id=\"345\" class=\"elementor elementor-345\">\n\t\t\t\t\t\t<section class=\"elementor-section elementor-top-section elementor-element elementor-element-6d5747c elementor-section-boxed elementor-section-height-default elementor-section-height-default\" data-id=\"6d5747c\" data-element_type=\"section\">\n\t\t\t\t\t\t<div class=\"elementor-container elementor-column-gap-default\">\n\t\t\t\t\t<div class=\"elementor-column elementor-col-100 elementor-top-column elementor-element elementor-element-d2501dc\" data-id=\"d2501dc\" data-element_type=\"column\">\n\t\t\t<div class=\"elementor-widget-wrap elementor-element-populated\">\n\t\t\t\t\t\t<div class=\"elementor-element elementor-element-42a3abe elementor-widget elementor-widget-text-editor\" data-id=\"42a3abe\" data-element_type=\"widget\" data-widget_type=\"text-editor.default\">\n\t\t\t\t<div class=\"elementor-widget-container\">\n\t\t\t\t\t\t\t\t\t<p>Nous esp\u00e9rons vous retrouver nombreux lors de nos activit\u00e9s.<\/p><p>\u00a0<\/p><p>Le\u00a0<strong>\u00a0lundi 13 f\u00e9vrier\u00a0<\/strong>\u00e0 19h00 \u00e0 Folkuniversitetet,\u00a0<a href=\"http:\/\/kartor.eniro.se\/m\/AP6RQ\">S:t Larsgatan 44, salle 22<\/a><\/p><p><strong>Assembl\u00e9e annuelle\u00a0<\/strong>(le comit\u00e9 propose une augmentation de la cotisation \u00e0 200 kr\/personne, 350 kr\/couple, 100 kr\/\u00e9tudiant \u00e0 partir de 2018)<strong><br \/>Sur les pas d\u2019artistes et \u00e9crivains en Provence.<br \/><\/strong>Madame\u00a0<strong>Margareta Tham<\/strong>\u00a0donnera, apr\u00e8s l\u2019Assembl\u00e9e annuelle, une conf\u00e9rence bas\u00e9e sur son livre\u00a0<strong>Vandra med f\u00f6rfattare och konstn\u00e4rer i Provence.<\/strong><\/p><div>\u00a0<\/div><p><em>Un verre amical sera servi apr\u00e8s la conf\u00e9rence(50:-).<\/em><\/p><div>\u00a0<\/div><p>\u00a0<\/p><p>Le\u00a0<strong>mardi 14 mars<\/strong>\u00a0\u00e0 19h00 \u00e0 \u00e0 Folkuniversitetet,\u00a0<a href=\"http:\/\/kartor.eniro.se\/m\/AP6RQ\">S:t Larsgatan 44, salle 13<br \/><\/a><\/p><p><strong>L\u2019\u00e9lection pr\u00e9sidentielle fran\u00e7aise de 2017<\/strong><br \/>Monsieur\u00a0<strong>Jean Andr\u00e9<\/strong>, de l\u2019Universit\u00e9 de Link\u00f6ping, fera le point avant le premier tour de l\u2019\u00e9lection pr\u00e9sidentielle du 23 avril.<\/p><p>\u00a0<\/p><div>\u00a0<\/div><p><em>Apr\u00e8s la conf\u00e9rence un petit souper (150 SEK) sera servi. Inscription (bindande) pour le souper avant le 8 mars aupr\u00e8s\u00a0<\/em><em>de Christer Gr\u00f6nevall (t\u00e9l. 0705-778216,\u00a0<a href=\"mailto:christer.gronevall@gmail.com\">christer.gronevall@gmail.com<\/a>\u00a0) ou d&rsquo;Ulf Ekblad (\u00a0<a href=\"mailto:ulf.ekblad@comhem.se\">ulf.ekblad@comhem.se<\/a>).<\/em><\/p><div>\u00a0<\/div><p>\u00a0<\/p><p>Le\u00a0<strong>jeudi 20 avril\u00a0<\/strong>\u00e0 19h00 \u00e0 Folkuniversitetet,\u00a0<a href=\"http:\/\/kartor.eniro.se\/m\/AP6RQ\">S:t Larsgatan 44, salle 11<br \/><\/a><\/p><div><strong>Une jeune su\u00e9doise au-pair en France<\/strong><br \/>Mlle\u00a0<strong>Tilda Herrstr\u00f6m<\/strong>\u00a0nous raconte son histoire entre enfants et c\u00e9l\u00e9brit\u00e9s.<\/div><p>\u00a0<\/p><div>\u00a0<\/div><p><em>Un verre amical sera servi apr\u00e8s la conf\u00e9rence(50:-).<\/em><\/p><p><br \/>Le\u00a0<strong>\u00a0samedi 13 mai<\/strong><\/p><p><strong>L\u2019excursion du printemps \u00e0 Askeby<\/strong><br \/>Cette ann\u00e9e s\u2019est notre alliance qui organisera l\u2019excursion traditionnelle. Nous nous rassemblerons \u00e0 10h00 \u00e0\u00a0<a href=\"https:\/\/www.google.se\/maps\/@58.40864,15.8559,596m\/data=!3m1!1e3\">Askeby<\/a>\u00a0o\u00f9 nous commen\u00e7erons par caf\u00e9\/th\u00e9 et \u00ab fralla \u00bb. Puis nous visiterons l\u2019\u00e9glise et\u00a0<a href=\"http:\/\/askebyabbey.com\/?lang=fr\">Askeby kloster<\/a>. On terminera par le d\u00e9jeuner \u00e0\u00a0<a href=\"http:\/\/www.klefstad.se\/restaurangen.asp\">Klefstad g\u00e5rd<\/a>.<br \/><br \/>Den f\u00f6r Alliancerna i Nyk\u00f6ping, Norrk\u00f6ping och Link\u00f6ping \u00e5rliga gemensamma utflykten anordnas i \u00e5r av Alliance fran\u00e7aise de Link\u00f6ping. Vi \u00e5ker till Askeby och tittar p\u00e5 Askeby klosterkyrka, som \u00e4r det enda som finns kvar i dag av det gamla medeltida nunneklostret. Vi f\u00e5r genom de senaste \u00e5rens multimediavisualiseringar, som gjorts av klostret, \u201duppleva\u201d hur det var i klostret under medeltiden.<br \/><br \/>Vi samlas kl. 10.00 vid Askeby kyrka och f\u00f6rsamlingsg\u00e5rd (parkeringsplatsens koordinater: N 58\u00b0 24&prime; 31.11&Prime;, E 15\u00b0 51&prime; 21.24&Prime;; eller N 58\u00b0 24.5185&prime;, E 15\u00b0 51.3540&prime;; eller 58.40864, 15.85590). Askeby ligger 4,5 km sydost om Linghem.<br \/><br \/>Vi b\u00f6rjar dagen med fika (kaffe\/te och sm\u00f6rg\u00e5s (fralla)). Efter visningen av svensktalande guide beger vi oss till pittoreska Klefstad g\u00e5rd, 3 km nordost om Askeby, d\u00e4r lunch intas. Det blir slottsstek med husets speciella kalla s\u00e5s, sm\u00f6r, br\u00f6d, kokt dillpotatis samt varma och kalla gr\u00f6nsaker. Till efterr\u00e4tt blir det rabarberpaj (rabarber = v\u00e5rprim\u00f6r) med vaniljs\u00e5s, kaffe och kaka. L\u00e4ttdryck ing\u00e5r.<br \/><br \/>Kostnaderna f\u00f6r denna dag uppg\u00e5r till 330 kr\/person. Detta belopp vill vi f\u00e5 insatt av ALLA deltagare p\u00e5 f\u00f6reningens plusgiro 57 10 45 &#8211; 4 (Alliance de Link\u00f6ping) senast s\u00f6ndag 7 maj 2017. Bindande anm\u00e4lan g\u00f6rs f\u00f6re tisdag 2 maj 2017 till Christer Gr\u00f6nevall (tel. 0705-778216,\u00a0<a href=\"mailto:christer.gronevall@gmail.com\">christer.gronevall@gmail.com<\/a>) eller till Ulf Ekblad (\u00a0<a href=\"mailto:ulf.ekblad@comhem.se\">ulf.ekblad@comhem.se<\/a>). I samband med anm\u00e4lan vill vi ha uppgift om behov av specialkost. Dessutom uppmanas de som har lediga platser i sina bilar att meddela sin Alliance detta och att de som har behov av sam\u00e5kning likas\u00e5 meddelar sin Alliance detta, s\u00e5 att respektive Alliance kan organisera transporterna.<br \/><br \/><br \/>\u00a0<\/p><p><strong>Soyez les bienvenus!<\/strong><\/p><div><p>Ni som anv\u00e4nder er av elektronisk mail och inte har meddelat oss er e-postadress kan s\u00e4nda den till\u00a0<a href=\"mailto:kenneth.anderini@telia.com\">kenneth.anderini@telia.com<\/a><\/p><\/div>\t\t\t\t\t\t\t\t<\/div>\n\t\t\t\t<\/div>\n\t\t\t\t\t<\/div>\n\t\t<\/div>\n\t\t\t\t\t<\/div>\n\t\t<\/section>\n\t\t\t\t<\/div>\n\t\t","protected":false},"excerpt":{"rendered":"<p>Nous esp\u00e9rons vous retrouver nombreux lors de nos activit\u00e9s. \u00a0 Le\u00a0\u00a0lundi 13 f\u00e9vrier\u00a0\u00e0 19h00 \u00e0 Folkuniversitetet,\u00a0S:t Larsgatan 44, salle 22 Assembl\u00e9e annuelle\u00a0(le comit\u00e9 propose une augmentation de la cotisation \u00e0 200 kr\/personne, 350 kr\/couple, 100 kr\/\u00e9tudiant \u00e0 partir de 2018)Sur les pas d\u2019artistes et \u00e9crivains en Provence.Madame\u00a0Margareta Tham\u00a0donnera, apr\u00e8s l\u2019Assembl\u00e9e annuelle, une conf\u00e9rence bas\u00e9e sur son livre\u00a0Vandra med f\u00f6rfattare och konstn\u00e4rer i Provence. \u00a0 Un verre amical sera servi apr\u00e8s la conf\u00e9rence(50:-). \u00a0 \u00a0 Le\u00a0mardi 14 mars\u00a0\u00e0 19h00 \u00e0 \u00e0 Folkuniversitetet,\u00a0S:t Larsgatan 44, salle 13 L\u2019\u00e9lection pr\u00e9sidentielle fran\u00e7aise de 2017Monsieur\u00a0Jean Andr\u00e9, de l\u2019Universit\u00e9 de Link\u00f6ping, fera le point avant le premier tour de l\u2019\u00e9lection pr\u00e9sidentielle du 23 avril. \u00a0 \u00a0 Apr\u00e8s la conf\u00e9rence un petit souper (150 SEK) sera servi. Inscription (bindande) pour le souper avant le 8 mars aupr\u00e8s\u00a0de Christer Gr\u00f6nevall (t\u00e9l. 0705-778216,\u00a0christer.gronevall@gmail.com\u00a0) ou d&rsquo;Ulf Ekblad (\u00a0ulf.ekblad@comhem.se). \u00a0 \u00a0 Le\u00a0jeudi 20 avril\u00a0\u00e0 19h00 \u00e0 Folkuniversitetet,\u00a0S:t Larsgatan 44, salle 11 Une jeune su\u00e9doise au-pair en FranceMlle\u00a0Tilda Herrstr\u00f6m\u00a0nous raconte son histoire entre enfants et c\u00e9l\u00e9brit\u00e9s. \u00a0 \u00a0 Un verre amical sera servi apr\u00e8s la conf\u00e9rence(50:-). Le\u00a0\u00a0samedi 13 mai L\u2019excursion du printemps \u00e0 AskebyCette ann\u00e9e s\u2019est notre alliance qui organisera l\u2019excursion traditionnelle. Nous nous rassemblerons \u00e0 10h00 \u00e0\u00a0Askeby\u00a0o\u00f9 nous commen\u00e7erons par caf\u00e9\/th\u00e9 et \u00ab fralla \u00bb. Puis nous visiterons l\u2019\u00e9glise et\u00a0Askeby kloster. On terminera par le d\u00e9jeuner \u00e0\u00a0Klefstad g\u00e5rd. Den f\u00f6r Alliancerna i Nyk\u00f6ping, Norrk\u00f6ping och Link\u00f6ping \u00e5rliga gemensamma utflykten anordnas i \u00e5r av Alliance fran\u00e7aise de Link\u00f6ping. Vi \u00e5ker till Askeby och tittar p\u00e5 Askeby klosterkyrka, som \u00e4r det enda som finns kvar i dag av det gamla medeltida nunneklostret. Vi f\u00e5r genom de senaste \u00e5rens multimediavisualiseringar, som gjorts av klostret, \u201duppleva\u201d hur det var i klostret under medeltiden. Vi samlas kl. 10.00 vid Askeby kyrka och f\u00f6rsamlingsg\u00e5rd (parkeringsplatsens koordinater: N 58\u00b0 24&prime; 31.11&Prime;, E 15\u00b0 51&prime; 21.24&Prime;; eller N 58\u00b0 24.5185&prime;, E 15\u00b0 51.3540&prime;; eller 58.40864, 15.85590). Askeby ligger 4,5 km sydost om Linghem. Vi b\u00f6rjar dagen med fika (kaffe\/te och sm\u00f6rg\u00e5s (fralla)). Efter visningen av svensktalande guide beger vi oss till pittoreska Klefstad g\u00e5rd, 3 km nordost om Askeby, d\u00e4r lunch intas. Det blir slottsstek med husets speciella kalla s\u00e5s, sm\u00f6r, br\u00f6d, kokt dillpotatis samt varma och kalla gr\u00f6nsaker. Till efterr\u00e4tt blir det rabarberpaj (rabarber = v\u00e5rprim\u00f6r) med vaniljs\u00e5s, kaffe och kaka. L\u00e4ttdryck ing\u00e5r. Kostnaderna f\u00f6r denna dag uppg\u00e5r till 330 kr\/person. Detta belopp vill vi f\u00e5 insatt av ALLA deltagare p\u00e5 f\u00f6reningens plusgiro 57 10 45 &#8211; 4 (Alliance de Link\u00f6ping) senast s\u00f6ndag 7 maj 2017. Bindande anm\u00e4lan g\u00f6rs f\u00f6re tisdag 2 maj 2017 till Christer Gr\u00f6nevall (tel. 0705-778216,\u00a0christer.gronevall@gmail.com) eller till Ulf Ekblad (\u00a0ulf.ekblad@comhem.se). I samband med anm\u00e4lan vill vi ha uppgift om behov av specialkost. Dessutom uppmanas de som har lediga platser i sina bilar att meddela sin Alliance detta och att de som har behov av sam\u00e5kning likas\u00e5 meddelar sin Alliance detta, s\u00e5 att respektive Alliance kan organisera transporterna. \u00a0 Soyez les bienvenus! Ni som anv\u00e4nder er av elektronisk mail och inte har meddelat oss er e-postadress kan s\u00e4nda den till\u00a0kenneth.anderini@telia.com<\/p>\n","protected":false},"author":1,"featured_media":0,"parent":0,"menu_order":0,"comment_status":"closed","ping_status":"closed","template":"","meta":{"om_disable_all_campaigns":false,"_monsterinsights_skip_tracking":false,"_monsterinsights_sitenote_active":false,"_monsterinsights_sitenote_note":"","_monsterinsights_sitenote_category":0,"_uf_show_specific_survey":0,"_uf_disable_surveys":false,"footnotes":""},"class_list":["post-345","page","type-page","status-publish","hentry"],"aioseo_notices":[],"rttpg_featured_image_url":null,"rttpg_author":{"display_name":"Super.admin","author_link":"https:\/\/alliancefr.se\/linkoping\/author\/admin2174\/"},"rttpg_comment":0,"rttpg_category":" <a href=\"https:\/\/alliancefr.se\/linkoping\/\" rel=\"tag\">Fran\u00e7ais<\/a>","rttpg_excerpt":"Nous esp\u00e9rons vous retrouver nombreux lors de nos activit\u00e9s. \u00a0 Le\u00a0\u00a0lundi 13 f\u00e9vrier\u00a0\u00e0 19h00 \u00e0 Folkuniversitetet,\u00a0S:t Larsgatan 44, salle 22 Assembl\u00e9e annuelle\u00a0(le comit\u00e9 propose une augmentation de la cotisation \u00e0 200 kr\/personne, 350 kr\/couple, 100 kr\/\u00e9tudiant \u00e0 partir de 2018)Sur les pas d\u2019artistes et \u00e9crivains en Provence.Madame\u00a0Margareta Tham\u00a0donnera, apr\u00e8s l\u2019Assembl\u00e9e annuelle, une conf\u00e9rence bas\u00e9e sur\u2026","_links":{"self":[{"href":"https:\/\/alliancefr.se\/linkoping\/wp-json\/wp\/v2\/pages\/345","targetHints":{"allow":["GET"]}}],"collection":[{"href":"https:\/\/alliancefr.se\/linkoping\/wp-json\/wp\/v2\/pages"}],"about":[{"href":"https:\/\/alliancefr.se\/linkoping\/wp-json\/wp\/v2\/types\/page"}],"author":[{"embeddable":true,"href":"https:\/\/alliancefr.se\/linkoping\/wp-json\/wp\/v2\/users\/1"}],"replies":[{"embeddable":true,"href":"https:\/\/alliancefr.se\/linkoping\/wp-json\/wp\/v2\/comments?post=345"}],"version-history":[{"count":4,"href":"https:\/\/alliancefr.se\/linkoping\/wp-json\/wp\/v2\/pages\/345\/revisions"}],"predecessor-version":[{"id":349,"href":"https:\/\/alliancefr.se\/linkoping\/wp-json\/wp\/v2\/pages\/345\/revisions\/349"}],"wp:attachment":[{"href":"https:\/\/alliancefr.se\/linkoping\/wp-json\/wp\/v2\/media?parent=345"}],"curies":[{"name":"wp","href":"https:\/\/api.w.org\/{rel}","templated":true}]}}