{"id":340,"date":"2023-12-21T18:50:42","date_gmt":"2023-12-21T17:50:42","guid":{"rendered":"https:\/\/alliancefr.se\/linkoping\/?page_id=340"},"modified":"2023-12-21T18:51:07","modified_gmt":"2023-12-21T17:51:07","slug":"programme-automne-2017","status":"publish","type":"page","link":"https:\/\/alliancefr.se\/linkoping\/programme-automne-2017\/","title":{"rendered":"Programme automne 2017"},"content":{"rendered":"\t\t<div data-elementor-type=\"wp-page\" data-elementor-id=\"340\" class=\"elementor elementor-340\">\n\t\t\t\t\t\t<section class=\"elementor-section elementor-top-section elementor-element elementor-element-0f7fd8e elementor-section-boxed elementor-section-height-default elementor-section-height-default\" data-id=\"0f7fd8e\" data-element_type=\"section\">\n\t\t\t\t\t\t<div class=\"elementor-container elementor-column-gap-default\">\n\t\t\t\t\t<div class=\"elementor-column elementor-col-100 elementor-top-column elementor-element elementor-element-308079e\" data-id=\"308079e\" data-element_type=\"column\">\n\t\t\t<div class=\"elementor-widget-wrap elementor-element-populated\">\n\t\t\t\t\t\t<div class=\"elementor-element elementor-element-4c143ac elementor-widget elementor-widget-text-editor\" data-id=\"4c143ac\" data-element_type=\"widget\" data-widget_type=\"text-editor.default\">\n\t\t\t\t<div class=\"elementor-widget-container\">\n\t\t\t\t\t\t\t\t\t<p>Nous esp\u00e9rons vous retrouver nombreux lors de nos activit\u00e9s.<\/p><p>\u00a0<\/p><p>Le\u00a0<strong>\u00a0jeudi 5 octobre\u00a0\u00a0<\/strong>\u00e0 19h00 \u00e0 Folkuniversitetet,\u00a0<a href=\"http:\/\/kartor.eniro.se\/m\/AP6RQ\">S:t Larsgatan 44, salle 13<br \/><\/a><\/p><p><strong>Mitt Frankrike\u00a0<\/strong>(p\u00e5 svenska)<strong><br \/><\/strong>M.\u00a0<strong>Jan Winter<\/strong>\u00a0donnera une conf\u00e9rence, en su\u00e9dois, sur sa France. M. Winter a v\u00e9cu une part de son enfance \u00e0 Paris et il a une longue carri\u00e8re comme journaliste.<\/p><p>A \u00e9couter avant la conf\u00e9rence :\u00a0<a href=\"https:\/\/open.spotify.com\/user\/liraman\/playlist\/0G8bNWi6lHwBGgTbBa9Liy\">La musique Y\u00e9y\u00e9 de 1962<\/a><\/p><div>\u00a0<\/div><p><em>Un verre amical sera servi apr\u00e8s la conf\u00e9rence(50:-).<\/em><\/p><div>\u00a0<\/div><p>\u00a0<\/p><p>Le\u00a0<strong>jeudi 26 octobre<\/strong>\u00a0\u00e0 19h15 \u00e0 \u00e0 Folkuniversitetet,\u00a0<a href=\"http:\/\/kartor.eniro.se\/m\/AP6RQ\">S:t Larsgatan 44, salle 13<br \/><\/a><\/p><p><strong>La Bretagne \u2013 ses paysages et sa culture.<\/strong><br \/>Mme\u00a0<strong>Ingrid Mignon<\/strong>, Professeur \u00e0 l\u2019Universit\u00e9 de Link\u00f6ping, fera une excursion dans sa Bretagne natale, en passant par ses paysages, son histoire et sa culture.<\/p><p>\u00a0<\/p><div>\u00a0<\/div><p><em>Apr\u00e8s la conf\u00e9rence un petit souper (150 SEK) sera servi. Inscription (bindande) pour le souper avant le 23 octobre aupr\u00e8s\u00a0<\/em><em>de Christer Gr\u00f6nevall (t\u00e9l. 0705-778216,\u00a0<a href=\"mailto:christer.gronevall@gmail.com\">christer.gronevall@gmail.com<\/a>\u00a0) ou d&rsquo;Ulf Ekblad (\u00a0<a href=\"mailto:ulf.ekblad@comhem.se\">ulf.ekblad@comhem.se<\/a>).<\/em><\/p><div>\u00a0<\/div><p>\u00a0<\/p><p>Le\u00a0<strong>mardi 21 novembre\u00a0<\/strong>\u00e0 19h00 \u00e0 Folkuniversitetet,\u00a0<a href=\"http:\/\/kartor.eniro.se\/m\/AP6RQ\">S:t Larsgatan 44, salle 11<br \/><\/a><\/p><div><strong>Cet automne \u00e0 Paris<\/strong><br \/>Mme\u00a0<strong>Anne Marie Pauleau<\/strong>\u00a0nous fera une exposition non seulement sur les actualit\u00e9s culturelles mais aussi elle nous montrera quelques points originaux et\/ou myst\u00e9rieux \u00e0 Paris. Mme Pauleau a \u00e9tudi\u00e9 \u00e0 l\u2019\u00c9cole Normale Sup\u00e9rieure. Elle a habit\u00e9 en Su\u00e8de quelques ann\u00e9es o\u00f9 elle a, entre autre, travaill\u00e9 \u00e0 l&rsquo;ambassade de France \u00e0 Stockholm.<\/div><p>\u00a0<\/p><div>\u00a0<\/div><p><em>Un verre amical sera servi apr\u00e8s la conf\u00e9rence(50:-).<\/em><\/p><p>\u00a0<\/p><p><strong>Soyez les bienvenus!<\/strong><\/p><div><p>Ni som anv\u00e4nder er av elektronisk mail och inte har meddelat oss er e-postadress kan s\u00e4nda den till\u00a0<a href=\"mailto:kenneth.anderini@telia.com\">kenneth.anderini@telia.com<\/a><\/p><\/div>\t\t\t\t\t\t\t\t<\/div>\n\t\t\t\t<\/div>\n\t\t\t\t\t<\/div>\n\t\t<\/div>\n\t\t\t\t\t<\/div>\n\t\t<\/section>\n\t\t\t\t<\/div>\n\t\t","protected":false},"excerpt":{"rendered":"<p>Nous esp\u00e9rons vous retrouver nombreux lors de nos activit\u00e9s. \u00a0 Le\u00a0\u00a0jeudi 5 octobre\u00a0\u00a0\u00e0 19h00 \u00e0 Folkuniversitetet,\u00a0S:t Larsgatan 44, salle 13 Mitt Frankrike\u00a0(p\u00e5 svenska)M.\u00a0Jan Winter\u00a0donnera une conf\u00e9rence, en su\u00e9dois, sur sa France. M. Winter a v\u00e9cu une part de son enfance \u00e0 Paris et il a une longue carri\u00e8re comme journaliste. A \u00e9couter avant la conf\u00e9rence :\u00a0La musique Y\u00e9y\u00e9 de 1962 \u00a0 Un verre amical sera servi apr\u00e8s la conf\u00e9rence(50:-). \u00a0 \u00a0 Le\u00a0jeudi 26 octobre\u00a0\u00e0 19h15 \u00e0 \u00e0 Folkuniversitetet,\u00a0S:t Larsgatan 44, salle 13 La Bretagne \u2013 ses paysages et sa culture.Mme\u00a0Ingrid Mignon, Professeur \u00e0 l\u2019Universit\u00e9 de Link\u00f6ping, fera une excursion dans sa Bretagne natale, en passant par ses paysages, son histoire et sa culture. \u00a0 \u00a0 Apr\u00e8s la conf\u00e9rence un petit souper (150 SEK) sera servi. Inscription (bindande) pour le souper avant le 23 octobre aupr\u00e8s\u00a0de Christer Gr\u00f6nevall (t\u00e9l. 0705-778216,\u00a0christer.gronevall@gmail.com\u00a0) ou d&rsquo;Ulf Ekblad (\u00a0ulf.ekblad@comhem.se). \u00a0 \u00a0 Le\u00a0mardi 21 novembre\u00a0\u00e0 19h00 \u00e0 Folkuniversitetet,\u00a0S:t Larsgatan 44, salle 11 Cet automne \u00e0 ParisMme\u00a0Anne Marie Pauleau\u00a0nous fera une exposition non seulement sur les actualit\u00e9s culturelles mais aussi elle nous montrera quelques points originaux et\/ou myst\u00e9rieux \u00e0 Paris. Mme Pauleau a \u00e9tudi\u00e9 \u00e0 l\u2019\u00c9cole Normale Sup\u00e9rieure. Elle a habit\u00e9 en Su\u00e8de quelques ann\u00e9es o\u00f9 elle a, entre autre, travaill\u00e9 \u00e0 l&rsquo;ambassade de France \u00e0 Stockholm. \u00a0 \u00a0 Un verre amical sera servi apr\u00e8s la conf\u00e9rence(50:-). \u00a0 Soyez les bienvenus! Ni som anv\u00e4nder er av elektronisk mail och inte har meddelat oss er e-postadress kan s\u00e4nda den till\u00a0kenneth.anderini@telia.com<\/p>\n","protected":false},"author":1,"featured_media":0,"parent":0,"menu_order":0,"comment_status":"closed","ping_status":"closed","template":"","meta":{"om_disable_all_campaigns":false,"_monsterinsights_skip_tracking":false,"_monsterinsights_sitenote_active":false,"_monsterinsights_sitenote_note":"","_monsterinsights_sitenote_category":0,"_uf_show_specific_survey":0,"_uf_disable_surveys":false,"footnotes":""},"class_list":["post-340","page","type-page","status-publish","hentry"],"aioseo_notices":[],"rttpg_featured_image_url":null,"rttpg_author":{"display_name":"Super.admin","author_link":"https:\/\/alliancefr.se\/linkoping\/author\/admin2174\/"},"rttpg_comment":0,"rttpg_category":" <a href=\"https:\/\/alliancefr.se\/linkoping\/\" rel=\"tag\">Fran\u00e7ais<\/a>","rttpg_excerpt":"Nous esp\u00e9rons vous retrouver nombreux lors de nos activit\u00e9s. \u00a0 Le\u00a0\u00a0jeudi 5 octobre\u00a0\u00a0\u00e0 19h00 \u00e0 Folkuniversitetet,\u00a0S:t Larsgatan 44, salle 13 Mitt Frankrike\u00a0(p\u00e5 svenska)M.\u00a0Jan Winter\u00a0donnera une conf\u00e9rence, en su\u00e9dois, sur sa France. M. Winter a v\u00e9cu une part de son enfance \u00e0 Paris et il a une longue carri\u00e8re comme journaliste. A \u00e9couter avant la conf\u00e9rence\u2026","_links":{"self":[{"href":"https:\/\/alliancefr.se\/linkoping\/wp-json\/wp\/v2\/pages\/340","targetHints":{"allow":["GET"]}}],"collection":[{"href":"https:\/\/alliancefr.se\/linkoping\/wp-json\/wp\/v2\/pages"}],"about":[{"href":"https:\/\/alliancefr.se\/linkoping\/wp-json\/wp\/v2\/types\/page"}],"author":[{"embeddable":true,"href":"https:\/\/alliancefr.se\/linkoping\/wp-json\/wp\/v2\/users\/1"}],"replies":[{"embeddable":true,"href":"https:\/\/alliancefr.se\/linkoping\/wp-json\/wp\/v2\/comments?post=340"}],"version-history":[{"count":4,"href":"https:\/\/alliancefr.se\/linkoping\/wp-json\/wp\/v2\/pages\/340\/revisions"}],"predecessor-version":[{"id":344,"href":"https:\/\/alliancefr.se\/linkoping\/wp-json\/wp\/v2\/pages\/340\/revisions\/344"}],"wp:attachment":[{"href":"https:\/\/alliancefr.se\/linkoping\/wp-json\/wp\/v2\/media?parent=340"}],"curies":[{"name":"wp","href":"https:\/\/api.w.org\/{rel}","templated":true}]}}