{"id":335,"date":"2023-12-21T18:49:43","date_gmt":"2023-12-21T17:49:43","guid":{"rendered":"https:\/\/alliancefr.se\/linkoping\/?page_id=335"},"modified":"2023-12-21T18:50:06","modified_gmt":"2023-12-21T17:50:06","slug":"programme-printemps-2018","status":"publish","type":"page","link":"https:\/\/alliancefr.se\/linkoping\/programme-printemps-2018\/","title":{"rendered":"Programme printemps 2018"},"content":{"rendered":"\t\t<div data-elementor-type=\"wp-page\" data-elementor-id=\"335\" class=\"elementor elementor-335\">\n\t\t\t\t\t\t<section class=\"elementor-section elementor-top-section elementor-element elementor-element-64f9c19 elementor-section-boxed elementor-section-height-default elementor-section-height-default\" data-id=\"64f9c19\" data-element_type=\"section\">\n\t\t\t\t\t\t<div class=\"elementor-container elementor-column-gap-default\">\n\t\t\t\t\t<div class=\"elementor-column elementor-col-100 elementor-top-column elementor-element elementor-element-8ce0409\" data-id=\"8ce0409\" data-element_type=\"column\">\n\t\t\t<div class=\"elementor-widget-wrap elementor-element-populated\">\n\t\t\t\t\t\t<div class=\"elementor-element elementor-element-c5f0d46 elementor-widget elementor-widget-text-editor\" data-id=\"c5f0d46\" data-element_type=\"widget\" data-widget_type=\"text-editor.default\">\n\t\t\t\t<div class=\"elementor-widget-container\">\n\t\t\t\t\t\t\t\t\t<p>Nous esp\u00e9rons vous retrouver nombreux lors de nos activit\u00e9s!<\/p><p>F\u00f6rt\u00e4ringar betalas med kontanter. Ha g\u00e4rna med er j\u00e4mna pengar.<\/p><p>\u00a0<\/p><p>Le\u00a0<strong>\u00a0lundi 12 f\u00e9vrier\u00a0<\/strong>\u00e0 19h00 \u00e0 Folkuniversitetet,\u00a0<a href=\"http:\/\/kartor.eniro.se\/m\/AP6RQ\">S:t Larsgatan 44, salle 13<br \/><\/a><\/p><p><strong>Assembl\u00e9e annuelle<\/strong><strong><br \/>La Gascogne.<br \/><\/strong>Mr\u00a0<strong>Jean-Jacques Moulis<\/strong>\u00a0de l\u2019Universit\u00e9 de Link\u00f6ping, parlera, apr\u00e8s l\u2019Assembl\u00e9e annuelle, de sa Gascogne, et \u00e9videmment il montrera des images de Gascogne.<\/p><p>\u00a0<\/p><div>\u00a0<\/div><p><em>Un verre amical sera servi apr\u00e8s la conf\u00e9rence(50:-).<\/em><\/p><div>\u00a0<\/div><p>\u00a0<\/p><p>Le\u00a0<strong>jeudi 15 mars<\/strong>\u00a0\u00e0 19h00 \u00e0 \u00e0 Folkuniversitetet,\u00a0<a href=\"http:\/\/kartor.eniro.se\/m\/AP6RQ\">S:t Larsgatan 44, salle 12<br \/><\/a><\/p><p><strong>Raoul Nordling; l\u00b4homme qui a sauv\u00e9 Paris<\/strong><br \/>Mme\u00a0<strong>Margareta Beckman<\/strong>, har skrivit ett tiotal historiska b\u00f6cker varav m\u00e5nga med anknytning till Frankrike. F\u00f6redraget baseras p\u00e5 hennes senast bok: N\u00e4r Sveriges generalkonsul r\u00e4ddade Paris.\u00a0<a title=\"O\u00f9 le trouver!\" href=\"https:\/\/www.bokus.com\/bok\/9789174618839\/nar-sveriges-generalkonsul-raddade-paris-en-biografi-over-raoul-nordling\/\">En biografi \u00f6ver Raoul Nordling (2017)<\/a>.<\/p><p>\u00a0<\/p><div>\u00a0<\/div><p><em>Apr\u00e8s la conf\u00e9rence un petit souper (150 SEK) sera servi. Inscription (bindande) pour le souper avant le 10 mars aupr\u00e8s\u00a0<\/em><em>de Christer Gr\u00f6nevall (t\u00e9l. 0705-778216,\u00a0<a href=\"mailto:christer.gronevall@gmail.com\">christer.gronevall@gmail.com<\/a>\u00a0) ou d&rsquo;Ulf Ekblad (\u00a0<a href=\"mailto:ulf.ekblad@comhem.se\">ulf.ekblad@comhem.se<\/a>).<\/em><\/p><div>\u00a0<\/div><p>\u00a0<\/p><p>Le\u00a0<strong>vendredi 6 avril\u00a0<\/strong>\u00e0 19h00 \u00e0 Folkuniversitetet,\u00a0<a href=\"http:\/\/kartor.eniro.se\/m\/AP6RQ\">S:t Larsgatan 44, salle 12<br \/><\/a><\/p><div><strong>Fransk gastronomi p\u00e5 export<\/strong><br \/><strong>Carl Wachtmeister<\/strong>, pr\u00e9sident de la Cha\u00eene des R\u00f4tisseurs en Su\u00e8de, h\u00e5ller ett f\u00f6redrag, huvudsakligen p\u00e5 svenska, om fransk matkonst.<\/div><p>\u00a0<\/p><div>\u00a0<\/div><p><em>Un verre amical sera servi apr\u00e8s la conf\u00e9rence(50:-).<\/em><\/p><p><br \/>Le\u00a0<strong>\u00a0samedi 26 mai<\/strong><\/p><p><strong>L\u2019excursion du printemps \u00e0\u00a0<a title=\"Ludgo socken\" href=\"https:\/\/sv.wikipedia.org\/wiki\/Ludgo_socken\">Ludgo socken<\/a><\/strong><br \/>Cette ann\u00e9e c\u2019est l\u2019Alliance fran\u00e7aise de\u00a0<b>Nyk\u00f6ping<\/b>\u00a0qui organisera l\u2019excursion traditionnelle.<\/p><p>Nous visiterons\u00a0<a title=\"Ludgo kyrka\" href=\"https:\/\/www.svenskakyrkan.se\/rono\/ludgo-kyrka\">l\u2019\u00e9glise de Ludgo<\/a>\u00a0et\u00a0<a title=\"\u00d6ster Malma herrg\u00e5rd\" href=\"https:\/\/jagareforbundet.se\/oster-malma\">\u00d6ster Malma herrg\u00e5rd<\/a>.<\/p><p>Le ch\u00e2teau fut construit en 1668 d\u2019apr\u00e8s les dessins de l\u2019architecte royal franco-su\u00e9dois\u00a0<a title=\"Jean de la Vall\u00e9e\" href=\"https:\/\/sv.wikipedia.org\/wiki\/Jean_de_la_Vall%C3%A9e\">Jean de la Vall\u00e9e<\/a>. Si nous en avons le temps, nous pourrons visiter le jardin zoologique (<a title=\"\u00d6ster Malma djurpark\" href=\"https:\/\/jagareforbundet.se\/oster-malma\/wildlife-park\/\">\u00d6ster Malma djurpark<\/a>).\u00a0<a title=\"Pdf\" href=\"https:\/\/www.aflinkoping.se\/ostermalma.pdf\">Programme d\u00e9taill\u00e9<\/a>.<br \/><br \/>\u00a0<\/p><p><strong>Soyez les bienvenus!<\/strong><\/p><div><p>Ni som anv\u00e4nder er av elektronisk mail och inte har meddelat oss er e-postadress kan s\u00e4nda den till\u00a0<a href=\"mailto:kenneth.anderini@telia.com\">kenneth.anderini@telia.com<\/a><\/p><\/div>\t\t\t\t\t\t\t\t<\/div>\n\t\t\t\t<\/div>\n\t\t\t\t\t<\/div>\n\t\t<\/div>\n\t\t\t\t\t<\/div>\n\t\t<\/section>\n\t\t\t\t<\/div>\n\t\t","protected":false},"excerpt":{"rendered":"<p>Nous esp\u00e9rons vous retrouver nombreux lors de nos activit\u00e9s! F\u00f6rt\u00e4ringar betalas med kontanter. Ha g\u00e4rna med er j\u00e4mna pengar. \u00a0 Le\u00a0\u00a0lundi 12 f\u00e9vrier\u00a0\u00e0 19h00 \u00e0 Folkuniversitetet,\u00a0S:t Larsgatan 44, salle 13 Assembl\u00e9e annuelleLa Gascogne.Mr\u00a0Jean-Jacques Moulis\u00a0de l\u2019Universit\u00e9 de Link\u00f6ping, parlera, apr\u00e8s l\u2019Assembl\u00e9e annuelle, de sa Gascogne, et \u00e9videmment il montrera des images de Gascogne. \u00a0 \u00a0 Un verre amical sera servi apr\u00e8s la conf\u00e9rence(50:-). \u00a0 \u00a0 Le\u00a0jeudi 15 mars\u00a0\u00e0 19h00 \u00e0 \u00e0 Folkuniversitetet,\u00a0S:t Larsgatan 44, salle 12 Raoul Nordling; l\u00b4homme qui a sauv\u00e9 ParisMme\u00a0Margareta Beckman, har skrivit ett tiotal historiska b\u00f6cker varav m\u00e5nga med anknytning till Frankrike. F\u00f6redraget baseras p\u00e5 hennes senast bok: N\u00e4r Sveriges generalkonsul r\u00e4ddade Paris.\u00a0En biografi \u00f6ver Raoul Nordling (2017). \u00a0 \u00a0 Apr\u00e8s la conf\u00e9rence un petit souper (150 SEK) sera servi. Inscription (bindande) pour le souper avant le 10 mars aupr\u00e8s\u00a0de Christer Gr\u00f6nevall (t\u00e9l. 0705-778216,\u00a0christer.gronevall@gmail.com\u00a0) ou d&rsquo;Ulf Ekblad (\u00a0ulf.ekblad@comhem.se). \u00a0 \u00a0 Le\u00a0vendredi 6 avril\u00a0\u00e0 19h00 \u00e0 Folkuniversitetet,\u00a0S:t Larsgatan 44, salle 12 Fransk gastronomi p\u00e5 exportCarl Wachtmeister, pr\u00e9sident de la Cha\u00eene des R\u00f4tisseurs en Su\u00e8de, h\u00e5ller ett f\u00f6redrag, huvudsakligen p\u00e5 svenska, om fransk matkonst. \u00a0 \u00a0 Un verre amical sera servi apr\u00e8s la conf\u00e9rence(50:-). Le\u00a0\u00a0samedi 26 mai L\u2019excursion du printemps \u00e0\u00a0Ludgo sockenCette ann\u00e9e c\u2019est l\u2019Alliance fran\u00e7aise de\u00a0Nyk\u00f6ping\u00a0qui organisera l\u2019excursion traditionnelle. Nous visiterons\u00a0l\u2019\u00e9glise de Ludgo\u00a0et\u00a0\u00d6ster Malma herrg\u00e5rd. Le ch\u00e2teau fut construit en 1668 d\u2019apr\u00e8s les dessins de l\u2019architecte royal franco-su\u00e9dois\u00a0Jean de la Vall\u00e9e. Si nous en avons le temps, nous pourrons visiter le jardin zoologique (\u00d6ster Malma djurpark).\u00a0Programme d\u00e9taill\u00e9. \u00a0 Soyez les bienvenus! Ni som anv\u00e4nder er av elektronisk mail och inte har meddelat oss er e-postadress kan s\u00e4nda den till\u00a0kenneth.anderini@telia.com<\/p>\n","protected":false},"author":1,"featured_media":0,"parent":0,"menu_order":0,"comment_status":"closed","ping_status":"closed","template":"","meta":{"om_disable_all_campaigns":false,"_monsterinsights_skip_tracking":false,"_monsterinsights_sitenote_active":false,"_monsterinsights_sitenote_note":"","_monsterinsights_sitenote_category":0,"_uf_show_specific_survey":0,"_uf_disable_surveys":false,"footnotes":""},"class_list":["post-335","page","type-page","status-publish","hentry"],"aioseo_notices":[],"rttpg_featured_image_url":null,"rttpg_author":{"display_name":"Super.admin","author_link":"https:\/\/alliancefr.se\/linkoping\/author\/admin2174\/"},"rttpg_comment":0,"rttpg_category":" <a href=\"https:\/\/alliancefr.se\/linkoping\/\" rel=\"tag\">Fran\u00e7ais<\/a>","rttpg_excerpt":"Nous esp\u00e9rons vous retrouver nombreux lors de nos activit\u00e9s! F\u00f6rt\u00e4ringar betalas med kontanter. Ha g\u00e4rna med er j\u00e4mna pengar. \u00a0 Le\u00a0\u00a0lundi 12 f\u00e9vrier\u00a0\u00e0 19h00 \u00e0 Folkuniversitetet,\u00a0S:t Larsgatan 44, salle 13 Assembl\u00e9e annuelleLa Gascogne.Mr\u00a0Jean-Jacques Moulis\u00a0de l\u2019Universit\u00e9 de Link\u00f6ping, parlera, apr\u00e8s l\u2019Assembl\u00e9e annuelle, de sa Gascogne, et \u00e9videmment il montrera des images de Gascogne. \u00a0 \u00a0 Un\u2026","_links":{"self":[{"href":"https:\/\/alliancefr.se\/linkoping\/wp-json\/wp\/v2\/pages\/335","targetHints":{"allow":["GET"]}}],"collection":[{"href":"https:\/\/alliancefr.se\/linkoping\/wp-json\/wp\/v2\/pages"}],"about":[{"href":"https:\/\/alliancefr.se\/linkoping\/wp-json\/wp\/v2\/types\/page"}],"author":[{"embeddable":true,"href":"https:\/\/alliancefr.se\/linkoping\/wp-json\/wp\/v2\/users\/1"}],"replies":[{"embeddable":true,"href":"https:\/\/alliancefr.se\/linkoping\/wp-json\/wp\/v2\/comments?post=335"}],"version-history":[{"count":4,"href":"https:\/\/alliancefr.se\/linkoping\/wp-json\/wp\/v2\/pages\/335\/revisions"}],"predecessor-version":[{"id":339,"href":"https:\/\/alliancefr.se\/linkoping\/wp-json\/wp\/v2\/pages\/335\/revisions\/339"}],"wp:attachment":[{"href":"https:\/\/alliancefr.se\/linkoping\/wp-json\/wp\/v2\/media?parent=335"}],"curies":[{"name":"wp","href":"https:\/\/api.w.org\/{rel}","templated":true}]}}