{"id":330,"date":"2023-12-21T18:43:14","date_gmt":"2023-12-21T17:43:14","guid":{"rendered":"https:\/\/alliancefr.se\/linkoping\/?page_id=330"},"modified":"2023-12-21T18:43:38","modified_gmt":"2023-12-21T17:43:38","slug":"programme-automne-2018","status":"publish","type":"page","link":"https:\/\/alliancefr.se\/linkoping\/programme-automne-2018\/","title":{"rendered":"Programme automne 2018"},"content":{"rendered":"\t\t<div data-elementor-type=\"wp-page\" data-elementor-id=\"330\" class=\"elementor elementor-330\">\n\t\t\t\t\t\t<section class=\"elementor-section elementor-top-section elementor-element elementor-element-9cc7b5d elementor-section-boxed elementor-section-height-default elementor-section-height-default\" data-id=\"9cc7b5d\" data-element_type=\"section\">\n\t\t\t\t\t\t<div class=\"elementor-container elementor-column-gap-default\">\n\t\t\t\t\t<div class=\"elementor-column elementor-col-100 elementor-top-column elementor-element elementor-element-fd123db\" data-id=\"fd123db\" data-element_type=\"column\">\n\t\t\t<div class=\"elementor-widget-wrap elementor-element-populated\">\n\t\t\t\t\t\t<div class=\"elementor-element elementor-element-3b6b217 elementor-widget elementor-widget-text-editor\" data-id=\"3b6b217\" data-element_type=\"widget\" data-widget_type=\"text-editor.default\">\n\t\t\t\t<div class=\"elementor-widget-container\">\n\t\t\t\t\t\t\t\t\t<p style=\"font-weight: 400;\">Nu \u00e4r h\u00f6stens inledande aktiviteter best\u00e4mda. Den tredje aktiviteten \u00e4ger rum i slutet av november och n\u00e4rmare besked l\u00e4mnas i god tid.<\/p><p style=\"font-weight: 400;\">\u00a0<\/p><p style=\"font-weight: 400;\">Det finns utrymme f\u00f6r nya medlemmar. Du som redan \u00e4r medlem har ocks\u00e5 r\u00e4tt att ta med n\u00e5gon v\u00e4n som kan vara intresserad av att bli medlem.<\/p><p style=\"font-weight: 400;\">Le\u00a0<strong>\u00a0mercredi 3 octobre\u00a0<\/strong>\u00e0 19h00 \u00e0 Folkuniversitetet,\u00a0<a href=\"http:\/\/kartor.eniro.se\/m\/AP6RQ\">S:t Larsgatan 44<br \/><\/a><\/p><p style=\"font-weight: 400;\"><strong>M Jesper Fr\u00f6din<\/strong>, champagnek\u00e4nnare och provningshandledare vid Systembolaget, h\u00e5ller f\u00f6redrag om\u00a0<strong>champagne<\/strong>\u00a0och visar bilder. F\u00f6redraget, som h\u00e5lls p\u00e5 svenska, f\u00f6ljs av provning av tre champagner: Andr\u00e9 Legrand, Louis Roederer och Bollinger La Grande Ann\u00e9e.<\/p><p style=\"font-weight: 400;\">Pris 250 kr f\u00f6r f\u00f6redrag och provning (ber\u00e4knat sj\u00e4lvkostnadspris). Pris 50 kr f\u00f6r f\u00f6redrag och fransk cider alternativt mineralvatten. Anm\u00e4lan till Christer Gr\u00f6nevall eller till Ulf Ekblad senast den 27 september\u00a0<em>Christer Gr\u00f6nevall (t\u00e9l. 0705-778216,\u00a0<a href=\"mailto:christer.gronevall@gmail.com\">christer.gronevall@gmail.com<\/a>\u00a0) ou d&rsquo;Ulf Ekblad (\u00a0<a href=\"mailto:ulf.ekblad@comhem.se\">ulf.ekblad@comhem.se<\/a>).<\/em><\/p><p>\u00a0<\/p><p style=\"font-weight: 400;\">Le\u00a0<strong>lundi 22 octobre\u00a0<\/strong>\u00e0 19h00 \u00e0 Folkuniversitetet,\u00a0<a href=\"http:\/\/kartor.eniro.se\/m\/AP6RQ\">S:t Larsgatan 44<br \/><\/a><\/p><p style=\"font-weight: 400;\"><strong>Emmanuel Macron<\/strong>\u00a0&#8211; gagnant ou perdant? La popularit\u00e9 du jeune pr\u00e9sident de la R\u00e9publique chute apr\u00e8s 17 mois au pouvoir.\u00a0<strong>Ingmarie Froman<\/strong>, ancienne correspondante de la Radio Su\u00e9doise \u00e0 Paris, parle de la situation actuelle en France\u00a0\u00bb.<\/p><p style=\"font-weight: 400;\"><em>Apr\u00e8s la conf\u00e9rence un petit souper (150 SEK) sera servi. Inscription (bindande) pour le souper avant le 18 octobre aupr\u00e8s\u00a0<\/em><em>de Christer Gr\u00f6nevall (t\u00e9l. 0705-778216,\u00a0<a href=\"mailto:christer.gronevall@gmail.com\">christer.gronevall@gmail.com<\/a>\u00a0) ou d&rsquo;Ulf Ekblad (\u00a0<a href=\"mailto:ulf.ekblad@comhem.se\">ulf.ekblad@comhem.se<\/a>).<\/em><\/p><p><br style=\"font-weight: 400;\" \/><span style=\"font-weight: 400;\">Le\u00a0<\/span><strong>mercredi 28 novembre\u00a0<\/strong><span style=\"font-weight: 400;\">\u00e0 19h00 \u00e0 Folkuniversitetet,\u00a0<\/span><a style=\"font-weight: 400;\" href=\"http:\/\/kartor.eniro.se\/m\/AP6RQ\">S:t Larsgatan 44<\/a><\/p><p style=\"font-weight: 400;\"><i><strong>Margareta Beckman<\/strong>, som har skrivit den uppm\u00e4rksammade boken\u00a0<strong>\u201dRaoul Nordling; l\u00b4homme qui a sauv\u00e9 Paris\u201d<\/strong>, kommer till oss och ber\u00e4ttar om denna sin senaste bok. Det kan n\u00e4mnas att inte minst Frankrike har uppm\u00e4rksammat denna bok och att Margareta Beckman har presenterat den p\u00e5 franska ambassaden i Stockholm. Just nu h\u00e5ller hon p\u00e5 att skriva en ny bok.<\/i><\/p><p style=\"font-weight: 400;\"><i>\u00a0<\/i><\/p><p style=\"font-weight: 400;\"><strong>Soyez les bienvenus!<\/strong><\/p><p style=\"font-weight: 400;\">F\u00f6rt\u00e4ringar betalas med kontanter. Ha g\u00e4rna med er j\u00e4mna pengar.<\/p><p style=\"font-weight: 400;\">\u00a0<\/p><p>Ni som anv\u00e4nder er av elektronisk mail och inte har meddelat oss er e-postadress kan s\u00e4nda den till\u00a0<a href=\"mailto:kenneth.anderini@telia.com\">kenneth.anderini@telia.com<\/a><\/p>\t\t\t\t\t\t\t\t<\/div>\n\t\t\t\t<\/div>\n\t\t\t\t\t<\/div>\n\t\t<\/div>\n\t\t\t\t\t<\/div>\n\t\t<\/section>\n\t\t\t\t<\/div>\n\t\t","protected":false},"excerpt":{"rendered":"<p>Nu \u00e4r h\u00f6stens inledande aktiviteter best\u00e4mda. Den tredje aktiviteten \u00e4ger rum i slutet av november och n\u00e4rmare besked l\u00e4mnas i god tid. \u00a0 Det finns utrymme f\u00f6r nya medlemmar. Du som redan \u00e4r medlem har ocks\u00e5 r\u00e4tt att ta med n\u00e5gon v\u00e4n som kan vara intresserad av att bli medlem. Le\u00a0\u00a0mercredi 3 octobre\u00a0\u00e0 19h00 \u00e0 Folkuniversitetet,\u00a0S:t Larsgatan 44 M Jesper Fr\u00f6din, champagnek\u00e4nnare och provningshandledare vid Systembolaget, h\u00e5ller f\u00f6redrag om\u00a0champagne\u00a0och visar bilder. F\u00f6redraget, som h\u00e5lls p\u00e5 svenska, f\u00f6ljs av provning av tre champagner: Andr\u00e9 Legrand, Louis Roederer och Bollinger La Grande Ann\u00e9e. Pris 250 kr f\u00f6r f\u00f6redrag och provning (ber\u00e4knat sj\u00e4lvkostnadspris). Pris 50 kr f\u00f6r f\u00f6redrag och fransk cider alternativt mineralvatten. Anm\u00e4lan till Christer Gr\u00f6nevall eller till Ulf Ekblad senast den 27 september\u00a0Christer Gr\u00f6nevall (t\u00e9l. 0705-778216,\u00a0christer.gronevall@gmail.com\u00a0) ou d&rsquo;Ulf Ekblad (\u00a0ulf.ekblad@comhem.se). \u00a0 Le\u00a0lundi 22 octobre\u00a0\u00e0 19h00 \u00e0 Folkuniversitetet,\u00a0S:t Larsgatan 44 Emmanuel Macron\u00a0&#8211; gagnant ou perdant? La popularit\u00e9 du jeune pr\u00e9sident de la R\u00e9publique chute apr\u00e8s 17 mois au pouvoir.\u00a0Ingmarie Froman, ancienne correspondante de la Radio Su\u00e9doise \u00e0 Paris, parle de la situation actuelle en France\u00a0\u00bb. Apr\u00e8s la conf\u00e9rence un petit souper (150 SEK) sera servi. Inscription (bindande) pour le souper avant le 18 octobre aupr\u00e8s\u00a0de Christer Gr\u00f6nevall (t\u00e9l. 0705-778216,\u00a0christer.gronevall@gmail.com\u00a0) ou d&rsquo;Ulf Ekblad (\u00a0ulf.ekblad@comhem.se). Le\u00a0mercredi 28 novembre\u00a0\u00e0 19h00 \u00e0 Folkuniversitetet,\u00a0S:t Larsgatan 44 Margareta Beckman, som har skrivit den uppm\u00e4rksammade boken\u00a0\u201dRaoul Nordling; l\u00b4homme qui a sauv\u00e9 Paris\u201d, kommer till oss och ber\u00e4ttar om denna sin senaste bok. Det kan n\u00e4mnas att inte minst Frankrike har uppm\u00e4rksammat denna bok och att Margareta Beckman har presenterat den p\u00e5 franska ambassaden i Stockholm. Just nu h\u00e5ller hon p\u00e5 att skriva en ny bok. \u00a0 Soyez les bienvenus! F\u00f6rt\u00e4ringar betalas med kontanter. Ha g\u00e4rna med er j\u00e4mna pengar. \u00a0 Ni som anv\u00e4nder er av elektronisk mail och inte har meddelat oss er e-postadress kan s\u00e4nda den till\u00a0kenneth.anderini@telia.com<\/p>\n","protected":false},"author":1,"featured_media":0,"parent":0,"menu_order":0,"comment_status":"closed","ping_status":"closed","template":"","meta":{"om_disable_all_campaigns":false,"_monsterinsights_skip_tracking":false,"_monsterinsights_sitenote_active":false,"_monsterinsights_sitenote_note":"","_monsterinsights_sitenote_category":0,"_uf_show_specific_survey":0,"_uf_disable_surveys":false,"footnotes":""},"class_list":["post-330","page","type-page","status-publish","hentry"],"aioseo_notices":[],"rttpg_featured_image_url":null,"rttpg_author":{"display_name":"Super.admin","author_link":"https:\/\/alliancefr.se\/linkoping\/author\/admin2174\/"},"rttpg_comment":0,"rttpg_category":" <a href=\"https:\/\/alliancefr.se\/linkoping\/\" rel=\"tag\">Fran\u00e7ais<\/a>","rttpg_excerpt":"Nu \u00e4r h\u00f6stens inledande aktiviteter best\u00e4mda. Den tredje aktiviteten \u00e4ger rum i slutet av november och n\u00e4rmare besked l\u00e4mnas i god tid. \u00a0 Det finns utrymme f\u00f6r nya medlemmar. Du som redan \u00e4r medlem har ocks\u00e5 r\u00e4tt att ta med n\u00e5gon v\u00e4n som kan vara intresserad av att bli medlem. Le\u00a0\u00a0mercredi 3 octobre\u00a0\u00e0 19h00 \u00e0\u2026","_links":{"self":[{"href":"https:\/\/alliancefr.se\/linkoping\/wp-json\/wp\/v2\/pages\/330","targetHints":{"allow":["GET"]}}],"collection":[{"href":"https:\/\/alliancefr.se\/linkoping\/wp-json\/wp\/v2\/pages"}],"about":[{"href":"https:\/\/alliancefr.se\/linkoping\/wp-json\/wp\/v2\/types\/page"}],"author":[{"embeddable":true,"href":"https:\/\/alliancefr.se\/linkoping\/wp-json\/wp\/v2\/users\/1"}],"replies":[{"embeddable":true,"href":"https:\/\/alliancefr.se\/linkoping\/wp-json\/wp\/v2\/comments?post=330"}],"version-history":[{"count":4,"href":"https:\/\/alliancefr.se\/linkoping\/wp-json\/wp\/v2\/pages\/330\/revisions"}],"predecessor-version":[{"id":334,"href":"https:\/\/alliancefr.se\/linkoping\/wp-json\/wp\/v2\/pages\/330\/revisions\/334"}],"wp:attachment":[{"href":"https:\/\/alliancefr.se\/linkoping\/wp-json\/wp\/v2\/media?parent=330"}],"curies":[{"name":"wp","href":"https:\/\/api.w.org\/{rel}","templated":true}]}}