{"id":323,"date":"2023-12-21T18:41:14","date_gmt":"2023-12-21T17:41:14","guid":{"rendered":"https:\/\/alliancefr.se\/linkoping\/?page_id=323"},"modified":"2023-12-21T18:42:35","modified_gmt":"2023-12-21T17:42:35","slug":"programme-printemps-2019","status":"publish","type":"page","link":"https:\/\/alliancefr.se\/linkoping\/programme-printemps-2019\/","title":{"rendered":"Programme printemps 2019"},"content":{"rendered":"\t\t<div data-elementor-type=\"wp-page\" data-elementor-id=\"323\" class=\"elementor elementor-323\">\n\t\t\t\t\t\t<section class=\"elementor-section elementor-top-section elementor-element elementor-element-be6e698 elementor-section-boxed elementor-section-height-default elementor-section-height-default\" data-id=\"be6e698\" data-element_type=\"section\">\n\t\t\t\t\t\t<div class=\"elementor-container elementor-column-gap-default\">\n\t\t\t\t\t<div class=\"elementor-column elementor-col-100 elementor-top-column elementor-element elementor-element-0938bf3\" data-id=\"0938bf3\" data-element_type=\"column\">\n\t\t\t<div class=\"elementor-widget-wrap elementor-element-populated\">\n\t\t\t\t\t\t<div class=\"elementor-element elementor-element-b756b75 elementor-widget elementor-widget-text-editor\" data-id=\"b756b75\" data-element_type=\"widget\" data-widget_type=\"text-editor.default\">\n\t\t\t\t<div class=\"elementor-widget-container\">\n\t\t\t\t\t\t\t\t\t<p>Nous esp\u00e9rons vous retrouver nombreux lors de nos activit\u00e9s!<\/p><p>Apportez de la monnaie pour les rafraichissements, Tout le monde est bienvenu, membre ou pas.<\/p><p>\u00a0<\/p><p>Le\u00a0<strong>\u00a0mercredi 20 mars\u00a0<\/strong>\u00e0 19h00 \u00e0 Folkuniversitetet,\u00a0<a href=\"http:\/\/kartor.eniro.se\/m\/AP6RQ\">S:t Larsgatan 44, salle 13<br \/><\/a><\/p><p><strong>Assembl\u00e9e annuelle<\/strong><strong><br \/><br \/><\/strong>M.\u00a0<b>Frederic Oberg<\/b>, de l&rsquo;Alliance Fran\u00e7aise d&rsquo;Uppsal, nous parle de\u00a0<b>l&rsquo;histoire des Wallons de Su\u00e8de au XVIIe si\u00e8cle<\/b>,<\/p><p>un ph\u00e9nom\u00e8ne si m\u00e9connu qu&rsquo;il n&rsquo;en a entendu parler qu&rsquo;apr\u00e8s son retour en Su\u00e8de, apr\u00e8s un s\u00e9jour de cinq ans \u00e0 Bruxelles.<\/p><p>\u00a0<\/p><div>\u00a0<\/div><p><em>Un verre amical sera servi apr\u00e8s la conf\u00e9rence(50 kr)<br \/><\/em><\/p><div>\u00a0<\/div><p>\u00a0<\/p><p>Le\u00a0<strong>mercredi 24 avril<\/strong>\u00a0\u00e0 19h00 \u00e0 \u00e0 Folkuniversitetet,\u00a0<a href=\"http:\/\/kartor.eniro.se\/m\/AP6RQ\">S:t Larsgatan 44, salle 13<br \/><\/a><\/p><p>Sir\u00a0<b>Brian Unwin<\/b>, citoyen britannique et ancien diplomate, pr\u00e9sente son livre sur Napol\u00e9on<\/p><p>\u00ab\u00a0<b>Terrible Exile: The Last Days of Napoleon on St Helena<\/b>\u00ab\u00a0.<\/p><p>La pr\u00e9sentation sera en partie en fran\u00e7ais et en partie en anglais.<\/p><p>\u00a0<\/p><div>\u00a0<\/div><p><em>Apr\u00e8s la conf\u00e9rence un petit souper (150 kr) sera servi. Inscription pour le souper avant le 19 avril aupr\u00e8s\u00a0<\/em><em>de Christer Gr\u00f6nevall (t\u00e9l. 0705-778216,\u00a0<a href=\"mailto:christer.gronevall@gmail.com\">christer.gronevall@gmail.com<\/a>\u00a0) ou de Ga\u00eblle Bjurstr\u00f6m,\u00a0<a href=\"mailto:gaellejanicot@hotmail.com\">gaellejanicot@hotmail.com<\/a><br \/><\/em><\/p><div>\u00a0<\/div><p>\u00a0<\/p><p>Le\u00a0<strong>vendredi 10 mai\u00a0<\/strong>\u00e0 19h00 \u00e0 Folkuniversitetet,\u00a0<a href=\"http:\/\/kartor.eniro.se\/m\/AP6RQ\">S:t Larsgatan 44, salle 13<br \/><\/a><\/p><div>\u00a0<\/div><div>M.\u00a0<b>Robert Boitet<\/b>, qui s&rsquo;occupe depuis la rentr\u00e9e d&rsquo; une chronique hebdomadaire, \u00ab\u00a0<b>Bien \u00e0 vous<\/b>\u00ab\u00a0, au journal de France 2, consacr\u00e9e aux personnes inspirantes et aux initiatives positives, nous donne une autre vision de la France contemporaine, jeune, dynamique et cr\u00e9atrice d&#8217;emplois.<\/div><p>\u00a0<\/p><div>\u00a0<\/div><p><em>Un verre amical sera servi apr\u00e8s la conf\u00e9rence(50 kr).<\/em><\/p><p><br \/>Le\u00a0<strong>\u00a0samedi 11 mai<\/strong><\/p><p><b><strong>L\u2019excursion\u00a0<\/strong>printani\u00e8re organis\u00e9e par l&rsquo;Alliance\u00a0<\/b><b>fran\u00e7aise\u00a0de Norrk\u00f6ping<\/b><br \/>Rendez-vous \u00e0 \u00c5by, \u00e0\u00a0<a href=\"https:\/\/goo.gl\/maps\/CqqqzSatXX42\">l&rsquo;h\u00f4tel Stenkullen<\/a>, puis visite du mus\u00e9e de la magie\u00a0<a href=\"https:\/\/sverigestrollerimuseum.se\/\">(Trollerimuseum)\u00a0<\/a>\u00e0 Sandviken pr\u00e8s du parc animalier de Kolm\u00e5rden. La journ\u00e9e se termine par un d\u00e9jeuner et une visite guid\u00e9e de la\u00a0<a href=\"http:\/\/villafridhem.se\/\">Villa Fridhem<\/a>.<br \/>Plus d&rsquo;information \u00e0 ce sujet:\u00a0<a href=\"http:\/\/alliancefr.se\/linkoping\/wp-content\/uploads\/sites\/14\/2023\/12\/Excursion_2019.pdf\">Excursion 2019<\/a><\/p><p>Voir aussi le site:\u00a0<a href=\"https:\/\/alliancefr.se\/linkoping\/\">https:\/\/alliancefr.se\/linkoping\/<\/a><\/p><p><i><em>Insciption au plus tard le dimanche 5 mai\u00a0aupr\u00e8s\u00a0de Christer Gr\u00f6nevall (t\u00e9l. 0705-778216,\u00a0<a href=\"mailto:christer.gronevall@gmail.com\">christer.gronevall@gmail.com<\/a>\u00a0) ou de Ga\u00eblle Bjurstr\u00f6m,\u00a0<a href=\"mailto:gaellejanicot@hotmail.com\">gaellejanicot@hotmail.com<\/a><\/em><\/i><\/p><p><strong>Soyez les bienvenus!<\/strong><\/p><div><p>Si vous avez une adresse mail que vous ne nous avez pas encore communiqu\u00e9e, envoyez-la \u00e0\u00a0\u00a0<a href=\"mailto:kenneth.anderini@telia.com\">kenneth.anderini@telia.com<\/a><\/p><p><i>Le souvenir napol\u00e9onien, la d\u00e9l\u00e9gation de Su\u00e8de<\/i>\u00a0(<a href=\"https:\/\/www.napoleon-sallskapet.se\/\">www.napoleonsallskapet.se<\/a>) est une association d&rsquo;origine fran\u00e7aise qui organise des pr\u00e9sentations en su\u00e9dois \u00e0 Link\u00f6ping sur des th\u00e8mes historiques de l&rsquo;\u00e9poque napol\u00e9onienne.<\/p><\/div>\t\t\t\t\t\t\t\t<\/div>\n\t\t\t\t<\/div>\n\t\t\t\t\t<\/div>\n\t\t<\/div>\n\t\t\t\t\t<\/div>\n\t\t<\/section>\n\t\t\t\t<\/div>\n\t\t","protected":false},"excerpt":{"rendered":"<p>Nous esp\u00e9rons vous retrouver nombreux lors de nos activit\u00e9s! Apportez de la monnaie pour les rafraichissements, Tout le monde est bienvenu, membre ou pas. \u00a0 Le\u00a0\u00a0mercredi 20 mars\u00a0\u00e0 19h00 \u00e0 Folkuniversitetet,\u00a0S:t Larsgatan 44, salle 13 Assembl\u00e9e annuelle M.\u00a0Frederic Oberg, de l&rsquo;Alliance Fran\u00e7aise d&rsquo;Uppsal, nous parle de\u00a0l&rsquo;histoire des Wallons de Su\u00e8de au XVIIe si\u00e8cle, un ph\u00e9nom\u00e8ne si m\u00e9connu qu&rsquo;il n&rsquo;en a entendu parler qu&rsquo;apr\u00e8s son retour en Su\u00e8de, apr\u00e8s un s\u00e9jour de cinq ans \u00e0 Bruxelles. \u00a0 \u00a0 Un verre amical sera servi apr\u00e8s la conf\u00e9rence(50 kr) \u00a0 \u00a0 Le\u00a0mercredi 24 avril\u00a0\u00e0 19h00 \u00e0 \u00e0 Folkuniversitetet,\u00a0S:t Larsgatan 44, salle 13 Sir\u00a0Brian Unwin, citoyen britannique et ancien diplomate, pr\u00e9sente son livre sur Napol\u00e9on \u00ab\u00a0Terrible Exile: The Last Days of Napoleon on St Helena\u00ab\u00a0. La pr\u00e9sentation sera en partie en fran\u00e7ais et en partie en anglais. \u00a0 \u00a0 Apr\u00e8s la conf\u00e9rence un petit souper (150 kr) sera servi. Inscription pour le souper avant le 19 avril aupr\u00e8s\u00a0de Christer Gr\u00f6nevall (t\u00e9l. 0705-778216,\u00a0christer.gronevall@gmail.com\u00a0) ou de Ga\u00eblle Bjurstr\u00f6m,\u00a0gaellejanicot@hotmail.com \u00a0 \u00a0 Le\u00a0vendredi 10 mai\u00a0\u00e0 19h00 \u00e0 Folkuniversitetet,\u00a0S:t Larsgatan 44, salle 13 \u00a0M.\u00a0Robert Boitet, qui s&rsquo;occupe depuis la rentr\u00e9e d&rsquo; une chronique hebdomadaire, \u00ab\u00a0Bien \u00e0 vous\u00ab\u00a0, au journal de France 2, consacr\u00e9e aux personnes inspirantes et aux initiatives positives, nous donne une autre vision de la France contemporaine, jeune, dynamique et cr\u00e9atrice d&#8217;emplois. \u00a0 \u00a0 Un verre amical sera servi apr\u00e8s la conf\u00e9rence(50 kr). Le\u00a0\u00a0samedi 11 mai L\u2019excursion\u00a0printani\u00e8re organis\u00e9e par l&rsquo;Alliance\u00a0fran\u00e7aise\u00a0de Norrk\u00f6pingRendez-vous \u00e0 \u00c5by, \u00e0\u00a0l&rsquo;h\u00f4tel Stenkullen, puis visite du mus\u00e9e de la magie\u00a0(Trollerimuseum)\u00a0\u00e0 Sandviken pr\u00e8s du parc animalier de Kolm\u00e5rden. La journ\u00e9e se termine par un d\u00e9jeuner et une visite guid\u00e9e de la\u00a0Villa Fridhem.Plus d&rsquo;information \u00e0 ce sujet:\u00a0Excursion 2019 Voir aussi le site:\u00a0https:\/\/alliancefr.se\/linkoping\/ Insciption au plus tard le dimanche 5 mai\u00a0aupr\u00e8s\u00a0de Christer Gr\u00f6nevall (t\u00e9l. 0705-778216,\u00a0christer.gronevall@gmail.com\u00a0) ou de Ga\u00eblle Bjurstr\u00f6m,\u00a0gaellejanicot@hotmail.com Soyez les bienvenus! Si vous avez une adresse mail que vous ne nous avez pas encore communiqu\u00e9e, envoyez-la \u00e0\u00a0\u00a0kenneth.anderini@telia.com Le souvenir napol\u00e9onien, la d\u00e9l\u00e9gation de Su\u00e8de\u00a0(www.napoleonsallskapet.se) est une association d&rsquo;origine fran\u00e7aise qui organise des pr\u00e9sentations en su\u00e9dois \u00e0 Link\u00f6ping sur des th\u00e8mes historiques de l&rsquo;\u00e9poque napol\u00e9onienne.<\/p>\n","protected":false},"author":1,"featured_media":0,"parent":0,"menu_order":0,"comment_status":"closed","ping_status":"closed","template":"","meta":{"om_disable_all_campaigns":false,"_monsterinsights_skip_tracking":false,"_monsterinsights_sitenote_active":false,"_monsterinsights_sitenote_note":"","_monsterinsights_sitenote_category":0,"_uf_show_specific_survey":0,"_uf_disable_surveys":false,"footnotes":""},"class_list":["post-323","page","type-page","status-publish","hentry"],"aioseo_notices":[],"rttpg_featured_image_url":null,"rttpg_author":{"display_name":"Super.admin","author_link":"https:\/\/alliancefr.se\/linkoping\/author\/admin2174\/"},"rttpg_comment":0,"rttpg_category":" <a href=\"https:\/\/alliancefr.se\/linkoping\/\" rel=\"tag\">Fran\u00e7ais<\/a>","rttpg_excerpt":"Nous esp\u00e9rons vous retrouver nombreux lors de nos activit\u00e9s! Apportez de la monnaie pour les rafraichissements, Tout le monde est bienvenu, membre ou pas. \u00a0 Le\u00a0\u00a0mercredi 20 mars\u00a0\u00e0 19h00 \u00e0 Folkuniversitetet,\u00a0S:t Larsgatan 44, salle 13 Assembl\u00e9e annuelle M.\u00a0Frederic Oberg, de l&rsquo;Alliance Fran\u00e7aise d&rsquo;Uppsal, nous parle de\u00a0l&rsquo;histoire des Wallons de Su\u00e8de au XVIIe si\u00e8cle, un ph\u00e9nom\u00e8ne\u2026","_links":{"self":[{"href":"https:\/\/alliancefr.se\/linkoping\/wp-json\/wp\/v2\/pages\/323","targetHints":{"allow":["GET"]}}],"collection":[{"href":"https:\/\/alliancefr.se\/linkoping\/wp-json\/wp\/v2\/pages"}],"about":[{"href":"https:\/\/alliancefr.se\/linkoping\/wp-json\/wp\/v2\/types\/page"}],"author":[{"embeddable":true,"href":"https:\/\/alliancefr.se\/linkoping\/wp-json\/wp\/v2\/users\/1"}],"replies":[{"embeddable":true,"href":"https:\/\/alliancefr.se\/linkoping\/wp-json\/wp\/v2\/comments?post=323"}],"version-history":[{"count":5,"href":"https:\/\/alliancefr.se\/linkoping\/wp-json\/wp\/v2\/pages\/323\/revisions"}],"predecessor-version":[{"id":329,"href":"https:\/\/alliancefr.se\/linkoping\/wp-json\/wp\/v2\/pages\/323\/revisions\/329"}],"wp:attachment":[{"href":"https:\/\/alliancefr.se\/linkoping\/wp-json\/wp\/v2\/media?parent=323"}],"curies":[{"name":"wp","href":"https:\/\/api.w.org\/{rel}","templated":true}]}}