{"id":315,"date":"2023-12-21T18:37:39","date_gmt":"2023-12-21T17:37:39","guid":{"rendered":"https:\/\/alliancefr.se\/linkoping\/?page_id=315"},"modified":"2023-12-21T18:38:01","modified_gmt":"2023-12-21T17:38:01","slug":"visites-dinstitutions","status":"publish","type":"page","link":"https:\/\/alliancefr.se\/linkoping\/visites-dinstitutions\/","title":{"rendered":"Visites d&rsquo;institutions"},"content":{"rendered":"\t\t<div data-elementor-type=\"wp-page\" data-elementor-id=\"315\" class=\"elementor elementor-315\">\n\t\t\t\t\t\t<section class=\"elementor-section elementor-top-section elementor-element elementor-element-1a93f6c elementor-section-boxed elementor-section-height-default elementor-section-height-default\" data-id=\"1a93f6c\" data-element_type=\"section\">\n\t\t\t\t\t\t<div class=\"elementor-container elementor-column-gap-default\">\n\t\t\t\t\t<div class=\"elementor-column elementor-col-100 elementor-top-column elementor-element elementor-element-340416d\" data-id=\"340416d\" data-element_type=\"column\">\n\t\t\t<div class=\"elementor-widget-wrap elementor-element-populated\">\n\t\t\t\t\t\t<div class=\"elementor-element elementor-element-36a1c07 elementor-widget elementor-widget-text-editor\" data-id=\"36a1c07\" data-element_type=\"widget\" data-widget_type=\"text-editor.default\">\n\t\t\t\t<div class=\"elementor-widget-container\">\n\t\t\t\t\t\t\t\t\t<h1>Ett nytt s\u00e4tt att uppleva Paris<\/h1><p><br \/><br \/><i>Inledning<\/i><br \/><br \/>Alliance Fran\u00c7aise de Link\u00f6ping ordnade i september 2019, som ett led i firandet av f\u00f6reningens hundra\u00e5rsjubileum, bes\u00f6k p\u00e5 n\u00e5gra viktiga institutioner i Paris dit turister inte har tilltr\u00e4de. Sex medlemmar fr\u00e5n Link\u00f6ping deltog. Dessa anteckningar \u00e5terger mina (Christer Gr\u00f6nevall) upplevelser. Jag v\u00e4ljer att inte namnge n\u00e5gon. Det kan redan h\u00e4r n\u00e4mnas att solen sken varje dag och det var 25-28 grader varmt varje eftermiddag, men p\u00e5 hemresedagen den 22 september br\u00f6t st\u00f6rtregnet ut.<br \/><br \/><br \/><i>Onsdagen den 18 september<\/i><br \/><br \/>Bes\u00f6k p\u00e5 Cercle Su\u00e9dois vid rue de Rivoli i n\u00e4rheten av Place de la Concorde. En fransyska f\u00f6revisade rummen, med h\u00f6gt i tak, fr\u00e5n vilka man har h\u00e4nf\u00f6rande utsikt \u00f6ver Jardin des Tuileries. Klubben \u00e4r den \u00e4ldsta svenska utanf\u00f6r landets gr\u00e4nser. Medlemskap f\u00f6ruts\u00e4tter att man \u00e4r svensk med bos\u00e4ttning i Frankrike. Klubben h\u00e5ller \u00f6ppet m\u00e5ndag-fredag. Det n\u00e4mndes att icke beh\u00f6riga kan hyra klubben p\u00e5 helger f\u00f6r t.ex. br\u00f6llop. Klubben har eget k\u00f6k.<br \/><br \/>Vi fick se skrivbordet d\u00e4r Alfred Nobel satt och skrev sitt testamente i det s\u00e5 kallade Nobelrummet. Det ber\u00e4ttades att Raoul Nordling \u2013 l\u00b4homme qui a sauv\u00e9 Paris \u2013 ofta bes\u00f6kte klubben. Vi fick se en bronsbyst skapad av den svenske \u00e5r 2017 avlidne skulpt\u00f6ren Gudmar Olovson. Denne konstn\u00e4r har knappast n\u00e5tt den ber\u00f6mmelse i Sverige som han f\u00f6rtj\u00e4nar, men Provence var f\u00f6rvisso hans fr\u00e4msta domicil.<br \/><br \/>Vid lunchen gav klubbordf\u00f6randen information om klubbens verksamhet. Vi fick \u00e4ven h\u00f6ra n\u00e5gra roliga anekdoter om bland andra ex-president Hollande som bor i samma hus. Lunchen var\u00a0 uts\u00f6kt med svenska inslag s\u00e5som sill, lax och extra goda isterband m.m.<br \/><br \/>Kl 17 gjorde vi entr\u00e9 hos France T\u00e9l\u00e9visions bel\u00e4get vid rive gauche inte l\u00e5ngt fr\u00e5n metro Balard. V\u00e5r guide tituleras redacteur-en-chef, men inriktning p\u00e5 att skapa programserier med politisk bevakning. Guiden hade i maj 2019 h\u00e5llit en f\u00f6rel\u00e4sning hos Alliance Fran\u00c7aise de Link\u00f6ping med betoning p\u00e5 \u201dles gilets jaunes\u201d. Den f\u00f6rklaring som han gav till att bjuda in oss till televisionen var att han hade k\u00e4nt sig mycket v\u00e4l mottagen i Link\u00f6ping.<br \/><br \/>Verkligheten \u00f6vertr\u00e4ffar dikten. Ingen hade kunnat ana vad som skulle h\u00e4nda de n\u00e4rmaste fyra timmarna. Vi fick se i princip \u201dallt\u201d. Visserligen fick vi inte tr\u00e4ffa alla de fyratusen personer som arbetar vid televisionen, men vi fick s\u00e4kerligen se ett par hundra av dem i arbete. Visningen kr\u00f6ntes av att vi fick st\u00e5 i studion under direkts\u00e4ndning av Rapport. Efter\u00e5t dinerade vi i televisionens stora matsal. Vid hempromenad i den milda kv\u00e4llen var vi faktiskt \u201dtagna\u201d.<br \/><br \/><br \/><i>Torsdagen den 19 september<\/i><br \/><br \/>Bes\u00f6k p\u00e5 Alliance Fran\u00c7aise huvudkontor p\u00e5 sjunde v\u00e5ningen vid Boulevard Raspail. Vi blev f\u00f6rst av allt f\u00f6rflyttade till balkongen med panoramautsikt \u00f6ver Paris. Vi kunde se flera ber\u00f6mda kyrkor, n\u00e4rmast fanns \u00c9glise Saint-Sulpice och l\u00e4ngst bort Sacr\u00e9-Coeur. Toppen av Notre-Dame kunde ocks\u00e5 skymtas.<br \/><br \/>Presidenten j\u00e4mte dennes n\u00e4rmaste medarbetare h\u00f6ll ett v\u00e4lkomstanf\u00f6rande i sitt arbetsrum. Jag svarade med en kortare beskrivning av verksamheten i Link\u00f6ping. H\u00e4refter \u201dfikade\u201d vi tillsammans med alla anst\u00e4llda. N\u00e5gon talade om Lappland. Det fick mig att ber\u00e4tta om skidolyckan vid Riksgr\u00e4nsen d\u00e4r jag fl\u00f6g fritt i luften och var mycket n\u00e4ra att omkomma. En av fransm\u00e4nnen replikerade snabbt att han hade h\u00e5llit p\u00e5 att omkomma i G\u00f6teborg \u2013 men av helt annan orsak. Detta fick fransm\u00e4nnen att t\u00e4nda till p\u00e5 alla cylindrar med en kanonad av kommentarer. Skratten rungade. Fransm\u00e4nnen fick tillf\u00e4lle att visa upp m\u00e4sterlig humor.<br \/><br \/>Presidenten ber\u00e4ttade att han h\u00f6sten 2020 ska ordna ett colloque i Paris dit alla alliancer i v\u00e4rlden har r\u00e4tt att n\u00e4rvara. Han r\u00e4knar med att vi ska f\u00e5 tr\u00e4ffa president Macron. Det enda som \u00e4r klart \u00e4r att detta colloque ber\u00e4knas g\u00e5 av stapeln i september eller oktober.<br \/><br \/>Man bad att f\u00e5 ett manus om link\u00f6pingsalliancens historik m.m. j\u00e4mte n\u00e5gra fotografier. Man avser allts\u00e5 att skriva n\u00e5got om v\u00e5rt hundra\u00e5rsjubileum. Vi \u00e4r under lupp.<br \/><br \/>Eftermiddagen bj\u00f6d p\u00e5 fria aktiviteter, men p\u00e5 kv\u00e4llen hade vi gemensam middag i Quartier Latin. Efter middagen promenerade n\u00e5gra av oss l\u00e4ngs rive gauche och \u00f6ver Pont du Carrousel i riktning mot Opera, d\u00e4r man dansar tango p\u00e5 trappan varje kv\u00e4ll. Vi blev h\u00e4nf\u00f6rda \u00f6ver den str\u00e5lande illumineringen och av alla ljusspeglingar i Seine. La Tour Eiffel lyste i guld, men pl\u00f6tsligt gnistrade ett diamantregn. Kv\u00e4llen avslutades, f\u00f6r tre av oss, med Kir Royale vid ett caf\u00e9 intill Opera.<br \/><br \/><br \/><i>Fredagen den 20 september<\/i><br \/><br \/>Bes\u00f6k p\u00e5 Sveriges ambassad p\u00e5 rue Barbet de Jouy. Om man utg\u00e5r fr\u00e5n Assembl\u00e9e Nationale och promenerar tio minuter \u00e5t s\u00f6der \u2013 d\u00e5 har man kommit r\u00e4tt. En ganska n\u00e4rbel\u00e4gen granne \u00e4r Mus\u00e9e Rodin. Vi m\u00f6ttes i entr\u00e9n av ett fotografi f\u00f6rest\u00e4llande August Strindberg (k\u00e4nd som svenskt geni men ocks\u00e5 som uppviglare, varf\u00f6r jag blev \u00f6verraskad att finna honom d\u00e4r). Mindre \u00f6verraskande var det st\u00f6rre fotografiet av Carl XVI Gustaf och Silvia. Lokalerna \u00e4r ljusa och modernt m\u00f6blerade i en icke stram stil. Tv\u00e5 tj\u00e4nstem\u00e4n och en praktikant tog emot oss. Man ber\u00e4ttade att ambassaden arbetar med allt fr\u00e5n svensk-franska relationer till milj\u00f6 och kultur m.m. Man talade mer \u00e4n en g\u00e5ng om \u201dsvensk v\u00e4rdegrund\u201d. Givetvis ing\u00e5r det i alla ambassaders skyldigheter att rapportera allt av vikt till hemlandets regering.<br \/><br \/>Vi k\u00e4nde oss mycket v\u00e4l mottagna p\u00e5 ambassaden. Vi k\u00e4nde oss nog litet stolta att f\u00e5 komma dit. Dessutom ordnade en av tj\u00e4nstem\u00e4nnen, genom ett snabbt telefonsamtal, s\u00e5 att vi fick komma till Institut Su\u00e9dois p\u00e5 eftermiddagen. Man betonade att ambassaden v\u00e4rdes\u00e4tter det viktiga kulturarbete som institutet st\u00e5r f\u00f6r. Innan vi begav oss till institutet ber\u00e4ttade man att det inte hade regnat i Paris p\u00e5 en hel m\u00e5nad (jfr ingressen).<br \/><br \/>P\u00e5 institutet b\u00f6rjade vi med att intaga en v\u00e4lsmakande lunch i solskenet ute p\u00e5 g\u00e5rden.<br \/><br \/>H\u00e4refter fick vi tr\u00e4ffa en ung fransyska som gjorde sin f\u00f6rsta guidning. Hon f\u00f6revisade drygt fem specialinredda rum som ska kunna nyttjas av svenskar som \u00e4r profilerade i kulturens tj\u00e4nst. Bes\u00f6kare p\u00e5 institutet har inte tilltr\u00e4de till dessa rum, men i \u00f6vrigt har alla tilltr\u00e4de till det som visas. Det kan n\u00e4mnas att guiden gjorde ett fantastiskt arbete med kunskap, stil och gl\u00e4dje att f\u00e5 f\u00f6rmedla information.<br \/><br \/>P\u00e5 kv\u00e4llen gemensam middag strax intill metro Gobelins, det st\u00e4lle d\u00e4r gobel\u00e4ngernas vagga p\u00e5st\u00e5s ha vaggat. En av deltagarna n\u00e4mnde att en fransk jurist hade rekommenderat rue Mouffetard som det mysigaste och b\u00e4sta st\u00e4llet f\u00f6r att g\u00e5 p\u00e5 restaurang. Gobelins var uts\u00f6kt, men n\u00e4sta g\u00e5ng i Paris hoppas vi komma \u00e4ven till rue Mouffetard.<br \/><br \/>Vid den l\u00e5nga promenaden till Gobelins kunde vi se att tornen p\u00e5 Notre-Dame \u00e4r helt intakta och att resten av kyrkan tycks s\u00e4krad med avancerade byggnadsst\u00e4llningar.<br \/><br \/><br \/><i>L\u00f6rdagen den 21 september<\/i><br \/><br \/>St\u00e4mningen var forcerad p\u00e5 l\u00f6rdagsf\u00f6rmiddagen. Det p\u00e5stods att 7\u00a0500 poliser var utposterade p\u00e5 grund av befarade upplopp. Vi tog det s\u00e4kra f\u00f6re det os\u00e4kra och tog t\u00e5get fr\u00e5n Gare St Lazare till Vernon. I Vernon hoppade vi p\u00e5 ett miniatyrt\u00e5g (eller vad det heter) som tog oss den fem kilometer l\u00e5nga str\u00e4ckan till Monets tr\u00e4dg\u00e5rd. Vi nj\u00f6t av de b\u00e5da vackra tr\u00e4dg\u00e5rdarna. Givetvis s\u00e5g vi ocks\u00e5 Monets bostad. F\u00f6re hemresan \u00e5t vi tillsammans i Vernon. Vid \u201dhemkomst\u201d till Paris visade det sig dessb\u00e4ttre att det inte hade blivit n\u00e5gra n\u00e4mnv\u00e4rda upplopp.<br \/><br \/>H\u00e4rmed var resans \u201dofficiella\u201d del avslutad.<br \/><br \/>Det kan n\u00e4mnas att alla fransm\u00e4n som vi tr\u00e4ffade under veckan var mycket trevliga och hj\u00e4lpsamma. Myten om \u201ddistanserade\u201d fransm\u00e4n kommer allts\u00e5 p\u00e5 skam. Sk\u00e4let till att vi kom till Gobelins var att en helt fr\u00e4mmande fransman intervenerade n\u00e4r vi letade efter restaurang i Quartier Latin. Denne tyckte att Quartier Latin hade blivit n\u00e5got av en turistf\u00e4lla och att Gobelins skulle erbjuda h\u00f6gre v\u00e4rde \u00e5t oss. Det s\u00e4tt p\u00e5 vilket han tilltalade oss var uppsluppet och angen\u00e4mt. Det visade sig ocks\u00e5 n\u00e4sta kv\u00e4ll att Gobelins \u00e4r ett bra val, men n\u00e4sta g\u00e5ng blir det kanske rue Mouffetard\u2026\u2026\u2026\u2026\u2026\u2026\u2026\u2026.<br \/><br \/>Nedtecknat av Christer Gr\u00f6nevall<br \/>Pres<br \/>Alliance Fran\u00c7aise de Link\u00f6ping<\/p>\t\t\t\t\t\t\t\t<\/div>\n\t\t\t\t<\/div>\n\t\t\t\t\t<\/div>\n\t\t<\/div>\n\t\t\t\t\t<\/div>\n\t\t<\/section>\n\t\t\t\t<\/div>\n\t\t","protected":false},"excerpt":{"rendered":"<p>Ett nytt s\u00e4tt att uppleva Paris Inledning Alliance Fran\u00c7aise de Link\u00f6ping ordnade i september 2019, som ett led i firandet av f\u00f6reningens hundra\u00e5rsjubileum, bes\u00f6k p\u00e5 n\u00e5gra viktiga institutioner i Paris dit turister inte har tilltr\u00e4de. Sex medlemmar fr\u00e5n Link\u00f6ping deltog. Dessa anteckningar \u00e5terger mina (Christer Gr\u00f6nevall) upplevelser. Jag v\u00e4ljer att inte namnge n\u00e5gon. Det kan redan h\u00e4r n\u00e4mnas att solen sken varje dag och det var 25-28 grader varmt varje eftermiddag, men p\u00e5 hemresedagen den 22 september br\u00f6t st\u00f6rtregnet ut. Onsdagen den 18 september Bes\u00f6k p\u00e5 Cercle Su\u00e9dois vid rue de Rivoli i n\u00e4rheten av Place de la Concorde. En fransyska f\u00f6revisade rummen, med h\u00f6gt i tak, fr\u00e5n vilka man har h\u00e4nf\u00f6rande utsikt \u00f6ver Jardin des Tuileries. Klubben \u00e4r den \u00e4ldsta svenska utanf\u00f6r landets gr\u00e4nser. Medlemskap f\u00f6ruts\u00e4tter att man \u00e4r svensk med bos\u00e4ttning i Frankrike. Klubben h\u00e5ller \u00f6ppet m\u00e5ndag-fredag. Det n\u00e4mndes att icke beh\u00f6riga kan hyra klubben p\u00e5 helger f\u00f6r t.ex. br\u00f6llop. Klubben har eget k\u00f6k. Vi fick se skrivbordet d\u00e4r Alfred Nobel satt och skrev sitt testamente i det s\u00e5 kallade Nobelrummet. Det ber\u00e4ttades att Raoul Nordling \u2013 l\u00b4homme qui a sauv\u00e9 Paris \u2013 ofta bes\u00f6kte klubben. Vi fick se en bronsbyst skapad av den svenske \u00e5r 2017 avlidne skulpt\u00f6ren Gudmar Olovson. Denne konstn\u00e4r har knappast n\u00e5tt den ber\u00f6mmelse i Sverige som han f\u00f6rtj\u00e4nar, men Provence var f\u00f6rvisso hans fr\u00e4msta domicil. Vid lunchen gav klubbordf\u00f6randen information om klubbens verksamhet. Vi fick \u00e4ven h\u00f6ra n\u00e5gra roliga anekdoter om bland andra ex-president Hollande som bor i samma hus. Lunchen var\u00a0 uts\u00f6kt med svenska inslag s\u00e5som sill, lax och extra goda isterband m.m. Kl 17 gjorde vi entr\u00e9 hos France T\u00e9l\u00e9visions bel\u00e4get vid rive gauche inte l\u00e5ngt fr\u00e5n metro Balard. V\u00e5r guide tituleras redacteur-en-chef, men inriktning p\u00e5 att skapa programserier med politisk bevakning. Guiden hade i maj 2019 h\u00e5llit en f\u00f6rel\u00e4sning hos Alliance Fran\u00c7aise de Link\u00f6ping med betoning p\u00e5 \u201dles gilets jaunes\u201d. Den f\u00f6rklaring som han gav till att bjuda in oss till televisionen var att han hade k\u00e4nt sig mycket v\u00e4l mottagen i Link\u00f6ping. Verkligheten \u00f6vertr\u00e4ffar dikten. Ingen hade kunnat ana vad som skulle h\u00e4nda de n\u00e4rmaste fyra timmarna. Vi fick se i princip \u201dallt\u201d. Visserligen fick vi inte tr\u00e4ffa alla de fyratusen personer som arbetar vid televisionen, men vi fick s\u00e4kerligen se ett par hundra av dem i arbete. Visningen kr\u00f6ntes av att vi fick st\u00e5 i studion under direkts\u00e4ndning av Rapport. Efter\u00e5t dinerade vi i televisionens stora matsal. Vid hempromenad i den milda kv\u00e4llen var vi faktiskt \u201dtagna\u201d. Torsdagen den 19 september Bes\u00f6k p\u00e5 Alliance Fran\u00c7aise huvudkontor p\u00e5 sjunde v\u00e5ningen vid Boulevard Raspail. Vi blev f\u00f6rst av allt f\u00f6rflyttade till balkongen med panoramautsikt \u00f6ver Paris. Vi kunde se flera ber\u00f6mda kyrkor, n\u00e4rmast fanns \u00c9glise Saint-Sulpice och l\u00e4ngst bort Sacr\u00e9-Coeur. Toppen av Notre-Dame kunde ocks\u00e5 skymtas. Presidenten j\u00e4mte dennes n\u00e4rmaste medarbetare h\u00f6ll ett v\u00e4lkomstanf\u00f6rande i sitt arbetsrum. Jag svarade med en kortare beskrivning av verksamheten i Link\u00f6ping. H\u00e4refter \u201dfikade\u201d vi tillsammans med alla anst\u00e4llda. N\u00e5gon talade om Lappland. Det fick mig att ber\u00e4tta om skidolyckan vid Riksgr\u00e4nsen d\u00e4r jag fl\u00f6g fritt i luften och var mycket n\u00e4ra att omkomma. En av fransm\u00e4nnen replikerade snabbt att han hade h\u00e5llit p\u00e5 att omkomma i G\u00f6teborg \u2013 men av helt annan orsak. Detta fick fransm\u00e4nnen att t\u00e4nda till p\u00e5 alla cylindrar med en kanonad av kommentarer. Skratten rungade. Fransm\u00e4nnen fick tillf\u00e4lle att visa upp m\u00e4sterlig humor. Presidenten ber\u00e4ttade att han h\u00f6sten 2020 ska ordna ett colloque i Paris dit alla alliancer i v\u00e4rlden har r\u00e4tt att n\u00e4rvara. Han r\u00e4knar med att vi ska f\u00e5 tr\u00e4ffa president Macron. Det enda som \u00e4r klart \u00e4r att detta colloque ber\u00e4knas g\u00e5 av stapeln i september eller oktober. Man bad att f\u00e5 ett manus om link\u00f6pingsalliancens historik m.m. j\u00e4mte n\u00e5gra fotografier. Man avser allts\u00e5 att skriva n\u00e5got om v\u00e5rt hundra\u00e5rsjubileum. Vi \u00e4r under lupp. Eftermiddagen bj\u00f6d p\u00e5 fria aktiviteter, men p\u00e5 kv\u00e4llen hade vi gemensam middag i Quartier Latin. Efter middagen promenerade n\u00e5gra av oss l\u00e4ngs rive gauche och \u00f6ver Pont du Carrousel i riktning mot Opera, d\u00e4r man dansar tango p\u00e5 trappan varje kv\u00e4ll. Vi blev h\u00e4nf\u00f6rda \u00f6ver den str\u00e5lande illumineringen och av alla ljusspeglingar i Seine. La Tour Eiffel lyste i guld, men pl\u00f6tsligt gnistrade ett diamantregn. Kv\u00e4llen avslutades, f\u00f6r tre av oss, med Kir Royale vid ett caf\u00e9 intill Opera. Fredagen den 20 september Bes\u00f6k p\u00e5 Sveriges ambassad p\u00e5 rue Barbet de Jouy. Om man utg\u00e5r fr\u00e5n Assembl\u00e9e Nationale och promenerar tio minuter \u00e5t s\u00f6der \u2013 d\u00e5 har man kommit r\u00e4tt. En ganska n\u00e4rbel\u00e4gen granne \u00e4r Mus\u00e9e Rodin. Vi m\u00f6ttes i entr\u00e9n av ett fotografi f\u00f6rest\u00e4llande August Strindberg (k\u00e4nd som svenskt geni men ocks\u00e5 som uppviglare, varf\u00f6r jag blev \u00f6verraskad att finna honom d\u00e4r). Mindre \u00f6verraskande var det st\u00f6rre fotografiet av Carl XVI Gustaf och Silvia. Lokalerna \u00e4r ljusa och modernt m\u00f6blerade i en icke stram stil. Tv\u00e5 tj\u00e4nstem\u00e4n och en praktikant tog emot oss. Man ber\u00e4ttade att ambassaden arbetar med allt fr\u00e5n svensk-franska relationer till milj\u00f6 och kultur m.m. Man talade mer \u00e4n en g\u00e5ng om \u201dsvensk v\u00e4rdegrund\u201d. Givetvis ing\u00e5r det i alla ambassaders skyldigheter att rapportera allt av vikt till hemlandets regering. Vi k\u00e4nde oss mycket v\u00e4l mottagna p\u00e5 ambassaden. Vi k\u00e4nde oss nog litet stolta att f\u00e5 komma dit. Dessutom ordnade en av tj\u00e4nstem\u00e4nnen, genom ett snabbt telefonsamtal, s\u00e5 att vi fick komma till Institut Su\u00e9dois p\u00e5 eftermiddagen. Man betonade att ambassaden v\u00e4rdes\u00e4tter det viktiga kulturarbete som institutet st\u00e5r f\u00f6r. Innan vi begav oss till institutet ber\u00e4ttade man att det inte hade regnat i Paris p\u00e5 en hel m\u00e5nad (jfr ingressen). P\u00e5 institutet b\u00f6rjade vi med att intaga en v\u00e4lsmakande lunch i solskenet ute p\u00e5 g\u00e5rden. H\u00e4refter fick vi tr\u00e4ffa en ung fransyska som gjorde sin f\u00f6rsta guidning. Hon f\u00f6revisade drygt fem specialinredda rum som ska kunna nyttjas av svenskar som \u00e4r profilerade i kulturens tj\u00e4nst. Bes\u00f6kare p\u00e5 institutet har inte tilltr\u00e4de till dessa rum, men i \u00f6vrigt har alla tilltr\u00e4de till det som visas. Det kan n\u00e4mnas att guiden gjorde ett fantastiskt arbete med kunskap, stil och gl\u00e4dje att f\u00e5 f\u00f6rmedla information. P\u00e5 kv\u00e4llen gemensam middag strax intill metro Gobelins, det st\u00e4lle d\u00e4r gobel\u00e4ngernas vagga p\u00e5st\u00e5s ha vaggat. En av deltagarna n\u00e4mnde att en fransk jurist hade rekommenderat rue Mouffetard som det mysigaste och b\u00e4sta st\u00e4llet f\u00f6r att g\u00e5 p\u00e5 restaurang. Gobelins var uts\u00f6kt, men n\u00e4sta g\u00e5ng i Paris hoppas vi komma \u00e4ven till rue Mouffetard. Vid den l\u00e5nga promenaden till Gobelins kunde vi se att tornen p\u00e5 Notre-Dame \u00e4r helt intakta och att resten av kyrkan tycks s\u00e4krad med avancerade byggnadsst\u00e4llningar. L\u00f6rdagen den 21 september St\u00e4mningen var forcerad p\u00e5 l\u00f6rdagsf\u00f6rmiddagen. Det p\u00e5stods att 7\u00a0500 poliser var utposterade p\u00e5 grund av befarade upplopp. Vi tog det s\u00e4kra f\u00f6re det os\u00e4kra och tog t\u00e5get fr\u00e5n Gare St Lazare till Vernon. I Vernon hoppade vi p\u00e5 ett miniatyrt\u00e5g (eller vad det heter) som tog oss den fem kilometer l\u00e5nga str\u00e4ckan till Monets tr\u00e4dg\u00e5rd. Vi nj\u00f6t av de b\u00e5da vackra tr\u00e4dg\u00e5rdarna. Givetvis s\u00e5g vi ocks\u00e5 Monets bostad. F\u00f6re hemresan \u00e5t vi tillsammans i Vernon. Vid \u201dhemkomst\u201d till Paris visade det sig dessb\u00e4ttre att det inte hade blivit n\u00e5gra n\u00e4mnv\u00e4rda upplopp. H\u00e4rmed var resans \u201dofficiella\u201d del avslutad. Det kan n\u00e4mnas att alla fransm\u00e4n som vi tr\u00e4ffade under veckan var mycket trevliga och hj\u00e4lpsamma. Myten om \u201ddistanserade\u201d fransm\u00e4n kommer allts\u00e5 p\u00e5 skam. Sk\u00e4let till att vi kom till Gobelins var att en helt fr\u00e4mmande fransman intervenerade n\u00e4r vi letade efter restaurang i Quartier Latin. Denne tyckte att Quartier Latin hade blivit n\u00e5got av en turistf\u00e4lla och att Gobelins skulle erbjuda h\u00f6gre v\u00e4rde \u00e5t oss. Det s\u00e4tt p\u00e5 vilket han tilltalade oss var uppsluppet och angen\u00e4mt. Det visade sig ocks\u00e5 n\u00e4sta kv\u00e4ll att Gobelins \u00e4r ett bra val, men n\u00e4sta g\u00e5ng blir det kanske rue Mouffetard\u2026\u2026\u2026\u2026\u2026\u2026\u2026\u2026. Nedtecknat av Christer Gr\u00f6nevallPresAlliance Fran\u00c7aise de Link\u00f6ping<\/p>\n","protected":false},"author":1,"featured_media":0,"parent":0,"menu_order":0,"comment_status":"closed","ping_status":"closed","template":"","meta":{"om_disable_all_campaigns":false,"_monsterinsights_skip_tracking":false,"_monsterinsights_sitenote_active":false,"_monsterinsights_sitenote_note":"","_monsterinsights_sitenote_category":0,"_uf_show_specific_survey":0,"_uf_disable_surveys":false,"footnotes":""},"class_list":["post-315","page","type-page","status-publish","hentry"],"aioseo_notices":[],"rttpg_featured_image_url":null,"rttpg_author":{"display_name":"Super.admin","author_link":"https:\/\/alliancefr.se\/linkoping\/author\/admin2174\/"},"rttpg_comment":0,"rttpg_category":" <a href=\"https:\/\/alliancefr.se\/linkoping\/\" rel=\"tag\">Fran\u00e7ais<\/a>","rttpg_excerpt":"Ett nytt s\u00e4tt att uppleva Paris Inledning Alliance Fran\u00c7aise de Link\u00f6ping ordnade i september 2019, som ett led i firandet av f\u00f6reningens hundra\u00e5rsjubileum, bes\u00f6k p\u00e5 n\u00e5gra viktiga institutioner i Paris dit turister inte har tilltr\u00e4de. Sex medlemmar fr\u00e5n Link\u00f6ping deltog. Dessa anteckningar \u00e5terger mina (Christer Gr\u00f6nevall) upplevelser. Jag v\u00e4ljer att inte namnge n\u00e5gon. Det kan\u2026","_links":{"self":[{"href":"https:\/\/alliancefr.se\/linkoping\/wp-json\/wp\/v2\/pages\/315","targetHints":{"allow":["GET"]}}],"collection":[{"href":"https:\/\/alliancefr.se\/linkoping\/wp-json\/wp\/v2\/pages"}],"about":[{"href":"https:\/\/alliancefr.se\/linkoping\/wp-json\/wp\/v2\/types\/page"}],"author":[{"embeddable":true,"href":"https:\/\/alliancefr.se\/linkoping\/wp-json\/wp\/v2\/users\/1"}],"replies":[{"embeddable":true,"href":"https:\/\/alliancefr.se\/linkoping\/wp-json\/wp\/v2\/comments?post=315"}],"version-history":[{"count":4,"href":"https:\/\/alliancefr.se\/linkoping\/wp-json\/wp\/v2\/pages\/315\/revisions"}],"predecessor-version":[{"id":319,"href":"https:\/\/alliancefr.se\/linkoping\/wp-json\/wp\/v2\/pages\/315\/revisions\/319"}],"wp:attachment":[{"href":"https:\/\/alliancefr.se\/linkoping\/wp-json\/wp\/v2\/media?parent=315"}],"curies":[{"name":"wp","href":"https:\/\/api.w.org\/{rel}","templated":true}]}}