{"id":302,"date":"2023-12-21T18:34:53","date_gmt":"2023-12-21T17:34:53","guid":{"rendered":"https:\/\/alliancefr.se\/linkoping\/?page_id=302"},"modified":"2023-12-21T18:35:19","modified_gmt":"2023-12-21T17:35:19","slug":"programme-printemps-2020","status":"publish","type":"page","link":"https:\/\/alliancefr.se\/linkoping\/programme-printemps-2020\/","title":{"rendered":"Programme printemps 2020"},"content":{"rendered":"\t\t<div data-elementor-type=\"wp-page\" data-elementor-id=\"302\" class=\"elementor elementor-302\">\n\t\t\t\t\t\t<section class=\"elementor-section elementor-top-section elementor-element elementor-element-cec8afb elementor-section-boxed elementor-section-height-default elementor-section-height-default\" data-id=\"cec8afb\" data-element_type=\"section\">\n\t\t\t\t\t\t<div class=\"elementor-container elementor-column-gap-default\">\n\t\t\t\t\t<div class=\"elementor-column elementor-col-100 elementor-top-column elementor-element elementor-element-c2ff2bd\" data-id=\"c2ff2bd\" data-element_type=\"column\">\n\t\t\t<div class=\"elementor-widget-wrap elementor-element-populated\">\n\t\t\t\t\t\t<div class=\"elementor-element elementor-element-74e1cf0 elementor-widget elementor-widget-text-editor\" data-id=\"74e1cf0\" data-element_type=\"widget\" data-widget_type=\"text-editor.default\">\n\t\t\t\t<div class=\"elementor-widget-container\">\n\t\t\t\t\t\t\t\t\t<p>Nous esp\u00e9rons vous retrouver nombreux lors de nos activit\u00e9s!<\/p><p>Apportez de la monnaie pour les rafra\u00eechissements, Tout le monde est bienvenu, membre ou pas.<\/p><p>\u00a0<\/p><p>Le\u00a0<strong>\u00a0mardi 3 mars\u00a0<\/strong>\u00e0 19h00 \u00e0 F\u00f6reningshuset\u00a0<a href=\"https:\/\/kartor.eniro.se\/m\/AjzTP\">Font\u00e4nen (gamla brandstationen)<br \/><\/a>, V\u00e4strav\u00e4gen 32, Link\u00f6ping, Rum Bergqvist p\u00e5 gatuplan (rum nr 138), g\u00e5 till huvudentr\u00e9n, finns ej kod men n\u00e5gon fr\u00e5n f\u00f6reningen kommer att finnas vid entr\u00e9d\u00f6rren mellan kl. 18:45 och 19:05. Vid ankomst efter 19:05; ring 070-5778216.<\/p><p>\u00a0<\/p><p><strong>Assembl\u00e9e annuelle<\/strong><strong><br \/><br \/><\/strong><b>Hans Lund\u00e9n<\/b>, konstk\u00e4nnare, flitigt anlitad hos flera alliancer i landet h\u00e5ller f\u00f6redrag p\u00e5 svenska med titel\u00a0<b>\u00ab\u00a0Tango i Nizza, Ett m\u00f6te mellan Matisse och Picasso\u00a0\u00bb<br \/><\/b><\/p><p>\u00a0<\/p><div>\u00a0<\/div><p><em>Un verre amical sera servi apr\u00e8s la conf\u00e9rence(50 kr)<br \/><\/em><\/p><div>\u00a0<\/div><p>\u00a0<\/p><p>Le\u00a0<strong>mardi 7 avril<\/strong>\u00a0\u00e0 19h00\u00a0\u00a0<strong><b>Annul\u00e9<\/b><\/strong><\/p><p><b>Leif Olsson<\/b>, traducteur, r\u00e9citateur et metteur en sc\u00e8ne nous racontera ses exp\u00e9riences du th\u00e9\u00e2tre fran\u00e7ais.<\/p><p>\u00ab\u00a0<b>De Moli\u00e8re \u00e0 J\u00e9r\u00f4me Savary<\/b>\u00ab\u00a0.<\/p><p>La pr\u00e9sentation sera accompagn\u00e9e d&rsquo;images et d&rsquo;extraits de pi\u00e8ces.<\/p><p>\u00a0<\/p><div>\u00a0<\/div><p><em>Apr\u00e8s la conf\u00e9rence un petit souper (150 kr) sera servi. Inscription pour le souper avant le 3 avril aupr\u00e8s\u00a0<\/em><em>de Christer Gr\u00f6nevall (t\u00e9l. 0705-778216,\u00a0<a href=\"mailto:christer.gronevall@gmail.com\">christer.gronevall@gmail.com<\/a>\u00a0)<br \/><\/em><\/p><div>\u00a0<\/div><p>\u00a0<\/p><p>Le\u00a0<strong>lundi 4 mai\u00a0<\/strong>\u00e0 19h00\u00a0\u00a0<strong><b>Annul\u00e9<\/b><\/strong><\/p><div>\u00a0<\/div><div><b>Marie-Alice d&rsquo;Hollander Milcamps\u00a0<\/b>et<b>\u00a0Martin d&rsquo;Hollander<\/b>, nous pr\u00e9sentent \u00ab\u00a0<b>Un voyage des produits de Belgique<\/b>\u00ab\u00a0. Ils pr\u00e9parent aussi une d\u00e9gustation.<\/div><p>\u00a0<\/p><div>\u00a0<\/div><p><em>Inscription pour la d\u00e9gustation (150 kr) avant le 21 avril aupr\u00e8s\u00a0<\/em><em>de Christer Gr\u00f6nevall (t\u00e9l. 0705-778216,\u00a0<a href=\"mailto:christer.gronevall@gmail.com\">christer.gronevall@gmail.com<\/a>\u00a0)<\/em><\/p><p><br \/>Le\u00a0<strong>\u00a0samedi 16 mai\u00a0<\/strong><strong><b>Annul\u00e9<\/b><\/strong><\/p><p><b><strong>L\u2019excursion\u00a0<\/strong>printani\u00e8re organis\u00e9e par l&rsquo;Alliance\u00a0<\/b><b>fran\u00e7aise\u00a0de Link\u00f6ping<\/b><\/p><p><strong>Soyez les bienvenus!<\/strong><\/p>\t\t\t\t\t\t\t\t<\/div>\n\t\t\t\t<\/div>\n\t\t\t\t\t<\/div>\n\t\t<\/div>\n\t\t\t\t\t<\/div>\n\t\t<\/section>\n\t\t\t\t<\/div>\n\t\t","protected":false},"excerpt":{"rendered":"<p>Nous esp\u00e9rons vous retrouver nombreux lors de nos activit\u00e9s! Apportez de la monnaie pour les rafra\u00eechissements, Tout le monde est bienvenu, membre ou pas. \u00a0 Le\u00a0\u00a0mardi 3 mars\u00a0\u00e0 19h00 \u00e0 F\u00f6reningshuset\u00a0Font\u00e4nen (gamla brandstationen), V\u00e4strav\u00e4gen 32, Link\u00f6ping, Rum Bergqvist p\u00e5 gatuplan (rum nr 138), g\u00e5 till huvudentr\u00e9n, finns ej kod men n\u00e5gon fr\u00e5n f\u00f6reningen kommer att finnas vid entr\u00e9d\u00f6rren mellan kl. 18:45 och 19:05. Vid ankomst efter 19:05; ring 070-5778216. \u00a0 Assembl\u00e9e annuelle Hans Lund\u00e9n, konstk\u00e4nnare, flitigt anlitad hos flera alliancer i landet h\u00e5ller f\u00f6redrag p\u00e5 svenska med titel\u00a0\u00ab\u00a0Tango i Nizza, Ett m\u00f6te mellan Matisse och Picasso\u00a0\u00bb \u00a0 \u00a0 Un verre amical sera servi apr\u00e8s la conf\u00e9rence(50 kr) \u00a0 \u00a0 Le\u00a0mardi 7 avril\u00a0\u00e0 19h00\u00a0\u00a0Annul\u00e9 Leif Olsson, traducteur, r\u00e9citateur et metteur en sc\u00e8ne nous racontera ses exp\u00e9riences du th\u00e9\u00e2tre fran\u00e7ais. \u00ab\u00a0De Moli\u00e8re \u00e0 J\u00e9r\u00f4me Savary\u00ab\u00a0. La pr\u00e9sentation sera accompagn\u00e9e d&rsquo;images et d&rsquo;extraits de pi\u00e8ces. \u00a0 \u00a0 Apr\u00e8s la conf\u00e9rence un petit souper (150 kr) sera servi. Inscription pour le souper avant le 3 avril aupr\u00e8s\u00a0de Christer Gr\u00f6nevall (t\u00e9l. 0705-778216,\u00a0christer.gronevall@gmail.com\u00a0) \u00a0 \u00a0 Le\u00a0lundi 4 mai\u00a0\u00e0 19h00\u00a0\u00a0Annul\u00e9 \u00a0Marie-Alice d&rsquo;Hollander Milcamps\u00a0et\u00a0Martin d&rsquo;Hollander, nous pr\u00e9sentent \u00ab\u00a0Un voyage des produits de Belgique\u00ab\u00a0. Ils pr\u00e9parent aussi une d\u00e9gustation. \u00a0 \u00a0 Inscription pour la d\u00e9gustation (150 kr) avant le 21 avril aupr\u00e8s\u00a0de Christer Gr\u00f6nevall (t\u00e9l. 0705-778216,\u00a0christer.gronevall@gmail.com\u00a0) Le\u00a0\u00a0samedi 16 mai\u00a0Annul\u00e9 L\u2019excursion\u00a0printani\u00e8re organis\u00e9e par l&rsquo;Alliance\u00a0fran\u00e7aise\u00a0de Link\u00f6ping Soyez les bienvenus!<\/p>\n","protected":false},"author":1,"featured_media":0,"parent":0,"menu_order":0,"comment_status":"closed","ping_status":"closed","template":"","meta":{"om_disable_all_campaigns":false,"_monsterinsights_skip_tracking":false,"_monsterinsights_sitenote_active":false,"_monsterinsights_sitenote_note":"","_monsterinsights_sitenote_category":0,"_uf_show_specific_survey":0,"_uf_disable_surveys":false,"footnotes":""},"class_list":["post-302","page","type-page","status-publish","hentry"],"aioseo_notices":[],"rttpg_featured_image_url":null,"rttpg_author":{"display_name":"Super.admin","author_link":"https:\/\/alliancefr.se\/linkoping\/author\/admin2174\/"},"rttpg_comment":0,"rttpg_category":" <a href=\"https:\/\/alliancefr.se\/linkoping\/\" rel=\"tag\">Fran\u00e7ais<\/a>","rttpg_excerpt":"Nous esp\u00e9rons vous retrouver nombreux lors de nos activit\u00e9s! Apportez de la monnaie pour les rafra\u00eechissements, Tout le monde est bienvenu, membre ou pas. \u00a0 Le\u00a0\u00a0mardi 3 mars\u00a0\u00e0 19h00 \u00e0 F\u00f6reningshuset\u00a0Font\u00e4nen (gamla brandstationen), V\u00e4strav\u00e4gen 32, Link\u00f6ping, Rum Bergqvist p\u00e5 gatuplan (rum nr 138), g\u00e5 till huvudentr\u00e9n, finns ej kod men n\u00e5gon fr\u00e5n f\u00f6reningen kommer att\u2026","_links":{"self":[{"href":"https:\/\/alliancefr.se\/linkoping\/wp-json\/wp\/v2\/pages\/302","targetHints":{"allow":["GET"]}}],"collection":[{"href":"https:\/\/alliancefr.se\/linkoping\/wp-json\/wp\/v2\/pages"}],"about":[{"href":"https:\/\/alliancefr.se\/linkoping\/wp-json\/wp\/v2\/types\/page"}],"author":[{"embeddable":true,"href":"https:\/\/alliancefr.se\/linkoping\/wp-json\/wp\/v2\/users\/1"}],"replies":[{"embeddable":true,"href":"https:\/\/alliancefr.se\/linkoping\/wp-json\/wp\/v2\/comments?post=302"}],"version-history":[{"count":7,"href":"https:\/\/alliancefr.se\/linkoping\/wp-json\/wp\/v2\/pages\/302\/revisions"}],"predecessor-version":[{"id":309,"href":"https:\/\/alliancefr.se\/linkoping\/wp-json\/wp\/v2\/pages\/302\/revisions\/309"}],"wp:attachment":[{"href":"https:\/\/alliancefr.se\/linkoping\/wp-json\/wp\/v2\/media?parent=302"}],"curies":[{"name":"wp","href":"https:\/\/api.w.org\/{rel}","templated":true}]}}