{"id":297,"date":"2023-12-21T18:34:04","date_gmt":"2023-12-21T17:34:04","guid":{"rendered":"https:\/\/alliancefr.se\/linkoping\/?page_id=297"},"modified":"2023-12-21T18:34:23","modified_gmt":"2023-12-21T17:34:23","slug":"programme-automne-2020","status":"publish","type":"page","link":"https:\/\/alliancefr.se\/linkoping\/programme-automne-2020\/","title":{"rendered":"Programme automne 2020"},"content":{"rendered":"\t\t<div data-elementor-type=\"wp-page\" data-elementor-id=\"297\" class=\"elementor elementor-297\">\n\t\t\t\t\t\t<section class=\"elementor-section elementor-top-section elementor-element elementor-element-dd2d67b elementor-section-boxed elementor-section-height-default elementor-section-height-default\" data-id=\"dd2d67b\" data-element_type=\"section\">\n\t\t\t\t\t\t<div class=\"elementor-container elementor-column-gap-default\">\n\t\t\t\t\t<div class=\"elementor-column elementor-col-100 elementor-top-column elementor-element elementor-element-dcd5eb8\" data-id=\"dcd5eb8\" data-element_type=\"column\">\n\t\t\t<div class=\"elementor-widget-wrap elementor-element-populated\">\n\t\t\t\t\t\t<div class=\"elementor-element elementor-element-e0424eb elementor-widget elementor-widget-text-editor\" data-id=\"e0424eb\" data-element_type=\"widget\" data-widget_type=\"text-editor.default\">\n\t\t\t\t<div class=\"elementor-widget-container\">\n\t\t\t\t\t\t\t\t\t<p style=\"font-weight: 400;\">Nous esp\u00e9rons vous retrouver nombreux lors de nos activit\u00e9s. Apportez de la monnaie pour les rafra\u00eechissements. Tout le monde est bienvenu, membre ou pas.<\/p><p>\u00a0<\/p><p style=\"font-weight: 400;\">Le\u00a0<strong>\u00a0mardi 27 octobre\u00a0<\/strong>\u00e0 19h00 \u00e0\u00a0<a href=\"https:\/\/kartor.eniro.se\/m\/AjzTP\">Font\u00e4nen\/Vagnhallen<\/a>, (gamla Brandstationen p\u00e5 V\u00e4stra V\u00e4gen 32 i Link\u00f6ping)<a href=\"http:\/\/kartor.eniro.se\/m\/AP6RQ\"><br \/><\/a><\/p><p style=\"font-weight: 400;\"><strong>Leif Olsson<\/strong>, traducteur, r\u00e9citateur et metteur en sc\u00e8ne nous racontera ses exp\u00e9riences du th\u00e9\u00e2tre francais.<br \/><strong>\u201cDe Moli\u00e8re \u00e0 J\u00e9r\u00f4me Savary\u201d<\/strong>.<br \/>La pr\u00e9sentation sera accompagn\u00e9 d\u00b4images et d\u00b4extraits de pi\u00e8ces.<\/p><p>\u00a0<\/p><p style=\"font-weight: 400;\"><em>Un verre amical sera servi apr\u00e8s la conf\u00e9rence(50 kr). A cette occasion aucun fromages ou amuse-gueule ne seront servis<\/em><\/p><p><span style=\"font-weight: 400;\">\u00a0<\/span><em style=\"font-weight: 400;\"><em><br \/><\/em><\/em><\/p><p style=\"font-weight: 400;\"><strong>Soyez les bienvenus!<\/strong><\/p>\t\t\t\t\t\t\t\t<\/div>\n\t\t\t\t<\/div>\n\t\t\t\t\t<\/div>\n\t\t<\/div>\n\t\t\t\t\t<\/div>\n\t\t<\/section>\n\t\t\t\t<\/div>\n\t\t","protected":false},"excerpt":{"rendered":"<p>Nous esp\u00e9rons vous retrouver nombreux lors de nos activit\u00e9s. Apportez de la monnaie pour les rafra\u00eechissements. Tout le monde est bienvenu, membre ou pas. \u00a0 Le\u00a0\u00a0mardi 27 octobre\u00a0\u00e0 19h00 \u00e0\u00a0Font\u00e4nen\/Vagnhallen, (gamla Brandstationen p\u00e5 V\u00e4stra V\u00e4gen 32 i Link\u00f6ping) Leif Olsson, traducteur, r\u00e9citateur et metteur en sc\u00e8ne nous racontera ses exp\u00e9riences du th\u00e9\u00e2tre francais.\u201cDe Moli\u00e8re \u00e0 J\u00e9r\u00f4me Savary\u201d.La pr\u00e9sentation sera accompagn\u00e9 d\u00b4images et d\u00b4extraits de pi\u00e8ces. \u00a0 Un verre amical sera servi apr\u00e8s la conf\u00e9rence(50 kr). A cette occasion aucun fromages ou amuse-gueule ne seront servis \u00a0 Soyez les bienvenus!<\/p>\n","protected":false},"author":1,"featured_media":0,"parent":0,"menu_order":0,"comment_status":"closed","ping_status":"closed","template":"","meta":{"om_disable_all_campaigns":false,"_monsterinsights_skip_tracking":false,"_monsterinsights_sitenote_active":false,"_monsterinsights_sitenote_note":"","_monsterinsights_sitenote_category":0,"_uf_show_specific_survey":0,"_uf_disable_surveys":false,"footnotes":""},"class_list":["post-297","page","type-page","status-publish","hentry"],"aioseo_notices":[],"rttpg_featured_image_url":null,"rttpg_author":{"display_name":"Super.admin","author_link":"https:\/\/alliancefr.se\/linkoping\/author\/admin2174\/"},"rttpg_comment":0,"rttpg_category":" <a href=\"https:\/\/alliancefr.se\/linkoping\/\" rel=\"tag\">Fran\u00e7ais<\/a>","rttpg_excerpt":"Nous esp\u00e9rons vous retrouver nombreux lors de nos activit\u00e9s. Apportez de la monnaie pour les rafra\u00eechissements. Tout le monde est bienvenu, membre ou pas. \u00a0 Le\u00a0\u00a0mardi 27 octobre\u00a0\u00e0 19h00 \u00e0\u00a0Font\u00e4nen\/Vagnhallen, (gamla Brandstationen p\u00e5 V\u00e4stra V\u00e4gen 32 i Link\u00f6ping) Leif Olsson, traducteur, r\u00e9citateur et metteur en sc\u00e8ne nous racontera ses exp\u00e9riences du th\u00e9\u00e2tre francais.\u201cDe Moli\u00e8re \u00e0\u2026","_links":{"self":[{"href":"https:\/\/alliancefr.se\/linkoping\/wp-json\/wp\/v2\/pages\/297","targetHints":{"allow":["GET"]}}],"collection":[{"href":"https:\/\/alliancefr.se\/linkoping\/wp-json\/wp\/v2\/pages"}],"about":[{"href":"https:\/\/alliancefr.se\/linkoping\/wp-json\/wp\/v2\/types\/page"}],"author":[{"embeddable":true,"href":"https:\/\/alliancefr.se\/linkoping\/wp-json\/wp\/v2\/users\/1"}],"replies":[{"embeddable":true,"href":"https:\/\/alliancefr.se\/linkoping\/wp-json\/wp\/v2\/comments?post=297"}],"version-history":[{"count":4,"href":"https:\/\/alliancefr.se\/linkoping\/wp-json\/wp\/v2\/pages\/297\/revisions"}],"predecessor-version":[{"id":301,"href":"https:\/\/alliancefr.se\/linkoping\/wp-json\/wp\/v2\/pages\/297\/revisions\/301"}],"wp:attachment":[{"href":"https:\/\/alliancefr.se\/linkoping\/wp-json\/wp\/v2\/media?parent=297"}],"curies":[{"name":"wp","href":"https:\/\/api.w.org\/{rel}","templated":true}]}}