{"id":287,"date":"2023-12-21T17:00:33","date_gmt":"2023-12-21T16:00:33","guid":{"rendered":"https:\/\/alliancefr.se\/linkoping\/?page_id=287"},"modified":"2023-12-21T17:00:52","modified_gmt":"2023-12-21T16:00:52","slug":"programme-automne-2021","status":"publish","type":"page","link":"https:\/\/alliancefr.se\/linkoping\/programme-automne-2021\/","title":{"rendered":"Programme automne 2021"},"content":{"rendered":"\t\t<div data-elementor-type=\"wp-page\" data-elementor-id=\"287\" class=\"elementor elementor-287\">\n\t\t\t\t\t\t<section class=\"elementor-section elementor-top-section elementor-element elementor-element-1a118a8 elementor-section-boxed elementor-section-height-default elementor-section-height-default\" data-id=\"1a118a8\" data-element_type=\"section\">\n\t\t\t\t\t\t<div class=\"elementor-container elementor-column-gap-default\">\n\t\t\t\t\t<div class=\"elementor-column elementor-col-100 elementor-top-column elementor-element elementor-element-24d1595\" data-id=\"24d1595\" data-element_type=\"column\">\n\t\t\t<div class=\"elementor-widget-wrap elementor-element-populated\">\n\t\t\t\t\t\t<div class=\"elementor-element elementor-element-1a094bc elementor-widget elementor-widget-text-editor\" data-id=\"1a094bc\" data-element_type=\"widget\" data-widget_type=\"text-editor.default\">\n\t\t\t\t<div class=\"elementor-widget-container\">\n\t\t\t\t\t\t\t\t\t<p style=\"font-weight: 400;\">Nous esp\u00e9rons vous retrouver nombreux lors de nos activit\u00e9s. Apportez de la monnaie pour les rafra\u00eechissements. Tout le monde est bienvenu, membre ou pas.<\/p><p><br style=\"font-weight: 400;\" \/><br style=\"font-weight: 400;\" \/><\/p><p style=\"font-weight: 400;\">Le\u00a0<strong>\u00a0mercredi 20 octobre\u00a0<\/strong>\u00e0 19h00 \u00e0\u00a0<a href=\"https:\/\/kartor.eniro.se\/m\/AjzTP\">Font\u00e4nen\/Vagnhallen<\/a>,<br \/>(gamla Brandstationen p\u00e5 V\u00e4stra V\u00e4gen 32 i Link\u00f6ping).<br \/>G\u00e5 till huvudentr\u00e9n. Finns ej kod men n\u00e5gon fr\u00e5n f\u00f6reningen kommer att finnas vid entr\u00e9d\u00f6rren mellan kl 18.30 och 19.05.<br \/>\u00a0<\/p><p style=\"font-weight: 400;\"><strong>Assembl\u00e9e annuelle<\/strong><\/p><p style=\"font-weight: 400;\"><strong>Ga\u00eblle Bjurstr\u00f6m<\/strong>\u00a0parle de son r\u00f4le d\u00b4avocate d\u00b4affaires et de la profession d&rsquo;avocat en g\u00e9n\u00e9ral; comment devient-on avocat, quelles sont les r\u00e8gles \u00e0 respecter et y-a-t-il un code vestimentaire?<br \/>La conf\u00e9rence sera en fran\u00e7ais et en su\u00e9dois pour faciliter les \u00e9changes.<\/p><p style=\"font-weight: 400;\"><em>Un verre amical sera servi apr\u00e8s la conf\u00e9rence (50 kr).<\/em><\/p><p><span style=\"font-weight: 400;\">\u00a0<\/span><em style=\"font-weight: 400;\"><em><br \/><\/em><\/em><\/p><p style=\"font-weight: 400;\">Le\u00a0<strong>vendredi 19 novembre\u00a0<\/strong>\u00e0 19h00 \u00e0\u00a0<a href=\"https:\/\/kartor.eniro.se\/m\/AjzTP\">Font\u00e4nen\/Vagnhallen<\/a>,<br \/>(gamla Brandstationen p\u00e5 V\u00e4stra V\u00e4gen 32 i Link\u00f6ping).<br \/>G\u00e5 till huvudentr\u00e9n. Finns ej kod men n\u00e5gon fr\u00e5n f\u00f6reningen kommer att finnas vid entr\u00e9d\u00f6rren mellan kl 18.30 och 19.05.<br \/>\u00a0<\/p><p style=\"font-weight: 400;\"><strong>Marie-Alice d\u00b4Hollander Milcamps<\/strong>\u00a0et\u00a0<strong>Martin d\u00b4Hollander<\/strong>\u00a0nous feront un expos\u00e9 sur leur cher pays la Belgique et nous montreront quelques photos.<\/p><p style=\"font-weight: 400;\"><em>Un verre amical sera servi apr\u00e8s la conf\u00e9rence (50 kr).<\/em><\/p><p><br style=\"font-weight: 400;\" \/><br style=\"font-weight: 400;\" \/><\/p><p style=\"font-weight: 400;\"><strong>Soyez les bienvenus!<\/strong><\/p>\t\t\t\t\t\t\t\t<\/div>\n\t\t\t\t<\/div>\n\t\t\t\t\t<\/div>\n\t\t<\/div>\n\t\t\t\t\t<\/div>\n\t\t<\/section>\n\t\t\t\t<\/div>\n\t\t","protected":false},"excerpt":{"rendered":"<p>Nous esp\u00e9rons vous retrouver nombreux lors de nos activit\u00e9s. Apportez de la monnaie pour les rafra\u00eechissements. Tout le monde est bienvenu, membre ou pas. Le\u00a0\u00a0mercredi 20 octobre\u00a0\u00e0 19h00 \u00e0\u00a0Font\u00e4nen\/Vagnhallen,(gamla Brandstationen p\u00e5 V\u00e4stra V\u00e4gen 32 i Link\u00f6ping).G\u00e5 till huvudentr\u00e9n. Finns ej kod men n\u00e5gon fr\u00e5n f\u00f6reningen kommer att finnas vid entr\u00e9d\u00f6rren mellan kl 18.30 och 19.05.\u00a0 Assembl\u00e9e annuelle Ga\u00eblle Bjurstr\u00f6m\u00a0parle de son r\u00f4le d\u00b4avocate d\u00b4affaires et de la profession d&rsquo;avocat en g\u00e9n\u00e9ral; comment devient-on avocat, quelles sont les r\u00e8gles \u00e0 respecter et y-a-t-il un code vestimentaire?La conf\u00e9rence sera en fran\u00e7ais et en su\u00e9dois pour faciliter les \u00e9changes. Un verre amical sera servi apr\u00e8s la conf\u00e9rence (50 kr). \u00a0 Le\u00a0vendredi 19 novembre\u00a0\u00e0 19h00 \u00e0\u00a0Font\u00e4nen\/Vagnhallen,(gamla Brandstationen p\u00e5 V\u00e4stra V\u00e4gen 32 i Link\u00f6ping).G\u00e5 till huvudentr\u00e9n. Finns ej kod men n\u00e5gon fr\u00e5n f\u00f6reningen kommer att finnas vid entr\u00e9d\u00f6rren mellan kl 18.30 och 19.05.\u00a0 Marie-Alice d\u00b4Hollander Milcamps\u00a0et\u00a0Martin d\u00b4Hollander\u00a0nous feront un expos\u00e9 sur leur cher pays la Belgique et nous montreront quelques photos. Un verre amical sera servi apr\u00e8s la conf\u00e9rence (50 kr). Soyez les bienvenus!<\/p>\n","protected":false},"author":1,"featured_media":0,"parent":0,"menu_order":0,"comment_status":"closed","ping_status":"closed","template":"","meta":{"om_disable_all_campaigns":false,"_monsterinsights_skip_tracking":false,"_monsterinsights_sitenote_active":false,"_monsterinsights_sitenote_note":"","_monsterinsights_sitenote_category":0,"_uf_show_specific_survey":0,"_uf_disable_surveys":false,"footnotes":""},"class_list":["post-287","page","type-page","status-publish","hentry"],"aioseo_notices":[],"rttpg_featured_image_url":null,"rttpg_author":{"display_name":"Super.admin","author_link":"https:\/\/alliancefr.se\/linkoping\/author\/admin2174\/"},"rttpg_comment":0,"rttpg_category":" <a href=\"https:\/\/alliancefr.se\/linkoping\/\" rel=\"tag\">Fran\u00e7ais<\/a>","rttpg_excerpt":"Nous esp\u00e9rons vous retrouver nombreux lors de nos activit\u00e9s. Apportez de la monnaie pour les rafra\u00eechissements. Tout le monde est bienvenu, membre ou pas. Le\u00a0\u00a0mercredi 20 octobre\u00a0\u00e0 19h00 \u00e0\u00a0Font\u00e4nen\/Vagnhallen,(gamla Brandstationen p\u00e5 V\u00e4stra V\u00e4gen 32 i Link\u00f6ping).G\u00e5 till huvudentr\u00e9n. Finns ej kod men n\u00e5gon fr\u00e5n f\u00f6reningen kommer att finnas vid entr\u00e9d\u00f6rren mellan kl 18.30 och 19.05.\u00a0\u2026","_links":{"self":[{"href":"https:\/\/alliancefr.se\/linkoping\/wp-json\/wp\/v2\/pages\/287","targetHints":{"allow":["GET"]}}],"collection":[{"href":"https:\/\/alliancefr.se\/linkoping\/wp-json\/wp\/v2\/pages"}],"about":[{"href":"https:\/\/alliancefr.se\/linkoping\/wp-json\/wp\/v2\/types\/page"}],"author":[{"embeddable":true,"href":"https:\/\/alliancefr.se\/linkoping\/wp-json\/wp\/v2\/users\/1"}],"replies":[{"embeddable":true,"href":"https:\/\/alliancefr.se\/linkoping\/wp-json\/wp\/v2\/comments?post=287"}],"version-history":[{"count":4,"href":"https:\/\/alliancefr.se\/linkoping\/wp-json\/wp\/v2\/pages\/287\/revisions"}],"predecessor-version":[{"id":291,"href":"https:\/\/alliancefr.se\/linkoping\/wp-json\/wp\/v2\/pages\/287\/revisions\/291"}],"wp:attachment":[{"href":"https:\/\/alliancefr.se\/linkoping\/wp-json\/wp\/v2\/media?parent=287"}],"curies":[{"name":"wp","href":"https:\/\/api.w.org\/{rel}","templated":true}]}}