{"id":274,"date":"2023-12-21T16:58:10","date_gmt":"2023-12-21T15:58:10","guid":{"rendered":"https:\/\/alliancefr.se\/linkoping\/?page_id=274"},"modified":"2023-12-21T16:58:35","modified_gmt":"2023-12-21T15:58:35","slug":"programme-automne-2022","status":"publish","type":"page","link":"https:\/\/alliancefr.se\/linkoping\/programme-automne-2022\/","title":{"rendered":"Programme automne 2022"},"content":{"rendered":"\t\t<div data-elementor-type=\"wp-page\" data-elementor-id=\"274\" class=\"elementor elementor-274\">\n\t\t\t\t\t\t<section class=\"elementor-section elementor-top-section elementor-element elementor-element-a39438a elementor-section-boxed elementor-section-height-default elementor-section-height-default\" data-id=\"a39438a\" data-element_type=\"section\">\n\t\t\t\t\t\t<div class=\"elementor-container elementor-column-gap-default\">\n\t\t\t\t\t<div class=\"elementor-column elementor-col-100 elementor-top-column elementor-element elementor-element-71d0534\" data-id=\"71d0534\" data-element_type=\"column\">\n\t\t\t<div class=\"elementor-widget-wrap elementor-element-populated\">\n\t\t\t\t\t\t<div class=\"elementor-element elementor-element-56b972d elementor-widget elementor-widget-text-editor\" data-id=\"56b972d\" data-element_type=\"widget\" data-widget_type=\"text-editor.default\">\n\t\t\t\t<div class=\"elementor-widget-container\">\n\t\t\t\t\t\t\t\t\t<p><a href=\"https:\/\/goo.gl\/maps\/KADNT957Hm9EuCyTA\"><strong>Bageri Normandie.<\/strong><\/a><br \/>L\u2019odeur du pain fra\u00eechement cuit nous permet de tout oublier un instant. La tradition du pain est diff\u00e9rente selon les pays. L\u2019Alliance Fran\u00e7aise de Link\u00f6ping re\u00e7oit la visite du boulanger Serge Le Normand, qui nous offre la possibilit\u00e9 de d\u00e9guster du pain et un\u00a0fika.<br \/>A cette occasion, il donnera une conf\u00e9rence sur le th\u00e8me<br \/>\u00ab\u00a0<b>La Su\u00e8de a-t-elle \u00e0 rougir de son pain par rapport la France?<\/b>\u00bb<\/p><p><em>\u00a0<\/em><\/p><p><b>Anm\u00e4lan:\u00a0<\/b>SMSa ditt namn till 073-904 38 56, eller ring samma nummer, senast den\u00a0<b>25 oktober.<\/b>\u00a0F\u00f6r mer information ring samma nummer.<br \/>Betalning: 100:- p\u00e5 swish nr 070-671\u00a0884 4\u00a0 eller plusgiro: 57 10 45 \u2013 4, Gl\u00f6m inte att skriva ditt namn.<br \/>\u00a0<br \/><b>Plats:<\/b>\u00a0<a href=\"https:\/\/goo.gl\/maps\/kugEg45kyuwmAtuE6\">Font\u00e4nen (Gamla brandstationen)<\/a>\u00a0Bergkvist-rummet.<br \/>Tid:\u00a0<b>L\u00f6rdag 29 oktober kl 16.00.<\/b><\/p><p><br \/><br \/><\/p><p><b>Histoire de la censure en France, du Moyen \u00c2ge \u00e0 aujourd&rsquo;hui<\/b>\u00a0<br \/>\u00ab\u00a0Aujourd\u2019hui, nous avons surtout une image n\u00e9gative de la censure car nous la percevons comme une menace pour la libert\u00e9 d\u2019expression. Pourtant, cette repr\u00e9sentation est r\u00e9cente\u00a0: jusqu\u2019\u00e0 la R\u00e9volution fran\u00e7aise, la censure est per\u00e7ue comme une protection l\u00e9gitime et n\u00e9cessaire de la soci\u00e9t\u00e9. Cette conf\u00e9rence pr\u00e9sente ainsi les sp\u00e9cificit\u00e9s de la censure fran\u00e7aise, du Moyen \u00c2ge \u00e0 nos jours, et invite \u00e0 repenser notre rapport aux \u0153uvres, en montrant comment et pourquoi les autorit\u00e9s peuvent ressentir le besoin de censurer.\u00a0\u00bb<br \/><br \/><b>\u00c9lise Piedfort\u00a0<\/b>est\u00a0Fran\u00e7aise et viens de Normandie. Elle est dipl\u00f4m\u00e9e en litt\u00e9rature et en histoire, et elle fait des recherches autour de la censure. Elle travaille actuellement en tant que service civique \u00e0 l&rsquo;Alliance Fran\u00e7aise d&rsquo;\u00d6rebro.<br \/><br \/><b>Anm\u00e4lan:<\/b>\u00a0SMSa ditt namn till 073-904 38 56, eller ring samma nummer f\u00f6r anm\u00e4lan och information.<br \/>Betalning: 100:- p\u00e5 Swish nr 070-671\u00a0884 4 eller plusgiro: 57 10 45 \u2013 4, senast 8 december, f\u00f6r den som vill stanna efter f\u00f6rel\u00e4sningen f\u00f6r gl\u00f6gg och tilltugg.<br \/><br \/><b>Plats:<\/b>\u00a0<a href=\"https:\/\/goo.gl\/maps\/kugEg45kyuwmAtuE6\">Font\u00e4nen (Gamla brandstationen)<\/a>\u00a0Bergkvist-rummet.<br \/>Tid:\u00a0<b>M\u00e5ndag 12 december, kl 19.00<\/b><\/p>\t\t\t\t\t\t\t\t<\/div>\n\t\t\t\t<\/div>\n\t\t\t\t\t<\/div>\n\t\t<\/div>\n\t\t\t\t\t<\/div>\n\t\t<\/section>\n\t\t\t\t<\/div>\n\t\t","protected":false},"excerpt":{"rendered":"<p>Bageri Normandie.L\u2019odeur du pain fra\u00eechement cuit nous permet de tout oublier un instant. La tradition du pain est diff\u00e9rente selon les pays. L\u2019Alliance Fran\u00e7aise de Link\u00f6ping re\u00e7oit la visite du boulanger Serge Le Normand, qui nous offre la possibilit\u00e9 de d\u00e9guster du pain et un\u00a0fika.A cette occasion, il donnera une conf\u00e9rence sur le th\u00e8me\u00ab\u00a0La Su\u00e8de a-t-elle \u00e0 rougir de son pain par rapport la France?\u00bb \u00a0 Anm\u00e4lan:\u00a0SMSa ditt namn till 073-904 38 56, eller ring samma nummer, senast den\u00a025 oktober.\u00a0F\u00f6r mer information ring samma nummer.Betalning: 100:- p\u00e5 swish nr 070-671\u00a0884 4\u00a0 eller plusgiro: 57 10 45 \u2013 4, Gl\u00f6m inte att skriva ditt namn.\u00a0Plats:\u00a0Font\u00e4nen (Gamla brandstationen)\u00a0Bergkvist-rummet.Tid:\u00a0L\u00f6rdag 29 oktober kl 16.00. Histoire de la censure en France, du Moyen \u00c2ge \u00e0 aujourd&rsquo;hui\u00a0\u00ab\u00a0Aujourd\u2019hui, nous avons surtout une image n\u00e9gative de la censure car nous la percevons comme une menace pour la libert\u00e9 d\u2019expression. Pourtant, cette repr\u00e9sentation est r\u00e9cente\u00a0: jusqu\u2019\u00e0 la R\u00e9volution fran\u00e7aise, la censure est per\u00e7ue comme une protection l\u00e9gitime et n\u00e9cessaire de la soci\u00e9t\u00e9. Cette conf\u00e9rence pr\u00e9sente ainsi les sp\u00e9cificit\u00e9s de la censure fran\u00e7aise, du Moyen \u00c2ge \u00e0 nos jours, et invite \u00e0 repenser notre rapport aux \u0153uvres, en montrant comment et pourquoi les autorit\u00e9s peuvent ressentir le besoin de censurer.\u00a0\u00bb \u00c9lise Piedfort\u00a0est\u00a0Fran\u00e7aise et viens de Normandie. Elle est dipl\u00f4m\u00e9e en litt\u00e9rature et en histoire, et elle fait des recherches autour de la censure. Elle travaille actuellement en tant que service civique \u00e0 l&rsquo;Alliance Fran\u00e7aise d&rsquo;\u00d6rebro. Anm\u00e4lan:\u00a0SMSa ditt namn till 073-904 38 56, eller ring samma nummer f\u00f6r anm\u00e4lan och information.Betalning: 100:- p\u00e5 Swish nr 070-671\u00a0884 4 eller plusgiro: 57 10 45 \u2013 4, senast 8 december, f\u00f6r den som vill stanna efter f\u00f6rel\u00e4sningen f\u00f6r gl\u00f6gg och tilltugg. Plats:\u00a0Font\u00e4nen (Gamla brandstationen)\u00a0Bergkvist-rummet.Tid:\u00a0M\u00e5ndag 12 december, kl 19.00<\/p>\n","protected":false},"author":1,"featured_media":0,"parent":0,"menu_order":0,"comment_status":"closed","ping_status":"closed","template":"","meta":{"om_disable_all_campaigns":false,"_monsterinsights_skip_tracking":false,"_monsterinsights_sitenote_active":false,"_monsterinsights_sitenote_note":"","_monsterinsights_sitenote_category":0,"_uf_show_specific_survey":0,"_uf_disable_surveys":false,"footnotes":""},"class_list":["post-274","page","type-page","status-publish","hentry"],"aioseo_notices":[],"rttpg_featured_image_url":null,"rttpg_author":{"display_name":"Super.admin","author_link":"https:\/\/alliancefr.se\/linkoping\/author\/admin2174\/"},"rttpg_comment":0,"rttpg_category":" <a href=\"https:\/\/alliancefr.se\/linkoping\/\" rel=\"tag\">Fran\u00e7ais<\/a>","rttpg_excerpt":"Bageri Normandie.L\u2019odeur du pain fra\u00eechement cuit nous permet de tout oublier un instant. La tradition du pain est diff\u00e9rente selon les pays. L\u2019Alliance Fran\u00e7aise de Link\u00f6ping re\u00e7oit la visite du boulanger Serge Le Normand, qui nous offre la possibilit\u00e9 de d\u00e9guster du pain et un\u00a0fika.A cette occasion, il donnera une conf\u00e9rence sur le th\u00e8me\u00ab\u00a0La Su\u00e8de\u2026","_links":{"self":[{"href":"https:\/\/alliancefr.se\/linkoping\/wp-json\/wp\/v2\/pages\/274","targetHints":{"allow":["GET"]}}],"collection":[{"href":"https:\/\/alliancefr.se\/linkoping\/wp-json\/wp\/v2\/pages"}],"about":[{"href":"https:\/\/alliancefr.se\/linkoping\/wp-json\/wp\/v2\/types\/page"}],"author":[{"embeddable":true,"href":"https:\/\/alliancefr.se\/linkoping\/wp-json\/wp\/v2\/users\/1"}],"replies":[{"embeddable":true,"href":"https:\/\/alliancefr.se\/linkoping\/wp-json\/wp\/v2\/comments?post=274"}],"version-history":[{"count":7,"href":"https:\/\/alliancefr.se\/linkoping\/wp-json\/wp\/v2\/pages\/274\/revisions"}],"predecessor-version":[{"id":281,"href":"https:\/\/alliancefr.se\/linkoping\/wp-json\/wp\/v2\/pages\/274\/revisions\/281"}],"wp:attachment":[{"href":"https:\/\/alliancefr.se\/linkoping\/wp-json\/wp\/v2\/media?parent=274"}],"curies":[{"name":"wp","href":"https:\/\/api.w.org\/{rel}","templated":true}]}}