{"id":269,"date":"2023-12-21T16:56:49","date_gmt":"2023-12-21T15:56:49","guid":{"rendered":"https:\/\/alliancefr.se\/linkoping\/?page_id=269"},"modified":"2023-12-21T16:57:09","modified_gmt":"2023-12-21T15:57:09","slug":"programme-printemps-2023","status":"publish","type":"page","link":"https:\/\/alliancefr.se\/linkoping\/programme-printemps-2023\/","title":{"rendered":"Programme printemps 2023"},"content":{"rendered":"\t\t<div data-elementor-type=\"wp-page\" data-elementor-id=\"269\" class=\"elementor elementor-269\">\n\t\t\t\t\t\t<section class=\"elementor-section elementor-top-section elementor-element elementor-element-f4ff623 elementor-section-boxed elementor-section-height-default elementor-section-height-default\" data-id=\"f4ff623\" data-element_type=\"section\">\n\t\t\t\t\t\t<div class=\"elementor-container elementor-column-gap-default\">\n\t\t\t\t\t<div class=\"elementor-column elementor-col-100 elementor-top-column elementor-element elementor-element-c008953\" data-id=\"c008953\" data-element_type=\"column\">\n\t\t\t<div class=\"elementor-widget-wrap elementor-element-populated\">\n\t\t\t\t\t\t<div class=\"elementor-element elementor-element-476e78d elementor-widget elementor-widget-text-editor\" data-id=\"476e78d\" data-element_type=\"widget\" data-widget_type=\"text-editor.default\">\n\t\t\t\t<div class=\"elementor-widget-container\">\n\t\t\t\t\t\t\t\t\t<p>Le\u00a0<strong>\u00a0samedi 28 janvier\u00a0<\/strong>\u00e0 14h00 \u00e0\u00a0<a href=\"https:\/\/kartor.eniro.se\/m\/AjzTP\">F\u00f6reningshuset Font\u00e4nen<\/a>, rum Bergqvist.<br \/><br \/><\/p><p><b>Assembl\u00e9e annuelle<\/b><\/p><p>Efter \u00e5rsm\u00f6tet ger\u00a0<b>Eva-Lena Bard<\/b>\u00a0ett f\u00f6redrag p\u00e5 svenska.<br \/>\u201dAlliance Fran\u00e7aise fr\u00e5n bildandet 1883 och dess historia under 1900-talet\u201d<\/p><p>\u00a0<em><br \/><\/em><\/p><p>Le\u00a0<strong>samedi 11mars\u00a0<\/strong>\u00e0 14h00 \u00e0\u00a0<a href=\"https:\/\/kartor.eniro.se\/m\/AjzTP\">F\u00f6reningshuset Font\u00e4nen<\/a>,\u00a0rum Bergqvist.<br \/>\u00a0<\/p><div><b>Les rebelles de la renaissance<\/b>. Une Conf\u00e9rence en Fran\u00e7ais.<\/div><div><br \/>L\u2019\u00e9crivaine\u00a0<a title=\"Anna Carlstedt\" href=\"https:\/\/sv.wikipedia.org\/wiki\/Anna_Carlstedt\"><b>Anna Carlstedt<\/b><\/a>, KTH, nous pr\u00e9sente quelques rebelles fran\u00e7ais dont Nostradamus et Catherine Medicis.<\/div><p><br \/><br \/><\/p><p>Le\u00a0<strong>samedi 15 avril.<\/strong>\u00e0 14h00 \u00e0\u00a0<a href=\"https:\/\/kartor.eniro.se\/m\/AjzTP\">F\u00f6reningshuset Font\u00e4nen<\/a>,\u00a0rum Bergqvist.<br \/>\u00a0<\/p><div><b>Marie Laurrin<\/b>, auteure, musicologue franco-su\u00e9doise de Halmstad, va nous donner un concert. \u201d<b>Fr\u00e9d\u00e9ric Chopin, un exil\u00e9 en musique.\u201d<\/b>\u00a0Parfois qualifi\u00e9 de \u201cle plus Fran\u00e7ais des Polonais\u201d le g\u00e9nial compositeur a pass\u00e9 de nombreuse ann\u00e9e en France o<span style=\"font-family: Calibri, serif;\">\u00f9<\/span>\u00a0il a rencontr\u00e9 succ<span style=\"font-family: Calibri, serif;\">\u00e8<\/span>s, amour, mais aussi nostalgie et maladie.<\/div><p>\u00a0<\/p><p><b>L\u2019 excursion printani<span style=\"font-family: Calibri, serif;\">\u00e8<\/span>re.<\/b>\u00a0Alliansen I Nyk\u00f6ping \u00e5terkommer med program senare.<\/p><p><br \/><br \/><\/p><p><strong>Soyez les bienvenus!<\/strong><\/p>\t\t\t\t\t\t\t\t<\/div>\n\t\t\t\t<\/div>\n\t\t\t\t\t<\/div>\n\t\t<\/div>\n\t\t\t\t\t<\/div>\n\t\t<\/section>\n\t\t\t\t<\/div>\n\t\t","protected":false},"excerpt":{"rendered":"<p>Le\u00a0\u00a0samedi 28 janvier\u00a0\u00e0 14h00 \u00e0\u00a0F\u00f6reningshuset Font\u00e4nen, rum Bergqvist. Assembl\u00e9e annuelle Efter \u00e5rsm\u00f6tet ger\u00a0Eva-Lena Bard\u00a0ett f\u00f6redrag p\u00e5 svenska.\u201dAlliance Fran\u00e7aise fr\u00e5n bildandet 1883 och dess historia under 1900-talet\u201d \u00a0 Le\u00a0samedi 11mars\u00a0\u00e0 14h00 \u00e0\u00a0F\u00f6reningshuset Font\u00e4nen,\u00a0rum Bergqvist.\u00a0 Les rebelles de la renaissance. Une Conf\u00e9rence en Fran\u00e7ais.L\u2019\u00e9crivaine\u00a0Anna Carlstedt, KTH, nous pr\u00e9sente quelques rebelles fran\u00e7ais dont Nostradamus et Catherine Medicis. Le\u00a0samedi 15 avril.\u00e0 14h00 \u00e0\u00a0F\u00f6reningshuset Font\u00e4nen,\u00a0rum Bergqvist.\u00a0 Marie Laurrin, auteure, musicologue franco-su\u00e9doise de Halmstad, va nous donner un concert. \u201dFr\u00e9d\u00e9ric Chopin, un exil\u00e9 en musique.\u201d\u00a0Parfois qualifi\u00e9 de \u201cle plus Fran\u00e7ais des Polonais\u201d le g\u00e9nial compositeur a pass\u00e9 de nombreuse ann\u00e9e en France o\u00f9\u00a0il a rencontr\u00e9 succ\u00e8s, amour, mais aussi nostalgie et maladie. \u00a0 L\u2019 excursion printani\u00e8re.\u00a0Alliansen I Nyk\u00f6ping \u00e5terkommer med program senare. Soyez les bienvenus!<\/p>\n","protected":false},"author":1,"featured_media":0,"parent":0,"menu_order":0,"comment_status":"closed","ping_status":"closed","template":"","meta":{"om_disable_all_campaigns":false,"_monsterinsights_skip_tracking":false,"_monsterinsights_sitenote_active":false,"_monsterinsights_sitenote_note":"","_monsterinsights_sitenote_category":0,"_uf_show_specific_survey":0,"_uf_disable_surveys":false,"footnotes":""},"class_list":["post-269","page","type-page","status-publish","hentry"],"aioseo_notices":[],"rttpg_featured_image_url":null,"rttpg_author":{"display_name":"Super.admin","author_link":"https:\/\/alliancefr.se\/linkoping\/author\/admin2174\/"},"rttpg_comment":0,"rttpg_category":" <a href=\"https:\/\/alliancefr.se\/linkoping\/\" rel=\"tag\">Fran\u00e7ais<\/a>","rttpg_excerpt":"Le\u00a0\u00a0samedi 28 janvier\u00a0\u00e0 14h00 \u00e0\u00a0F\u00f6reningshuset Font\u00e4nen, rum Bergqvist. Assembl\u00e9e annuelle Efter \u00e5rsm\u00f6tet ger\u00a0Eva-Lena Bard\u00a0ett f\u00f6redrag p\u00e5 svenska.\u201dAlliance Fran\u00e7aise fr\u00e5n bildandet 1883 och dess historia under 1900-talet\u201d \u00a0 Le\u00a0samedi 11mars\u00a0\u00e0 14h00 \u00e0\u00a0F\u00f6reningshuset Font\u00e4nen,\u00a0rum Bergqvist.\u00a0 Les rebelles de la renaissance. Une Conf\u00e9rence en Fran\u00e7ais.L\u2019\u00e9crivaine\u00a0Anna Carlstedt, KTH, nous pr\u00e9sente quelques rebelles fran\u00e7ais dont Nostradamus et Catherine Medicis. Le\u00a0samedi\u2026","_links":{"self":[{"href":"https:\/\/alliancefr.se\/linkoping\/wp-json\/wp\/v2\/pages\/269","targetHints":{"allow":["GET"]}}],"collection":[{"href":"https:\/\/alliancefr.se\/linkoping\/wp-json\/wp\/v2\/pages"}],"about":[{"href":"https:\/\/alliancefr.se\/linkoping\/wp-json\/wp\/v2\/types\/page"}],"author":[{"embeddable":true,"href":"https:\/\/alliancefr.se\/linkoping\/wp-json\/wp\/v2\/users\/1"}],"replies":[{"embeddable":true,"href":"https:\/\/alliancefr.se\/linkoping\/wp-json\/wp\/v2\/comments?post=269"}],"version-history":[{"count":4,"href":"https:\/\/alliancefr.se\/linkoping\/wp-json\/wp\/v2\/pages\/269\/revisions"}],"predecessor-version":[{"id":273,"href":"https:\/\/alliancefr.se\/linkoping\/wp-json\/wp\/v2\/pages\/269\/revisions\/273"}],"wp:attachment":[{"href":"https:\/\/alliancefr.se\/linkoping\/wp-json\/wp\/v2\/media?parent=269"}],"curies":[{"name":"wp","href":"https:\/\/api.w.org\/{rel}","templated":true}]}}