{"id":258,"date":"2023-12-21T16:49:36","date_gmt":"2023-12-21T15:49:36","guid":{"rendered":"https:\/\/alliancefr.se\/linkoping\/?page_id=258"},"modified":"2023-12-21T19:05:27","modified_gmt":"2023-12-21T18:05:27","slug":"archives","status":"publish","type":"page","link":"https:\/\/alliancefr.se\/linkoping\/archives\/","title":{"rendered":"Archives"},"content":{"rendered":"\t\t<div data-elementor-type=\"wp-page\" data-elementor-id=\"258\" class=\"elementor elementor-258\">\n\t\t\t\t\t\t<section class=\"elementor-section elementor-top-section elementor-element elementor-element-5cb3817 elementor-section-boxed elementor-section-height-default elementor-section-height-default\" data-id=\"5cb3817\" data-element_type=\"section\">\n\t\t\t\t\t\t<div class=\"elementor-container elementor-column-gap-default\">\n\t\t\t\t\t<div class=\"elementor-column elementor-col-100 elementor-top-column elementor-element elementor-element-55a07ac\" data-id=\"55a07ac\" data-element_type=\"column\">\n\t\t\t<div class=\"elementor-widget-wrap elementor-element-populated\">\n\t\t\t\t\t\t<div class=\"elementor-element elementor-element-9d8cd48 elementor-widget elementor-widget-text-editor\" data-id=\"9d8cd48\" data-element_type=\"widget\" data-widget_type=\"text-editor.default\">\n\t\t\t\t<div class=\"elementor-widget-container\">\n\t\t\t\t\t\t\t\t\t<p><strong>D\u00e9couvrez le programme de l&rsquo;Alliance Fran\u00e7aise de Link\u00f6ping des ann\u00e9es pr\u00e9c\u00e9dentes:<\/strong><\/p><p><a href=\"https:\/\/alliancefr.se\/linkoping\/programme-automne-2023\/\">Automne 2023<\/a><br \/><a href=\"https:\/\/alliancefr.se\/linkoping\/programme-printemps-2023\/\">Printemps 2023<\/a><\/p><p><a href=\"https:\/\/alliancefr.se\/linkoping\/programme-automne-2022\/\">Automne 2022<\/a><br \/><a href=\"https:\/\/alliancefr.se\/linkoping\/programme-printemps-2022\/\">Printemps 2022<\/a><\/p><p><a href=\"https:\/\/alliancefr.se\/linkoping\/programme-automne-2021\/\">Automne 2021<\/a><\/p><p><a href=\"https:\/\/alliancefr.se\/linkoping\/programme-automne-2020\/\">Automne 2020<\/a><br \/><a href=\"https:\/\/alliancefr.se\/linkoping\/programme-printemps-2020\/\">Printemps 2020<\/a><\/p><p><a href=\"https:\/\/alliancefr.se\/linkoping\/programme-automne-2019\/\">Automne 2019<\/a><br \/><a href=\"https:\/\/alliancefr.se\/linkoping\/programme-printemps-2019\/\">Printemps 2019<\/a><\/p><p><a href=\"https:\/\/alliancefr.se\/linkoping\/programme-automne-2018\/\">Automne 2018<\/a><br \/><a href=\"https:\/\/alliancefr.se\/linkoping\/programme-printemps-2018\/\">Printemps 2018<\/a><\/p><p><a href=\"https:\/\/alliancefr.se\/linkoping\/programme-automne-2017\/\">Automne 2017<\/a><br \/><a href=\"https:\/\/alliancefr.se\/linkoping\/programme-printemps-2017\/\">Printemps 2017<\/a><\/p><p><a href=\"https:\/\/alliancefr.se\/linkoping\/programme-automne-2016\/\">Automne 2016<\/a><br \/><a href=\"https:\/\/alliancefr.se\/linkoping\/programme-printemps-2016\/\">Printemps 2016<\/a><\/p><p><a href=\"https:\/\/alliancefr.se\/linkoping\/programme-automne-2015\/\">Automne 2015<\/a><br \/><a href=\"https:\/\/alliancefr.se\/linkoping\/programme-printemps-2015\/\">Printemps 2015<\/a><\/p><p><a href=\"https:\/\/alliancefr.se\/linkoping\/programme-automne-2014\/\">Automne 2014<\/a><br \/><a href=\"https:\/\/alliancefr.se\/linkoping\/programme-printemps-2014\/\">Printemps 2014<\/a><\/p><p><a href=\"https:\/\/alliancefr.se\/linkoping\/programme-automne-2013\/\">Automne 2013<\/a><br \/><a href=\"https:\/\/alliancefr.se\/linkoping\/programme-printemps-2013\/\">Printemps 2013<\/a><\/p><p><a href=\"https:\/\/alliancefr.se\/linkoping\/programme-automne-2012\/\">Automne 2012<\/a><br \/><a href=\"https:\/\/alliancefr.se\/linkoping\/programme-printemps-2012\/\">Printemps 2012<\/a><\/p><p><a href=\"https:\/\/alliancefr.se\/linkoping\/programme-automne-2011\/\">Automne 2011<\/a><br \/><a href=\"https:\/\/alliancefr.se\/linkoping\/programme-printemps-2011\/\">Printemps 2011<\/a><\/p><p><a href=\"https:\/\/alliancefr.se\/linkoping\/programme-automne-2010\/\">Automne 2010<\/a><br \/><a href=\"https:\/\/alliancefr.se\/linkoping\/programme-printemps-2010\/\">Printemps 2010<\/a><\/p><p><a href=\"https:\/\/alliancefr.se\/linkoping\/programme-automne-2009\/\">Automne 2009<\/a><br \/><a href=\"https:\/\/alliancefr.se\/linkoping\/programme-printemps-2009\/\">Printemps 2009<\/a><\/p><p><a href=\"https:\/\/alliancefr.se\/linkoping\/programme-automne-2008\/\">Automne 2008<\/a><\/p>\t\t\t\t\t\t\t\t<\/div>\n\t\t\t\t<\/div>\n\t\t\t\t\t<\/div>\n\t\t<\/div>\n\t\t\t\t\t<\/div>\n\t\t<\/section>\n\t\t\t\t<\/div>\n\t\t","protected":false},"excerpt":{"rendered":"<p>D\u00e9couvrez le programme de l&rsquo;Alliance Fran\u00e7aise de Link\u00f6ping des ann\u00e9es pr\u00e9c\u00e9dentes: Automne 2023Printemps 2023 Automne 2022Printemps 2022 Automne 2021 Automne 2020Printemps 2020 Automne 2019Printemps 2019 Automne 2018Printemps 2018 Automne 2017Printemps 2017 Automne 2016Printemps 2016 Automne 2015Printemps 2015 Automne 2014Printemps 2014 Automne 2013Printemps 2013 Automne 2012Printemps 2012 Automne 2011Printemps 2011 Automne 2010Printemps 2010 Automne 2009Printemps 2009 Automne 2008<\/p>\n","protected":false},"author":1,"featured_media":0,"parent":0,"menu_order":0,"comment_status":"closed","ping_status":"closed","template":"","meta":{"om_disable_all_campaigns":false,"_monsterinsights_skip_tracking":false,"_monsterinsights_sitenote_active":false,"_monsterinsights_sitenote_note":"","_monsterinsights_sitenote_category":0,"_uf_show_specific_survey":0,"_uf_disable_surveys":false,"footnotes":""},"class_list":["post-258","page","type-page","status-publish","hentry"],"aioseo_notices":[],"rttpg_featured_image_url":null,"rttpg_author":{"display_name":"Super.admin","author_link":"https:\/\/alliancefr.se\/linkoping\/author\/admin2174\/"},"rttpg_comment":0,"rttpg_category":" <a href=\"https:\/\/alliancefr.se\/linkoping\/\" rel=\"tag\">Fran\u00e7ais<\/a>","rttpg_excerpt":"D\u00e9couvrez le programme de l&rsquo;Alliance Fran\u00e7aise de Link\u00f6ping des ann\u00e9es pr\u00e9c\u00e9dentes: Automne 2023Printemps 2023 Automne 2022Printemps 2022 Automne 2021 Automne 2020Printemps 2020 Automne 2019Printemps 2019 Automne 2018Printemps 2018 Automne 2017Printemps 2017 Automne 2016Printemps 2016 Automne 2015Printemps 2015 Automne 2014Printemps 2014 Automne 2013Printemps 2013 Automne 2012Printemps 2012 Automne 2011Printemps 2011 Automne 2010Printemps 2010 Automne 2009Printemps 2009\u2026","_links":{"self":[{"href":"https:\/\/alliancefr.se\/linkoping\/wp-json\/wp\/v2\/pages\/258","targetHints":{"allow":["GET"]}}],"collection":[{"href":"https:\/\/alliancefr.se\/linkoping\/wp-json\/wp\/v2\/pages"}],"about":[{"href":"https:\/\/alliancefr.se\/linkoping\/wp-json\/wp\/v2\/types\/page"}],"author":[{"embeddable":true,"href":"https:\/\/alliancefr.se\/linkoping\/wp-json\/wp\/v2\/users\/1"}],"replies":[{"embeddable":true,"href":"https:\/\/alliancefr.se\/linkoping\/wp-json\/wp\/v2\/comments?post=258"}],"version-history":[{"count":16,"href":"https:\/\/alliancefr.se\/linkoping\/wp-json\/wp\/v2\/pages\/258\/revisions"}],"predecessor-version":[{"id":384,"href":"https:\/\/alliancefr.se\/linkoping\/wp-json\/wp\/v2\/pages\/258\/revisions\/384"}],"wp:attachment":[{"href":"https:\/\/alliancefr.se\/linkoping\/wp-json\/wp\/v2\/media?parent=258"}],"curies":[{"name":"wp","href":"https:\/\/api.w.org\/{rel}","templated":true}]}}