{"id":253,"date":"2023-12-21T16:48:34","date_gmt":"2023-12-21T15:48:34","guid":{"rendered":"https:\/\/alliancefr.se\/linkoping\/?page_id=253"},"modified":"2023-12-21T16:49:03","modified_gmt":"2023-12-21T15:49:03","slug":"programme-automne-2023","status":"publish","type":"page","link":"https:\/\/alliancefr.se\/linkoping\/programme-automne-2023\/","title":{"rendered":"Programme automne 2023"},"content":{"rendered":"\t\t<div data-elementor-type=\"wp-page\" data-elementor-id=\"253\" class=\"elementor elementor-253\">\n\t\t\t\t\t\t<section class=\"elementor-section elementor-top-section elementor-element elementor-element-f800591 elementor-section-boxed elementor-section-height-default elementor-section-height-default\" data-id=\"f800591\" data-element_type=\"section\">\n\t\t\t\t\t\t<div class=\"elementor-container elementor-column-gap-default\">\n\t\t\t\t\t<div class=\"elementor-column elementor-col-100 elementor-top-column elementor-element elementor-element-f248998\" data-id=\"f248998\" data-element_type=\"column\">\n\t\t\t<div class=\"elementor-widget-wrap elementor-element-populated\">\n\t\t\t\t\t\t<div class=\"elementor-element elementor-element-b0f9b98 elementor-widget elementor-widget-text-editor\" data-id=\"b0f9b98\" data-element_type=\"widget\" data-widget_type=\"text-editor.default\">\n\t\t\t\t<div class=\"elementor-widget-container\">\n\t\t\t\t\t\t\t\t\t<p><b>23 Septembre, 15 h Notre Dame br\u00fble<\/b>, un film bas\u00e9 sur La lutte pour sauver la c\u00e9l\u00e9bre cath\u00e9drale construite en 1345. Le 15 avril 2019 a 18h17, l\u2019alarme incendie s\u2019est d\u00e9clench\u00e9e. Le regisseur Jean-Jacques Annaud a r\u00e9alis\u00e9 le film sur le travail de sauvetage.<br \/><br \/>Kampen f\u00f6r att r\u00e4dda den mytomspunna katedralen, Notre Dame som byggdes 1345.<br \/>Klockan 18:17 den 15 april 2019 gick brandlarmet, branden var ett faktum.<br \/>Regiss\u00f6ren Jean-Jacques Annaud har regisserat filmen som handlar om r\u00e4ddningsarbetet. Tidigare filmer av regiss\u00f6ren \u00e4r t ex \u00c4lskaren och I rosens namn.<br \/>Plats:\u00a0<b><a title=\"Folkuniversitetet\" href=\"https:\/\/goo.gl\/maps\/T9C82g7Wp1gGQooy7\">Folkuniversitetet, S:t Larsgatan 44<\/a>,<\/b>\u00a0Ing\u00e5ng E. v\u00e5n 2, sal 11.<br \/>(Filmvisning med efterf\u00f6ljande diskussion).<br \/><i>Anm\u00e4lan till AF Link\u00f6ping:\u00a0\u00a0<a href=\"mailto:%20Kenneth.Anderini@telia.com\">Kenneth.Anderini@telia.com<\/a><\/i><br \/><br \/><br \/><b>24 Octobre, 19 h Les relation franco \u2013 suedoise: histoire, cooperation, diplomatie<\/b><br \/>Une conf\u00e9rence de\u00a0<b>Camille Georgel<\/b>, service civique de AF \u00d6rebro. (f\u00f6redrag p\u00e5 franska om relationerna mellan Frankrike och Sverige fr\u00e5n historisk tid till idag, den innefattar historia, samarbete och diplomati).<br \/>Plats:<b>\u00a0<a title=\"Folkuniversitetet\" href=\"https:\/\/goo.gl\/maps\/T9C82g7Wp1gGQooy7\">Folkuniversitetet, S:t Larsgatan 44<\/a><\/b>, Ing\u00e5ng E. v\u00e5n 2, sal 11.<br \/><i>Anm\u00e4lan till AF Link\u00f6ping:\u00a0\u00a0<a href=\"mailto:%20Kenneth.Anderini@telia.com\">Kenneth.Anderini@telia.com<\/a><\/i><a href=\"mailto:%20Kenneth.Anderini@telia.com\"><br \/><\/a><br \/><br \/><b>2 D\u00e9cembre, 14 h La France et Macron<\/b>, une conf\u00e9rence de\u00a0<b>Christophe Luciani<\/b>, l\u00e4rare och direkt\u00f6r vid Europaspr\u00e5k, Stockholm, (f\u00f6redrag p\u00e5 franska om president Macron och det politiska l\u00e4get i Frankrike).<br \/>Plats:\u00a0<a title=\"Folkuniversitetet\" href=\"https:\/\/goo.gl\/maps\/T9C82g7Wp1gGQooy7\"><b>Folkuniversitetet, S:t Larsgatan 44,<\/b><\/a>\u00a0Ing\u00e5ng E. v\u00e5n 2, sal 11.<br \/><i>Anm\u00e4lan till AF Link\u00f6ping:\u00a0\u00a0<a href=\"mailto:%20Kenneth.Anderini@telia.com\">Kenneth.Anderini@telia.com<\/a><\/i><\/p>\t\t\t\t\t\t\t\t<\/div>\n\t\t\t\t<\/div>\n\t\t\t\t\t<\/div>\n\t\t<\/div>\n\t\t\t\t\t<\/div>\n\t\t<\/section>\n\t\t\t\t<\/div>\n\t\t","protected":false},"excerpt":{"rendered":"<p>23 Septembre, 15 h Notre Dame br\u00fble, un film bas\u00e9 sur La lutte pour sauver la c\u00e9l\u00e9bre cath\u00e9drale construite en 1345. Le 15 avril 2019 a 18h17, l\u2019alarme incendie s\u2019est d\u00e9clench\u00e9e. Le regisseur Jean-Jacques Annaud a r\u00e9alis\u00e9 le film sur le travail de sauvetage. Kampen f\u00f6r att r\u00e4dda den mytomspunna katedralen, Notre Dame som byggdes 1345.Klockan 18:17 den 15 april 2019 gick brandlarmet, branden var ett faktum.Regiss\u00f6ren Jean-Jacques Annaud har regisserat filmen som handlar om r\u00e4ddningsarbetet. Tidigare filmer av regiss\u00f6ren \u00e4r t ex \u00c4lskaren och I rosens namn.Plats:\u00a0Folkuniversitetet, S:t Larsgatan 44,\u00a0Ing\u00e5ng E. v\u00e5n 2, sal 11.(Filmvisning med efterf\u00f6ljande diskussion).Anm\u00e4lan till AF Link\u00f6ping:\u00a0\u00a0Kenneth.Anderini@telia.com 24 Octobre, 19 h Les relation franco \u2013 suedoise: histoire, cooperation, diplomatieUne conf\u00e9rence de\u00a0Camille Georgel, service civique de AF \u00d6rebro. (f\u00f6redrag p\u00e5 franska om relationerna mellan Frankrike och Sverige fr\u00e5n historisk tid till idag, den innefattar historia, samarbete och diplomati).Plats:\u00a0Folkuniversitetet, S:t Larsgatan 44, Ing\u00e5ng E. v\u00e5n 2, sal 11.Anm\u00e4lan till AF Link\u00f6ping:\u00a0\u00a0Kenneth.Anderini@telia.com 2 D\u00e9cembre, 14 h La France et Macron, une conf\u00e9rence de\u00a0Christophe Luciani, l\u00e4rare och direkt\u00f6r vid Europaspr\u00e5k, Stockholm, (f\u00f6redrag p\u00e5 franska om president Macron och det politiska l\u00e4get i Frankrike).Plats:\u00a0Folkuniversitetet, S:t Larsgatan 44,\u00a0Ing\u00e5ng E. v\u00e5n 2, sal 11.Anm\u00e4lan till AF Link\u00f6ping:\u00a0\u00a0Kenneth.Anderini@telia.com<\/p>\n","protected":false},"author":1,"featured_media":0,"parent":0,"menu_order":0,"comment_status":"closed","ping_status":"closed","template":"","meta":{"om_disable_all_campaigns":false,"_monsterinsights_skip_tracking":false,"_monsterinsights_sitenote_active":false,"_monsterinsights_sitenote_note":"","_monsterinsights_sitenote_category":0,"_uf_show_specific_survey":0,"_uf_disable_surveys":false,"footnotes":""},"class_list":["post-253","page","type-page","status-publish","hentry"],"aioseo_notices":[],"rttpg_featured_image_url":null,"rttpg_author":{"display_name":"Super.admin","author_link":"https:\/\/alliancefr.se\/linkoping\/author\/admin2174\/"},"rttpg_comment":0,"rttpg_category":" <a href=\"https:\/\/alliancefr.se\/linkoping\/\" rel=\"tag\">Fran\u00e7ais<\/a>","rttpg_excerpt":"23 Septembre, 15 h Notre Dame br\u00fble, un film bas\u00e9 sur La lutte pour sauver la c\u00e9l\u00e9bre cath\u00e9drale construite en 1345. Le 15 avril 2019 a 18h17, l\u2019alarme incendie s\u2019est d\u00e9clench\u00e9e. Le regisseur Jean-Jacques Annaud a r\u00e9alis\u00e9 le film sur le travail de sauvetage. Kampen f\u00f6r att r\u00e4dda den mytomspunna katedralen, Notre Dame som byggdes\u2026","_links":{"self":[{"href":"https:\/\/alliancefr.se\/linkoping\/wp-json\/wp\/v2\/pages\/253","targetHints":{"allow":["GET"]}}],"collection":[{"href":"https:\/\/alliancefr.se\/linkoping\/wp-json\/wp\/v2\/pages"}],"about":[{"href":"https:\/\/alliancefr.se\/linkoping\/wp-json\/wp\/v2\/types\/page"}],"author":[{"embeddable":true,"href":"https:\/\/alliancefr.se\/linkoping\/wp-json\/wp\/v2\/users\/1"}],"replies":[{"embeddable":true,"href":"https:\/\/alliancefr.se\/linkoping\/wp-json\/wp\/v2\/comments?post=253"}],"version-history":[{"count":4,"href":"https:\/\/alliancefr.se\/linkoping\/wp-json\/wp\/v2\/pages\/253\/revisions"}],"predecessor-version":[{"id":257,"href":"https:\/\/alliancefr.se\/linkoping\/wp-json\/wp\/v2\/pages\/253\/revisions\/257"}],"wp:attachment":[{"href":"https:\/\/alliancefr.se\/linkoping\/wp-json\/wp\/v2\/media?parent=253"}],"curies":[{"name":"wp","href":"https:\/\/api.w.org\/{rel}","templated":true}]}}