{"id":21,"date":"2023-11-02T16:23:50","date_gmt":"2023-11-02T15:23:50","guid":{"rendered":"https:\/\/alliancefr.se\/linkoping\/le-reseau-des-alliances-francaises\/"},"modified":"2023-12-21T16:20:18","modified_gmt":"2023-12-21T15:20:18","slug":"le-reseau-des-alliances-francaises","status":"publish","type":"page","link":"https:\/\/alliancefr.se\/linkoping\/le-reseau-des-alliances-francaises\/","title":{"rendered":"Le r\u00e9seau des Alliances Fran\u00e7aises"},"content":{"rendered":"\t\t<div data-elementor-type=\"wp-page\" data-elementor-id=\"21\" class=\"elementor elementor-21\">\n\t\t\t\t\t\t<section class=\"elementor-section elementor-top-section elementor-element elementor-element-17806a7b elementor-section-boxed elementor-section-height-default elementor-section-height-default\" data-id=\"17806a7b\" data-element_type=\"section\">\n\t\t\t\t\t\t<div class=\"elementor-container elementor-column-gap-default\">\n\t\t\t\t\t<div class=\"elementor-column elementor-col-100 elementor-top-column elementor-element elementor-element-71c65c8e\" data-id=\"71c65c8e\" data-element_type=\"column\">\n\t\t\t<div class=\"elementor-widget-wrap elementor-element-populated\">\n\t\t\t\t\t\t<div class=\"elementor-element elementor-element-1408a5fa elementor-widget elementor-widget-text-editor\" data-id=\"1408a5fa\" data-element_type=\"widget\" data-widget_type=\"text-editor.default\">\n\t\t\t\t<div class=\"elementor-widget-container\">\n\t\t\t\t\t\t\t\t\t<p><strong>R\u00e9seau international et national<\/strong><\/p><p>L&rsquo;Alliance fran\u00e7aise forme un r\u00e9seau international. Chaque ann\u00e9e, en janvier, un grand rassemblement a lieu \u00e0 Paris. Les associations su\u00e9doises se r\u00e9unissent \u00e9galement une fois par an pour une r\u00e9union annuelle, tous les deux ans \u00e0 Stockholm et tous les deux ans dans l&rsquo;une des autres alliances du pays. Les diff\u00e9rentes alliances organisent des conf\u00e9rences et des r\u00e9unions en fran\u00e7ais et en su\u00e9dois. Les conf\u00e9rences peuvent porter sur la politique, l&rsquo;histoire, la nourriture et les boissons, l&rsquo;histoire de la censure, les rebelles de la Renaissance et bien d&rsquo;autres sujets encore. Elles comprennent \u00e9galement des concerts et des projections de films.<\/p><p>Elles peuvent \u00e9galement inclure des d\u00e9gustations de vins, des d\u00e9gustations de fromages, des excursions et d&rsquo;autres activit\u00e9s, toujours avec un accent fran\u00e7ais bien s\u00fbr.<\/p><p>Des expositions ont parfois \u00e9t\u00e9 organis\u00e9es au mus\u00e9e du comt\u00e9 ou \u00e0 la biblioth\u00e8que municipale.<\/p><p>\u00a0<\/p><p><strong>Unique en Su\u00e8de<\/strong><\/p><p>Contrairement aux Alliances Fran\u00e7aises d&rsquo;autres pays, l&rsquo;AF en Su\u00e8de n&rsquo;enseigne pas la langue fran\u00e7aise. La possibilit\u00e9 d&rsquo;\u00e9tudier le fran\u00e7ais est offerte dans le reste du syst\u00e8me scolaire. Mais l&rsquo;organisation poss\u00e8de des \u00e9coles dans de nombreux autres pays. Cela n&#8217;emp\u00eache pas les Su\u00e9dois de se rendre \u00e0 Paris et d&rsquo;\u00e9tudier \u00e0 l&rsquo;Alliance fran\u00e7aise du boulevard Raspail 101 ou dans d&rsquo;autres \u00e9tablissements en France.<\/p><p>Aujourd&rsquo;hui, l&rsquo;Alliance fran\u00e7aise est une organisation moderne, en lien avec l&rsquo;Institut fran\u00e7ais de Stockholm. Un r\u00e9seau existe entre les 14 Alliances du pays, bient\u00f4t 17. Une r\u00e9union mensuelle, la R\u00e9union mensuelle, est organis\u00e9e entre les associations en Su\u00e8de, par le biais d&rsquo;un lien.<\/p><p><a href=\"http:\/\/alliancefr.se\/\">D\u00e9couvrez ici la carte du r\u00e9seau des Alliances Fran\u00e7aises de Su\u00e8de<\/a><\/p><p><a href=\"http:\/\/alliancefr.se\/\"><br \/><img fetchpriority=\"high\" decoding=\"async\" src=\"http:\/\/alliancefr.se\/linkoping\/wp-content\/uploads\/sites\/14\/2023\/11\/AF_Classique_Suede-300x223.png\" alt=\"\" width=\"300\" height=\"223\" \/> <\/a><\/p>\t\t\t\t\t\t\t\t<\/div>\n\t\t\t\t<\/div>\n\t\t\t\t\t<\/div>\n\t\t<\/div>\n\t\t\t\t\t<\/div>\n\t\t<\/section>\n\t\t\t\t<\/div>\n\t\t","protected":false},"excerpt":{"rendered":"<p>R\u00e9seau international et national L&rsquo;Alliance fran\u00e7aise forme un r\u00e9seau international. Chaque ann\u00e9e, en janvier, un grand rassemblement a lieu \u00e0 Paris. Les associations su\u00e9doises se r\u00e9unissent \u00e9galement une fois par an pour une r\u00e9union annuelle, tous les deux ans \u00e0 Stockholm et tous les deux ans dans l&rsquo;une des autres alliances du pays. Les diff\u00e9rentes alliances organisent des conf\u00e9rences et des r\u00e9unions en fran\u00e7ais et en su\u00e9dois. Les conf\u00e9rences peuvent porter sur la politique, l&rsquo;histoire, la nourriture et les boissons, l&rsquo;histoire de la censure, les rebelles de la Renaissance et bien d&rsquo;autres sujets encore. Elles comprennent \u00e9galement des concerts et des projections de films. Elles peuvent \u00e9galement inclure des d\u00e9gustations de vins, des d\u00e9gustations de fromages, des excursions et d&rsquo;autres activit\u00e9s, toujours avec un accent fran\u00e7ais bien s\u00fbr. Des expositions ont parfois \u00e9t\u00e9 organis\u00e9es au mus\u00e9e du comt\u00e9 ou \u00e0 la biblioth\u00e8que municipale. \u00a0 Unique en Su\u00e8de Contrairement aux Alliances Fran\u00e7aises d&rsquo;autres pays, l&rsquo;AF en Su\u00e8de n&rsquo;enseigne pas la langue fran\u00e7aise. La possibilit\u00e9 d&rsquo;\u00e9tudier le fran\u00e7ais est offerte dans le reste du syst\u00e8me scolaire. Mais l&rsquo;organisation poss\u00e8de des \u00e9coles dans de nombreux autres pays. Cela n&#8217;emp\u00eache pas les Su\u00e9dois de se rendre \u00e0 Paris et d&rsquo;\u00e9tudier \u00e0 l&rsquo;Alliance fran\u00e7aise du boulevard Raspail 101 ou dans d&rsquo;autres \u00e9tablissements en France. Aujourd&rsquo;hui, l&rsquo;Alliance fran\u00e7aise est une organisation moderne, en lien avec l&rsquo;Institut fran\u00e7ais de Stockholm. Un r\u00e9seau existe entre les 14 Alliances du pays, bient\u00f4t 17. Une r\u00e9union mensuelle, la R\u00e9union mensuelle, est organis\u00e9e entre les associations en Su\u00e8de, par le biais d&rsquo;un lien. D\u00e9couvrez ici la carte du r\u00e9seau des Alliances Fran\u00e7aises de Su\u00e8de<\/p>\n","protected":false},"author":1,"featured_media":0,"parent":0,"menu_order":0,"comment_status":"closed","ping_status":"closed","template":"","meta":{"om_disable_all_campaigns":false,"_monsterinsights_skip_tracking":false,"_monsterinsights_sitenote_active":false,"_monsterinsights_sitenote_note":"","_monsterinsights_sitenote_category":0,"_uf_show_specific_survey":0,"_uf_disable_surveys":false,"footnotes":""},"class_list":["post-21","page","type-page","status-publish","hentry"],"aioseo_notices":[],"rttpg_featured_image_url":null,"rttpg_author":{"display_name":"Super.admin","author_link":"https:\/\/alliancefr.se\/linkoping\/author\/admin2174\/"},"rttpg_comment":0,"rttpg_category":" <a href=\"https:\/\/alliancefr.se\/linkoping\/\" rel=\"tag\">Fran\u00e7ais<\/a>","rttpg_excerpt":"R\u00e9seau international et national L&rsquo;Alliance fran\u00e7aise forme un r\u00e9seau international. Chaque ann\u00e9e, en janvier, un grand rassemblement a lieu \u00e0 Paris. Les associations su\u00e9doises se r\u00e9unissent \u00e9galement une fois par an pour une r\u00e9union annuelle, tous les deux ans \u00e0 Stockholm et tous les deux ans dans l&rsquo;une des autres alliances du pays. Les diff\u00e9rentes\u2026","_links":{"self":[{"href":"https:\/\/alliancefr.se\/linkoping\/wp-json\/wp\/v2\/pages\/21","targetHints":{"allow":["GET"]}}],"collection":[{"href":"https:\/\/alliancefr.se\/linkoping\/wp-json\/wp\/v2\/pages"}],"about":[{"href":"https:\/\/alliancefr.se\/linkoping\/wp-json\/wp\/v2\/types\/page"}],"author":[{"embeddable":true,"href":"https:\/\/alliancefr.se\/linkoping\/wp-json\/wp\/v2\/users\/1"}],"replies":[{"embeddable":true,"href":"https:\/\/alliancefr.se\/linkoping\/wp-json\/wp\/v2\/comments?post=21"}],"version-history":[{"count":3,"href":"https:\/\/alliancefr.se\/linkoping\/wp-json\/wp\/v2\/pages\/21\/revisions"}],"predecessor-version":[{"id":216,"href":"https:\/\/alliancefr.se\/linkoping\/wp-json\/wp\/v2\/pages\/21\/revisions\/216"}],"wp:attachment":[{"href":"https:\/\/alliancefr.se\/linkoping\/wp-json\/wp\/v2\/media?parent=21"}],"curies":[{"name":"wp","href":"https:\/\/api.w.org\/{rel}","templated":true}]}}