{"id":34,"date":"2014-05-18T10:18:36","date_gmt":"2014-05-18T08:18:36","guid":{"rendered":"https:\/\/alliancefr.se\/jonkoping\/franska-lankar\/"},"modified":"2023-11-29T16:35:01","modified_gmt":"2023-11-29T15:35:01","slug":"franska-lankar","status":"publish","type":"page","link":"https:\/\/alliancefr.se\/jonkoping\/sv\/franska-lankar\/","title":{"rendered":"Franska l\u00e4nkar"},"content":{"rendered":"\t\t<div data-elementor-type=\"wp-page\" data-elementor-id=\"34\" class=\"elementor elementor-34\">\n\t\t\t\t\t\t<section class=\"elementor-section elementor-top-section elementor-element elementor-element-7beb5a0 elementor-section-boxed elementor-section-height-default elementor-section-height-default\" data-id=\"7beb5a0\" data-element_type=\"section\">\n\t\t\t\t\t\t<div class=\"elementor-container elementor-column-gap-default\">\n\t\t\t\t\t<div class=\"elementor-column elementor-col-100 elementor-top-column elementor-element elementor-element-62594a8b\" data-id=\"62594a8b\" data-element_type=\"column\">\n\t\t\t<div class=\"elementor-widget-wrap elementor-element-populated\">\n\t\t\t\t\t\t<div class=\"elementor-element elementor-element-79efdc4b elementor-widget elementor-widget-text-editor\" data-id=\"79efdc4b\" data-element_type=\"widget\" data-widget_type=\"text-editor.default\">\n\t\t\t\t<div class=\"elementor-widget-container\">\n\t\t\t\t\t\t\t\t\t<p><!--pixgridder:row[cols=1]--><!--pixgridder:column[col=1]-->https:\/\/www.youtube.com\/watch?v=qUc2vlc8UpM#action=share<\/p><p><strong>Institutioner<\/strong><\/p><p><a href=\"http:\/\/www.alliancefr.org\/\">Alliance Fran\u00e7aise de Paris \/ \u00c9tudier en France<\/a><\/p><p><a href=\"http:\/\/www.fondation-alliancefr.org\">La Fondation des Alliances Fran\u00e7aises<\/a><\/p><p><a href=\"http:\/\/www.ambafrance-se.org\/\">Ambassade de France en Su\u00e8de<\/a><\/p><p><a href=\"http:\/\/www.institutfrancais-suede.com\/\">Institut fran\u00e7ais de Su\u00e8de<\/a><\/p><p><strong>TV<\/strong><\/p><p><a href=\"http:\/\/www.francetvinfo.fr\/\">France TV info<\/a><\/p><p><a href=\"http:\/\/www.france2.fr\/\">France 2<\/a><\/p><p><a href=\"http:\/\/www.tv5.org\/\">TV5MONDE<\/a><\/p><p><strong>Radio<\/strong><\/p><p><a href=\"http:\/\/www.rfi.fr\">Radio France Internationale<\/a><\/p><p><strong>Tidningar<\/strong><\/p><p><a href=\"http:\/\/www.lemonde.fr\/\">Le Monde<\/a><\/p><p><a href=\"www.lefigaro.fr\">Le Figaro<\/a><\/p><p><!--\/pixgridder:column[col=1]--><!--\/pixgridder:row[cols=1]--><\/p>\t\t\t\t\t\t\t\t<\/div>\n\t\t\t\t<\/div>\n\t\t\t\t\t<\/div>\n\t\t<\/div>\n\t\t\t\t\t<\/div>\n\t\t<\/section>\n\t\t\t\t<\/div>\n\t\t","protected":false},"excerpt":{"rendered":"<p>https:\/\/www.youtube.com\/watch?v=qUc2vlc8UpM#action=share Institutioner Alliance Fran\u00e7aise de Paris \/ \u00c9tudier en France La Fondation des Alliances Fran\u00e7aises Ambassade de France en Su\u00e8de Institut fran\u00e7ais de Su\u00e8de TV France TV info France 2 TV5MONDE Radio Radio France Internationale Tidningar Le Monde Le Figaro<\/p>\n","protected":false},"author":1,"featured_media":0,"parent":0,"menu_order":0,"comment_status":"closed","ping_status":"closed","template":"","meta":{"om_disable_all_campaigns":false,"_monsterinsights_skip_tracking":false,"_monsterinsights_sitenote_active":false,"_monsterinsights_sitenote_note":"","_monsterinsights_sitenote_category":0,"_uf_show_specific_survey":0,"_uf_disable_surveys":false,"footnotes":""},"class_list":["post-34","page","type-page","status-publish","hentry"],"aioseo_notices":[],"rttpg_featured_image_url":null,"rttpg_author":{"display_name":"Super.admin","author_link":"https:\/\/alliancefr.se\/jonkoping\/author\/admin2174\/"},"rttpg_comment":0,"rttpg_category":" <a href=\"https:\/\/alliancefr.se\/jonkoping\/sv\/\" rel=\"tag\">Svenska<\/a>","rttpg_excerpt":"https:\/\/www.youtube.com\/watch?v=qUc2vlc8UpM#action=share Institutioner Alliance Fran\u00e7aise de Paris \/ \u00c9tudier en France La Fondation des Alliances Fran\u00e7aises Ambassade de France en Su\u00e8de Institut fran\u00e7ais de Su\u00e8de TV France TV info France 2 TV5MONDE Radio Radio France Internationale Tidningar Le Monde Le Figaro","_links":{"self":[{"href":"https:\/\/alliancefr.se\/jonkoping\/wp-json\/wp\/v2\/pages\/34","targetHints":{"allow":["GET"]}}],"collection":[{"href":"https:\/\/alliancefr.se\/jonkoping\/wp-json\/wp\/v2\/pages"}],"about":[{"href":"https:\/\/alliancefr.se\/jonkoping\/wp-json\/wp\/v2\/types\/page"}],"author":[{"embeddable":true,"href":"https:\/\/alliancefr.se\/jonkoping\/wp-json\/wp\/v2\/users\/1"}],"replies":[{"embeddable":true,"href":"https:\/\/alliancefr.se\/jonkoping\/wp-json\/wp\/v2\/comments?post=34"}],"version-history":[{"count":3,"href":"https:\/\/alliancefr.se\/jonkoping\/wp-json\/wp\/v2\/pages\/34\/revisions"}],"predecessor-version":[{"id":2304,"href":"https:\/\/alliancefr.se\/jonkoping\/wp-json\/wp\/v2\/pages\/34\/revisions\/2304"}],"wp:attachment":[{"href":"https:\/\/alliancefr.se\/jonkoping\/wp-json\/wp\/v2\/media?parent=34"}],"curies":[{"name":"wp","href":"https:\/\/api.w.org\/{rel}","templated":true}]}}