{"id":33,"date":"2014-05-18T10:17:32","date_gmt":"2014-05-18T08:17:32","guid":{"rendered":"https:\/\/alliancefr.se\/jonkoping\/kontakt\/"},"modified":"2023-12-04T22:31:22","modified_gmt":"2023-12-04T21:31:22","slug":"kontakt","status":"publish","type":"page","link":"https:\/\/alliancefr.se\/jonkoping\/sv\/kontakt\/","title":{"rendered":"Kontakt"},"content":{"rendered":"\t\t<div data-elementor-type=\"wp-page\" data-elementor-id=\"33\" class=\"elementor elementor-33\">\n\t\t\t\t\t\t<section class=\"elementor-section elementor-top-section elementor-element elementor-element-e8fd227 elementor-section-boxed elementor-section-height-default elementor-section-height-default\" data-id=\"e8fd227\" data-element_type=\"section\">\n\t\t\t\t\t\t<div class=\"elementor-container elementor-column-gap-default\">\n\t\t\t\t\t<div class=\"elementor-column elementor-col-100 elementor-top-column elementor-element elementor-element-53156ec\" data-id=\"53156ec\" data-element_type=\"column\">\n\t\t\t<div class=\"elementor-widget-wrap elementor-element-populated\">\n\t\t\t\t\t\t<div class=\"elementor-element elementor-element-655ebf8 elementor-widget elementor-widget-text-editor\" data-id=\"655ebf8\" data-element_type=\"widget\" data-widget_type=\"text-editor.default\">\n\t\t\t\t<div class=\"elementor-widget-container\">\n\t\t\t\t\t\t\t\t\t<h6>Kontakta Alliance Fran\u00e7aise de J\u00f6nk\u00f6ping p\u00e5 den h\u00e4r adressen <a href=\"mailto:jonkoping@alliancefr.se\">jonkoping@alliancefr.se<\/a> eller via detta formul\u00e4r:<\/h6>\t\t\t\t\t\t\t\t<\/div>\n\t\t\t\t<\/div>\n\t\t\t\t\t<\/div>\n\t\t<\/div>\n\t\t\t\t\t<\/div>\n\t\t<\/section>\n\t\t\t\t<section class=\"elementor-section elementor-top-section elementor-element elementor-element-91fedef elementor-section-boxed elementor-section-height-default elementor-section-height-default\" data-id=\"91fedef\" data-element_type=\"section\">\n\t\t\t\t\t\t<div class=\"elementor-container elementor-column-gap-default\">\n\t\t\t\t\t<div class=\"elementor-column elementor-col-100 elementor-top-column elementor-element elementor-element-2d32f63\" data-id=\"2d32f63\" data-element_type=\"column\">\n\t\t\t<div class=\"elementor-widget-wrap elementor-element-populated\">\n\t\t\t\t\t\t<div class=\"elementor-element elementor-element-2884970 elementor-widget elementor-widget-shortcode\" data-id=\"2884970\" data-element_type=\"widget\" data-widget_type=\"shortcode.default\">\n\t\t\t\t<div class=\"elementor-widget-container\">\n\t\t\t\t\t\t\t<div class=\"elementor-shortcode\"><div style=\"display:none\" class=\"fm-form-container fm-theme1\"><div id=\"fm-pages7\" class=\"fm-pages wdform_page_navigation \" show_title=\"\" show_numbers=\"1\" type=\"none\"><\/div><form name=\"form7\" action=\"\/jonkoping\/wp-json\/wp\/v2\/pages\/33\" method=\"post\" id=\"form7\" class=\"fm-form form7  \" enctype=\"multipart\/form-data\"><input type=\"hidden\" id=\"fm_page_id7\" value=\"33\" name=\"fm_page_id7\" \/><input type=\"hidden\" id=\"fm_current_post_type7\" value=\"page\" name=\"fm_current_post_type7\" \/><input type=\"hidden\" id=\"counter7\" value=\"6\" name=\"counter7\" \/><input type=\"hidden\" id=\"Itemid7\" value=\"\" name=\"Itemid7\" \/><input type=\"hidden\" id=\"fm_shake7\" value=\"1\" name=\"fm_shake7\" \/><input type=\"text\" class=\"fm-hide\" id=\"fm_empty_field_validation7\" value=\"\" name=\"fm_empty_field_validation7\" data-value=\"bd736efb144d599cf463541431fbf5c4\" \/><div class=\"wdform-page-and-images fm-form-builder\"><div id=\"7form_view1\" class=\"wdform_page\" page_title=\"Untitled page\" next_title=\"Next\" next_type=\"text\" next_class=\"wdform-page-button\" next_checkable=\"true\" previous_title=\"Previous\" previous_type=\"text\" previous_class=\"wdform-page-button\" previous_checkable=\"false\"><div class=\"wdform_section\"><div class=\"wdform_column\"><div wdid=\"2\" class=\"wdform_row\"><div type=\"type_text\" class=\"wdform-field wd-width-100 wd-flex wd-flex-column fm-type_text\" ><div class=\"wdform-label-section wd-width-100  wd-flex-row wd-align-items-center\">    <label  for=\"wdform_2_element7\" class=\"wdform-label\">Namn<\/label><span class=\"wdform-required\">*<\/span><\/div><div class=\"wdform-element-section wd-flex  wd-flex-row wd-align-items-center wd-width-100\" ><input type=\"text\"                           class=\"wd-width-100\"                           id=\"wdform_2_element7\"                           name=\"wdform_2_element7\"                           value=\"\"                           data-value=\"\"                           title=\"\"                           placeholder=\"\"                                                       \/><\/div><\/div><\/div><\/div><div class=\"wdform_column\"><div wdid=\"3\" class=\"wdform_row\"><div type=\"type_submitter_mail\" class=\"wdform-field wd-width-100 wd-flex wd-flex-column fm-type_submitter_mail\" ><div class=\"wdform-label-section wd-width-100  wd-flex-row\">    <label  for=\"wdform_3_element7\" class=\"wdform-label\">Email<\/label><span class=\"wdform-required\">*<\/span><\/div><div class=\"wdform-element-section wd-flex  wd-flex-row wd-width-100\" ><input type=\"text\" class=\"wd-width-100\" id=\"wdform_3_element7\" name=\"wdform_3_element7\" data-value=\"\" value=\"\" title=\"\" placeholder=\"\"   onchange=\"wd_check_email('3', '7', 'Ceci n\\'est pas une adresse e-mail valide')\" \/><\/div><\/div><\/div><\/div><div class=\"wdform_column\"><div wdid=\"4\" class=\"wdform_row\"><div type=\"type_text\" class=\"wdform-field wd-width-100 wd-flex wd-flex-column fm-type_text\" ><div class=\"wdform-label-section wd-width-100  wd-flex-row wd-align-items-center\">    <label  for=\"wdform_4_element7\" class=\"wdform-label\">\u00c4mne<\/label><span class=\"wdform-required\">*<\/span><\/div><div class=\"wdform-element-section wd-flex  wd-flex-row wd-align-items-center wd-width-100\" ><input type=\"text\"                           class=\"wd-width-100\"                           id=\"wdform_4_element7\"                           name=\"wdform_4_element7\"                           value=\"\"                           data-value=\"\"                           title=\"\"                           placeholder=\"\"                                                       \/><\/div><\/div><\/div><\/div><div class=\"wdform_column\"><div wdid=\"5\" class=\"wdform_row\"><div type=\"type_textarea\" class=\"wdform-field wd-width-100 wd-flex wd-flex-column fm-type_textarea\" ><div class=\"wdform-label-section wd-width-100 \">    <label  for=\"wdform_5_element7\" class=\"wdform-label\">Meddelandet<\/label><span class=\"wdform-required\">*<\/span><\/div><div class=\"wdform-element-section wd-flex  wd-width-100\" ><textarea class=\"wd-width-100\"                      id=\"wdform_5_element7\"                      name=\"wdform_5_element7\"                      placeholder=\"\"                      data-value=\"\"                      maxlength=\"\"                      style=\"height: 100px;\"                      ><\/textarea><\/div><\/div><\/div><\/div><div class=\"wdform_column\"><div wdid=\"1\" class=\"wdform_row\"><div type=\"type_submit_reset\" class=\"wdform-field wd-width-100 wd-flex wd-flex-column fm-type_submit_reset\" ><div class=\"wdform-element-section wd-flex  wd-flex-row wd-justify-content-left wd-width-100\" ><button  type=\"button\" class=\"button-submit\" onclick=\"fm_submit_form('7');\"  data-ajax=\"0\"><span class=\"fm-submit-loading spinner fm-ico-spinner\"><\/span>Skicka !<\/button><button  type=\"button\" class=\"button-reset wd-hidden\" onclick=\"fm_reset_form(7);\" >Reset<\/button><\/div><\/div><\/div><\/div><\/div><div valign=\"top\" class=\"wdform_footer wd-width-100\"><div class=\"wd-width-100\"><div class=\"wd-width-100 wd-table\" style=\"padding-top:10px;\"><div class=\"wd-table-group\"><div id=\"7page_nav1\" class=\"wd-table-row\"><\/div><\/div><\/div><\/div><\/div><\/div><\/div><div class=\"wdform_preload\"><\/div><input type=\"hidden\" name=\"fm-current-page\" value=\"https:\/\/alliancefr.se\/jonkoping\/wp-json\/wp\/v2\/pages\/33\" \/><\/form><\/div><\/div>\n\t\t\t\t\t\t<\/div>\n\t\t\t\t<\/div>\n\t\t\t\t\t<\/div>\n\t\t<\/div>\n\t\t\t\t\t<\/div>\n\t\t<\/section>\n\t\t\t\t<section class=\"elementor-section elementor-top-section elementor-element elementor-element-4c9ea6d8 elementor-section-boxed elementor-section-height-default elementor-section-height-default\" data-id=\"4c9ea6d8\" data-element_type=\"section\">\n\t\t\t\t\t\t<div class=\"elementor-container elementor-column-gap-default\">\n\t\t\t\t\t<div class=\"elementor-column elementor-col-100 elementor-top-column elementor-element elementor-element-79ef4d4a\" data-id=\"79ef4d4a\" data-element_type=\"column\">\n\t\t\t<div class=\"elementor-widget-wrap elementor-element-populated\">\n\t\t\t\t\t\t<div class=\"elementor-element elementor-element-4085db49 elementor-widget elementor-widget-text-editor\" data-id=\"4085db49\" data-element_type=\"widget\" data-widget_type=\"text-editor.default\">\n\t\t\t\t<div class=\"elementor-widget-container\">\n\t\t\t\t\t\t\t\t\t<h6 style=\"color: #222222;font-family: Arial, Helvetica, sans-serif\"><span style=\"font-size: small\">Ordf\u00f6rande<br>Constantin Dragan<br>constantin.dragan@alliancefrancaise-jonk.se<\/span><\/h6>\n<h6 style=\"color: #222222;font-family: Arial, Helvetica, sans-serif\"><span style=\"font-size: small\"><strong>Vice ordf\u00f6rande<br><\/strong>Ann Bj\u00f6rnfjord<br>ann.bjornfjord@alliancefrancaise-jonk.se<\/span><\/h6>\n<h6 style=\"color: #222222;font-family: Arial, Helvetica, sans-serif\"><span style=\"font-size: small\"><strong>Sekreterare<br><\/strong>Ellinor Norberg<br>ellinor.norberg@alliancefrancaise-jonk.se<\/span><\/h6>\n<h6 style=\"color: #222222;font-family: Arial, Helvetica, sans-serif\"><span style=\"font-size: small\"><b>Vice-sekreterare<br><\/b>Eva Melin<br>eva.melin@alliancefrancaise-jonk.se<\/span><\/h6>\n<h6 style=\"color: #222222;font-family: Arial, Helvetica, sans-serif\"><span style=\"font-size: small\"><b>Kass\u00f6r<\/b><br>\u00c5sa Timarson<br>asa.timarson@alliancefrancaise-jonk.se<\/span><\/h6>\n<h6 style=\"color: #222222;font-family: Arial, Helvetica, sans-serif\"><span style=\"font-size: small\"><strong>Vice kass\u00f6r<br><\/strong>Agneta Marklinger<br>agneta.markinger@alliancefrancaise-jonk.se<p><\/p>\n<p><b><span style=\"letter-spacing: 0px\">Klubbm\u00e4stare<\/span><span style=\"letter-spacing: 0px\">:<br><\/span><\/b>Lena Knutsson<br>lena.knutsson@alliancefrancaise-jonk.se<\/p><\/span><\/h6>\n<h6 style=\"color: #222222;font-family: Arial, Helvetica, sans-serif\"><span style=\"font-size: small\">Ann-Margret Olsson Wester<br>Ann-Margret@alliancefrancaise-jonk.se<\/span><\/h6>\n<h6 style=\"color: #222222;font-family: Arial, Helvetica, sans-serif\"><span style=\"font-size: small\">&nbsp;<\/span><\/h6>\t\t\t\t\t\t\t\t<\/div>\n\t\t\t\t<\/div>\n\t\t\t\t\t<\/div>\n\t\t<\/div>\n\t\t\t\t\t<\/div>\n\t\t<\/section>\n\t\t\t\t<\/div>\n\t\t","protected":false},"excerpt":{"rendered":"<p>Kontakta Alliance Fran\u00e7aise de J\u00f6nk\u00f6ping p\u00e5 den h\u00e4r adressen jonkoping@alliancefr.se eller via detta formul\u00e4r: Ordf\u00f6randeConstantin Draganconstantin.dragan@alliancefrancaise-jonk.se Vice ordf\u00f6randeAnn Bj\u00f6rnfjordann.bjornfjord@alliancefrancaise-jonk.se SekreterareEllinor Norbergellinor.norberg@alliancefrancaise-jonk.se Vice-sekreterareEva Melineva.melin@alliancefrancaise-jonk.se Kass\u00f6r\u00c5sa Timarsonasa.timarson@alliancefrancaise-jonk.se Vice kass\u00f6rAgneta Marklingeragneta.markinger@alliancefrancaise-jonk.se Klubbm\u00e4stare:Lena Knutssonlena.knutsson@alliancefrancaise-jonk.se Ann-Margret Olsson WesterAnn-Margret@alliancefrancaise-jonk.se &nbsp;<\/p>\n","protected":false},"author":1,"featured_media":0,"parent":0,"menu_order":0,"comment_status":"closed","ping_status":"closed","template":"","meta":{"om_disable_all_campaigns":false,"_monsterinsights_skip_tracking":false,"_monsterinsights_sitenote_active":false,"_monsterinsights_sitenote_note":"","_monsterinsights_sitenote_category":0,"_uf_show_specific_survey":0,"_uf_disable_surveys":false,"footnotes":""},"class_list":["post-33","page","type-page","status-publish","hentry"],"aioseo_notices":[],"rttpg_featured_image_url":null,"rttpg_author":{"display_name":"Super.admin","author_link":"https:\/\/alliancefr.se\/jonkoping\/author\/admin2174\/"},"rttpg_comment":0,"rttpg_category":" <a href=\"https:\/\/alliancefr.se\/jonkoping\/sv\/\" rel=\"tag\">Svenska<\/a>","rttpg_excerpt":"Kontakta Alliance Fran\u00e7aise de J\u00f6nk\u00f6ping p\u00e5 den h\u00e4r adressen jonkoping@alliancefr.se eller via detta formul\u00e4r: Ordf\u00f6randeConstantin Draganconstantin.dragan@alliancefrancaise-jonk.se Vice ordf\u00f6randeAnn Bj\u00f6rnfjordann.bjornfjord@alliancefrancaise-jonk.se SekreterareEllinor Norbergellinor.norberg@alliancefrancaise-jonk.se Vice-sekreterareEva Melineva.melin@alliancefrancaise-jonk.se Kass\u00f6r\u00c5sa Timarsonasa.timarson@alliancefrancaise-jonk.se Vice kass\u00f6rAgneta Marklingeragneta.markinger@alliancefrancaise-jonk.se Klubbm\u00e4stare:Lena Knutssonlena.knutsson@alliancefrancaise-jonk.se Ann-Margret Olsson WesterAnn-Margret@alliancefrancaise-jonk.se &nbsp;","_links":{"self":[{"href":"https:\/\/alliancefr.se\/jonkoping\/wp-json\/wp\/v2\/pages\/33","targetHints":{"allow":["GET"]}}],"collection":[{"href":"https:\/\/alliancefr.se\/jonkoping\/wp-json\/wp\/v2\/pages"}],"about":[{"href":"https:\/\/alliancefr.se\/jonkoping\/wp-json\/wp\/v2\/types\/page"}],"author":[{"embeddable":true,"href":"https:\/\/alliancefr.se\/jonkoping\/wp-json\/wp\/v2\/users\/1"}],"replies":[{"embeddable":true,"href":"https:\/\/alliancefr.se\/jonkoping\/wp-json\/wp\/v2\/comments?post=33"}],"version-history":[{"count":10,"href":"https:\/\/alliancefr.se\/jonkoping\/wp-json\/wp\/v2\/pages\/33\/revisions"}],"predecessor-version":[{"id":2398,"href":"https:\/\/alliancefr.se\/jonkoping\/wp-json\/wp\/v2\/pages\/33\/revisions\/2398"}],"wp:attachment":[{"href":"https:\/\/alliancefr.se\/jonkoping\/wp-json\/wp\/v2\/media?parent=33"}],"curies":[{"name":"wp","href":"https:\/\/api.w.org\/{rel}","templated":true}]}}