{"id":2359,"date":"2023-11-29T17:30:34","date_gmt":"2023-11-29T16:30:34","guid":{"rendered":"https:\/\/alliancefr.se\/jonkoping\/?page_id=2359"},"modified":"2023-11-29T17:31:59","modified_gmt":"2023-11-29T16:31:59","slug":"programarkiv","status":"publish","type":"page","link":"https:\/\/alliancefr.se\/jonkoping\/sv\/programarkiv\/","title":{"rendered":"Programarkiv"},"content":{"rendered":"\t\t<div data-elementor-type=\"wp-page\" data-elementor-id=\"2359\" class=\"elementor elementor-2359\">\n\t\t\t\t\t\t<section class=\"elementor-section elementor-top-section elementor-element elementor-element-b68d539 elementor-section-boxed elementor-section-height-default elementor-section-height-default\" data-id=\"b68d539\" data-element_type=\"section\">\n\t\t\t\t\t\t<div class=\"elementor-container elementor-column-gap-default\">\n\t\t\t\t\t<div class=\"elementor-column elementor-col-100 elementor-top-column elementor-element elementor-element-2a3e696\" data-id=\"2a3e696\" data-element_type=\"column\">\n\t\t\t<div class=\"elementor-widget-wrap elementor-element-populated\">\n\t\t\t\t\t\t<div class=\"elementor-element elementor-element-c5e2a78 elementor-widget elementor-widget-text-editor\" data-id=\"c5e2a78\" data-element_type=\"widget\" data-widget_type=\"text-editor.default\">\n\t\t\t\t<div class=\"elementor-widget-container\">\n\t\t\t\t\t\t\t\t\t<p>Ta reda p\u00e5 mer om alliansens program fr\u00e5n tidigare \u00e5r:<\/p><p><a href=\"http:\/\/alliancefr.se\/jonkoping\/wp-content\/uploads\/sites\/11\/2015\/08\/Jonkoping-programme-automne-2015.pdf\">H\u00f6sten 2015<\/a><\/p><p><a href=\"http:\/\/alliancefr.se\/jonkoping\/wp-content\/uploads\/sites\/11\/2015\/02\/fransk_filmhelg_mars_2015_forslag-15.pdf\">Fransk filmfest 2015<\/a><\/p><p><a href=\"http:\/\/alliancefr.se\/jonkoping\/wp-content\/uploads\/sites\/11\/2014\/05\/Jonkoping-programme-printemps-2015.pdf\">V\u00e5ren 2015<\/a><\/p><p><a href=\"http:\/\/Automne 2014\" data-wplink-url-error=\"true\">H\u00f6sten 2014<\/a><\/p><p><a href=\"http:\/\/alliancefr.se\/jonkoping\/wp-content\/uploads\/sites\/11\/2014\/05\/AF-Program-hosten-2013.pdf\">H\u00f6sten 2013<\/a><\/p>\t\t\t\t\t\t\t\t<\/div>\n\t\t\t\t<\/div>\n\t\t\t\t\t<\/div>\n\t\t<\/div>\n\t\t\t\t\t<\/div>\n\t\t<\/section>\n\t\t\t\t<\/div>\n\t\t","protected":false},"excerpt":{"rendered":"<p>Ta reda p\u00e5 mer om alliansens program fr\u00e5n tidigare \u00e5r: H\u00f6sten 2015 Fransk filmfest 2015 V\u00e5ren 2015 H\u00f6sten 2014 H\u00f6sten 2013<\/p>\n","protected":false},"author":1,"featured_media":0,"parent":0,"menu_order":0,"comment_status":"closed","ping_status":"closed","template":"","meta":{"om_disable_all_campaigns":false,"_monsterinsights_skip_tracking":false,"_monsterinsights_sitenote_active":false,"_monsterinsights_sitenote_note":"","_monsterinsights_sitenote_category":0,"_uf_show_specific_survey":0,"_uf_disable_surveys":false,"footnotes":""},"class_list":["post-2359","page","type-page","status-publish","hentry"],"aioseo_notices":[],"rttpg_featured_image_url":null,"rttpg_author":{"display_name":"Super.admin","author_link":"https:\/\/alliancefr.se\/jonkoping\/author\/admin2174\/"},"rttpg_comment":0,"rttpg_category":" <a href=\"https:\/\/alliancefr.se\/jonkoping\/sv\/\" rel=\"tag\">Svenska<\/a>","rttpg_excerpt":"Ta reda p\u00e5 mer om alliansens program fr\u00e5n tidigare \u00e5r: H\u00f6sten 2015 Fransk filmfest 2015 V\u00e5ren 2015 H\u00f6sten 2014 H\u00f6sten 2013","_links":{"self":[{"href":"https:\/\/alliancefr.se\/jonkoping\/wp-json\/wp\/v2\/pages\/2359","targetHints":{"allow":["GET"]}}],"collection":[{"href":"https:\/\/alliancefr.se\/jonkoping\/wp-json\/wp\/v2\/pages"}],"about":[{"href":"https:\/\/alliancefr.se\/jonkoping\/wp-json\/wp\/v2\/types\/page"}],"author":[{"embeddable":true,"href":"https:\/\/alliancefr.se\/jonkoping\/wp-json\/wp\/v2\/users\/1"}],"replies":[{"embeddable":true,"href":"https:\/\/alliancefr.se\/jonkoping\/wp-json\/wp\/v2\/comments?post=2359"}],"version-history":[{"count":4,"href":"https:\/\/alliancefr.se\/jonkoping\/wp-json\/wp\/v2\/pages\/2359\/revisions"}],"predecessor-version":[{"id":2363,"href":"https:\/\/alliancefr.se\/jonkoping\/wp-json\/wp\/v2\/pages\/2359\/revisions\/2363"}],"wp:attachment":[{"href":"https:\/\/alliancefr.se\/jonkoping\/wp-json\/wp\/v2\/media?parent=2359"}],"curies":[{"name":"wp","href":"https:\/\/api.w.org\/{rel}","templated":true}]}}