{"id":2350,"date":"2023-11-29T17:21:48","date_gmt":"2023-11-29T16:21:48","guid":{"rendered":"https:\/\/alliancefr.se\/jonkoping\/?page_id=2350"},"modified":"2023-11-29T17:28:09","modified_gmt":"2023-11-29T16:28:09","slug":"archives","status":"publish","type":"page","link":"https:\/\/alliancefr.se\/jonkoping\/archives\/","title":{"rendered":"Archives programmes"},"content":{"rendered":"\t\t<div data-elementor-type=\"wp-page\" data-elementor-id=\"2350\" class=\"elementor elementor-2350\">\n\t\t\t\t\t\t<section class=\"elementor-section elementor-top-section elementor-element elementor-element-b68d539 elementor-section-boxed elementor-section-height-default elementor-section-height-default\" data-id=\"b68d539\" data-element_type=\"section\">\n\t\t\t\t\t\t<div class=\"elementor-container elementor-column-gap-default\">\n\t\t\t\t\t<div class=\"elementor-column elementor-col-100 elementor-top-column elementor-element elementor-element-2a3e696\" data-id=\"2a3e696\" data-element_type=\"column\">\n\t\t\t<div class=\"elementor-widget-wrap elementor-element-populated\">\n\t\t\t\t\t\t<div class=\"elementor-element elementor-element-c5e2a78 elementor-widget elementor-widget-text-editor\" data-id=\"c5e2a78\" data-element_type=\"widget\" data-widget_type=\"text-editor.default\">\n\t\t\t\t<div class=\"elementor-widget-container\">\n\t\t\t\t\t\t\t\t\t<p>D\u00e9couvrez les programmes des ann\u00e9es pr\u00e9c\u00e9dentes de l&rsquo;Alliance:\u00a0<\/p><p><a href=\"http:\/\/alliancefr.se\/jonkoping\/wp-content\/uploads\/sites\/11\/2015\/08\/Jonkoping-programme-automne-2015.pdf\">Automne 2015<\/a><\/p><p><a href=\"http:\/\/alliancefr.se\/jonkoping\/wp-content\/uploads\/sites\/11\/2015\/02\/fransk_filmhelg_mars_2015_forslag-15.pdf\">Fransk filmfest 2015<\/a><\/p><p><a href=\"http:\/\/alliancefr.se\/jonkoping\/wp-content\/uploads\/sites\/11\/2014\/05\/Jonkoping-programme-printemps-2015.pdf\">Printemps 2015<\/a><\/p><p><a href=\"http:\/\/alliancefr.se\/jonkoping\/wp-content\/uploads\/sites\/11\/2014\/08\/Programme-de-lAlliance-Francaise-lautomne-2014.pdf\">Automne 2014<\/a><\/p><p><a href=\"http:\/\/alliancefr.se\/jonkoping\/wp-content\/uploads\/sites\/11\/2014\/05\/AF-Program-hosten-2013.pdf\">Automne 2013<\/a><\/p><p>\u00a0<\/p>\t\t\t\t\t\t\t\t<\/div>\n\t\t\t\t<\/div>\n\t\t\t\t\t<\/div>\n\t\t<\/div>\n\t\t\t\t\t<\/div>\n\t\t<\/section>\n\t\t\t\t<\/div>\n\t\t","protected":false},"excerpt":{"rendered":"<p>D\u00e9couvrez les programmes des ann\u00e9es pr\u00e9c\u00e9dentes de l&rsquo;Alliance: Automne 2015 Fransk filmfest 2015 Printemps 2015 Automne 2014 Automne 2013<\/p>\n","protected":false},"author":1,"featured_media":0,"parent":0,"menu_order":0,"comment_status":"closed","ping_status":"closed","template":"","meta":{"om_disable_all_campaigns":false,"_monsterinsights_skip_tracking":false,"_monsterinsights_sitenote_active":false,"_monsterinsights_sitenote_note":"","_monsterinsights_sitenote_category":0,"_uf_show_specific_survey":0,"_uf_disable_surveys":false,"footnotes":""},"class_list":["post-2350","page","type-page","status-publish","hentry"],"aioseo_notices":[],"rttpg_featured_image_url":null,"rttpg_author":{"display_name":"Super.admin","author_link":"https:\/\/alliancefr.se\/jonkoping\/author\/admin2174\/"},"rttpg_comment":0,"rttpg_category":" <a href=\"https:\/\/alliancefr.se\/jonkoping\/\" rel=\"tag\">Fran\u00e7ais<\/a>","rttpg_excerpt":"D\u00e9couvrez les programmes des ann\u00e9es pr\u00e9c\u00e9dentes de l&rsquo;Alliance: Automne 2015 Fransk filmfest 2015 Printemps 2015 Automne 2014 Automne 2013","_links":{"self":[{"href":"https:\/\/alliancefr.se\/jonkoping\/wp-json\/wp\/v2\/pages\/2350","targetHints":{"allow":["GET"]}}],"collection":[{"href":"https:\/\/alliancefr.se\/jonkoping\/wp-json\/wp\/v2\/pages"}],"about":[{"href":"https:\/\/alliancefr.se\/jonkoping\/wp-json\/wp\/v2\/types\/page"}],"author":[{"embeddable":true,"href":"https:\/\/alliancefr.se\/jonkoping\/wp-json\/wp\/v2\/users\/1"}],"replies":[{"embeddable":true,"href":"https:\/\/alliancefr.se\/jonkoping\/wp-json\/wp\/v2\/comments?post=2350"}],"version-history":[{"count":5,"href":"https:\/\/alliancefr.se\/jonkoping\/wp-json\/wp\/v2\/pages\/2350\/revisions"}],"predecessor-version":[{"id":2356,"href":"https:\/\/alliancefr.se\/jonkoping\/wp-json\/wp\/v2\/pages\/2350\/revisions\/2356"}],"wp:attachment":[{"href":"https:\/\/alliancefr.se\/jonkoping\/wp-json\/wp\/v2\/media?parent=2350"}],"curies":[{"name":"wp","href":"https:\/\/api.w.org\/{rel}","templated":true}]}}