{"id":2332,"date":"2023-11-29T17:09:00","date_gmt":"2023-11-29T16:09:00","guid":{"rendered":"https:\/\/alliancefr.se\/jonkoping\/?page_id=2332"},"modified":"2026-03-13T23:37:32","modified_gmt":"2026-03-13T22:37:32","slug":"hem","status":"publish","type":"page","link":"https:\/\/alliancefr.se\/jonkoping\/sv\/hem\/","title":{"rendered":""},"content":{"rendered":"\t\t<div data-elementor-type=\"wp-page\" data-elementor-id=\"2332\" class=\"elementor elementor-2332\">\n\t\t\t\t\t\t<section class=\"elementor-section elementor-top-section elementor-element elementor-element-2f2009b3 elementor-section-boxed elementor-section-height-default elementor-section-height-default\" data-id=\"2f2009b3\" data-element_type=\"section\">\n\t\t\t\t\t\t<div class=\"elementor-container elementor-column-gap-default\">\n\t\t\t\t\t<div class=\"elementor-column elementor-col-100 elementor-top-column elementor-element elementor-element-4b928a42\" data-id=\"4b928a42\" data-element_type=\"column\">\n\t\t\t<div class=\"elementor-widget-wrap elementor-element-populated\">\n\t\t\t\t\t\t<div class=\"elementor-element elementor-element-57df5f00 elementor-widget__width-initial elementor-widget elementor-widget-text-editor\" data-id=\"57df5f00\" data-element_type=\"widget\" data-widget_type=\"text-editor.default\">\n\t\t\t\t<div class=\"elementor-widget-container\">\n\t\t\t\t\t\t\t\t\t<h5 style=\"text-align: center\"><span style=\"color: #000080\"><strong>Fredag, den 27 mars, kl. 18:30<\/strong><\/span><\/h5>\n<h5 style=\"text-align: center\"><strong><span style=\"color: #ff0000\">\u00c5rsm\u00f6te<\/span><\/strong><\/h5>\n<h5 style=\"text-align: center\"><span style=\"color: #333399\">och<\/span><\/h5>\n<h5 style=\"text-align: center\"><strong><span style=\"color: #ff0000\">D\u00e9couvrez le Qu\u00e9bec vu par une Qu\u00e9b\u00e9quoise<\/span><\/strong><\/h5>\n<h5 style=\"text-align: center\"><span style=\"color: #000080\"><!-- \/wp:paragraph --><!-- wp:heading {\"textAlign\":\"center\",\"level\":4,\"className\":\"wp-block-heading\"} --><\/span><\/h5>\n<h5 style=\"text-align: center\"><span style=\"color: #000080\"><!-- \/wp:heading --><!-- wp:image {\"id\":2676,\"width\":\"391px\",\"height\":\"auto\",\"sizeSlug\":\"full\",\"linkDestination\":\"none\",\"align\":\"center\"} --><\/span><\/h5>\n<h5 style=\"text-align: center\"><span style=\"color: #000080\"><!-- \/wp:image --><!-- wp:group {\"layout\":{\"type\":\"constrained\"}} --><\/span><\/h5>\n<div class=\"wp-block-group\" style=\"text-align: center\">\n<h5><span style=\"color: #000080\"><!-- wp:heading {\"textAlign\":\"center\",\"level\":6,\"className\":\"wp-block-heading\"} --><\/span><\/h5>\n<div class=\"wp-block-group\">\n<h5 class=\"has-text-align-center\"><img fetchpriority=\"high\" decoding=\"async\" class=\"size-medium wp-image-2836 aligncenter\" src=\"http:\/\/alliancefr.se\/jonkoping\/wp-content\/uploads\/sites\/11\/2026\/03\/ice-18736-240bf7-411531-300x218.jpg\" alt=\"\" width=\"300\" height=\"218\" \/><\/h5>\n<h6><span style=\"color: #000080\">CNous avons le plaisir de vous inviter \u00e0 la R\u00e9union annuelle de notre association, qui aura lieu le 27 mars 2026 \u00e0 18:30, dans la salle de r\u00e9unions de BRF Harpunen, Lasarettsgatan 11 (dans la cour).<br \/><br \/>La r\u00e9union sera suivie par la conf\u00e9rence <strong>\u00ab\u00a0D\u00e9couvrez LE QU\u00c9BEC vu par une Qu\u00e9b\u00e9coise<\/strong>\u00ab\u00a0, en compagnie de l&rsquo;artiste canadienne Lou Paquin.<\/span><\/h6>\n<h6><span style=\"color: #000080\">Lou Paquin est une musicienne qui a grandi \u00e0 Montr\u00e9al et est membre de la J\u00f6nk\u00f6pings Sinfonietta depuis plus de onze ans. Habitant en Europe depuis plus de vingt ans, elle a pris une certaine distance par rapport \u00e0 ses racines et ainsi acquis un point de vue plus nuanc\u00e9 sur la situation particuli\u00e8re du Qu\u00e9bec, cette \u00eele francophone en Am\u00e9rique du Nord.<br \/><br \/>Dans une pr\u00e9sentation parsem\u00e9e d&rsquo;images et de t\u00e9moignages personnels, Lou vous racontera l&rsquo;histoire du Qu\u00e9bec, vous confrontera aux mythes et r\u00e9alit\u00e9s qui l&rsquo;entourent et rel\u00e8vera les particularit\u00e9s culturelles et linquistiques de cette province par rapport au reste du Canada et \u00e0 l&rsquo;Europe.<br \/><br \/>Entr\u00e9e gratuite pour les membres, 80 kr pour le non-membres.<br \/><br \/>Apr\u00e8s la conf\u00e9rence, vous \u00eates invit\u00e9s \u00e0 un buffet de fromages et charcuteries, au prix de SEK 100 kr (boisson non-alccolis\u00e9e incluse), ou 130 kr (un verre de vin inclus).<br \/><br \/>Pour participer au buffet veuillez vous inscrire aupr\u00e8s de Eva Melin (<a href=\"mailto:e.c.melin63@gmail.com\" target=\"_blank\" rel=\"noopener\">e.c.melin63@gmail.com<\/a>), au plus tard le 23 mars.<\/span><\/h6>\n<h6><span style=\"color: #000080\">Soyez les tr\u00e8s bienvenus!<\/span><br \/><br \/><\/h6>\n<\/div>\n<\/div>\n<p><!-- \/wp:paragraph --><\/p>\t\t\t\t\t\t\t\t<\/div>\n\t\t\t\t<\/div>\n\t\t\t\t\t<\/div>\n\t\t<\/div>\n\t\t\t\t\t<\/div>\n\t\t<\/section>\n\t\t\t\t<\/div>\n\t\t","protected":false},"excerpt":{"rendered":"<p>Fredag, den 27 mars, kl. 18:30 \u00c5rsm\u00f6te och D\u00e9couvrez le Qu\u00e9bec vu par une Qu\u00e9b\u00e9quoise CNous avons le plaisir de vous inviter \u00e0 la R\u00e9union annuelle de notre association, qui aura lieu le 27 mars 2026 \u00e0 18:30, dans la salle de r\u00e9unions de BRF Harpunen, Lasarettsgatan 11 (dans la cour). La r\u00e9union sera suivie par la conf\u00e9rence \u00ab\u00a0D\u00e9couvrez LE QU\u00c9BEC vu par une Qu\u00e9b\u00e9coise\u00ab\u00a0, en compagnie de l&rsquo;artiste canadienne Lou Paquin. Lou Paquin est une musicienne qui a grandi \u00e0 Montr\u00e9al et est membre de la J\u00f6nk\u00f6pings Sinfonietta depuis plus de onze ans. Habitant en Europe depuis plus de vingt ans, elle a pris une certaine distance par rapport \u00e0 ses racines et ainsi acquis un point de vue plus nuanc\u00e9 sur la situation particuli\u00e8re du Qu\u00e9bec, cette \u00eele francophone en Am\u00e9rique du Nord. Dans une pr\u00e9sentation parsem\u00e9e d&rsquo;images et de t\u00e9moignages personnels, Lou vous racontera l&rsquo;histoire du Qu\u00e9bec, vous confrontera aux mythes et r\u00e9alit\u00e9s qui l&rsquo;entourent et rel\u00e8vera les particularit\u00e9s culturelles et linquistiques de cette province par rapport au reste du Canada et \u00e0 l&rsquo;Europe. Entr\u00e9e gratuite pour les membres, 80 kr pour le non-membres. Apr\u00e8s la conf\u00e9rence, vous \u00eates invit\u00e9s \u00e0 un buffet de fromages et charcuteries, au prix de SEK 100 kr (boisson non-alccolis\u00e9e incluse), ou 130 kr (un verre de vin inclus). Pour participer au buffet veuillez vous inscrire aupr\u00e8s de Eva Melin (e.c.melin63@gmail.com), au plus tard le 23 mars. Soyez les tr\u00e8s bienvenus!<\/p>\n","protected":false},"author":1,"featured_media":0,"parent":0,"menu_order":0,"comment_status":"closed","ping_status":"closed","template":"","meta":{"om_disable_all_campaigns":false,"_monsterinsights_skip_tracking":false,"_monsterinsights_sitenote_active":false,"_monsterinsights_sitenote_note":"","_monsterinsights_sitenote_category":0,"_uf_show_specific_survey":0,"_uf_disable_surveys":false,"footnotes":""},"class_list":["post-2332","page","type-page","status-publish","hentry"],"aioseo_notices":[],"rttpg_featured_image_url":null,"rttpg_author":{"display_name":"Super.admin","author_link":"https:\/\/alliancefr.se\/jonkoping\/author\/admin2174\/"},"rttpg_comment":0,"rttpg_category":" <a href=\"https:\/\/alliancefr.se\/jonkoping\/sv\/\" rel=\"tag\">Svenska<\/a>","rttpg_excerpt":"Fredag, den 27 mars, kl. 18:30 \u00c5rsm\u00f6te och D\u00e9couvrez le Qu\u00e9bec vu par une Qu\u00e9b\u00e9quoise CNous avons le plaisir de vous inviter \u00e0 la R\u00e9union annuelle de notre association, qui aura lieu le 27 mars 2026 \u00e0 18:30, dans la salle de r\u00e9unions de BRF Harpunen, Lasarettsgatan 11 (dans la cour). La r\u00e9union sera suivie\u2026","_links":{"self":[{"href":"https:\/\/alliancefr.se\/jonkoping\/wp-json\/wp\/v2\/pages\/2332","targetHints":{"allow":["GET"]}}],"collection":[{"href":"https:\/\/alliancefr.se\/jonkoping\/wp-json\/wp\/v2\/pages"}],"about":[{"href":"https:\/\/alliancefr.se\/jonkoping\/wp-json\/wp\/v2\/types\/page"}],"author":[{"embeddable":true,"href":"https:\/\/alliancefr.se\/jonkoping\/wp-json\/wp\/v2\/users\/1"}],"replies":[{"embeddable":true,"href":"https:\/\/alliancefr.se\/jonkoping\/wp-json\/wp\/v2\/comments?post=2332"}],"version-history":[{"count":146,"href":"https:\/\/alliancefr.se\/jonkoping\/wp-json\/wp\/v2\/pages\/2332\/revisions"}],"predecessor-version":[{"id":2861,"href":"https:\/\/alliancefr.se\/jonkoping\/wp-json\/wp\/v2\/pages\/2332\/revisions\/2861"}],"wp:attachment":[{"href":"https:\/\/alliancefr.se\/jonkoping\/wp-json\/wp\/v2\/media?parent=2332"}],"curies":[{"name":"wp","href":"https:\/\/api.w.org\/{rel}","templated":true}]}}