{"id":1049,"date":"2017-06-20T18:12:05","date_gmt":"2017-06-20T16:12:05","guid":{"rendered":"https:\/\/alliancefr.se\/jonkoping\/contact\/"},"modified":"2023-12-04T22:16:38","modified_gmt":"2023-12-04T21:16:38","slug":"contact","status":"publish","type":"page","link":"https:\/\/alliancefr.se\/jonkoping\/contact\/","title":{"rendered":"Contact"},"content":{"rendered":"\t\t<div data-elementor-type=\"wp-page\" data-elementor-id=\"1049\" class=\"elementor elementor-1049\">\n\t\t\t\t\t\t<section class=\"elementor-section elementor-top-section elementor-element elementor-element-6649902 elementor-section-boxed elementor-section-height-default elementor-section-height-default\" data-id=\"6649902\" data-element_type=\"section\">\n\t\t\t\t\t\t<div class=\"elementor-container elementor-column-gap-default\">\n\t\t\t\t\t<div class=\"elementor-column elementor-col-100 elementor-top-column elementor-element elementor-element-0936007\" data-id=\"0936007\" data-element_type=\"column\">\n\t\t\t<div class=\"elementor-widget-wrap elementor-element-populated\">\n\t\t\t\t\t\t<div class=\"elementor-element elementor-element-b2186a9 elementor-widget elementor-widget-text-editor\" data-id=\"b2186a9\" data-element_type=\"widget\" data-widget_type=\"text-editor.default\">\n\t\t\t\t<div class=\"elementor-widget-container\">\n\t\t\t\t\t\t\t\t\t<h6>Contacter l\u2019Alliance Fran\u00e7aise de J\u00f6nk\u00f6ping \u00e0 cette adresse <a href=\"mailto:jonkoping@alliancefr.se\">jonkoping@alliancefr.se<\/a> ou bien via ce formulaire:<\/h6>\t\t\t\t\t\t\t\t<\/div>\n\t\t\t\t<\/div>\n\t\t\t\t\t<\/div>\n\t\t<\/div>\n\t\t\t\t\t<\/div>\n\t\t<\/section>\n\t\t\t\t<section class=\"elementor-section elementor-top-section elementor-element elementor-element-c8e4b49 elementor-section-boxed elementor-section-height-default elementor-section-height-default\" data-id=\"c8e4b49\" data-element_type=\"section\">\n\t\t\t\t\t\t<div class=\"elementor-container elementor-column-gap-default\">\n\t\t\t\t\t<div class=\"elementor-column elementor-col-100 elementor-top-column elementor-element elementor-element-87c9372\" data-id=\"87c9372\" data-element_type=\"column\">\n\t\t\t<div class=\"elementor-widget-wrap elementor-element-populated\">\n\t\t\t\t\t\t<div class=\"elementor-element elementor-element-ef4c1fb elementor-widget elementor-widget-shortcode\" data-id=\"ef4c1fb\" data-element_type=\"widget\" data-widget_type=\"shortcode.default\">\n\t\t\t\t<div class=\"elementor-widget-container\">\n\t\t\t\t\t\t\t<div class=\"elementor-shortcode\"><div style=\"display:none\" class=\"fm-form-container fm-theme1\"><div id=\"fm-pages6\" class=\"fm-pages wdform_page_navigation \" show_title=\"\" show_numbers=\"1\" type=\"none\"><\/div><form name=\"form6\" action=\"\/jonkoping\/wp-json\/wp\/v2\/pages\/1049\" method=\"post\" id=\"form6\" class=\"fm-form form6  \" enctype=\"multipart\/form-data\"><input type=\"hidden\" id=\"fm_page_id6\" value=\"1049\" name=\"fm_page_id6\" \/><input type=\"hidden\" id=\"fm_current_post_type6\" value=\"page\" name=\"fm_current_post_type6\" \/><input type=\"hidden\" id=\"counter6\" value=\"6\" name=\"counter6\" \/><input type=\"hidden\" id=\"Itemid6\" value=\"\" name=\"Itemid6\" \/><input type=\"hidden\" id=\"fm_shake6\" value=\"1\" name=\"fm_shake6\" \/><input type=\"text\" class=\"fm-hide\" id=\"fm_empty_field_validation6\" value=\"\" name=\"fm_empty_field_validation6\" data-value=\"bd736efb144d599cf463541431fbf5c4\" \/><div class=\"wdform-page-and-images fm-form-builder\"><div id=\"6form_view1\" class=\"wdform_page\" page_title=\"Untitled page\" next_title=\"Next\" next_type=\"text\" next_class=\"wdform-page-button\" next_checkable=\"true\" previous_title=\"Previous\" previous_type=\"text\" previous_class=\"wdform-page-button\" previous_checkable=\"false\"><div class=\"wdform_section\"><div class=\"wdform_column\"><div wdid=\"2\" class=\"wdform_row\"><div type=\"type_text\" class=\"wdform-field wd-width-100 wd-flex wd-flex-column fm-type_text\" ><div class=\"wdform-label-section wd-width-100  wd-flex-row wd-align-items-center\">    <label  for=\"wdform_2_element6\" class=\"wdform-label\">Nom et pr\u00e9nom<\/label><span class=\"wdform-required\">*<\/span><\/div><div class=\"wdform-element-section wd-flex  wd-flex-row wd-align-items-center wd-width-100\" ><input type=\"text\"                           class=\"wd-width-100\"                           id=\"wdform_2_element6\"                           name=\"wdform_2_element6\"                           value=\"\"                           data-value=\"\"                           title=\"\"                           placeholder=\"\"                                                       \/><\/div><\/div><\/div><\/div><div class=\"wdform_column\"><div wdid=\"3\" class=\"wdform_row\"><div type=\"type_submitter_mail\" class=\"wdform-field wd-width-100 wd-flex wd-flex-column fm-type_submitter_mail\" ><div class=\"wdform-label-section wd-width-100  wd-flex-row\">    <label  for=\"wdform_3_element6\" class=\"wdform-label\">Email<\/label><span class=\"wdform-required\">*<\/span><\/div><div class=\"wdform-element-section wd-flex  wd-flex-row wd-width-100\" ><input type=\"text\" class=\"wd-width-100\" id=\"wdform_3_element6\" name=\"wdform_3_element6\" data-value=\"\" value=\"\" title=\"\" placeholder=\"\"   onchange=\"wd_check_email('3', '6', 'Ceci n\\'est pas une adresse e-mail valide')\" \/><\/div><\/div><\/div><\/div><div class=\"wdform_column\"><div wdid=\"4\" class=\"wdform_row\"><div type=\"type_text\" class=\"wdform-field wd-width-100 wd-flex wd-flex-column fm-type_text\" ><div class=\"wdform-label-section wd-width-100  wd-flex-row wd-align-items-center\">    <label  for=\"wdform_4_element6\" class=\"wdform-label\">Sujet<\/label><span class=\"wdform-required\">*<\/span><\/div><div class=\"wdform-element-section wd-flex  wd-flex-row wd-align-items-center wd-width-100\" ><input type=\"text\"                           class=\"wd-width-100\"                           id=\"wdform_4_element6\"                           name=\"wdform_4_element6\"                           value=\"\"                           data-value=\"\"                           title=\"\"                           placeholder=\"\"                                                       \/><\/div><\/div><\/div><\/div><div class=\"wdform_column\"><div wdid=\"5\" class=\"wdform_row\"><div type=\"type_textarea\" class=\"wdform-field wd-width-100 wd-flex wd-flex-column fm-type_textarea\" ><div class=\"wdform-label-section wd-width-100 \">    <label  for=\"wdform_5_element6\" class=\"wdform-label\">Message<\/label><span class=\"wdform-required\">*<\/span><\/div><div class=\"wdform-element-section wd-flex  wd-width-100\" ><textarea class=\"wd-width-100\"                      id=\"wdform_5_element6\"                      name=\"wdform_5_element6\"                      placeholder=\"\"                      data-value=\"\"                      maxlength=\"\"                      style=\"height: 100px;\"                      ><\/textarea><\/div><\/div><\/div><\/div><div class=\"wdform_column\"><div wdid=\"1\" class=\"wdform_row\"><div type=\"type_submit_reset\" class=\"wdform-field wd-width-100 wd-flex wd-flex-column fm-type_submit_reset\" ><div class=\"wdform-element-section wd-flex  wd-flex-row wd-justify-content-left wd-width-100\" ><button  type=\"button\" class=\"button-submit\" onclick=\"fm_submit_form('6');\"  data-ajax=\"0\"><span class=\"fm-submit-loading spinner fm-ico-spinner\"><\/span>Envoyer !<\/button><button  type=\"button\" class=\"button-reset wd-hidden\" onclick=\"fm_reset_form(6);\" >Reset<\/button><\/div><\/div><\/div><\/div><\/div><div valign=\"top\" class=\"wdform_footer wd-width-100\"><div class=\"wd-width-100\"><div class=\"wd-width-100 wd-table\" style=\"padding-top:10px;\"><div class=\"wd-table-group\"><div id=\"6page_nav1\" class=\"wd-table-row\"><\/div><\/div><\/div><\/div><\/div><\/div><\/div><div class=\"wdform_preload\"><\/div><input type=\"hidden\" name=\"fm-current-page\" value=\"https:\/\/alliancefr.se\/jonkoping\/wp-json\/wp\/v2\/pages\/1049\" \/><\/form><\/div><\/div>\n\t\t\t\t\t\t<\/div>\n\t\t\t\t<\/div>\n\t\t\t\t\t<\/div>\n\t\t<\/div>\n\t\t\t\t\t<\/div>\n\t\t<\/section>\n\t\t\t\t<section class=\"elementor-section elementor-top-section elementor-element elementor-element-4bf84803 elementor-section-boxed elementor-section-height-default elementor-section-height-default\" data-id=\"4bf84803\" data-element_type=\"section\">\n\t\t\t\t\t\t<div class=\"elementor-container elementor-column-gap-default\">\n\t\t\t\t\t<div class=\"elementor-column elementor-col-100 elementor-top-column elementor-element elementor-element-1d670709\" data-id=\"1d670709\" data-element_type=\"column\">\n\t\t\t<div class=\"elementor-widget-wrap elementor-element-populated\">\n\t\t\t\t\t\t<div class=\"elementor-element elementor-element-d2d0c6d elementor-widget__width-initial elementor-widget elementor-widget-text-editor\" data-id=\"d2d0c6d\" data-element_type=\"widget\" data-widget_type=\"text-editor.default\">\n\t\t\t\t<div class=\"elementor-widget-container\">\n\t\t\t\t\t\t\t\t\t<h6 style=\"color: #222222;font-family: Arial, Helvetica, sans-serif\"><span style=\"font-size: small\"><strong>Pr\u00e9sident<\/strong><br>Constantin Dragan<br>constantin.dragan@alliancefrancaise-jonk.se<\/span><\/h6>\n<h6 style=\"color: #222222;font-family: Arial, Helvetica, sans-serif\"><span style=\"font-size: small\"><strong>Vice &#8211; pr\u00e9sident<\/strong><br>Ann Bj\u00f6rnfjord<br>ann.bjornfjord@alliancefrancaise-jonk.se<\/span><\/h6>\n<h6 style=\"color: #222222;font-family: Arial, Helvetica, sans-serif\"><span style=\"font-size: small\"><strong>Secr\u00e9taire<\/strong><br>Ellinor Norberg<br>ellinor.norberg@alliancefrancaise-jonk.se<\/span><\/h6>\n<h6 style=\"color: #222222;font-family: Arial, Helvetica, sans-serif\"><span style=\"font-size: small\"><strong>Vice-secr\u00e9taire<br><\/strong>Eva Melin<br>eva.melin@alliancefrancaise-jonk.se<\/span><\/h6>\n<h6 style=\"color: #222222;font-family: Arial, Helvetica, sans-serif\"><span style=\"font-size: small\"><strong>Tr\u00e9sorier<\/strong><br>\u00c5sa Timarson<br>asa.timarson@alliancefrancaise-jonk.se<\/span><\/h6>\n<h6 style=\"color: #222222;font-family: Arial, Helvetica, sans-serif\"><span style=\"font-size: small\"><strong>Vice-tr\u00e9sorier<\/strong><br>Agneta Marklinger<br>agneta.marklinger@alliancefrancaise-jonk.se<\/span><\/h6>\n<h6 style=\"color: #222222;font-family: Arial, Helvetica, sans-serif\"><span style=\"font-size: small\"><strong>L<\/strong><b>ogistique \u00e9v\u00e9nements<\/b><br>Lena Knutsson<br>lena.knutsson@alliancefrancaise-jonk.se<p><\/p>\n<p>Ann-Margret Olsson Wester<br>Ann-Margret@alliancefrancaise-jonk.se<\/p>\n<p><\/p><\/span><\/h6>\n<h6>&nbsp;<\/h6>\n<p><!--\/pixgridder:column[col=1]--><!--\/pixgridder:row[cols=1]--><\/p>\t\t\t\t\t\t\t\t<\/div>\n\t\t\t\t<\/div>\n\t\t\t\t\t<\/div>\n\t\t<\/div>\n\t\t\t\t\t<\/div>\n\t\t<\/section>\n\t\t\t\t<\/div>\n\t\t","protected":false},"excerpt":{"rendered":"<p>Contacter l\u2019Alliance Fran\u00e7aise de J\u00f6nk\u00f6ping \u00e0 cette adresse jonkoping@alliancefr.se ou bien via ce formulaire: Pr\u00e9sidentConstantin Draganconstantin.dragan@alliancefrancaise-jonk.se Vice &#8211; pr\u00e9sidentAnn Bj\u00f6rnfjordann.bjornfjord@alliancefrancaise-jonk.se Secr\u00e9taireEllinor Norbergellinor.norberg@alliancefrancaise-jonk.se Vice-secr\u00e9taireEva Melineva.melin@alliancefrancaise-jonk.se Tr\u00e9sorier\u00c5sa Timarsonasa.timarson@alliancefrancaise-jonk.se Vice-tr\u00e9sorierAgneta Marklingeragneta.marklinger@alliancefrancaise-jonk.se Logistique \u00e9v\u00e9nementsLena Knutssonlena.knutsson@alliancefrancaise-jonk.se Ann-Margret Olsson WesterAnn-Margret@alliancefrancaise-jonk.se &nbsp;<\/p>\n","protected":false},"author":1,"featured_media":0,"parent":0,"menu_order":0,"comment_status":"closed","ping_status":"closed","template":"","meta":{"om_disable_all_campaigns":false,"_monsterinsights_skip_tracking":false,"_monsterinsights_sitenote_active":false,"_monsterinsights_sitenote_note":"","_monsterinsights_sitenote_category":0,"_uf_show_specific_survey":0,"_uf_disable_surveys":false,"footnotes":""},"class_list":["post-1049","page","type-page","status-publish","hentry"],"aioseo_notices":[],"rttpg_featured_image_url":null,"rttpg_author":{"display_name":"Super.admin","author_link":"https:\/\/alliancefr.se\/jonkoping\/author\/admin2174\/"},"rttpg_comment":0,"rttpg_category":" <a href=\"https:\/\/alliancefr.se\/jonkoping\/\" rel=\"tag\">Fran\u00e7ais<\/a>","rttpg_excerpt":"Contacter l\u2019Alliance Fran\u00e7aise de J\u00f6nk\u00f6ping \u00e0 cette adresse jonkoping@alliancefr.se ou bien via ce formulaire: Pr\u00e9sidentConstantin Draganconstantin.dragan@alliancefrancaise-jonk.se Vice &#8211; pr\u00e9sidentAnn Bj\u00f6rnfjordann.bjornfjord@alliancefrancaise-jonk.se Secr\u00e9taireEllinor Norbergellinor.norberg@alliancefrancaise-jonk.se Vice-secr\u00e9taireEva Melineva.melin@alliancefrancaise-jonk.se Tr\u00e9sorier\u00c5sa Timarsonasa.timarson@alliancefrancaise-jonk.se Vice-tr\u00e9sorierAgneta Marklingeragneta.marklinger@alliancefrancaise-jonk.se Logistique \u00e9v\u00e9nementsLena Knutssonlena.knutsson@alliancefrancaise-jonk.se Ann-Margret Olsson WesterAnn-Margret@alliancefrancaise-jonk.se &nbsp;","_links":{"self":[{"href":"https:\/\/alliancefr.se\/jonkoping\/wp-json\/wp\/v2\/pages\/1049","targetHints":{"allow":["GET"]}}],"collection":[{"href":"https:\/\/alliancefr.se\/jonkoping\/wp-json\/wp\/v2\/pages"}],"about":[{"href":"https:\/\/alliancefr.se\/jonkoping\/wp-json\/wp\/v2\/types\/page"}],"author":[{"embeddable":true,"href":"https:\/\/alliancefr.se\/jonkoping\/wp-json\/wp\/v2\/users\/1"}],"replies":[{"embeddable":true,"href":"https:\/\/alliancefr.se\/jonkoping\/wp-json\/wp\/v2\/comments?post=1049"}],"version-history":[{"count":13,"href":"https:\/\/alliancefr.se\/jonkoping\/wp-json\/wp\/v2\/pages\/1049\/revisions"}],"predecessor-version":[{"id":2394,"href":"https:\/\/alliancefr.se\/jonkoping\/wp-json\/wp\/v2\/pages\/1049\/revisions\/2394"}],"wp:attachment":[{"href":"https:\/\/alliancefr.se\/jonkoping\/wp-json\/wp\/v2\/media?parent=1049"}],"curies":[{"name":"wp","href":"https:\/\/api.w.org\/{rel}","templated":true}]}}