{"id":1047,"date":"2017-06-20T18:09:58","date_gmt":"2017-06-20T16:09:58","guid":{"rendered":"https:\/\/alliancefr.se\/jonkoping\/liens\/"},"modified":"2024-02-05T10:46:42","modified_gmt":"2024-02-05T09:46:42","slug":"liens","status":"publish","type":"page","link":"https:\/\/alliancefr.se\/jonkoping\/liens\/","title":{"rendered":"Liens"},"content":{"rendered":"\t\t<div data-elementor-type=\"wp-page\" data-elementor-id=\"1047\" class=\"elementor elementor-1047\">\n\t\t\t\t\t\t<section class=\"elementor-section elementor-top-section elementor-element elementor-element-3716ed5b elementor-section-boxed elementor-section-height-default elementor-section-height-default\" data-id=\"3716ed5b\" data-element_type=\"section\">\n\t\t\t\t\t\t<div class=\"elementor-container elementor-column-gap-default\">\n\t\t\t\t\t<div class=\"elementor-column elementor-col-100 elementor-top-column elementor-element elementor-element-1cdafc71\" data-id=\"1cdafc71\" data-element_type=\"column\">\n\t\t\t<div class=\"elementor-widget-wrap elementor-element-populated\">\n\t\t\t\t\t\t<div class=\"elementor-element elementor-element-483d52ec elementor-widget elementor-widget-text-editor\" data-id=\"483d52ec\" data-element_type=\"widget\" data-widget_type=\"text-editor.default\">\n\t\t\t\t<div class=\"elementor-widget-container\">\n\t\t\t\t\t\t\t\t\t<p><!--pixgridder:row[cols=1]--><!--pixgridder:column[col=1]-->\u00a0<\/p><p><iframe title=\"Un An en France - Ett \u00c5r i Frankrike\" width=\"960\" height=\"540\" src=\"https:\/\/www.youtube.com\/embed\/qUc2vlc8UpM?feature=oembed\" frameborder=\"0\" allow=\"accelerometer; autoplay; clipboard-write; encrypted-media; gyroscope; picture-in-picture; web-share\" allowfullscreen><\/iframe><\/p><p><a href=\"http:\/\/www.ambafrance-se.org\/\">Ambassade de France en Su\u00e8de<\/a><\/p><p><a href=\"http:\/\/www.institutfrancais-suede.com\/\">Institut fran\u00e7ais de Su\u00e8de<\/a><\/p><p><a href=\"http:\/\/www.alliancefr.org\/\">Alliance Fran\u00e7aise de Paris \/ \u00c9tudier en France<\/a><\/p><p><a href=\"http:\/\/www.fondation-alliancefr.org\">La Fondation des Alliances Fran\u00e7aises<\/a><\/p><p><strong>TV<\/strong><\/p><p><a href=\"http:\/\/www.francetvinfo.fr\/\">France TV info<\/a><\/p><p><a href=\"http:\/\/www.france2.fr\/\">France 2<\/a><\/p><p><a href=\"http:\/\/www.tv5.org\/\">TV5MONDE<\/a><\/p><p><strong>Radio<\/strong><\/p><p><a href=\"http:\/\/www.rfi.fr\">Radio France Internationale<\/a><\/p><p><strong>Journaux<\/strong><\/p><p><a href=\"http:\/\/www.lemonde.fr\/\">Le Monde<\/a><\/p><p><a href=\"https:\/\/www.lefigaro.fr\/\">Le Figaro<\/a><\/p><p><!--\/pixgridder:column[col=1]--><!--\/pixgridder:row[cols=1]--><\/p>\t\t\t\t\t\t\t\t<\/div>\n\t\t\t\t<\/div>\n\t\t\t\t\t<\/div>\n\t\t<\/div>\n\t\t\t\t\t<\/div>\n\t\t<\/section>\n\t\t\t\t<\/div>\n\t\t","protected":false},"excerpt":{"rendered":"<p>\u00a0 Ambassade de France en Su\u00e8de Institut fran\u00e7ais de Su\u00e8de Alliance Fran\u00e7aise de Paris \/ \u00c9tudier en France La Fondation des Alliances Fran\u00e7aises TV France TV info France 2 TV5MONDE Radio Radio France Internationale Journaux Le Monde Le Figaro<\/p>\n","protected":false},"author":1,"featured_media":0,"parent":0,"menu_order":0,"comment_status":"closed","ping_status":"closed","template":"","meta":{"om_disable_all_campaigns":false,"_monsterinsights_skip_tracking":false,"_monsterinsights_sitenote_active":false,"_monsterinsights_sitenote_note":"","_monsterinsights_sitenote_category":0,"_uf_show_specific_survey":0,"_uf_disable_surveys":false,"footnotes":""},"class_list":["post-1047","page","type-page","status-publish","hentry"],"aioseo_notices":[],"rttpg_featured_image_url":null,"rttpg_author":{"display_name":"Super.admin","author_link":"https:\/\/alliancefr.se\/jonkoping\/author\/admin2174\/"},"rttpg_comment":0,"rttpg_category":" <a href=\"https:\/\/alliancefr.se\/jonkoping\/\" rel=\"tag\">Fran\u00e7ais<\/a>","rttpg_excerpt":"\u00a0 Ambassade de France en Su\u00e8de Institut fran\u00e7ais de Su\u00e8de Alliance Fran\u00e7aise de Paris \/ \u00c9tudier en France La Fondation des Alliances Fran\u00e7aises TV France TV info France 2 TV5MONDE Radio Radio France Internationale Journaux Le Monde Le Figaro","_links":{"self":[{"href":"https:\/\/alliancefr.se\/jonkoping\/wp-json\/wp\/v2\/pages\/1047","targetHints":{"allow":["GET"]}}],"collection":[{"href":"https:\/\/alliancefr.se\/jonkoping\/wp-json\/wp\/v2\/pages"}],"about":[{"href":"https:\/\/alliancefr.se\/jonkoping\/wp-json\/wp\/v2\/types\/page"}],"author":[{"embeddable":true,"href":"https:\/\/alliancefr.se\/jonkoping\/wp-json\/wp\/v2\/users\/1"}],"replies":[{"embeddable":true,"href":"https:\/\/alliancefr.se\/jonkoping\/wp-json\/wp\/v2\/comments?post=1047"}],"version-history":[{"count":9,"href":"https:\/\/alliancefr.se\/jonkoping\/wp-json\/wp\/v2\/pages\/1047\/revisions"}],"predecessor-version":[{"id":2451,"href":"https:\/\/alliancefr.se\/jonkoping\/wp-json\/wp\/v2\/pages\/1047\/revisions\/2451"}],"wp:attachment":[{"href":"https:\/\/alliancefr.se\/jonkoping\/wp-json\/wp\/v2\/media?parent=1047"}],"curies":[{"name":"wp","href":"https:\/\/api.w.org\/{rel}","templated":true}]}}