{"id":1045,"date":"2017-06-20T18:06:08","date_gmt":"2017-06-20T16:06:08","guid":{"rendered":"https:\/\/alliancefr.se\/jonkoping\/devenir-membre\/"},"modified":"2024-02-08T20:48:36","modified_gmt":"2024-02-08T19:48:36","slug":"devenir-membre","status":"publish","type":"page","link":"https:\/\/alliancefr.se\/jonkoping\/devenir-membre\/","title":{"rendered":"Devenir membre"},"content":{"rendered":"<p><!--pixgridder:row[cols=1]--><!--pixgridder:column[col=1]--><\/p>\n<h6><strong>Quelle bonne id\u00e9e!<\/strong><\/h6>\n<h6>Avec nous, vous allez pouvoir cr\u00e9er de nouveaux liens et garder le contact avec la culture, la langue et l&rsquo;esprit fran\u00e7ais. D\u00e9butants, sp\u00e9cialistes ou natifs, tout le monde trouve sa place chez nous.<\/h6>\n<h6>Dans votre qualit\u00e9 de\u00a0membre de l&rsquo;Alliance fran\u00e7aise, vous aurez acc\u00e8s \u00e0 toutes nos activit\u00e9s.<\/h6>\n<h6><strong>Nos\u00a0prix :<\/strong><br \/>\nUne personne &#8211; 250 kr\/ann\u00e9e<br \/>\nCouple &#8211; 350 kr\/ ann\u00e9e<br \/>\nEtudiant\u00a0&#8211; 80 kr\/ ann\u00e9e<\/h6>\n<h6>Pour devenir membre, veuillez payer la somme correspondant \u00e0 votre statut au Bankgiro 316-4837 et envoyer un courriel \u00e0 <a href=\"mailto:jonkoping@alliancefr.se\">jonkoping@alliancefr.se<\/a><\/h6>\n<p><!--\/pixgridder:column[col=1]--><!--\/pixgridder:row[cols=1]--><\/p>\n","protected":false},"excerpt":{"rendered":"<p>Quelle bonne id\u00e9e! Avec nous, vous allez pouvoir cr\u00e9er de nouveaux liens et garder le contact avec la culture, la langue et l&rsquo;esprit fran\u00e7ais. D\u00e9butants, sp\u00e9cialistes ou natifs, tout le monde trouve sa place chez nous. Dans votre qualit\u00e9 de\u00a0membre de l&rsquo;Alliance fran\u00e7aise, vous aurez acc\u00e8s \u00e0 toutes nos activit\u00e9s. Nos\u00a0prix : Une personne &#8211; 250 kr\/ann\u00e9e Couple &#8211; 350 kr\/ ann\u00e9e Etudiant\u00a0&#8211; 80 kr\/ ann\u00e9e Pour devenir membre, veuillez payer la somme correspondant \u00e0 votre statut au Bankgiro 316-4837 et envoyer un courriel \u00e0 jonkoping@alliancefr.se<\/p>\n","protected":false},"author":1,"featured_media":0,"parent":0,"menu_order":0,"comment_status":"closed","ping_status":"closed","template":"","meta":{"om_disable_all_campaigns":false,"_monsterinsights_skip_tracking":false,"_monsterinsights_sitenote_active":false,"_monsterinsights_sitenote_note":"","_monsterinsights_sitenote_category":0,"_uf_show_specific_survey":0,"_uf_disable_surveys":false,"footnotes":""},"class_list":["post-1045","page","type-page","status-publish","hentry"],"aioseo_notices":[],"rttpg_featured_image_url":null,"rttpg_author":{"display_name":"Super.admin","author_link":"https:\/\/alliancefr.se\/jonkoping\/author\/admin2174\/"},"rttpg_comment":0,"rttpg_category":" <a href=\"https:\/\/alliancefr.se\/jonkoping\/\" rel=\"tag\">Fran\u00e7ais<\/a>","rttpg_excerpt":"Quelle bonne id\u00e9e! Avec nous, vous allez pouvoir cr\u00e9er de nouveaux liens et garder le contact avec la culture, la langue et l&rsquo;esprit fran\u00e7ais. D\u00e9butants, sp\u00e9cialistes ou natifs, tout le monde trouve sa place chez nous. Dans votre qualit\u00e9 de\u00a0membre de l&rsquo;Alliance fran\u00e7aise, vous aurez acc\u00e8s \u00e0 toutes nos activit\u00e9s. Nos\u00a0prix : Une personne &#8211;\u2026","_links":{"self":[{"href":"https:\/\/alliancefr.se\/jonkoping\/wp-json\/wp\/v2\/pages\/1045","targetHints":{"allow":["GET"]}}],"collection":[{"href":"https:\/\/alliancefr.se\/jonkoping\/wp-json\/wp\/v2\/pages"}],"about":[{"href":"https:\/\/alliancefr.se\/jonkoping\/wp-json\/wp\/v2\/types\/page"}],"author":[{"embeddable":true,"href":"https:\/\/alliancefr.se\/jonkoping\/wp-json\/wp\/v2\/users\/1"}],"replies":[{"embeddable":true,"href":"https:\/\/alliancefr.se\/jonkoping\/wp-json\/wp\/v2\/comments?post=1045"}],"version-history":[{"count":6,"href":"https:\/\/alliancefr.se\/jonkoping\/wp-json\/wp\/v2\/pages\/1045\/revisions"}],"predecessor-version":[{"id":2463,"href":"https:\/\/alliancefr.se\/jonkoping\/wp-json\/wp\/v2\/pages\/1045\/revisions\/2463"}],"wp:attachment":[{"href":"https:\/\/alliancefr.se\/jonkoping\/wp-json\/wp\/v2\/media?parent=1045"}],"curies":[{"name":"wp","href":"https:\/\/api.w.org\/{rel}","templated":true}]}}