{"id":1041,"date":"2017-06-20T17:51:01","date_gmt":"2017-06-20T15:51:01","guid":{"rendered":"https:\/\/alliancefr.se\/jonkoping\/alliance-francaise-dans-le-monde\/"},"modified":"2023-11-29T16:19:59","modified_gmt":"2023-11-29T15:19:59","slug":"le-reseau-af","status":"publish","type":"page","link":"https:\/\/alliancefr.se\/jonkoping\/le-reseau-af\/","title":{"rendered":"Les r\u00e9seau des Alliances Fran\u00e7aises dans le monde"},"content":{"rendered":"\t\t<div data-elementor-type=\"wp-page\" data-elementor-id=\"1041\" class=\"elementor elementor-1041\">\n\t\t\t\t\t\t<section class=\"elementor-section elementor-top-section elementor-element elementor-element-4c8ad13c elementor-section-boxed elementor-section-height-default elementor-section-height-default\" data-id=\"4c8ad13c\" data-element_type=\"section\">\n\t\t\t\t\t\t<div class=\"elementor-container elementor-column-gap-default\">\n\t\t\t\t\t<div class=\"elementor-column elementor-col-100 elementor-top-column elementor-element elementor-element-787dd96b\" data-id=\"787dd96b\" data-element_type=\"column\">\n\t\t\t<div class=\"elementor-widget-wrap elementor-element-populated\">\n\t\t\t\t\t\t<div class=\"elementor-element elementor-element-4269aabe elementor-widget elementor-widget-text-editor\" data-id=\"4269aabe\" data-element_type=\"widget\" data-widget_type=\"text-editor.default\">\n\t\t\t\t<div class=\"elementor-widget-container\">\n\t\t\t\t\t\t\t\t\t<p><!--pixgridder:row[cols=1]--><!--pixgridder:column[col=1]--><\/p><p>\u00a0<\/p><figure id=\"attachment_295\" aria-describedby=\"caption-attachment-295\" style=\"width: 238px\" class=\"wp-caption alignright\"><a href=\"http:\/\/www.alliancefrancaise-jonk.se\/wp-content\/uploads\/2014\/05\/Jules-Verne.jpg\"><img fetchpriority=\"high\" decoding=\"async\" class=\"wp-image-295 size-full\" src=\"http:\/\/www.alliancefrancaise-jonk.se\/wp-content\/uploads\/2014\/05\/Jules-Verne.jpg\" alt=\"\" width=\"238\" height=\"250\" \/><\/a><figcaption id=\"caption-attachment-295\" class=\"wp-caption-text\">L&rsquo;\u00e9crivain Jules Verne a cofond\u00e9 l&rsquo;Alliance Fran\u00e7aise.<\/figcaption><\/figure><p>En 1883 l&rsquo;Alliance Fran\u00e7aise est fond\u00e9e avec ce but: \u00ab\u00a0L\u2019association nationale pour la propagation de la langue fran\u00e7aise dans les colonies et \u00e0 l\u2019\u00e9tranger\u00a0\u00bb. Dans un an des Fran\u00e7ais connus, comme Ferdinand de Lesseps, Louis Pasteur, Ernest Renan, Jules Verne, Armand Colin\u2026 comptent parmi les membres du conseil d\u2019administration de l\u2019Alliance fran\u00e7aise de Paris.<\/p><p>La premi\u00e8re Alliance fran\u00e7aise d\u2019Europe ouvre \u00e0 Barcelone, puis il en na\u00eet au S\u00e9n\u00e9gal, \u00e0 l\u2019Ile Maurice et \u00e0 Mexico. Depuis sa fondation, un nombre sans cesse croissant d\u2019\u00e9tudiants de toutes origines fr\u00e9quentent les Alliances fran\u00e7aises. Cette long\u00e9vit\u00e9 et cette vitalit\u00e9 tiennent aux liens tiss\u00e9s avec les citoyens et les m\u00e9c\u00e8nes des pays d\u2019accueil.<\/p><p><strong>L\u2019Alliance fran\u00e7aise a 3 missions :<\/strong><br \/>-Proposer des cours de fran\u00e7ais, en France et dans le monde, \u00e0 tous les publics,<br \/>-Mieux faire conna\u00eetre la culture fran\u00e7aise et les cultures francophones, dans toutes les dimensions,<br \/>-Favoriser la diversit\u00e9 culturelle en mettant en valeur toutes les cultures.<\/p><p>Le r\u00e9seau des Alliances fran\u00e7aises est pr\u00e9sent dans 137 pays, il y a plus de 800 Alliances fran\u00e7aises, o\u00f9 plus de 500 000 membres et \u00e9tudiants sont engag\u00e9s.<\/p><p><!--\/pixgridder:column[col=1]--><!--\/pixgridder:row[cols=1]--><\/p>\t\t\t\t\t\t\t\t<\/div>\n\t\t\t\t<\/div>\n\t\t\t\t\t<\/div>\n\t\t<\/div>\n\t\t\t\t\t<\/div>\n\t\t<\/section>\n\t\t\t\t<section class=\"elementor-section elementor-top-section elementor-element elementor-element-cd3ff96 elementor-section-boxed elementor-section-height-default elementor-section-height-default\" data-id=\"cd3ff96\" data-element_type=\"section\">\n\t\t\t\t\t\t<div class=\"elementor-container elementor-column-gap-default\">\n\t\t\t\t\t<div class=\"elementor-column elementor-col-100 elementor-top-column elementor-element elementor-element-33c6ff4\" data-id=\"33c6ff4\" data-element_type=\"column\">\n\t\t\t<div class=\"elementor-widget-wrap elementor-element-populated\">\n\t\t\t\t\t\t<div class=\"elementor-element elementor-element-06a83db elementor-widget elementor-widget-text-editor\" data-id=\"06a83db\" data-element_type=\"widget\" data-widget_type=\"text-editor.default\">\n\t\t\t\t<div class=\"elementor-widget-container\">\n\t\t\t\t\t\t\t\t\t<h3><strong>Le r\u00e9seau des Alliances fran\u00e7aises de Su\u00e8de<\/strong><\/h3>\n<p>En Su\u00e8de, la premi\u00e8re Alliance fran\u00e7aise a \u00e9t\u00e9 cr\u00e9\u00e9e \u00e0 Stockholm en 1889, et a \u00e9t\u00e9 rapidement suivie par celles d\u2019Uppsala et de G\u00f6teborg. L\u2019Alliance Fran\u00e7aise d\u2019\u00d6rebro, quant \u00e0 elle, a \u00e9t\u00e9 cr\u00e9\u00e9e en 1935, et a f\u00eat\u00e9 ses 80 ans en 2015. \u00c0 ce jour, le r\u00e9seau Alliance Fran\u00e7aise de Su\u00e8de compte 14 alliances, qui font partie des Alliances fran\u00e7aises avec un statut particulier dans la promotion de la francophonie. En effet, en raison de la tradition tr\u00e8s ancr\u00e9e en Su\u00e8de des f\u00e9d\u00e9rations d\u2019\u00e9ducation populaire que sont Medborgarskolan et Folkh\u00f6gskolan, les Alliances su\u00e9doises ne donnent pas de cours de fran\u00e7ais.&nbsp;<strong>Elles proposent en revanche de nombreuses activit\u00e9s et conf\u00e9rences en fran\u00e7ais et en su\u00e9dois autour des cultures francophones.<\/strong>&nbsp;Dans le cadre de la coop\u00e9ration entres les Alliances Fran\u00e7aises de Su\u00e8de, une r\u00e9union nationale est tenue chaque ann\u00e9e dans une ville du r\u00e9seau.&nbsp;<\/p><p><a href=\"http:\/\/alliancefr.se\/\" style=\"background-color: rgb(255, 255, 255); text-align: start;\">D\u00e9couvrez ici la carte du r\u00e9seau des Alliances Fran\u00e7aises de Su\u00e8de<\/a><br><\/p>\t\t\t\t\t\t\t\t<\/div>\n\t\t\t\t<\/div>\n\t\t\t\t\t<\/div>\n\t\t<\/div>\n\t\t\t\t\t<\/div>\n\t\t<\/section>\n\t\t\t\t<\/div>\n\t\t","protected":false},"excerpt":{"rendered":"<p>\u00a0 En 1883 l&rsquo;Alliance Fran\u00e7aise est fond\u00e9e avec ce but: \u00ab\u00a0L\u2019association nationale pour la propagation de la langue fran\u00e7aise dans les colonies et \u00e0 l\u2019\u00e9tranger\u00a0\u00bb. Dans un an des Fran\u00e7ais connus, comme Ferdinand de Lesseps, Louis Pasteur, Ernest Renan, Jules Verne, Armand Colin\u2026 comptent parmi les membres du conseil d\u2019administration de l\u2019Alliance fran\u00e7aise de Paris. La premi\u00e8re Alliance fran\u00e7aise d\u2019Europe ouvre \u00e0 Barcelone, puis il en na\u00eet au S\u00e9n\u00e9gal, \u00e0 l\u2019Ile Maurice et \u00e0 Mexico. Depuis sa fondation, un nombre sans cesse croissant d\u2019\u00e9tudiants de toutes origines fr\u00e9quentent les Alliances fran\u00e7aises. Cette long\u00e9vit\u00e9 et cette vitalit\u00e9 tiennent aux liens tiss\u00e9s avec les citoyens et les m\u00e9c\u00e8nes des pays d\u2019accueil. L\u2019Alliance fran\u00e7aise a 3 missions :-Proposer des cours de fran\u00e7ais, en France et dans le monde, \u00e0 tous les publics,-Mieux faire conna\u00eetre la culture fran\u00e7aise et les cultures francophones, dans toutes les dimensions,-Favoriser la diversit\u00e9 culturelle en mettant en valeur toutes les cultures. Le r\u00e9seau des Alliances fran\u00e7aises est pr\u00e9sent dans 137 pays, il y a plus de 800 Alliances fran\u00e7aises, o\u00f9 plus de 500 000 membres et \u00e9tudiants sont engag\u00e9s. Le r\u00e9seau des Alliances fran\u00e7aises de Su\u00e8de En Su\u00e8de, la premi\u00e8re Alliance fran\u00e7aise a \u00e9t\u00e9 cr\u00e9\u00e9e \u00e0 Stockholm en 1889, et a \u00e9t\u00e9 rapidement suivie par celles d\u2019Uppsala et de G\u00f6teborg. L\u2019Alliance Fran\u00e7aise d\u2019\u00d6rebro, quant \u00e0 elle, a \u00e9t\u00e9 cr\u00e9\u00e9e en 1935, et a f\u00eat\u00e9 ses 80 ans en 2015. \u00c0 ce jour, le r\u00e9seau Alliance Fran\u00e7aise de Su\u00e8de compte 14 alliances, qui font partie des Alliances fran\u00e7aises avec un statut particulier dans la promotion de la francophonie. En effet, en raison de la tradition tr\u00e8s ancr\u00e9e en Su\u00e8de des f\u00e9d\u00e9rations d\u2019\u00e9ducation populaire que sont Medborgarskolan et Folkh\u00f6gskolan, les Alliances su\u00e9doises ne donnent pas de cours de fran\u00e7ais.&nbsp;Elles proposent en revanche de nombreuses activit\u00e9s et conf\u00e9rences en fran\u00e7ais et en su\u00e9dois autour des cultures francophones.&nbsp;Dans le cadre de la coop\u00e9ration entres les Alliances Fran\u00e7aises de Su\u00e8de, une r\u00e9union nationale est tenue chaque ann\u00e9e dans une ville du r\u00e9seau.&nbsp; D\u00e9couvrez ici la carte du r\u00e9seau des Alliances Fran\u00e7aises de Su\u00e8de<\/p>\n","protected":false},"author":1,"featured_media":0,"parent":0,"menu_order":0,"comment_status":"closed","ping_status":"closed","template":"","meta":{"om_disable_all_campaigns":false,"_monsterinsights_skip_tracking":false,"_monsterinsights_sitenote_active":false,"_monsterinsights_sitenote_note":"","_monsterinsights_sitenote_category":0,"_uf_show_specific_survey":0,"_uf_disable_surveys":false,"footnotes":""},"class_list":["post-1041","page","type-page","status-publish","hentry"],"aioseo_notices":[],"rttpg_featured_image_url":null,"rttpg_author":{"display_name":"Super.admin","author_link":"https:\/\/alliancefr.se\/jonkoping\/author\/admin2174\/"},"rttpg_comment":0,"rttpg_category":" <a href=\"https:\/\/alliancefr.se\/jonkoping\/\" rel=\"tag\">Fran\u00e7ais<\/a>","rttpg_excerpt":"\u00a0 En 1883 l&rsquo;Alliance Fran\u00e7aise est fond\u00e9e avec ce but: \u00ab\u00a0L\u2019association nationale pour la propagation de la langue fran\u00e7aise dans les colonies et \u00e0 l\u2019\u00e9tranger\u00a0\u00bb. Dans un an des Fran\u00e7ais connus, comme Ferdinand de Lesseps, Louis Pasteur, Ernest Renan, Jules Verne, Armand Colin\u2026 comptent parmi les membres du conseil d\u2019administration de l\u2019Alliance fran\u00e7aise de Paris.\u2026","_links":{"self":[{"href":"https:\/\/alliancefr.se\/jonkoping\/wp-json\/wp\/v2\/pages\/1041","targetHints":{"allow":["GET"]}}],"collection":[{"href":"https:\/\/alliancefr.se\/jonkoping\/wp-json\/wp\/v2\/pages"}],"about":[{"href":"https:\/\/alliancefr.se\/jonkoping\/wp-json\/wp\/v2\/types\/page"}],"author":[{"embeddable":true,"href":"https:\/\/alliancefr.se\/jonkoping\/wp-json\/wp\/v2\/users\/1"}],"replies":[{"embeddable":true,"href":"https:\/\/alliancefr.se\/jonkoping\/wp-json\/wp\/v2\/comments?post=1041"}],"version-history":[{"count":13,"href":"https:\/\/alliancefr.se\/jonkoping\/wp-json\/wp\/v2\/pages\/1041\/revisions"}],"predecessor-version":[{"id":2284,"href":"https:\/\/alliancefr.se\/jonkoping\/wp-json\/wp\/v2\/pages\/1041\/revisions\/2284"}],"wp:attachment":[{"href":"https:\/\/alliancefr.se\/jonkoping\/wp-json\/wp\/v2\/media?parent=1041"}],"curies":[{"name":"wp","href":"https:\/\/api.w.org\/{rel}","templated":true}]}}