{"id":1037,"date":"2017-06-20T17:06:59","date_gmt":"2017-06-20T15:06:59","guid":{"rendered":"https:\/\/alliancefr.se\/jonkoping\/cercle-bouquin\/"},"modified":"2017-06-20T17:06:59","modified_gmt":"2017-06-20T15:06:59","slug":"cercle-bouquin","status":"publish","type":"page","link":"https:\/\/alliancefr.se\/jonkoping\/cercle-bouquin\/","title":{"rendered":"Cercle bouquin"},"content":{"rendered":"<p><!--pixgridder:row[cols=1]--><!--pixgridder:column[col=1]--><\/p>\n<div dir=\"ltr\">\n<div dir=\"auto\">\n<div dir=\"auto\">\n<div dir=\"ltr\">\n<div dir=\"auto\">\n<div dir=\"auto\" style=\"text-align: center\">\n<p><img decoding=\"async\" class=\"an1 alignright\" src=\"https:\/\/fonts.gstatic.com\/s\/e\/notoemoji\/13.1.1\/1f1eb_1f1f7\/72.png\" alt=\"\ud83c\uddeb\ud83c\uddf7\" data-emoji=\"\ud83c\uddeb\ud83c\uddf7\" aria-label=\"\ud83c\uddeb\ud83c\uddf7\" \/><\/p>\n<div><img decoding=\"async\" class=\"an1 alignleft\" src=\"https:\/\/fonts.gstatic.com\/s\/e\/notoemoji\/13.1.1\/1f4d5\/72.png\" alt=\"\ud83d\udcd5\" data-emoji=\"\ud83d\udcd5\" aria-label=\"\ud83d\udcd5\" \/><\/div>\n<div><\/div>\n<div><\/div>\n<div><\/div>\n<h5><span style=\"font-size: 1em\">\u00a0<\/span><span style=\"color: #000000;font-size: 1em\">Ch\u00e8rs amis du Cercle bouquin,<\/span><\/h5>\n<div>\n<h5>Pour l&rsquo;\u00e9t\u00e9 j&rsquo;ai choisi le livre <em>Les ann\u00e9es<\/em>, par Annie Ernaux. Les discussions auront lieu en d\u00e9but de septembre.<\/h5>\n<h5>Bonnes vacances en lecture!<\/h5>\n<h5>Amicalement,<\/h5>\n<h5>Eva (eva.mogren@gmail.com)<\/h5>\n<h5>\u00a0______________________________<span style=\"color: #000080;font-size: 16px\">________________________<\/span><\/h5>\n<\/div>\n<\/div>\n<\/div>\n<\/div>\n<div dir=\"auto\"><strong>Le collier rouge<\/strong>, de Jean Christofe Ruffin<\/div>\n<div dir=\"auto\"><strong>La fille qui lisait dans le m\u00e9tro<\/strong>, de Christine F\u00e9ret-Fleury.<\/div>\n<div dir=\"auto\"><strong>Les gratitudes<\/strong>, de Delphine de Vigan<\/div>\n<div dir=\"auto\"><strong>Un avion sans elle<\/strong>, de Michel Bussi<\/div>\n<div dir=\"auto\"><strong>La chute<\/strong>, d\u2019Albert Camus<\/div>\n<div dir=\"auto\"><strong>Moka<\/strong>,\u00a0 Tatiana de Rosnay<\/div>\n<div dir=\"auto\"><strong>Il faut beaucoup aimer les hommes<\/strong>, Marie Darrieussecq,<\/div>\n<div dir=\"auto\"><strong>Je m\u2019en vais<\/strong>, Jean Echenoz,<\/div>\n<div dir=\"auto\"><strong>L\u2019Annonce<\/strong>, Marie-H\u00e9l\u00e8ne Lafon<\/div>\n<div dir=\"auto\"><strong>L\u2019\u00e9tranger<\/strong>\u00a0d\u2019Albert Camus<\/div>\n<div dir=\"auto\"><strong>La vie devant soi<\/strong>\u00a0de Romain Gary<\/div>\n<div dir=\"auto\"><strong>L\u2019herbe des nuits<\/strong>\u00a0de Patrick Modiano, le laur\u00e9at du prix Nobel de litt\u00e9rature 2014.&rsquo;<\/div>\n<div dir=\"auto\"><strong>L\u2019Attentat<\/strong>\u00a0de Yasmina Khadra<\/div>\n<div dir=\"auto\"><strong>O\u00f9 es-tu?<\/strong>\u00a0de Marc Levy<\/div>\n<div dir=\"auto\"><strong>Je m\u2019en vais<\/strong>, Jean Echenoz<\/div>\n<\/div>\n<\/div>\n<\/div>\n<div id=\"malwarebytes-root\"><\/div>\n<p><!--\/pixgridder:column[col=1]--><!--\/pixgridder:row[cols=1]--><\/p>\n","protected":false},"excerpt":{"rendered":"<p>\u00a0Ch\u00e8rs amis du Cercle bouquin, Pour l&rsquo;\u00e9t\u00e9 j&rsquo;ai choisi le livre Les ann\u00e9es, par Annie Ernaux. Les discussions auront lieu en d\u00e9but de septembre. Bonnes vacances en lecture! Amicalement, Eva (eva.mogren@gmail.com) \u00a0______________________________________________________ Le collier rouge, de Jean Christofe Ruffin La fille qui lisait dans le m\u00e9tro, de Christine F\u00e9ret-Fleury. Les gratitudes, de Delphine de Vigan Un avion sans elle, de Michel Bussi La chute, d\u2019Albert Camus Moka,\u00a0 Tatiana de Rosnay Il faut beaucoup aimer les hommes, Marie Darrieussecq, Je m\u2019en vais, Jean Echenoz, L\u2019Annonce, Marie-H\u00e9l\u00e8ne Lafon L\u2019\u00e9tranger\u00a0d\u2019Albert Camus La vie devant soi\u00a0de Romain Gary L\u2019herbe des nuits\u00a0de Patrick Modiano, le laur\u00e9at du prix Nobel de litt\u00e9rature 2014.&rsquo; L\u2019Attentat\u00a0de Yasmina Khadra O\u00f9 es-tu?\u00a0de Marc Levy Je m\u2019en vais, Jean Echenoz<\/p>\n","protected":false},"author":1,"featured_media":0,"parent":0,"menu_order":0,"comment_status":"closed","ping_status":"closed","template":"","meta":{"om_disable_all_campaigns":false,"_monsterinsights_skip_tracking":false,"_monsterinsights_sitenote_active":false,"_monsterinsights_sitenote_note":"","_monsterinsights_sitenote_category":0,"_uf_show_specific_survey":0,"_uf_disable_surveys":false,"footnotes":""},"class_list":["post-1037","page","type-page","status-publish","hentry"],"aioseo_notices":[],"rttpg_featured_image_url":null,"rttpg_author":{"display_name":"Super.admin","author_link":"https:\/\/alliancefr.se\/jonkoping\/author\/admin2174\/"},"rttpg_comment":0,"rttpg_category":" <a href=\"https:\/\/alliancefr.se\/jonkoping\/\" rel=\"tag\">Fran\u00e7ais<\/a>","rttpg_excerpt":"\u00a0Ch\u00e8rs amis du Cercle bouquin, Pour l&rsquo;\u00e9t\u00e9 j&rsquo;ai choisi le livre Les ann\u00e9es, par Annie Ernaux. Les discussions auront lieu en d\u00e9but de septembre. Bonnes vacances en lecture! Amicalement, Eva (eva.mogren@gmail.com) \u00a0______________________________________________________ Le collier rouge, de Jean Christofe Ruffin La fille qui lisait dans le m\u00e9tro, de Christine F\u00e9ret-Fleury. Les gratitudes, de Delphine de Vigan\u2026","_links":{"self":[{"href":"https:\/\/alliancefr.se\/jonkoping\/wp-json\/wp\/v2\/pages\/1037","targetHints":{"allow":["GET"]}}],"collection":[{"href":"https:\/\/alliancefr.se\/jonkoping\/wp-json\/wp\/v2\/pages"}],"about":[{"href":"https:\/\/alliancefr.se\/jonkoping\/wp-json\/wp\/v2\/types\/page"}],"author":[{"embeddable":true,"href":"https:\/\/alliancefr.se\/jonkoping\/wp-json\/wp\/v2\/users\/1"}],"replies":[{"embeddable":true,"href":"https:\/\/alliancefr.se\/jonkoping\/wp-json\/wp\/v2\/comments?post=1037"}],"version-history":[{"count":0,"href":"https:\/\/alliancefr.se\/jonkoping\/wp-json\/wp\/v2\/pages\/1037\/revisions"}],"wp:attachment":[{"href":"https:\/\/alliancefr.se\/jonkoping\/wp-json\/wp\/v2\/media?parent=1037"}],"curies":[{"name":"wp","href":"https:\/\/api.w.org\/{rel}","templated":true}]}}