{"id":552,"date":"2023-10-30T10:41:42","date_gmt":"2023-10-30T09:41:42","guid":{"rendered":"https:\/\/alliancefr.se\/helsingborg\/bli-medlem\/"},"modified":"2025-01-04T17:24:10","modified_gmt":"2025-01-04T16:24:10","slug":"bli-medlem","status":"publish","type":"page","link":"https:\/\/alliancefr.se\/helsingborg\/sv\/bli-medlem\/","title":{"rendered":"Bli medlem"},"content":{"rendered":"\t\t<div data-elementor-type=\"wp-page\" data-elementor-id=\"552\" class=\"elementor elementor-552\">\n\t\t\t\t<div class=\"elementor-element elementor-element-985f437 e-flex e-con-boxed e-con e-parent\" data-id=\"985f437\" data-element_type=\"container\">\n\t\t\t\t\t<div class=\"e-con-inner\">\n\t\t\t\t<div class=\"elementor-element elementor-element-6ea1951 elementor-widget elementor-widget-heading\" data-id=\"6ea1951\" data-element_type=\"widget\" data-widget_type=\"heading.default\">\n\t\t\t\t<div class=\"elementor-widget-container\">\n\t\t\t\t\t<h2 class=\"elementor-heading-title elementor-size-default\">Vi skulle vara glada att v\u00e4lkomna er till Alliance Fran\u00e7aise i Helsingborg !<\/h2>\t\t\t\t<\/div>\n\t\t\t\t<\/div>\n\t\t\t\t\t<\/div>\n\t\t\t\t<\/div>\n\t\t<div class=\"elementor-element elementor-element-1c27ea32 e-flex e-con-boxed e-con e-parent\" data-id=\"1c27ea32\" data-element_type=\"container\">\n\t\t\t\t\t<div class=\"e-con-inner\">\n\t\t\t\t<div class=\"elementor-element elementor-element-683879b6 elementor-widget elementor-widget-text-editor\" data-id=\"683879b6\" data-element_type=\"widget\" data-widget_type=\"text-editor.default\">\n\t\t\t\t<div class=\"elementor-widget-container\">\n\t\t\t\t\t\t\t\t\t<p>Alliance Fran\u00e7aise \u00e4r mer \u00e4n att vara medlem i en vanlig ideell f\u00f6rening, det \u00e4r att ing\u00e5 i en s\u00e4llskaplig grupp i Helsingborg, men ocks\u00e5 att uppt\u00e4cka den frankofona v\u00e4rlden i all sin m\u00e5ngfald.<\/p><p>Bli allts\u00e5 medlem hos oss !<\/p>\t\t\t\t\t\t\t\t<\/div>\n\t\t\t\t<\/div>\n\t\t\t\t\t<\/div>\n\t\t\t\t<\/div>\n\t\t<div class=\"elementor-element elementor-element-32ec280 e-flex e-con-boxed e-con e-parent\" data-id=\"32ec280\" data-element_type=\"container\">\n\t\t\t\t\t<div class=\"e-con-inner\">\n\t\t\t\t<div class=\"elementor-element elementor-element-e83dd78 elementor-widget elementor-widget-text-editor\" data-id=\"e83dd78\" data-element_type=\"widget\" data-widget_type=\"text-editor.default\">\n\t\t\t\t<div class=\"elementor-widget-container\">\n\t\t\t\t\t\t\t\t\t<p>\u00c5rsavgiften 2025 \u00e4r 150 kr f\u00f6r individuellt medlemsskap och 250 kr f\u00f6r en familj.<\/p><p>Intr\u00e4det vid tr\u00e4ffar \u00e4r vanligen 70 kr f\u00f6r medlemmar och 100 kr f\u00f6r icke-medlemmar.<\/p><p>F\u00f6r att bli medlem v\u00e4nligen betala in \u00e5rsavgiften till <b>PlusGirot f\u00f6r Alliance Fran\u00e7aise i Helsingborg<\/b> <strong>46 79 12 &#8211; 2.\u00a0<\/strong><span style=\"color: var( --e-global-color-text );font-family: var( --e-global-typography-text-font-family ), Sans-serif;font-weight: var( --e-global-typography-text-font-weight );letter-spacing: 0px\">Gl\u00f6m inte att skriva ditt namn.<\/span><\/p>\t\t\t\t\t\t\t\t<\/div>\n\t\t\t\t<\/div>\n\t\t\t\t\t<\/div>\n\t\t\t\t<\/div>\n\t\t<div class=\"elementor-element elementor-element-b260f10 e-flex e-con-boxed e-con e-parent\" data-id=\"b260f10\" data-element_type=\"container\">\n\t\t\t\t\t<div class=\"e-con-inner\">\n\t\t\t\t<div class=\"elementor-element elementor-element-e9bb4f7 elementor-widget elementor-widget-shortcode\" data-id=\"e9bb4f7\" data-element_type=\"widget\" data-widget_type=\"shortcode.default\">\n\t\t\t\t<div class=\"elementor-widget-container\">\n\t\t\t\t\t\t\t<div class=\"elementor-shortcode\"><div style=\"display:none\" class=\"fm-form-container fm-theme1\"><div id=\"fm-pages8\" class=\"fm-pages wdform_page_navigation \" show_title=\"\" show_numbers=\"1\" type=\"none\"><\/div><form name=\"form8\" action=\"\/helsingborg\/wp-json\/wp\/v2\/pages\/552\" method=\"post\" id=\"form8\" class=\"fm-form form8  \" enctype=\"multipart\/form-data\"><input type=\"hidden\" id=\"fm_page_id8\" value=\"552\" name=\"fm_page_id8\" \/><input type=\"hidden\" id=\"fm_current_post_type8\" value=\"page\" name=\"fm_current_post_type8\" \/><input type=\"hidden\" id=\"counter8\" value=\"13\" name=\"counter8\" \/><input type=\"hidden\" id=\"Itemid8\" value=\"\" name=\"Itemid8\" \/><input type=\"hidden\" id=\"fm_shake8\" value=\"1\" name=\"fm_shake8\" \/><input type=\"text\" class=\"fm-hide\" id=\"fm_empty_field_validation8\" value=\"\" name=\"fm_empty_field_validation8\" data-value=\"bd736efb144d599cf463541431fbf5c4\" \/><div class=\"fm-header-bg\"><div class=\"fm-header \"><div class=\"fm-header-text\">          <div class=\"fm-header-title\">            Bli medlem          <\/div>          <div class=\"fm-header-description\">                      <\/div>        <\/div><\/div><\/div><div class=\"wdform-page-and-images fm-form-builder\"><div id=\"8form_view1\" class=\"wdform_page\" page_title=\"Untitled page\" next_title=\"Next\" next_type=\"text\" next_class=\"wdform-page-button\" next_checkable=\"true\" previous_title=\"Previous\" previous_type=\"text\" previous_class=\"wdform-page-button\" previous_checkable=\"false\"><div class=\"wdform_section\"><div class=\"wdform_column\"><div wdid=\"2\" class=\"wdform_row\"><div type=\"type_text\" class=\"wdform-field wd-width-100 wd-flex wd-flex-column fm-type_text\" ><div class=\"wdform-label-section wd-width-100  wd-flex-row wd-align-items-center\">    <label  for=\"wdform_2_element8\" class=\"wdform-label\">Namn<\/label><span class=\"wdform-required\">*<\/span><\/div><div class=\"wdform-element-section wd-flex  wd-flex-row wd-align-items-center wd-width-100\" ><input type=\"text\"                           class=\"wd-width-100\"                           id=\"wdform_2_element8\"                           name=\"wdform_2_element8\"                           value=\"\"                           data-value=\"\"                           title=\"\"                           placeholder=\"\"                                                       \/><\/div><\/div><\/div><div wdid=\"8\" class=\"wdform_row\" style=\"position: relative; left: 0px; top: 0px;\"><div type=\"type_text\" class=\"wdform-field wd-width-100 wd-flex wd-flex-column fm-type_text\" ><div class=\"wdform-label-section wd-width-100  wd-flex-row wd-align-items-center\">    <label  for=\"wdform_8_element8\" class=\"wdform-label\">F\u00f6rnamn<\/label><span class=\"wdform-required\">*<\/span><\/div><div class=\"wdform-element-section wd-flex  wd-flex-row wd-align-items-center wd-width-100\" ><input type=\"text\"                           class=\"wd-width-100\"                           id=\"wdform_8_element8\"                           name=\"wdform_8_element8\"                           value=\"\"                           data-value=\"\"                           title=\"\"                           placeholder=\"\"                                                       \/><\/div><\/div><\/div><\/div><div class=\"wdform_column\"><div wdid=\"3\" class=\"wdform_row\"><div type=\"type_submitter_mail\" class=\"wdform-field wd-width-100 wd-flex wd-flex-column fm-type_submitter_mail\" ><div class=\"wdform-label-section wd-width-100  wd-flex-row\">    <label  for=\"wdform_3_element8\" class=\"wdform-label\">Email<\/label><span class=\"wdform-required\">*<\/span><\/div><div class=\"wdform-element-section wd-flex  wd-flex-row wd-width-100\" ><input type=\"text\" class=\"wd-width-100\" id=\"wdform_3_element8\" name=\"wdform_3_element8\" data-value=\"\" value=\"\" title=\"\" placeholder=\"\"   onchange=\"wd_check_email('3', '8', 'Ceci n\\'est pas une adresse e-mail valide')\" \/><\/div><\/div><\/div><\/div><div class=\"wdform_column\"><div wdid=\"10\" class=\"wdform_row\" style=\"position: relative; left: 0px; top: 0px;\"><div type=\"type_phone_new\" class=\"wdform-field wd-width-100 wd-flex wd-flex-column fm-type_phone_new\" ><div class=\"wdform-label-section wd-width-100 \">    <label  for=\"wdform_10_element8\" class=\"wdform-label\">Telefon<\/label><\/div><div class=\"wdform-element-section wd-flex  wd-width-100\" ><input type=\"text\"                       class=\"wd-width-100\"                       id=\"wdform_10_element8\"                       name=\"wdform_10_element8\"                       value=\"\"                       data-value=\"\"                       placeholder=\"\"  \/><\/div><\/div><\/div><\/div><div class=\"wdform_column\"><div wdid=\"9\" class=\"wdform_row\" style=\"position: relative; left: 0px; top: 0px;\"><div type=\"type_radio\" class=\"wdform-field wd-width-100 wd-flex wd-flex-row fm-type_radio\" ><div class=\"wdform-label-section wd-width-30  wd-flex-wrap wd-flex-row\">    <label  class=\"wdform-label\">Medlemsavgift<\/label><\/div><div class=\"wdform-element-section wd-flex  wd-flex-wrap wd-flex-row wd-width-70\" ><div class=\"wd-flex wd-flex-row\"><input type=\"hidden\" name=\"wdform_9_element8\" value=\"\" \/><div class=\"radio-div wd-choice wd-flex wd-flex-row\"><input type=\"radio\"  id=\"wdform_9_element80\" name=\"wdform_9_element8\" value=\"Individuell 150kr\" onclick=\"set_default(&quot;wdform_9&quot;,&quot;0&quot;,&quot;8&quot;); \"   \/><label class=\"wd-align-items-center wd-flex wd-flex-row\" for=\"wdform_9_element80\"><span><\/span>Individuell 150kr<\/label><\/div><div class=\"radio-div wd-choice wd-flex wd-flex-row\"><input type=\"radio\"  id=\"wdform_9_element81\" name=\"wdform_9_element8\" value=\"Familj 250kr\" onclick=\"set_default(&quot;wdform_9&quot;,&quot;1&quot;,&quot;8&quot;); \"   \/><label class=\"wd-align-items-center wd-flex wd-flex-row\" for=\"wdform_9_element81\"><span><\/span>Familj 250kr<\/label><\/div><\/div><\/div><\/div><\/div><\/div><div class=\"wdform_column\"><div wdid=\"5\" class=\"wdform_row\" style=\"position: relative; left: 0px; top: 0px;\"><div type=\"type_textarea\" class=\"wdform-field wd-width-100 wd-flex wd-flex-column fm-type_textarea\" ><div class=\"wdform-label-section wd-width-100 \">    <label  for=\"wdform_5_element8\" class=\"wdform-label\">Varf\u00f6r vill du g\u00e5 med i Alliance Fran\u00e7aise d\u2019Helsingborg ?<\/label><span class=\"wdform-required\">*<\/span><\/div><div class=\"wdform-element-section wd-flex  wd-width-100\" ><textarea class=\"wd-width-100\"                      id=\"wdform_5_element8\"                      name=\"wdform_5_element8\"                      placeholder=\"\"                      data-value=\"\"                      maxlength=\"\"                      style=\"height: 122px;\"                      ><\/textarea><\/div><\/div><\/div><\/div><div class=\"wdform_column\"><div wdid=\"1\" class=\"wdform_row\" style=\"position: relative; left: 0px; top: 0px;\"><div type=\"type_submit_reset\" class=\"wdform-field wd-width-100 wd-flex wd-flex-column fm-type_submit_reset\" ><div class=\"wdform-element-section wd-flex  wd-flex-row wd-justify-content-left wd-width-100\" ><button  type=\"button\" class=\"button-submit\" onclick=\"fm_submit_form('8');\"  data-ajax=\"0\"><span class=\"fm-submit-loading spinner fm-ico-spinner\"><\/span>Skicka<\/button><button  type=\"button\" class=\"button-reset wd-hidden\" onclick=\"fm_reset_form(8);\" >Reset<\/button><\/div><\/div><\/div><\/div><\/div><div valign=\"top\" class=\"wdform_footer wd-width-100\"><div class=\"wd-width-100\"><div class=\"wd-width-100 wd-table\" style=\"padding-top:10px;\"><div class=\"wd-table-group\"><div id=\"8page_nav1\" class=\"wd-table-row\"><\/div><\/div><\/div><\/div><\/div><\/div><\/div><div class=\"wdform_preload\"><\/div><input type=\"hidden\" name=\"fm-current-page\" value=\"https:\/\/alliancefr.se\/helsingborg\/wp-json\/wp\/v2\/pages\/552\" \/><\/form><\/div><\/div>\n\t\t\t\t\t\t<\/div>\n\t\t\t\t<\/div>\n\t\t\t\t\t<\/div>\n\t\t\t\t<\/div>\n\t\t\t\t<\/div>\n\t\t","protected":false},"excerpt":{"rendered":"<p>Vi skulle vara glada att v\u00e4lkomna er till Alliance Fran\u00e7aise i Helsingborg ! Alliance Fran\u00e7aise \u00e4r mer \u00e4n att vara medlem i en vanlig ideell f\u00f6rening, det \u00e4r att ing\u00e5 i en s\u00e4llskaplig grupp i Helsingborg, men ocks\u00e5 att uppt\u00e4cka den frankofona v\u00e4rlden i all sin m\u00e5ngfald. Bli allts\u00e5 medlem hos oss ! \u00c5rsavgiften 2025 \u00e4r 150 kr f\u00f6r individuellt medlemsskap och 250 kr f\u00f6r en familj. Intr\u00e4det vid tr\u00e4ffar \u00e4r vanligen 70 kr f\u00f6r medlemmar och 100 kr f\u00f6r icke-medlemmar. F\u00f6r att bli medlem v\u00e4nligen betala in \u00e5rsavgiften till PlusGirot f\u00f6r Alliance Fran\u00e7aise i Helsingborg 46 79 12 &#8211; 2.\u00a0Gl\u00f6m inte att skriva ditt namn.<\/p>\n","protected":false},"author":1,"featured_media":0,"parent":0,"menu_order":0,"comment_status":"closed","ping_status":"closed","template":"","meta":{"om_disable_all_campaigns":false,"_monsterinsights_skip_tracking":false,"_monsterinsights_sitenote_active":false,"_monsterinsights_sitenote_note":"","_monsterinsights_sitenote_category":0,"_uf_show_specific_survey":0,"_uf_disable_surveys":false,"footnotes":""},"class_list":["post-552","page","type-page","status-publish","hentry"],"aioseo_notices":[],"rttpg_featured_image_url":null,"rttpg_author":{"display_name":"Super.admin","author_link":"https:\/\/alliancefr.se\/helsingborg\/author\/admin2174\/"},"rttpg_comment":0,"rttpg_category":" <a href=\"https:\/\/alliancefr.se\/helsingborg\/sv\/\" rel=\"tag\">Svenska<\/a>","rttpg_excerpt":"Vi skulle vara glada att v\u00e4lkomna er till Alliance Fran\u00e7aise i Helsingborg ! Alliance Fran\u00e7aise \u00e4r mer \u00e4n att vara medlem i en vanlig ideell f\u00f6rening, det \u00e4r att ing\u00e5 i en s\u00e4llskaplig grupp i Helsingborg, men ocks\u00e5 att uppt\u00e4cka den frankofona v\u00e4rlden i all sin m\u00e5ngfald. Bli allts\u00e5 medlem hos oss ! \u00c5rsavgiften 2025\u2026","_links":{"self":[{"href":"https:\/\/alliancefr.se\/helsingborg\/wp-json\/wp\/v2\/pages\/552","targetHints":{"allow":["GET"]}}],"collection":[{"href":"https:\/\/alliancefr.se\/helsingborg\/wp-json\/wp\/v2\/pages"}],"about":[{"href":"https:\/\/alliancefr.se\/helsingborg\/wp-json\/wp\/v2\/types\/page"}],"author":[{"embeddable":true,"href":"https:\/\/alliancefr.se\/helsingborg\/wp-json\/wp\/v2\/users\/1"}],"replies":[{"embeddable":true,"href":"https:\/\/alliancefr.se\/helsingborg\/wp-json\/wp\/v2\/comments?post=552"}],"version-history":[{"count":48,"href":"https:\/\/alliancefr.se\/helsingborg\/wp-json\/wp\/v2\/pages\/552\/revisions"}],"predecessor-version":[{"id":1562,"href":"https:\/\/alliancefr.se\/helsingborg\/wp-json\/wp\/v2\/pages\/552\/revisions\/1562"}],"wp:attachment":[{"href":"https:\/\/alliancefr.se\/helsingborg\/wp-json\/wp\/v2\/media?parent=552"}],"curies":[{"name":"wp","href":"https:\/\/api.w.org\/{rel}","templated":true}]}}