{"id":541,"date":"2023-10-30T10:34:43","date_gmt":"2023-10-30T09:34:43","guid":{"rendered":"https:\/\/alliancefr.se\/helsingborg\/devenir-membre\/"},"modified":"2025-01-04T17:22:34","modified_gmt":"2025-01-04T16:22:34","slug":"devenir-membre","status":"publish","type":"page","link":"https:\/\/alliancefr.se\/helsingborg\/devenir-membre\/","title":{"rendered":"Devenir membre"},"content":{"rendered":"\t\t<div data-elementor-type=\"wp-page\" data-elementor-id=\"541\" class=\"elementor elementor-541\">\n\t\t\t\t<div class=\"elementor-element elementor-element-c25aa09 e-flex e-con-boxed e-con e-parent\" data-id=\"c25aa09\" data-element_type=\"container\">\n\t\t\t\t\t<div class=\"e-con-inner\">\n\t\t\t\t<div class=\"elementor-element elementor-element-2784409 elementor-widget elementor-widget-heading\" data-id=\"2784409\" data-element_type=\"widget\" data-widget_type=\"heading.default\">\n\t\t\t\t<div class=\"elementor-widget-container\">\n\t\t\t\t\t<h2 class=\"elementor-heading-title elementor-size-default\">Nous serions heureux de vous accueillir \u00e0 l'Alliance Fran\u00e7aise de Helsingborg !<\/h2>\t\t\t\t<\/div>\n\t\t\t\t<\/div>\n\t\t\t\t<div class=\"elementor-element elementor-element-ee538a3 elementor-widget elementor-widget-text-editor\" data-id=\"ee538a3\" data-element_type=\"widget\" data-widget_type=\"text-editor.default\">\n\t\t\t\t<div class=\"elementor-widget-container\">\n\t\t\t\t\t\t\t\t\t<p>Faire partie de l\u2019Alliance Fran\u00e7aise, c\u2019est bien plus qu\u2019\u00eatre membre d\u2019une simple association culturelle, c\u2019est rejoindre un groupe convivial \u00e0 Helsingborg, mais aussi d\u00e9couvrir le monde francophone dans toute sa diversit\u00e9.<\/p><p>Rejoignez-nous !<\/p>\t\t\t\t\t\t\t\t<\/div>\n\t\t\t\t<\/div>\n\t\t\t\t\t<\/div>\n\t\t\t\t<\/div>\n\t\t<div class=\"elementor-element elementor-element-2b9a9740 e-flex e-con-boxed e-con e-parent\" data-id=\"2b9a9740\" data-element_type=\"container\">\n\t\t\t\t\t<div class=\"e-con-inner\">\n\t\t\t\t<div class=\"elementor-element elementor-element-61605930 elementor-widget elementor-widget-text-editor\" data-id=\"61605930\" data-element_type=\"widget\" data-widget_type=\"text-editor.default\">\n\t\t\t\t<div class=\"elementor-widget-container\">\n\t\t\t\t\t\t\t\t\t<p><span style=\"color: var( --e-global-color-text );font-family: var( --e-global-typography-text-font-family ), Sans-serif;font-weight: var( --e-global-typography-text-font-weight );text-align: var(--text-align);letter-spacing: 0px\">La cotisation annuelle de 2025 est de 150 kr pour un membre indviduel et de 250 kr pour une famille.<\/span><\/p><p><span lang=\"en-US\">La cotisation par conf\u00e9rence est le plus souvent \u00e0 70 kr pour un membre et \u00e0 100 kr pour un non-membre.<\/span><\/p><p><span lang=\"en-US\">Pour devenir membre, il suffit de remplir le formulaire ci-dessous et verser la cotisation annuelle sur le <b>PlusGirot de l\u2019Alliance Fran\u00e7aise de<\/b> Helsingborg <strong>num\u00e9ro<\/strong> <strong>46 79 12 &#8211; 2 . <\/strong>N&rsquo;oubliez pas d&rsquo;inscrire votre nom et pr\u00e9nom lors du versement.<\/span><\/p>\t\t\t\t\t\t\t\t<\/div>\n\t\t\t\t<\/div>\n\t\t\t\t<div class=\"elementor-element elementor-element-045b584 elementor-widget elementor-widget-shortcode\" data-id=\"045b584\" data-element_type=\"widget\" data-widget_type=\"shortcode.default\">\n\t\t\t\t<div class=\"elementor-widget-container\">\n\t\t\t\t\t\t\t<div class=\"elementor-shortcode\"><div style=\"display:none\" class=\"fm-form-container fm-theme1\"><div id=\"fm-pages7\" class=\"fm-pages wdform_page_navigation \" show_title=\"\" show_numbers=\"1\" type=\"none\"><\/div><form name=\"form7\" action=\"\/helsingborg\/wp-json\/wp\/v2\/pages\/541\" method=\"post\" id=\"form7\" class=\"fm-form form7  \" enctype=\"multipart\/form-data\"><input type=\"hidden\" id=\"fm_page_id7\" value=\"541\" name=\"fm_page_id7\" \/><input type=\"hidden\" id=\"fm_current_post_type7\" value=\"page\" name=\"fm_current_post_type7\" \/><input type=\"hidden\" id=\"counter7\" value=\"11\" name=\"counter7\" \/><input type=\"hidden\" id=\"Itemid7\" value=\"\" name=\"Itemid7\" \/><input type=\"hidden\" id=\"fm_shake7\" value=\"1\" name=\"fm_shake7\" \/><input type=\"text\" class=\"fm-hide\" id=\"fm_empty_field_validation7\" value=\"\" name=\"fm_empty_field_validation7\" data-value=\"bd736efb144d599cf463541431fbf5c4\" \/><div class=\"fm-header-bg\"><div class=\"fm-header \"><div class=\"fm-header-text\">          <div class=\"fm-header-title\">            Devenir membre          <\/div>          <div class=\"fm-header-description\">                      <\/div>        <\/div><\/div><\/div><div class=\"wdform-page-and-images fm-form-builder\"><div id=\"7form_view1\" class=\"wdform_page\" page_title=\"Untitled page\" next_title=\"Next\" next_type=\"text\" next_class=\"wdform-page-button\" next_checkable=\"true\" previous_title=\"Previous\" previous_type=\"text\" previous_class=\"wdform-page-button\" previous_checkable=\"false\"><div class=\"wdform_section\" id=\"cur_column\"><div class=\"wdform_column\"><div wdid=\"2\" class=\"wdform_row\"><div type=\"type_text\" class=\"wdform-field wd-width-100 wd-flex wd-flex-column fm-type_text\" ><div class=\"wdform-label-section wd-width-100  wd-flex-row wd-align-items-center\">    <label  for=\"wdform_2_element7\" class=\"wdform-label\">Nom<\/label><span class=\"wdform-required\">*<\/span><\/div><div class=\"wdform-element-section wd-flex  wd-flex-row wd-align-items-center wd-width-100\" ><input type=\"text\"                           class=\"wd-width-100\"                           id=\"wdform_2_element7\"                           name=\"wdform_2_element7\"                           value=\"\"                           data-value=\"\"                           title=\"\"                           placeholder=\"\"                                                       \/><\/div><\/div><\/div><div wdid=\"8\" class=\"wdform_row\" style=\"position: relative; left: 0px; top: 0px;\"><div type=\"type_text\" class=\"wdform-field wd-width-100 wd-flex wd-flex-column fm-type_text\" ><div class=\"wdform-label-section wd-width-100  wd-flex-row wd-align-items-center\">    <label  for=\"wdform_8_element7\" class=\"wdform-label\">Pr\u00e9nom<\/label><span class=\"wdform-required\">*<\/span><\/div><div class=\"wdform-element-section wd-flex  wd-flex-row wd-align-items-center wd-width-100\" ><input type=\"text\"                           class=\"wd-width-100\"                           id=\"wdform_8_element7\"                           name=\"wdform_8_element7\"                           value=\"\"                           data-value=\"\"                           title=\"\"                           placeholder=\"\"                                                       \/><\/div><\/div><\/div><\/div><div class=\"wdform_column\"><div wdid=\"3\" class=\"wdform_row\"><div type=\"type_submitter_mail\" class=\"wdform-field wd-width-100 wd-flex wd-flex-column fm-type_submitter_mail\" ><div class=\"wdform-label-section wd-width-100  wd-flex-row\">    <label  for=\"wdform_3_element7\" class=\"wdform-label\">Email<\/label><span class=\"wdform-required\">*<\/span><\/div><div class=\"wdform-element-section wd-flex  wd-flex-row wd-width-100\" ><input type=\"text\" class=\"wd-width-100\" id=\"wdform_3_element7\" name=\"wdform_3_element7\" data-value=\"\" value=\"\" title=\"\" placeholder=\"\"   onchange=\"wd_check_email('3', '7', 'Ceci n\\'est pas une adresse e-mail valide')\" \/><\/div><\/div><\/div><\/div><div class=\"wdform_column\"><div wdid=\"10\" class=\"wdform_row\" style=\"position: relative; left: 0px; top: 0px;\"><div type=\"type_phone_new\" class=\"wdform-field wd-width-100 wd-flex wd-flex-column fm-type_phone_new\" ><div class=\"wdform-label-section wd-width-100 \">    <label  for=\"wdform_10_element7\" class=\"wdform-label\">Num\u00e9ro de t\u00e9l\u00e9phone :<\/label><\/div><div class=\"wdform-element-section wd-flex  wd-width-100\" ><input type=\"text\"                       class=\"wd-width-100\"                       id=\"wdform_10_element7\"                       name=\"wdform_10_element7\"                       value=\"\"                       data-value=\"\"                       placeholder=\"\"  \/><\/div><\/div><\/div><\/div><div class=\"wdform_column\"><div wdid=\"9\" class=\"wdform_row\" style=\"position: relative; left: 0px; top: 0px;\"><div type=\"type_radio\" class=\"wdform-field wd-width-100 wd-flex wd-flex-row fm-type_radio\" ><div class=\"wdform-label-section wd-width-30  wd-flex-wrap wd-flex-column\">    <label  class=\"wdform-label\">Cotisation<\/label><span class=\"wdform-required\">*<\/span><\/div><div class=\"wdform-element-section wd-flex  wd-flex-wrap wd-flex-column wd-width-70\" ><div class=\"wd-flex wd-flex-column\"><input type=\"hidden\" name=\"wdform_9_element7\" value=\"\" \/><div class=\"radio-div wd-choice wd-flex wd-flex-row\"><input type=\"radio\"  id=\"wdform_9_element70\" name=\"wdform_9_element7\" value=\"Cotisation individuelle 150kr\" onclick=\"set_default(&quot;wdform_9&quot;,&quot;0&quot;,&quot;7&quot;); \"   \/><label class=\"wd-align-items-center wd-flex wd-flex-row\" for=\"wdform_9_element70\"><span><\/span>Cotisation individuelle 150kr<\/label><\/div><div class=\"radio-div wd-choice wd-flex wd-flex-row\"><input type=\"radio\"  id=\"wdform_9_element71\" name=\"wdform_9_element7\" value=\"Cotisation famille 250kr\" onclick=\"set_default(&quot;wdform_9&quot;,&quot;1&quot;,&quot;7&quot;); \"   \/><label class=\"wd-align-items-center wd-flex wd-flex-row\" for=\"wdform_9_element71\"><span><\/span>Cotisation famille 250kr<\/label><\/div><\/div><\/div><\/div><\/div><\/div><div class=\"wdform_column\"><div wdid=\"5\" class=\"wdform_row\" style=\"position: relative; left: 0px; top: 0px;\"><div type=\"type_textarea\" class=\"wdform-field wd-width-100 wd-flex wd-flex-column fm-type_textarea\" ><div class=\"wdform-label-section wd-width-100 \">    <label  for=\"wdform_5_element7\" class=\"wdform-label\">Pourquoi souhaitez-vous rejoindre l'Alliance Fran\u00e7aise d'Helsingborg ?<\/label><span class=\"wdform-required\">*<\/span><\/div><div class=\"wdform-element-section wd-flex  wd-width-100\" ><textarea class=\"wd-width-100\"                      id=\"wdform_5_element7\"                      name=\"wdform_5_element7\"                      placeholder=\"\"                      data-value=\"\"                      maxlength=\"\"                      style=\"height: 122px;\"                      ><\/textarea><\/div><\/div><\/div><\/div><div class=\"wdform_column\"><div wdid=\"1\" class=\"wdform_row\"><div type=\"type_submit_reset\" class=\"wdform-field wd-width-100 wd-flex wd-flex-column fm-type_submit_reset\" ><div class=\"wdform-element-section wd-flex  wd-flex-row wd-justify-content-left wd-width-100\" ><button  type=\"button\" class=\"button-submit\" onclick=\"fm_submit_form('7');\"  data-ajax=\"0\"><span class=\"fm-submit-loading spinner fm-ico-spinner\"><\/span>Envoyer<\/button><button  type=\"button\" class=\"button-reset wd-hidden\" onclick=\"fm_reset_form(7);\" >Reset<\/button><\/div><\/div><\/div><\/div><\/div><div valign=\"top\" class=\"wdform_footer wd-width-100\"><div class=\"wd-width-100\"><div class=\"wd-width-100 wd-table\" style=\"padding-top:10px;\"><div class=\"wd-table-group\"><div id=\"7page_nav1\" class=\"wd-table-row\"><\/div><\/div><\/div><\/div><\/div><\/div><\/div><div class=\"wdform_preload\"><\/div><input type=\"hidden\" name=\"fm-current-page\" value=\"https:\/\/alliancefr.se\/helsingborg\/wp-json\/wp\/v2\/pages\/541\" \/><\/form><\/div><\/div>\n\t\t\t\t\t\t<\/div>\n\t\t\t\t<\/div>\n\t\t\t\t\t<\/div>\n\t\t\t\t<\/div>\n\t\t\t\t<\/div>\n\t\t","protected":false},"excerpt":{"rendered":"<p>Nous serions heureux de vous accueillir \u00e0 l&rsquo;Alliance Fran\u00e7aise de Helsingborg ! Faire partie de l\u2019Alliance Fran\u00e7aise, c\u2019est bien plus qu\u2019\u00eatre membre d\u2019une simple association culturelle, c\u2019est rejoindre un groupe convivial \u00e0 Helsingborg, mais aussi d\u00e9couvrir le monde francophone dans toute sa diversit\u00e9. Rejoignez-nous ! La cotisation annuelle de 2025 est de 150 kr pour un membre indviduel et de 250 kr pour une famille. La cotisation par conf\u00e9rence est le plus souvent \u00e0 70 kr pour un membre et \u00e0 100 kr pour un non-membre. Pour devenir membre, il suffit de remplir le formulaire ci-dessous et verser la cotisation annuelle sur le PlusGirot de l\u2019Alliance Fran\u00e7aise de Helsingborg num\u00e9ro 46 79 12 &#8211; 2 . N&rsquo;oubliez pas d&rsquo;inscrire votre nom et pr\u00e9nom lors du versement.<\/p>\n","protected":false},"author":1,"featured_media":0,"parent":0,"menu_order":0,"comment_status":"closed","ping_status":"closed","template":"","meta":{"om_disable_all_campaigns":false,"_monsterinsights_skip_tracking":false,"_monsterinsights_sitenote_active":false,"_monsterinsights_sitenote_note":"","_monsterinsights_sitenote_category":0,"_uf_show_specific_survey":0,"_uf_disable_surveys":false,"footnotes":""},"class_list":["post-541","page","type-page","status-publish","hentry"],"aioseo_notices":[],"rttpg_featured_image_url":null,"rttpg_author":{"display_name":"Super.admin","author_link":"https:\/\/alliancefr.se\/helsingborg\/author\/admin2174\/"},"rttpg_comment":0,"rttpg_category":" <a href=\"https:\/\/alliancefr.se\/helsingborg\/\" rel=\"tag\">Fran\u00e7ais<\/a>","rttpg_excerpt":"Nous serions heureux de vous accueillir \u00e0 l&rsquo;Alliance Fran\u00e7aise de Helsingborg ! Faire partie de l\u2019Alliance Fran\u00e7aise, c\u2019est bien plus qu\u2019\u00eatre membre d\u2019une simple association culturelle, c\u2019est rejoindre un groupe convivial \u00e0 Helsingborg, mais aussi d\u00e9couvrir le monde francophone dans toute sa diversit\u00e9. Rejoignez-nous ! La cotisation annuelle de 2025 est de 150 kr pour\u2026","_links":{"self":[{"href":"https:\/\/alliancefr.se\/helsingborg\/wp-json\/wp\/v2\/pages\/541","targetHints":{"allow":["GET"]}}],"collection":[{"href":"https:\/\/alliancefr.se\/helsingborg\/wp-json\/wp\/v2\/pages"}],"about":[{"href":"https:\/\/alliancefr.se\/helsingborg\/wp-json\/wp\/v2\/types\/page"}],"author":[{"embeddable":true,"href":"https:\/\/alliancefr.se\/helsingborg\/wp-json\/wp\/v2\/users\/1"}],"replies":[{"embeddable":true,"href":"https:\/\/alliancefr.se\/helsingborg\/wp-json\/wp\/v2\/comments?post=541"}],"version-history":[{"count":69,"href":"https:\/\/alliancefr.se\/helsingborg\/wp-json\/wp\/v2\/pages\/541\/revisions"}],"predecessor-version":[{"id":1559,"href":"https:\/\/alliancefr.se\/helsingborg\/wp-json\/wp\/v2\/pages\/541\/revisions\/1559"}],"wp:attachment":[{"href":"https:\/\/alliancefr.se\/helsingborg\/wp-json\/wp\/v2\/media?parent=541"}],"curies":[{"name":"wp","href":"https:\/\/api.w.org\/{rel}","templated":true}]}}