{"id":402,"date":"2019-03-11T14:55:09","date_gmt":"2019-03-11T13:55:09","guid":{"rendered":"https:\/\/alliancefr.se\/helsingborg\/om-oss\/"},"modified":"2024-08-20T14:33:19","modified_gmt":"2024-08-20T12:33:19","slug":"om-oss","status":"publish","type":"page","link":"https:\/\/alliancefr.se\/helsingborg\/sv\/om-oss\/","title":{"rendered":"Om oss"},"content":{"rendered":"\t\t<div data-elementor-type=\"wp-page\" data-elementor-id=\"402\" class=\"elementor elementor-402\">\n\t\t\t\t<div class=\"elementor-element elementor-element-feb2ed6 e-flex e-con-boxed e-con e-parent\" data-id=\"feb2ed6\" data-element_type=\"container\">\n\t\t\t\t\t<div class=\"e-con-inner\">\n\t\t\t\t<div class=\"elementor-element elementor-element-7979fde elementor-widget elementor-widget-heading\" data-id=\"7979fde\" data-element_type=\"widget\" data-widget_type=\"heading.default\">\n\t\t\t\t<div class=\"elementor-widget-container\">\n\t\t\t\t\t<h3 class=\"elementor-heading-title elementor-size-default\">V\u00e4lkomma till Alliance Fran\u00e7aise d'Helsingborg, bildad 1929.<\/h3>\t\t\t\t<\/div>\n\t\t\t\t<\/div>\n\t\t\t\t<div class=\"elementor-element elementor-element-9bccd63 elementor-widget elementor-widget-image\" data-id=\"9bccd63\" data-element_type=\"widget\" data-widget_type=\"image.default\">\n\t\t\t\t<div class=\"elementor-widget-container\">\n\t\t\t\t\t\t\t\t\t\t\t\t\t\t\t<img fetchpriority=\"high\" decoding=\"async\" width=\"960\" height=\"283\" src=\"https:\/\/alliancefr.se\/helsingborg\/wp-content\/uploads\/sites\/19\/2024\/06\/3093dbb6-1d73-4cc3-8c43-a0b73ac09b0b-1024x302.jpg\" class=\"attachment-large size-large wp-image-1234\" alt=\"\" \/>\t\t\t\t\t\t\t\t\t\t\t\t\t\t\t<\/div>\n\t\t\t\t<\/div>\n\t\t\t\t\t<\/div>\n\t\t\t\t<\/div>\n\t\t<div class=\"elementor-element elementor-element-5cd99021 e-flex e-con-boxed e-con e-parent\" data-id=\"5cd99021\" data-element_type=\"container\">\n\t\t\t\t\t<div class=\"e-con-inner\">\n\t\t\t\t<div class=\"elementor-element elementor-element-16a12db7 elementor-widget elementor-widget-text-editor\" data-id=\"16a12db7\" data-element_type=\"widget\" data-widget_type=\"text-editor.default\">\n\t\t\t\t<div class=\"elementor-widget-container\">\n\t\t\t\t\t\t\t\t\t<p>Alliance Fran\u00e7aise \u00e4r en ideell f\u00f6rening f\u00f6r dem som \u00f6nskar veta mer om Frankrike, det franska spr\u00e5ket och den franska kulturen.<\/p><p>V\u00e5r Alliance ordnar varje halv\u00e5r tre eller fyra tr\u00e4ffar. Tr\u00e4ffarna \u00e4r vanligtvis p\u00e5 franska, men ibland p\u00e5 svenska. Sista tr\u00e4ffen p\u00e5 \u00e5ret avslutas med en julsup\u00e9, och sista tr\u00e4ffen p\u00e5 v\u00e5ren \u00e4r \u00e5rsm\u00f6te och avslutas med v\u00e5rsup\u00e9.<\/p><p>Man beh\u00f6ver inte kunna perfekt franska f\u00f6r att delta. Alla \u00e4r v\u00e4lkomna<span lang=\"en-US\">.<\/span><\/p><p>Alliance Fran\u00e7aise i Paris bildades redan 1883 och lokalf\u00f6reningar finns \u00f6ver hela v\u00e4rlden.<\/p><p><a href=\"http:\/\/alliancefr.se\/sv\/\">F\u00f6r att f\u00e5 veta mer om n\u00e4tverket av Franska Allianser i Sverige.<\/a><\/p>\t\t\t\t\t\t\t\t<\/div>\n\t\t\t\t<\/div>\n\t\t\t\t\t<\/div>\n\t\t\t\t<\/div>\n\t\t<div class=\"elementor-element elementor-element-55d53ec e-flex e-con-boxed e-con e-parent\" data-id=\"55d53ec\" data-element_type=\"container\">\n\t\t\t\t\t<div class=\"e-con-inner\">\n\t\t\t\t<div class=\"elementor-element elementor-element-5ec4275 elementor-widget elementor-widget-video\" data-id=\"5ec4275\" data-element_type=\"widget\" data-settings=\"{&quot;youtube_url&quot;:&quot;https:\\\/\\\/youtu.be\\\/c8yGo1Y1MkU&quot;,&quot;mute&quot;:&quot;yes&quot;,&quot;video_type&quot;:&quot;youtube&quot;,&quot;controls&quot;:&quot;yes&quot;}\" data-widget_type=\"video.default\">\n\t\t\t\t<div class=\"elementor-widget-container\">\n\t\t\t\t\t\t\t<div class=\"elementor-wrapper elementor-open-inline\">\n\t\t\t<div class=\"elementor-video\"><\/div>\t\t<\/div>\n\t\t\t\t\t\t<\/div>\n\t\t\t\t<\/div>\n\t\t\t\t\t<\/div>\n\t\t\t\t<\/div>\n\t\t\t\t<\/div>\n\t\t","protected":false},"excerpt":{"rendered":"<p>V\u00e4lkomma till Alliance Fran\u00e7aise d&rsquo;Helsingborg, bildad 1929. Alliance Fran\u00e7aise \u00e4r en ideell f\u00f6rening f\u00f6r dem som \u00f6nskar veta mer om Frankrike, det franska spr\u00e5ket och den franska kulturen. V\u00e5r Alliance ordnar varje halv\u00e5r tre eller fyra tr\u00e4ffar. Tr\u00e4ffarna \u00e4r vanligtvis p\u00e5 franska, men ibland p\u00e5 svenska. Sista tr\u00e4ffen p\u00e5 \u00e5ret avslutas med en julsup\u00e9, och sista tr\u00e4ffen p\u00e5 v\u00e5ren \u00e4r \u00e5rsm\u00f6te och avslutas med v\u00e5rsup\u00e9. Man beh\u00f6ver inte kunna perfekt franska f\u00f6r att delta. Alla \u00e4r v\u00e4lkomna. Alliance Fran\u00e7aise i Paris bildades redan 1883 och lokalf\u00f6reningar finns \u00f6ver hela v\u00e4rlden. F\u00f6r att f\u00e5 veta mer om n\u00e4tverket av Franska Allianser i Sverige. https:\/\/youtu.be\/c8yGo1Y1MkU<\/p>\n","protected":false},"author":1,"featured_media":0,"parent":0,"menu_order":0,"comment_status":"closed","ping_status":"closed","template":"","meta":{"om_disable_all_campaigns":false,"_monsterinsights_skip_tracking":false,"_monsterinsights_sitenote_active":false,"_monsterinsights_sitenote_note":"","_monsterinsights_sitenote_category":0,"_uf_show_specific_survey":0,"_uf_disable_surveys":false,"footnotes":""},"class_list":["post-402","page","type-page","status-publish","hentry"],"aioseo_notices":[],"rttpg_featured_image_url":null,"rttpg_author":{"display_name":"Super.admin","author_link":"https:\/\/alliancefr.se\/helsingborg\/author\/admin2174\/"},"rttpg_comment":0,"rttpg_category":" <a href=\"https:\/\/alliancefr.se\/helsingborg\/sv\/\" rel=\"tag\">Svenska<\/a>","rttpg_excerpt":"V\u00e4lkomma till Alliance Fran\u00e7aise d&rsquo;Helsingborg, bildad 1929. Alliance Fran\u00e7aise \u00e4r en ideell f\u00f6rening f\u00f6r dem som \u00f6nskar veta mer om Frankrike, det franska spr\u00e5ket och den franska kulturen. V\u00e5r Alliance ordnar varje halv\u00e5r tre eller fyra tr\u00e4ffar. Tr\u00e4ffarna \u00e4r vanligtvis p\u00e5 franska, men ibland p\u00e5 svenska. Sista tr\u00e4ffen p\u00e5 \u00e5ret avslutas med en julsup\u00e9, och\u2026","_links":{"self":[{"href":"https:\/\/alliancefr.se\/helsingborg\/wp-json\/wp\/v2\/pages\/402","targetHints":{"allow":["GET"]}}],"collection":[{"href":"https:\/\/alliancefr.se\/helsingborg\/wp-json\/wp\/v2\/pages"}],"about":[{"href":"https:\/\/alliancefr.se\/helsingborg\/wp-json\/wp\/v2\/types\/page"}],"author":[{"embeddable":true,"href":"https:\/\/alliancefr.se\/helsingborg\/wp-json\/wp\/v2\/users\/1"}],"replies":[{"embeddable":true,"href":"https:\/\/alliancefr.se\/helsingborg\/wp-json\/wp\/v2\/comments?post=402"}],"version-history":[{"count":30,"href":"https:\/\/alliancefr.se\/helsingborg\/wp-json\/wp\/v2\/pages\/402\/revisions"}],"predecessor-version":[{"id":1408,"href":"https:\/\/alliancefr.se\/helsingborg\/wp-json\/wp\/v2\/pages\/402\/revisions\/1408"}],"wp:attachment":[{"href":"https:\/\/alliancefr.se\/helsingborg\/wp-json\/wp\/v2\/media?parent=402"}],"curies":[{"name":"wp","href":"https:\/\/api.w.org\/{rel}","templated":true}]}}