{"id":122,"date":"2019-06-06T16:32:15","date_gmt":"2019-06-06T16:32:15","guid":{"rendered":"https:\/\/alliancefr.se\/helsingborg\/qui-sommes-nous\/"},"modified":"2024-08-20T13:51:57","modified_gmt":"2024-08-20T11:51:57","slug":"qui-sommes-nous","status":"publish","type":"page","link":"https:\/\/alliancefr.se\/helsingborg\/qui-sommes-nous\/","title":{"rendered":"Qui sommes-nous ?"},"content":{"rendered":"\t\t<div data-elementor-type=\"wp-page\" data-elementor-id=\"122\" class=\"elementor elementor-122\">\n\t\t\t\t<div class=\"elementor-element elementor-element-92b3ad5 e-flex e-con-boxed e-con e-parent\" data-id=\"92b3ad5\" data-element_type=\"container\">\n\t\t\t\t\t<div class=\"e-con-inner\">\n\t\t\t\t<div class=\"elementor-element elementor-element-585e1e2 elementor-widget elementor-widget-heading\" data-id=\"585e1e2\" data-element_type=\"widget\" data-widget_type=\"heading.default\">\n\t\t\t\t<div class=\"elementor-widget-container\">\n\t\t\t\t\t<h3 class=\"elementor-heading-title elementor-size-default\">Bienvenue \u00e0 l'Alliance Fran\u00e7aise d'Helsingborg<\/h3>\t\t\t\t<\/div>\n\t\t\t\t<\/div>\n\t\t\t\t\t<\/div>\n\t\t\t\t<\/div>\n\t\t<div class=\"elementor-element elementor-element-478e982 e-flex e-con-boxed e-con e-parent\" data-id=\"478e982\" data-element_type=\"container\">\n\t\t\t\t\t<div class=\"e-con-inner\">\n\t\t\t\t<div class=\"elementor-element elementor-element-5dbbb7e elementor-widget elementor-widget-image\" data-id=\"5dbbb7e\" data-element_type=\"widget\" data-widget_type=\"image.default\">\n\t\t\t\t<div class=\"elementor-widget-container\">\n\t\t\t\t\t\t\t\t\t\t\t\t\t\t\t<img fetchpriority=\"high\" decoding=\"async\" width=\"960\" height=\"283\" src=\"https:\/\/alliancefr.se\/helsingborg\/wp-content\/uploads\/sites\/19\/2024\/06\/3093dbb6-1d73-4cc3-8c43-a0b73ac09b0b-1024x302.jpg\" class=\"attachment-large size-large wp-image-1234\" alt=\"\" \/>\t\t\t\t\t\t\t\t\t\t\t\t\t\t\t<\/div>\n\t\t\t\t<\/div>\n\t\t\t\t\t<\/div>\n\t\t\t\t<\/div>\n\t\t<div class=\"elementor-element elementor-element-3deeec31 e-flex e-con-boxed e-con e-parent\" data-id=\"3deeec31\" data-element_type=\"container\">\n\t\t\t\t\t<div class=\"e-con-inner\">\n\t\t\t\t<div class=\"elementor-element elementor-element-21c83f19 elementor-widget elementor-widget-text-editor\" data-id=\"21c83f19\" data-element_type=\"widget\" data-widget_type=\"text-editor.default\">\n\t\t\t\t<div class=\"elementor-widget-container\">\n\t\t\t\t\t\t\t\t\t<p>L\u2019Alliance Fran\u00e7aise est une association pour ceux qui souhaitent avoir plus de connaissance sur la France, la langue et la culture fran\u00e7aise.<\/p><p>Notre alliance est une organisation \u00e0 but non lucratif qui met en place chaque semestre trois ou quatre \u00e9v\u00e9nements culturels. Les conf\u00e9rences sont majoritairement faites en fran\u00e7ais, parfois en su\u00e9dois.<\/p><p style=\"line-height: 108%; margin-bottom: 0.28cm;\"><span lang=\"en-US\">Il n\u2019est pas n\u00e9cessaire de parler <\/span><span lang=\"en-US\">parfaitement <\/span><span lang=\"en-US\">fran\u00e7ais pour participer. Tous et toutes sont les bienvenus.<\/span><\/p><p>L&rsquo;Alliance Fran\u00e7aise de Paris a \u00e9t\u00e9 fond\u00e9e en 1883 et il existe des associations locales dans le monde entier.<\/p><p><a href=\"http:\/\/alliancefr.se\/\" target=\"_blank\" rel=\"noopener\">Pour d\u00e9couvrir le r\u00e9seau des Alliances Fran\u00e7aises de Su\u00e8de.<\/a><\/p><p style=\"line-height: 108%; margin-bottom: 0.28cm;\">\u00a0<\/p>\t\t\t\t\t\t\t\t<\/div>\n\t\t\t\t<\/div>\n\t\t\t\t\t<\/div>\n\t\t\t\t<\/div>\n\t\t<div class=\"elementor-element elementor-element-bab107c e-flex e-con-boxed e-con e-parent\" data-id=\"bab107c\" data-element_type=\"container\">\n\t\t\t\t\t<div class=\"e-con-inner\">\n\t\t\t\t<div class=\"elementor-element elementor-element-f8b6065 elementor-widget elementor-widget-video\" data-id=\"f8b6065\" data-element_type=\"widget\" data-settings=\"{&quot;youtube_url&quot;:&quot;https:\\\/\\\/youtu.be\\\/c8yGo1Y1MkU&quot;,&quot;mute&quot;:&quot;yes&quot;,&quot;video_type&quot;:&quot;youtube&quot;,&quot;controls&quot;:&quot;yes&quot;}\" data-widget_type=\"video.default\">\n\t\t\t\t<div class=\"elementor-widget-container\">\n\t\t\t\t\t\t\t<div class=\"elementor-wrapper elementor-open-inline\">\n\t\t\t<div class=\"elementor-video\"><\/div>\t\t<\/div>\n\t\t\t\t\t\t<\/div>\n\t\t\t\t<\/div>\n\t\t\t\t\t<\/div>\n\t\t\t\t<\/div>\n\t\t\t\t<\/div>\n\t\t","protected":false},"excerpt":{"rendered":"<p>Bienvenue \u00e0 l&rsquo;Alliance Fran\u00e7aise d&rsquo;Helsingborg L\u2019Alliance Fran\u00e7aise est une association pour ceux qui souhaitent avoir plus de connaissance sur la France, la langue et la culture fran\u00e7aise. Notre alliance est une organisation \u00e0 but non lucratif qui met en place chaque semestre trois ou quatre \u00e9v\u00e9nements culturels. Les conf\u00e9rences sont majoritairement faites en fran\u00e7ais, parfois en su\u00e9dois. Il n\u2019est pas n\u00e9cessaire de parler parfaitement fran\u00e7ais pour participer. Tous et toutes sont les bienvenus. L&rsquo;Alliance Fran\u00e7aise de Paris a \u00e9t\u00e9 fond\u00e9e en 1883 et il existe des associations locales dans le monde entier. Pour d\u00e9couvrir le r\u00e9seau des Alliances Fran\u00e7aises de Su\u00e8de. \u00a0 https:\/\/youtu.be\/c8yGo1Y1MkU<\/p>\n","protected":false},"author":1,"featured_media":0,"parent":0,"menu_order":0,"comment_status":"closed","ping_status":"closed","template":"","meta":{"om_disable_all_campaigns":false,"_monsterinsights_skip_tracking":false,"_monsterinsights_sitenote_active":false,"_monsterinsights_sitenote_note":"","_monsterinsights_sitenote_category":0,"_uf_show_specific_survey":0,"_uf_disable_surveys":false,"footnotes":""},"class_list":["post-122","page","type-page","status-publish","hentry"],"aioseo_notices":[],"rttpg_featured_image_url":null,"rttpg_author":{"display_name":"Super.admin","author_link":"https:\/\/alliancefr.se\/helsingborg\/author\/admin2174\/"},"rttpg_comment":0,"rttpg_category":" <a href=\"https:\/\/alliancefr.se\/helsingborg\/\" rel=\"tag\">Fran\u00e7ais<\/a>","rttpg_excerpt":"Bienvenue \u00e0 l&rsquo;Alliance Fran\u00e7aise d&rsquo;Helsingborg L\u2019Alliance Fran\u00e7aise est une association pour ceux qui souhaitent avoir plus de connaissance sur la France, la langue et la culture fran\u00e7aise. Notre alliance est une organisation \u00e0 but non lucratif qui met en place chaque semestre trois ou quatre \u00e9v\u00e9nements culturels. Les conf\u00e9rences sont majoritairement faites en fran\u00e7ais, parfois\u2026","_links":{"self":[{"href":"https:\/\/alliancefr.se\/helsingborg\/wp-json\/wp\/v2\/pages\/122","targetHints":{"allow":["GET"]}}],"collection":[{"href":"https:\/\/alliancefr.se\/helsingborg\/wp-json\/wp\/v2\/pages"}],"about":[{"href":"https:\/\/alliancefr.se\/helsingborg\/wp-json\/wp\/v2\/types\/page"}],"author":[{"embeddable":true,"href":"https:\/\/alliancefr.se\/helsingborg\/wp-json\/wp\/v2\/users\/1"}],"replies":[{"embeddable":true,"href":"https:\/\/alliancefr.se\/helsingborg\/wp-json\/wp\/v2\/comments?post=122"}],"version-history":[{"count":34,"href":"https:\/\/alliancefr.se\/helsingborg\/wp-json\/wp\/v2\/pages\/122\/revisions"}],"predecessor-version":[{"id":1375,"href":"https:\/\/alliancefr.se\/helsingborg\/wp-json\/wp\/v2\/pages\/122\/revisions\/1375"}],"wp:attachment":[{"href":"https:\/\/alliancefr.se\/helsingborg\/wp-json\/wp\/v2\/media?parent=122"}],"curies":[{"name":"wp","href":"https:\/\/api.w.org\/{rel}","templated":true}]}}